{"id":217,"date":"2020-10-29T16:28:35","date_gmt":"2020-10-29T16:28:35","guid":{"rendered":"https:\/\/darwinia.standardof.net\/?page_id=217"},"modified":"2020-10-29T16:42:08","modified_gmt":"2020-10-29T16:42:08","slug":"squad","status":"publish","type":"page","link":"https:\/\/darwinia.standardof.net\/es\/guide\/unidades\/equipo\/","title":{"rendered":"Equipo"},"content":{"rendered":"<figure class=\"wp-block-gallery columns-3 is-cropped wp-block-gallery-1 is-layout-flex wp-block-gallery-is-layout-flex\"><ul class=\"blocks-gallery-grid\"><li class=\"blocks-gallery-item\"><figure><a href=\"https:\/\/darwinia.standardof.net\/es\/guide\/unidades\/equipo\/darwinia-units-squad-5\/\"><img decoding=\"async\" width=\"470\" height=\"294\" src=\"https:\/\/darwinia.standardof.net\/wp-content\/uploads\/sites\/7\/2020\/10\/Darwinia-Units-Squad-5.jpg\" alt=\"\" data-id=\"109\" data-full-url=\"https:\/\/darwinia.standardof.net\/wp-content\/uploads\/sites\/7\/2020\/10\/Darwinia-Units-Squad-5.jpg\" data-link=\"https:\/\/darwinia.standardof.net\/guide\/units\/squad\/darwinia-units-squad-5\/\" class=\"wp-image-109\" srcset=\"https:\/\/darwinia.standardof.net\/wp-content\/uploads\/sites\/7\/2020\/10\/Darwinia-Units-Squad-5.jpg 470w, https:\/\/darwinia.standardof.net\/wp-content\/uploads\/sites\/7\/2020\/10\/Darwinia-Units-Squad-5-200x125.jpg 200w, https:\/\/darwinia.standardof.net\/wp-content\/uploads\/sites\/7\/2020\/10\/Darwinia-Units-Squad-5-16x10.jpg 16w\" sizes=\"(max-width: 470px) 100vw, 470px\" \/><\/a><\/figure><\/li><li class=\"blocks-gallery-item\"><figure><a href=\"https:\/\/darwinia.standardof.net\/es\/guide\/unidades\/equipo\/darwinia-units-squad-4\/\"><img decoding=\"async\" width=\"470\" height=\"294\" src=\"https:\/\/darwinia.standardof.net\/wp-content\/uploads\/sites\/7\/2020\/10\/Darwinia-Units-Squad-4.jpg\" alt=\"\" data-id=\"108\" data-full-url=\"https:\/\/darwinia.standardof.net\/wp-content\/uploads\/sites\/7\/2020\/10\/Darwinia-Units-Squad-4.jpg\" data-link=\"https:\/\/darwinia.standardof.net\/guide\/units\/squad\/darwinia-units-squad-4\/\" class=\"wp-image-108\" srcset=\"https:\/\/darwinia.standardof.net\/wp-content\/uploads\/sites\/7\/2020\/10\/Darwinia-Units-Squad-4.jpg 470w, https:\/\/darwinia.standardof.net\/wp-content\/uploads\/sites\/7\/2020\/10\/Darwinia-Units-Squad-4-200x125.jpg 200w, https:\/\/darwinia.standardof.net\/wp-content\/uploads\/sites\/7\/2020\/10\/Darwinia-Units-Squad-4-16x10.jpg 16w\" sizes=\"(max-width: 470px) 100vw, 470px\" \/><\/a><\/figure><\/li><li class=\"blocks-gallery-item\"><figure><a href=\"https:\/\/darwinia.standardof.net\/es\/guide\/unidades\/equipo\/darwinia-units-squad-3\/\"><img decoding=\"async\" width=\"470\" height=\"294\" src=\"https:\/\/darwinia.standardof.net\/wp-content\/uploads\/sites\/7\/2020\/10\/Darwinia-Units-Squad-3.jpg\" alt=\"\" data-id=\"107\" data-full-url=\"https:\/\/darwinia.standardof.net\/wp-content\/uploads\/sites\/7\/2020\/10\/Darwinia-Units-Squad-3.jpg\" data-link=\"https:\/\/darwinia.standardof.net\/guide\/units\/squad\/darwinia-units-squad-3\/\" class=\"wp-image-107\" srcset=\"https:\/\/darwinia.standardof.net\/wp-content\/uploads\/sites\/7\/2020\/10\/Darwinia-Units-Squad-3.jpg 470w, https:\/\/darwinia.standardof.net\/wp-content\/uploads\/sites\/7\/2020\/10\/Darwinia-Units-Squad-3-200x125.jpg 200w, https:\/\/darwinia.standardof.net\/wp-content\/uploads\/sites\/7\/2020\/10\/Darwinia-Units-Squad-3-16x10.jpg 16w\" sizes=\"(max-width: 470px) 100vw, 470px\" \/><\/a><\/figure><\/li><li class=\"blocks-gallery-item\"><figure><a href=\"https:\/\/darwinia.standardof.net\/es\/guide\/unidades\/equipo\/darwinia-units-squad-2\/\"><img decoding=\"async\" width=\"470\" height=\"294\" src=\"https:\/\/darwinia.standardof.net\/wp-content\/uploads\/sites\/7\/2020\/10\/Darwinia-Units-Squad-2.jpg\" alt=\"\" data-id=\"106\" data-full-url=\"https:\/\/darwinia.standardof.net\/wp-content\/uploads\/sites\/7\/2020\/10\/Darwinia-Units-Squad-2.jpg\" data-link=\"https:\/\/darwinia.standardof.net\/guide\/units\/squad\/darwinia-units-squad-2\/\" class=\"wp-image-106\" srcset=\"https:\/\/darwinia.standardof.net\/wp-content\/uploads\/sites\/7\/2020\/10\/Darwinia-Units-Squad-2.jpg 470w, https:\/\/darwinia.standardof.net\/wp-content\/uploads\/sites\/7\/2020\/10\/Darwinia-Units-Squad-2-200x125.jpg 200w, https:\/\/darwinia.standardof.net\/wp-content\/uploads\/sites\/7\/2020\/10\/Darwinia-Units-Squad-2-16x10.jpg 16w\" sizes=\"(max-width: 470px) 100vw, 470px\" \/><\/a><\/figure><\/li><li class=\"blocks-gallery-item\"><figure><a href=\"https:\/\/darwinia.standardof.net\/es\/guide\/unidades\/equipo\/darwinia-units-squad-1\/\"><img decoding=\"async\" width=\"470\" height=\"294\" src=\"https:\/\/darwinia.standardof.net\/wp-content\/uploads\/sites\/7\/2020\/10\/Darwinia-Units-Squad-1.jpg\" alt=\"\" data-id=\"105\" data-full-url=\"https:\/\/darwinia.standardof.net\/wp-content\/uploads\/sites\/7\/2020\/10\/Darwinia-Units-Squad-1.jpg\" data-link=\"https:\/\/darwinia.standardof.net\/guide\/units\/squad\/darwinia-units-squad-1\/\" class=\"wp-image-105\" srcset=\"https:\/\/darwinia.standardof.net\/wp-content\/uploads\/sites\/7\/2020\/10\/Darwinia-Units-Squad-1.jpg 470w, https:\/\/darwinia.standardof.net\/wp-content\/uploads\/sites\/7\/2020\/10\/Darwinia-Units-Squad-1-200x125.jpg 200w, https:\/\/darwinia.standardof.net\/wp-content\/uploads\/sites\/7\/2020\/10\/Darwinia-Units-Squad-1-16x10.jpg 16w\" sizes=\"(max-width: 470px) 100vw, 470px\" \/><\/a><\/figure><\/li><\/ul><\/figure>\n\n\n\n<p>Esta es la unidad que m\u00e1s controlar\u00e1s, especialmente en la mitad inicial del juego. Este es su programa creado para luchar directamente contra el <a href=\"https:\/\/darwinia.standardof.net\/es\/guide\/enemigos\/\" class=\"rank-math-link\"><strong>amenaza de virus<\/strong><\/a>, equipado inicialmente con el l\u00e1ser, pero luego puede utilizar varias armas secundarias.<\/p>\n\n\n\n<p>El Escuadr\u00f3n es una de las unidades del tipo Programa que t\u00fa, como jugador, puedes ejecutar en cualquier momento cerca de una Torre de Control controlada. Este es el programa m\u00e1s utilizado en todo el juego y tambi\u00e9n el que controlas m\u00e1s directamente. Usar el bot\u00f3n derecho del rat\u00f3n o el bot\u00f3n de acci\u00f3n de la unidad hace que el escuadr\u00f3n dispare l\u00e1seres en un flujo constante, mientras que al mantener presionados ambos botones del mouse se disparar\u00e1 cualquier arma secundaria que est\u00e9 seleccionada actualmente. Tendr\u00e1s que encontrar los elementos de investigaci\u00f3n antes de desbloquear las armas secundarias correspondientes.<\/p>\n\n\n\n<p>El escuadr\u00f3n se usa por primera vez en el primer nivel. <strong>Jard\u00edn<\/strong>y se puede utilizar en todas las misiones. Mientras est\u00e9 bajo su control, no realizar\u00e1n ninguna acci\u00f3n que no les haya ordenado directamente, sin embargo, si anula la selecci\u00f3n de un escuadr\u00f3n, autom\u00e1ticamente disparar\u00e1 sus l\u00e1seres a los virus cercanos, aunque a un ritmo m\u00e1s lento que si los estuviera controlando directamente.<\/p>\n\n\n\n<p>Una t\u00e1ctica que me ha resultado \u00fatil es ordenar a un escuadr\u00f3n que cargue a trav\u00e9s de un grupo de enemigos para atraer su fuego y atenci\u00f3n, mientras se dejan sin seleccionar para hacer que disparen contra estos agresores. Sigue de cerca a este primer escuadr\u00f3n con un segundo escuadr\u00f3n y dispara tus l\u00e1seres constantemente directamente sobre el equipo delantero. Esto funciona como un m\u00e9todo de cebo, lo que le permite agrupar enemigos sobre el escuadr\u00f3n de avanzada mientras elimina a muchos con disparos \u00fanicos. Esto funciona especialmente bien en <a href=\"https:\/\/darwinia.standardof.net\/es\/guide\/enemigos\/virii\/\" class=\"rank-math-link\"><strong>Virii<\/strong><\/a>.<\/p>\n\n\n\n<p>Una habilidad importante del Escuadr\u00f3n es servir como un lugar de generaci\u00f3n m\u00f3vil para <a href=\"https:\/\/darwinia.standardof.net\/es\/guide\/unidades\/ingeniero\/\" class=\"rank-math-link\"><strong>Ingenieros<\/strong><\/a>, ya que ofrecen la posibilidad de hacerlo dentro de un radio de su ubicaci\u00f3n. Esto sirve para muchos usos, uno que permite la recolecci\u00f3n r\u00e1pida de almas y la captura de estructuras recientemente liberadas del control de infecciones. Tambi\u00e9n parecen ser capaces de sufrir da\u00f1os moderados antes de morir.<\/p>\n\n\n\n<h3 class=\"wp-block-heading\"><strong>Investigaci\u00f3n de escuadrones<\/strong><\/h3>\n\n\n\n<p>El escuadr\u00f3n comienza en la versi\u00f3n 1.0, y cada versi\u00f3n posterior investigada hasta 4.0 otorga un miembro de escuadr\u00f3n adicional a un escuadr\u00f3n generado. La versi\u00f3n 1.0 otorga 3 miembros, 2.0 es 4 miembros, 3.0 es 5 miembros y la versi\u00f3n final 4.0 se limita a 6 escuadrones de miembros. No hay beneficios adicionales, y esta investigaci\u00f3n es menos \u00fatil m\u00e1s adelante en el juego cuando los darwinianos toman el control como la fuerza de combate principal.<\/p>","protected":false},"excerpt":{"rendered":"<p>This is the unit you will find yourself controlling the most, especially in the beginning half of the game. This is your program created to directly battle the virus threat, outfitted initially with the Laser but can later utilize various secondary weapons. The Squad is one of the Program type of units that you as [&hellip;]<\/p>","protected":false},"author":1,"featured_media":105,"parent":210,"menu_order":5,"comment_status":"open","ping_status":"closed","template":"","meta":{"_uag_custom_page_level_css":"","site-sidebar-layout":"default","site-content-layout":"default","ast-site-content-layout":"","site-content-style":"default","site-sidebar-style":"default","ast-global-header-display":"","ast-banner-title-visibility":"","ast-main-header-display":"","ast-hfb-above-header-display":"","ast-hfb-below-header-display":"","ast-hfb-mobile-header-display":"","site-post-title":"","ast-breadcrumbs-content":"","ast-featured-img":"","footer-sml-layout":"","theme-transparent-header-meta":"default","adv-header-id-meta":"","stick-header-meta":"","header-above-stick-meta":"","header-main-stick-meta":"","header-below-stick-meta":"","astra-migrate-meta-layouts":"default","ast-page-background-enabled":"default","ast-page-background-meta":{"desktop":{"background-color":"","background-image":"","background-repeat":"repeat","background-position":"center center","background-size":"auto","background-attachment":"scroll","background-type":"","background-media":"","overlay-type":"","overlay-color":"","overlay-gradient":""},"tablet":{"background-color":"","background-image":"","background-repeat":"repeat","background-position":"center center","background-size":"auto","background-attachment":"scroll","background-type":"","background-media":"","overlay-type":"","overlay-color":"","overlay-gradient":""},"mobile":{"background-color":"","background-image":"","background-repeat":"repeat","background-position":"center center","background-size":"auto","background-attachment":"scroll","background-type":"","background-media":"","overlay-type":"","overlay-color":"","overlay-gradient":""}},"ast-content-background-meta":{"desktop":{"background-color":"var(--ast-global-color-5)","background-image":"","background-repeat":"repeat","background-position":"center center","background-size":"auto","background-attachment":"scroll","background-type":"","background-media":"","overlay-type":"","overlay-color":"","overlay-gradient":""},"tablet":{"background-color":"var(--ast-global-color-5)","background-image":"","background-repeat":"repeat","background-position":"center center","background-size":"auto","background-attachment":"scroll","background-type":"","background-media":"","overlay-type":"","overlay-color":"","overlay-gradient":""},"mobile":{"background-color":"var(--ast-global-color-5)","background-image":"","background-repeat":"repeat","background-position":"center center","background-size":"auto","background-attachment":"scroll","background-type":"","background-media":"","overlay-type":"","overlay-color":"","overlay-gradient":""}},"footnotes":""},"uagb_featured_image_src":{"full":["https:\/\/darwinia.standardof.net\/wp-content\/uploads\/sites\/7\/2020\/10\/Darwinia-Units-Squad-1.jpg",470,294,false],"thumbnail":["https:\/\/darwinia.standardof.net\/wp-content\/uploads\/sites\/7\/2020\/10\/Darwinia-Units-Squad-1-200x125.jpg",200,125,true],"medium":["https:\/\/darwinia.standardof.net\/wp-content\/uploads\/sites\/7\/2020\/10\/Darwinia-Units-Squad-1.jpg",470,294,false],"medium_large":["https:\/\/darwinia.standardof.net\/wp-content\/uploads\/sites\/7\/2020\/10\/Darwinia-Units-Squad-1.jpg",470,294,false],"large":["https:\/\/darwinia.standardof.net\/wp-content\/uploads\/sites\/7\/2020\/10\/Darwinia-Units-Squad-1.jpg",470,294,false],"1536x1536":["https:\/\/darwinia.standardof.net\/wp-content\/uploads\/sites\/7\/2020\/10\/Darwinia-Units-Squad-1.jpg",470,294,false],"2048x2048":["https:\/\/darwinia.standardof.net\/wp-content\/uploads\/sites\/7\/2020\/10\/Darwinia-Units-Squad-1.jpg",470,294,false],"trp-custom-language-flag":["https:\/\/darwinia.standardof.net\/wp-content\/uploads\/sites\/7\/2020\/10\/Darwinia-Units-Squad-1-16x10.jpg",16,10,true]},"uagb_author_info":{"display_name":"SOE","author_link":"https:\/\/darwinia.standardof.net\/es\/author\/k-tastic\/"},"uagb_comment_info":0,"uagb_excerpt":"This is the unit you will find yourself controlling the most, especially in the beginning half of the game. This is your program created to directly battle the virus threat, outfitted initially with the Laser but can later utilize various secondary weapons. The Squad is one of the Program type of units that you as&hellip;","_links":{"self":[{"href":"https:\/\/darwinia.standardof.net\/es\/wp-json\/wp\/v2\/pages\/217"}],"collection":[{"href":"https:\/\/darwinia.standardof.net\/es\/wp-json\/wp\/v2\/pages"}],"about":[{"href":"https:\/\/darwinia.standardof.net\/es\/wp-json\/wp\/v2\/types\/page"}],"author":[{"embeddable":true,"href":"https:\/\/darwinia.standardof.net\/es\/wp-json\/wp\/v2\/users\/1"}],"replies":[{"embeddable":true,"href":"https:\/\/darwinia.standardof.net\/es\/wp-json\/wp\/v2\/comments?post=217"}],"version-history":[{"count":0,"href":"https:\/\/darwinia.standardof.net\/es\/wp-json\/wp\/v2\/pages\/217\/revisions"}],"up":[{"embeddable":true,"href":"https:\/\/darwinia.standardof.net\/es\/wp-json\/wp\/v2\/pages\/210"}],"wp:featuredmedia":[{"embeddable":true,"href":"https:\/\/darwinia.standardof.net\/es\/wp-json\/wp\/v2\/media\/105"}],"wp:attachment":[{"href":"https:\/\/darwinia.standardof.net\/es\/wp-json\/wp\/v2\/media?parent=217"}],"curies":[{"name":"wp","href":"https:\/\/api.w.org\/{rel}","templated":true}]}}