{"id":216,"date":"2020-10-29T16:28:20","date_gmt":"2020-10-29T16:28:20","guid":{"rendered":"https:\/\/darwinia.standardof.net\/?page_id=216"},"modified":"2020-10-29T16:40:17","modified_gmt":"2020-10-29T16:40:17","slug":"officer","status":"publish","type":"page","link":"https:\/\/darwinia.standardof.net\/es\/guide\/unidades\/oficial\/","title":{"rendered":"Oficial"},"content":{"rendered":"<figure class=\"wp-block-gallery columns-3 is-cropped wp-block-gallery-1 is-layout-flex wp-block-gallery-is-layout-flex\"><ul class=\"blocks-gallery-grid\"><li class=\"blocks-gallery-item\"><figure><a href=\"https:\/\/darwinia.standardof.net\/es\/guide\/unidades\/oficial\/darwinia-units-officer-5\/\"><img decoding=\"async\" width=\"470\" height=\"294\" src=\"https:\/\/darwinia.standardof.net\/wp-content\/uploads\/sites\/7\/2020\/10\/Darwinia-Units-Officer-5.jpg\" alt=\"\" data-id=\"104\" data-full-url=\"https:\/\/darwinia.standardof.net\/wp-content\/uploads\/sites\/7\/2020\/10\/Darwinia-Units-Officer-5.jpg\" data-link=\"https:\/\/darwinia.standardof.net\/guide\/units\/officer\/darwinia-units-officer-5\/\" class=\"wp-image-104\" srcset=\"https:\/\/darwinia.standardof.net\/wp-content\/uploads\/sites\/7\/2020\/10\/Darwinia-Units-Officer-5.jpg 470w, https:\/\/darwinia.standardof.net\/wp-content\/uploads\/sites\/7\/2020\/10\/Darwinia-Units-Officer-5-200x125.jpg 200w, https:\/\/darwinia.standardof.net\/wp-content\/uploads\/sites\/7\/2020\/10\/Darwinia-Units-Officer-5-16x10.jpg 16w\" sizes=\"(max-width: 470px) 100vw, 470px\" \/><\/a><\/figure><\/li><li class=\"blocks-gallery-item\"><figure><a href=\"https:\/\/darwinia.standardof.net\/es\/guide\/unidades\/oficial\/darwinia-units-officer-4\/\"><img decoding=\"async\" width=\"470\" height=\"294\" src=\"https:\/\/darwinia.standardof.net\/wp-content\/uploads\/sites\/7\/2020\/10\/Darwinia-Units-Officer-4.jpg\" alt=\"\" data-id=\"103\" data-full-url=\"https:\/\/darwinia.standardof.net\/wp-content\/uploads\/sites\/7\/2020\/10\/Darwinia-Units-Officer-4.jpg\" data-link=\"https:\/\/darwinia.standardof.net\/guide\/units\/officer\/darwinia-units-officer-4\/\" class=\"wp-image-103\" srcset=\"https:\/\/darwinia.standardof.net\/wp-content\/uploads\/sites\/7\/2020\/10\/Darwinia-Units-Officer-4.jpg 470w, https:\/\/darwinia.standardof.net\/wp-content\/uploads\/sites\/7\/2020\/10\/Darwinia-Units-Officer-4-200x125.jpg 200w, https:\/\/darwinia.standardof.net\/wp-content\/uploads\/sites\/7\/2020\/10\/Darwinia-Units-Officer-4-16x10.jpg 16w\" sizes=\"(max-width: 470px) 100vw, 470px\" \/><\/a><\/figure><\/li><li class=\"blocks-gallery-item\"><figure><a href=\"https:\/\/darwinia.standardof.net\/es\/guide\/unidades\/oficial\/darwinia-units-officer-3\/\"><img decoding=\"async\" width=\"470\" height=\"294\" src=\"https:\/\/darwinia.standardof.net\/wp-content\/uploads\/sites\/7\/2020\/10\/Darwinia-Units-Officer-3.jpg\" alt=\"\" data-id=\"102\" data-full-url=\"https:\/\/darwinia.standardof.net\/wp-content\/uploads\/sites\/7\/2020\/10\/Darwinia-Units-Officer-3.jpg\" data-link=\"https:\/\/darwinia.standardof.net\/guide\/units\/officer\/darwinia-units-officer-3\/\" class=\"wp-image-102\" srcset=\"https:\/\/darwinia.standardof.net\/wp-content\/uploads\/sites\/7\/2020\/10\/Darwinia-Units-Officer-3.jpg 470w, https:\/\/darwinia.standardof.net\/wp-content\/uploads\/sites\/7\/2020\/10\/Darwinia-Units-Officer-3-200x125.jpg 200w, https:\/\/darwinia.standardof.net\/wp-content\/uploads\/sites\/7\/2020\/10\/Darwinia-Units-Officer-3-16x10.jpg 16w\" sizes=\"(max-width: 470px) 100vw, 470px\" \/><\/a><\/figure><\/li><li class=\"blocks-gallery-item\"><figure><a href=\"https:\/\/darwinia.standardof.net\/es\/guide\/unidades\/oficial\/darwinia-units-officer-2\/\"><img decoding=\"async\" width=\"470\" height=\"294\" src=\"https:\/\/darwinia.standardof.net\/wp-content\/uploads\/sites\/7\/2020\/10\/Darwinia-Units-Officer-2.jpg\" alt=\"\" data-id=\"101\" data-full-url=\"https:\/\/darwinia.standardof.net\/wp-content\/uploads\/sites\/7\/2020\/10\/Darwinia-Units-Officer-2.jpg\" data-link=\"https:\/\/darwinia.standardof.net\/guide\/units\/officer\/darwinia-units-officer-2\/\" class=\"wp-image-101\" srcset=\"https:\/\/darwinia.standardof.net\/wp-content\/uploads\/sites\/7\/2020\/10\/Darwinia-Units-Officer-2.jpg 470w, https:\/\/darwinia.standardof.net\/wp-content\/uploads\/sites\/7\/2020\/10\/Darwinia-Units-Officer-2-200x125.jpg 200w, https:\/\/darwinia.standardof.net\/wp-content\/uploads\/sites\/7\/2020\/10\/Darwinia-Units-Officer-2-16x10.jpg 16w\" sizes=\"(max-width: 470px) 100vw, 470px\" \/><\/a><\/figure><\/li><li class=\"blocks-gallery-item\"><figure><a href=\"https:\/\/darwinia.standardof.net\/es\/guide\/unidades\/oficial\/darwinia-units-officer-1\/\"><img decoding=\"async\" width=\"470\" height=\"294\" src=\"https:\/\/darwinia.standardof.net\/wp-content\/uploads\/sites\/7\/2020\/10\/Darwinia-Units-Officer-1.jpg\" alt=\"\" data-id=\"100\" data-full-url=\"https:\/\/darwinia.standardof.net\/wp-content\/uploads\/sites\/7\/2020\/10\/Darwinia-Units-Officer-1.jpg\" data-link=\"https:\/\/darwinia.standardof.net\/guide\/units\/officer\/darwinia-units-officer-1\/\" class=\"wp-image-100\" srcset=\"https:\/\/darwinia.standardof.net\/wp-content\/uploads\/sites\/7\/2020\/10\/Darwinia-Units-Officer-1.jpg 470w, https:\/\/darwinia.standardof.net\/wp-content\/uploads\/sites\/7\/2020\/10\/Darwinia-Units-Officer-1-200x125.jpg 200w, https:\/\/darwinia.standardof.net\/wp-content\/uploads\/sites\/7\/2020\/10\/Darwinia-Units-Officer-1-16x10.jpg 16w\" sizes=\"(max-width: 470px) 100vw, 470px\" \/><\/a><\/figure><\/li><\/ul><\/figure>\n\n\n\n<p>Esta unidad se puede crear ejecutando el programa de oficiales en uno de los darwinianos verdes en un nivel. El oficial se utiliza para dar \u00f3rdenes al <a class=\"rank-math-link\" href=\"https:\/\/www.standardof.net\/games\/darwinia-guide\/units\/darwinians\/\" target=\"_blank\" rel=\"noopener\"><strong>Darwinianos<\/strong><\/a>, que no puedes controlar directamente por ti mismo.<\/p>\n\n\n\n<p>El programa oficial es otro ejecutable disponible para el jugador, que se encuentra primero como un elemento de investigaci\u00f3n que debe descargarse en el nivel <strong>Contenci\u00f3n<\/strong>. El Oficial tiene el prop\u00f3sito de ser su enlace entre usted y los darwinianos, brind\u00e1ndole un medio para influir en sus acciones y moverlos por los mapas.<\/p>\n\n\n\n<p>El programa se ejecuta convirtiendo a cualquier darwiniano en cualquier lugar del mapa en un oficial. Una vez que se ha convertido en el Oficial, la unidad se volver\u00e1 totalmente controlable como los otros programas, sin embargo, perder\u00e1 las armas l\u00e1ser y granadas de Darwin. Adem\u00e1s de esto, los Oficiales no se pueden utilizar para operar las diversas estructuras destinadas a los darwinianos.<\/p>\n\n\n\n<p>El oficial comienza con la orden de movimiento que ordena a los darwinianos cercanos viajar a un punto espec\u00edfico en l\u00ednea recta desde el Oficial. Cada oficial est\u00e1 limitado a la complejidad de su orden de movimiento individual, lo que significa que tendr\u00e1s que usar varios para que los darwinianos se muevan grandes distancias.<\/p>\n\n\n\n<h3 class=\"wp-block-heading\"><strong>Investigaci\u00f3n oficial<\/strong><\/h3>\n\n\n\n<p>El oficial comienza en la versi\u00f3n 2.0 con la orden de movimiento, y cada versi\u00f3n posterior investigada otorga \u00f3rdenes adicionales que el oficial puede usar para influir en los darwinianos. En la versi\u00f3n 3.0, el comando de seguimiento est\u00e1 desbloqueado, lo que permite a un oficial agrupar a los darwinianos a su alrededor y llevarlos a un punto espec\u00edfico moviendo al oficial. Este orden tambi\u00e9n se puede utilizar para evitar que se extiendan demasiado durante su molienda normal. Antes de enfrentarse al enemigo, debe desactivar esta orden o dar una orden de movimiento en el camino del enemigo para enviar a los darwinianos a la batalla, ya que tienden a no luchar mientras est\u00e1n bajo la influencia del comando de seguimiento.<\/p>\n\n\n\n<p>La versi\u00f3n 4.0 es la actualizaci\u00f3n final que se puede investigar y otorga la capacidad de absorci\u00f3n. Este comando hace que el oficial adjunte darwinianos cercanos como escudo personal. Esto hace que las unidades atacantes reciban da\u00f1o, pero tambi\u00e9n puede ser una gran p\u00e9rdida de unidades. Parece ser de uso pr\u00e1ctico limitado y solo vale la pena en las misiones posteriores en las que obtienes engendros darwinianos perpetuos.<\/p>","protected":false},"excerpt":{"rendered":"<p>This unit can be created by running the Officer program on one of the green Darwinians in a level. The Officer is used to give commands to the Darwinians, which you cannot directly control yourself. The Officer program is another executable available to the player, first found as a research item that must be downloaded [&hellip;]<\/p>","protected":false},"author":1,"featured_media":100,"parent":210,"menu_order":4,"comment_status":"open","ping_status":"closed","template":"","meta":{"_uag_custom_page_level_css":"","site-sidebar-layout":"default","site-content-layout":"default","ast-site-content-layout":"","site-content-style":"default","site-sidebar-style":"default","ast-global-header-display":"","ast-banner-title-visibility":"","ast-main-header-display":"","ast-hfb-above-header-display":"","ast-hfb-below-header-display":"","ast-hfb-mobile-header-display":"","site-post-title":"","ast-breadcrumbs-content":"","ast-featured-img":"","footer-sml-layout":"","theme-transparent-header-meta":"default","adv-header-id-meta":"","stick-header-meta":"","header-above-stick-meta":"","header-main-stick-meta":"","header-below-stick-meta":"","astra-migrate-meta-layouts":"default","ast-page-background-enabled":"default","ast-page-background-meta":{"desktop":{"background-color":"","background-image":"","background-repeat":"repeat","background-position":"center center","background-size":"auto","background-attachment":"scroll","background-type":"","background-media":"","overlay-type":"","overlay-color":"","overlay-gradient":""},"tablet":{"background-color":"","background-image":"","background-repeat":"repeat","background-position":"center center","background-size":"auto","background-attachment":"scroll","background-type":"","background-media":"","overlay-type":"","overlay-color":"","overlay-gradient":""},"mobile":{"background-color":"","background-image":"","background-repeat":"repeat","background-position":"center center","background-size":"auto","background-attachment":"scroll","background-type":"","background-media":"","overlay-type":"","overlay-color":"","overlay-gradient":""}},"ast-content-background-meta":{"desktop":{"background-color":"var(--ast-global-color-5)","background-image":"","background-repeat":"repeat","background-position":"center center","background-size":"auto","background-attachment":"scroll","background-type":"","background-media":"","overlay-type":"","overlay-color":"","overlay-gradient":""},"tablet":{"background-color":"var(--ast-global-color-5)","background-image":"","background-repeat":"repeat","background-position":"center center","background-size":"auto","background-attachment":"scroll","background-type":"","background-media":"","overlay-type":"","overlay-color":"","overlay-gradient":""},"mobile":{"background-color":"var(--ast-global-color-5)","background-image":"","background-repeat":"repeat","background-position":"center center","background-size":"auto","background-attachment":"scroll","background-type":"","background-media":"","overlay-type":"","overlay-color":"","overlay-gradient":""}},"footnotes":""},"uagb_featured_image_src":{"full":["https:\/\/darwinia.standardof.net\/wp-content\/uploads\/sites\/7\/2020\/10\/Darwinia-Units-Officer-1.jpg",470,294,false],"thumbnail":["https:\/\/darwinia.standardof.net\/wp-content\/uploads\/sites\/7\/2020\/10\/Darwinia-Units-Officer-1-200x125.jpg",200,125,true],"medium":["https:\/\/darwinia.standardof.net\/wp-content\/uploads\/sites\/7\/2020\/10\/Darwinia-Units-Officer-1.jpg",470,294,false],"medium_large":["https:\/\/darwinia.standardof.net\/wp-content\/uploads\/sites\/7\/2020\/10\/Darwinia-Units-Officer-1.jpg",470,294,false],"large":["https:\/\/darwinia.standardof.net\/wp-content\/uploads\/sites\/7\/2020\/10\/Darwinia-Units-Officer-1.jpg",470,294,false],"1536x1536":["https:\/\/darwinia.standardof.net\/wp-content\/uploads\/sites\/7\/2020\/10\/Darwinia-Units-Officer-1.jpg",470,294,false],"2048x2048":["https:\/\/darwinia.standardof.net\/wp-content\/uploads\/sites\/7\/2020\/10\/Darwinia-Units-Officer-1.jpg",470,294,false],"trp-custom-language-flag":["https:\/\/darwinia.standardof.net\/wp-content\/uploads\/sites\/7\/2020\/10\/Darwinia-Units-Officer-1-16x10.jpg",16,10,true]},"uagb_author_info":{"display_name":"SOE","author_link":"https:\/\/darwinia.standardof.net\/es\/author\/k-tastic\/"},"uagb_comment_info":0,"uagb_excerpt":"This unit can be created by running the Officer program on one of the green Darwinians in a level. The Officer is used to give commands to the Darwinians, which you cannot directly control yourself. The Officer program is another executable available to the player, first found as a research item that must be downloaded&hellip;","_links":{"self":[{"href":"https:\/\/darwinia.standardof.net\/es\/wp-json\/wp\/v2\/pages\/216"}],"collection":[{"href":"https:\/\/darwinia.standardof.net\/es\/wp-json\/wp\/v2\/pages"}],"about":[{"href":"https:\/\/darwinia.standardof.net\/es\/wp-json\/wp\/v2\/types\/page"}],"author":[{"embeddable":true,"href":"https:\/\/darwinia.standardof.net\/es\/wp-json\/wp\/v2\/users\/1"}],"replies":[{"embeddable":true,"href":"https:\/\/darwinia.standardof.net\/es\/wp-json\/wp\/v2\/comments?post=216"}],"version-history":[{"count":0,"href":"https:\/\/darwinia.standardof.net\/es\/wp-json\/wp\/v2\/pages\/216\/revisions"}],"up":[{"embeddable":true,"href":"https:\/\/darwinia.standardof.net\/es\/wp-json\/wp\/v2\/pages\/210"}],"wp:featuredmedia":[{"embeddable":true,"href":"https:\/\/darwinia.standardof.net\/es\/wp-json\/wp\/v2\/media\/100"}],"wp:attachment":[{"href":"https:\/\/darwinia.standardof.net\/es\/wp-json\/wp\/v2\/media?parent=216"}],"curies":[{"name":"wp","href":"https:\/\/api.w.org\/{rel}","templated":true}]}}