{"id":215,"date":"2020-10-29T16:27:54","date_gmt":"2020-10-29T16:27:54","guid":{"rendered":"https:\/\/darwinia.standardof.net\/?page_id=215"},"modified":"2020-10-29T16:33:03","modified_gmt":"2020-10-29T16:33:03","slug":"armor","status":"publish","type":"page","link":"https:\/\/darwinia.standardof.net\/es\/guide\/unidades\/armadura\/","title":{"rendered":"Armadura"},"content":{"rendered":"<figure class=\"wp-block-gallery columns-3 is-cropped wp-block-gallery-1 is-layout-flex wp-block-gallery-is-layout-flex\"><ul class=\"blocks-gallery-grid\"><li class=\"blocks-gallery-item\"><figure><a href=\"https:\/\/darwinia.standardof.net\/es\/guide\/unidades\/armadura\/darwinia-units-armor-5\/\"><img decoding=\"async\" width=\"470\" height=\"294\" src=\"https:\/\/darwinia.standardof.net\/wp-content\/uploads\/sites\/7\/2020\/10\/Darwinia-Units-Armor-5.jpg\" alt=\"\" data-id=\"89\" data-full-url=\"https:\/\/darwinia.standardof.net\/wp-content\/uploads\/sites\/7\/2020\/10\/Darwinia-Units-Armor-5.jpg\" data-link=\"https:\/\/darwinia.standardof.net\/guide\/units\/armor\/darwinia-units-armor-5\/\" class=\"wp-image-89\" srcset=\"https:\/\/darwinia.standardof.net\/wp-content\/uploads\/sites\/7\/2020\/10\/Darwinia-Units-Armor-5.jpg 470w, https:\/\/darwinia.standardof.net\/wp-content\/uploads\/sites\/7\/2020\/10\/Darwinia-Units-Armor-5-200x125.jpg 200w, https:\/\/darwinia.standardof.net\/wp-content\/uploads\/sites\/7\/2020\/10\/Darwinia-Units-Armor-5-16x10.jpg 16w\" sizes=\"(max-width: 470px) 100vw, 470px\" \/><\/a><\/figure><\/li><li class=\"blocks-gallery-item\"><figure><a href=\"https:\/\/darwinia.standardof.net\/es\/guide\/unidades\/armadura\/darwinia-units-armor-4\/\"><img decoding=\"async\" width=\"470\" height=\"294\" src=\"https:\/\/darwinia.standardof.net\/wp-content\/uploads\/sites\/7\/2020\/10\/Darwinia-Units-Armor-4.jpg\" alt=\"\" data-id=\"88\" data-full-url=\"https:\/\/darwinia.standardof.net\/wp-content\/uploads\/sites\/7\/2020\/10\/Darwinia-Units-Armor-4.jpg\" data-link=\"https:\/\/darwinia.standardof.net\/guide\/units\/armor\/darwinia-units-armor-4\/\" class=\"wp-image-88\" srcset=\"https:\/\/darwinia.standardof.net\/wp-content\/uploads\/sites\/7\/2020\/10\/Darwinia-Units-Armor-4.jpg 470w, https:\/\/darwinia.standardof.net\/wp-content\/uploads\/sites\/7\/2020\/10\/Darwinia-Units-Armor-4-200x125.jpg 200w, https:\/\/darwinia.standardof.net\/wp-content\/uploads\/sites\/7\/2020\/10\/Darwinia-Units-Armor-4-16x10.jpg 16w\" sizes=\"(max-width: 470px) 100vw, 470px\" \/><\/a><\/figure><\/li><li class=\"blocks-gallery-item\"><figure><a href=\"https:\/\/darwinia.standardof.net\/es\/guide\/unidades\/armadura\/darwinia-units-armor-3\/\"><img decoding=\"async\" width=\"470\" height=\"294\" src=\"https:\/\/darwinia.standardof.net\/wp-content\/uploads\/sites\/7\/2020\/10\/Darwinia-Units-Armor-3.jpg\" alt=\"\" data-id=\"87\" data-full-url=\"https:\/\/darwinia.standardof.net\/wp-content\/uploads\/sites\/7\/2020\/10\/Darwinia-Units-Armor-3.jpg\" data-link=\"https:\/\/darwinia.standardof.net\/guide\/units\/armor\/darwinia-units-armor-3\/\" class=\"wp-image-87\" srcset=\"https:\/\/darwinia.standardof.net\/wp-content\/uploads\/sites\/7\/2020\/10\/Darwinia-Units-Armor-3.jpg 470w, https:\/\/darwinia.standardof.net\/wp-content\/uploads\/sites\/7\/2020\/10\/Darwinia-Units-Armor-3-200x125.jpg 200w, https:\/\/darwinia.standardof.net\/wp-content\/uploads\/sites\/7\/2020\/10\/Darwinia-Units-Armor-3-16x10.jpg 16w\" sizes=\"(max-width: 470px) 100vw, 470px\" \/><\/a><\/figure><\/li><li class=\"blocks-gallery-item\"><figure><a href=\"https:\/\/darwinia.standardof.net\/es\/guide\/unidades\/armadura\/darwinia-units-armor-2\/\"><img decoding=\"async\" width=\"470\" height=\"294\" src=\"https:\/\/darwinia.standardof.net\/wp-content\/uploads\/sites\/7\/2020\/10\/Darwinia-Units-Armor-2.jpg\" alt=\"\" data-id=\"86\" data-full-url=\"https:\/\/darwinia.standardof.net\/wp-content\/uploads\/sites\/7\/2020\/10\/Darwinia-Units-Armor-2.jpg\" data-link=\"https:\/\/darwinia.standardof.net\/guide\/units\/armor\/darwinia-units-armor-2\/\" class=\"wp-image-86\" srcset=\"https:\/\/darwinia.standardof.net\/wp-content\/uploads\/sites\/7\/2020\/10\/Darwinia-Units-Armor-2.jpg 470w, https:\/\/darwinia.standardof.net\/wp-content\/uploads\/sites\/7\/2020\/10\/Darwinia-Units-Armor-2-200x125.jpg 200w, https:\/\/darwinia.standardof.net\/wp-content\/uploads\/sites\/7\/2020\/10\/Darwinia-Units-Armor-2-16x10.jpg 16w\" sizes=\"(max-width: 470px) 100vw, 470px\" \/><\/a><\/figure><\/li><li class=\"blocks-gallery-item\"><figure><a href=\"https:\/\/darwinia.standardof.net\/es\/guide\/unidades\/armadura\/darwinia-units-armor-1\/\"><img decoding=\"async\" width=\"470\" height=\"294\" src=\"https:\/\/darwinia.standardof.net\/wp-content\/uploads\/sites\/7\/2020\/10\/Darwinia-Units-Armor-1.jpg\" alt=\"\" data-id=\"85\" data-full-url=\"https:\/\/darwinia.standardof.net\/wp-content\/uploads\/sites\/7\/2020\/10\/Darwinia-Units-Armor-1.jpg\" data-link=\"https:\/\/darwinia.standardof.net\/guide\/units\/armor\/darwinia-units-armor-1\/\" class=\"wp-image-85\" srcset=\"https:\/\/darwinia.standardof.net\/wp-content\/uploads\/sites\/7\/2020\/10\/Darwinia-Units-Armor-1.jpg 470w, https:\/\/darwinia.standardof.net\/wp-content\/uploads\/sites\/7\/2020\/10\/Darwinia-Units-Armor-1-200x125.jpg 200w, https:\/\/darwinia.standardof.net\/wp-content\/uploads\/sites\/7\/2020\/10\/Darwinia-Units-Armor-1-16x10.jpg 16w\" sizes=\"(max-width: 470px) 100vw, 470px\" \/><\/a><\/figure><\/li><\/ul><\/figure>\n\n\n\n<p>La unidad Armor en <em>Darwinia <\/em>est\u00e1 disponible por primera vez despu\u00e9s de activar el <strong>Patio de construcci\u00f3n<\/strong>, despu\u00e9s de encender tanto el <strong>M\u00eda <\/strong>y el <strong>Generador<\/strong>. Estas 3 instalaciones juntas proporcionan la materia prima, la energ\u00eda y la capacidad de fabricaci\u00f3n para producir la unidad Armor para que la use el ej\u00e9rcito darwiniano. Durante el nivel, estar\u00e1s limitado a las unidades de armadura que salen de las l\u00edneas de producci\u00f3n. Despu\u00e9s de terminar el nivel del patio, se le otorgar\u00e1 la generaci\u00f3n de Armadura como un programa ejecutable, sin embargo, solo cerca de un <strong>Puerto troncal<\/strong>.<\/p>\n\n\n\n<p>La armadura tiene un doble prop\u00f3sito, primero es un transporte blindado para los darwinianos, que puede cargar hasta 10 <a href=\"https:\/\/darwinia.standardof.net\/es\/guide\/unidades\/darwinianos\/\" class=\"rank-math-link\"><strong>Darwinianos<\/strong> <\/a>e implementarlos en una ubicaci\u00f3n diferente. La capacidad de las unidades para atravesar cualquier terreno, similar a la del ingeniero, aunque a velocidades mucho m\u00e1s r\u00e1pidas, le permite colocar a los darwinianos en cualquier lugar. Haga clic con el bot\u00f3n derecho en la armadura para activar su comando de carga, y los darwinianos cercanos se subir\u00e1n autom\u00e1ticamente a bordo hasta que se llene.<\/p>\n\n\n\n<p>En segundo lugar, y lo m\u00e1s \u00fatil, el Armor puede desplegarse en una torreta estacionaria capaz de ser tripulada por hasta 4 darwinianos, en casi cualquier peque\u00f1a parcela de terreno plano. Haga clic con el bot\u00f3n derecho en el \u00e1rea en la que desea que se instale la armadura, y se acelerar\u00e1 y se desplegar\u00e1 instant\u00e1neamente. Adem\u00e1s, puede hacer que los darwinianos controlen la torreta cuando se despliegue, y los arrojar\u00e1 por el aire por la espalda antes de dar la vuelta y desplegarse en este caso. Tan pronto como la torreta est\u00e9 levantada, los darwinianos cercanos se apresurar\u00e1n a controlarla. La velocidad de la armadura le permite acelerar f\u00e1cilmente a trav\u00e9s de grandes <a href=\"https:\/\/darwinia.standardof.net\/es\/guide\/enemigos\/\" class=\"rank-math-link\">virus <\/a>infestaciones ilesas. Opcionalmente, puede ordenar a una torreta tripulada que dirija su fuego si encuentra objetivos m\u00e1s urgentes en los que concentrarse.<\/p>\n\n\n\n<p>No est\u00e1 limitado a la cantidad de Armadura que puede crear, aunque solo se pueden desplegar tantas torretas en un \u00e1rea determinada, y mientras a\u00fan sean Armadura ocupar\u00e1n un espacio de programa. La torreta tambi\u00e9n es el arma m\u00e1s poderosa disponible para sus fuerzas, especialmente despu\u00e9s de mejorar su alcance a trav\u00e9s de la investigaci\u00f3n, ya que permite a los darwinianos atacar y matar con \u00e9xito todos los tipos de virus, aunque una sola torreta puede ser invadida por una gran fuerza, y pueden ser destruido por granadas enemigas o amigas.<\/p>\n\n\n\n<p>Por \u00faltimo, es incre\u00edblemente importante darse cuenta de que, si bien sus darwinianos verdes pueden controlar estas torretas, tambi\u00e9n pueden hacerlo los darwinianos rojos enemigos si alcanzan una que no est\u00e1 tripulada o invadieron una de las suyas. Si esto sucede, la torreta se activar\u00e1 contra tus fuerzas y realmente puede derribar grandes grupos con bastante rapidez. Si esto sucede, una de tus mejores apuestas es enviar varios escuadrones de cebo para atraer el fuego, y seguir con uno bajo tu control, y hacer que desaparezca con una granada o un ataque a\u00e9reo.<\/p>\n\n\n\n<p><strong>Investigaci\u00f3n<br><\/strong>La armadura comienza en la v1.0, lo que permite que 10 darwinianos aborden la unidad hasta que est\u00e9 a plena capacidad. La investigaci\u00f3n a la v2.0 otorga un rango adicional y una capacidad m\u00e1xima de transporte a 20, la v3.0 permite 30 darwinianos y un rango muy largo, mientras que finalmente la v4.0 otorga una capacidad de 40 y un rango suficiente para eliminar virus de rango extremo, que si se combina con un gran punto de vista, significa que ning\u00fan virus se est\u00e1 acercando a esa torreta.<\/p>","protected":false},"excerpt":{"rendered":"<p>The Armor unit in Darwinia is first made available after activating the Construction Yard, after powering both the Mine and the Generator. These 3 facilities together provide the raw materials, power, and manufacturing capability to produce the Armor unit for use by the Darwinian army. During the level you will be limited to the Armor [&hellip;]<\/p>","protected":false},"author":1,"featured_media":88,"parent":210,"menu_order":3,"comment_status":"open","ping_status":"closed","template":"","meta":{"_uag_custom_page_level_css":"","site-sidebar-layout":"default","site-content-layout":"default","ast-site-content-layout":"","site-content-style":"default","site-sidebar-style":"default","ast-global-header-display":"","ast-banner-title-visibility":"","ast-main-header-display":"","ast-hfb-above-header-display":"","ast-hfb-below-header-display":"","ast-hfb-mobile-header-display":"","site-post-title":"","ast-breadcrumbs-content":"","ast-featured-img":"","footer-sml-layout":"","theme-transparent-header-meta":"default","adv-header-id-meta":"","stick-header-meta":"","header-above-stick-meta":"","header-main-stick-meta":"","header-below-stick-meta":"","astra-migrate-meta-layouts":"default","ast-page-background-enabled":"default","ast-page-background-meta":{"desktop":{"background-color":"","background-image":"","background-repeat":"repeat","background-position":"center center","background-size":"auto","background-attachment":"scroll","background-type":"","background-media":"","overlay-type":"","overlay-color":"","overlay-gradient":""},"tablet":{"background-color":"","background-image":"","background-repeat":"repeat","background-position":"center center","background-size":"auto","background-attachment":"scroll","background-type":"","background-media":"","overlay-type":"","overlay-color":"","overlay-gradient":""},"mobile":{"background-color":"","background-image":"","background-repeat":"repeat","background-position":"center center","background-size":"auto","background-attachment":"scroll","background-type":"","background-media":"","overlay-type":"","overlay-color":"","overlay-gradient":""}},"ast-content-background-meta":{"desktop":{"background-color":"var(--ast-global-color-5)","background-image":"","background-repeat":"repeat","background-position":"center center","background-size":"auto","background-attachment":"scroll","background-type":"","background-media":"","overlay-type":"","overlay-color":"","overlay-gradient":""},"tablet":{"background-color":"var(--ast-global-color-5)","background-image":"","background-repeat":"repeat","background-position":"center center","background-size":"auto","background-attachment":"scroll","background-type":"","background-media":"","overlay-type":"","overlay-color":"","overlay-gradient":""},"mobile":{"background-color":"var(--ast-global-color-5)","background-image":"","background-repeat":"repeat","background-position":"center center","background-size":"auto","background-attachment":"scroll","background-type":"","background-media":"","overlay-type":"","overlay-color":"","overlay-gradient":""}},"footnotes":""},"uagb_featured_image_src":{"full":["https:\/\/darwinia.standardof.net\/wp-content\/uploads\/sites\/7\/2020\/10\/Darwinia-Units-Armor-4.jpg",470,294,false],"thumbnail":["https:\/\/darwinia.standardof.net\/wp-content\/uploads\/sites\/7\/2020\/10\/Darwinia-Units-Armor-4-200x125.jpg",200,125,true],"medium":["https:\/\/darwinia.standardof.net\/wp-content\/uploads\/sites\/7\/2020\/10\/Darwinia-Units-Armor-4.jpg",470,294,false],"medium_large":["https:\/\/darwinia.standardof.net\/wp-content\/uploads\/sites\/7\/2020\/10\/Darwinia-Units-Armor-4.jpg",470,294,false],"large":["https:\/\/darwinia.standardof.net\/wp-content\/uploads\/sites\/7\/2020\/10\/Darwinia-Units-Armor-4.jpg",470,294,false],"1536x1536":["https:\/\/darwinia.standardof.net\/wp-content\/uploads\/sites\/7\/2020\/10\/Darwinia-Units-Armor-4.jpg",470,294,false],"2048x2048":["https:\/\/darwinia.standardof.net\/wp-content\/uploads\/sites\/7\/2020\/10\/Darwinia-Units-Armor-4.jpg",470,294,false],"trp-custom-language-flag":["https:\/\/darwinia.standardof.net\/wp-content\/uploads\/sites\/7\/2020\/10\/Darwinia-Units-Armor-4-16x10.jpg",16,10,true]},"uagb_author_info":{"display_name":"SOE","author_link":"https:\/\/darwinia.standardof.net\/es\/author\/k-tastic\/"},"uagb_comment_info":0,"uagb_excerpt":"The Armor unit in Darwinia is first made available after activating the Construction Yard, after powering both the Mine and the Generator. These 3 facilities together provide the raw materials, power, and manufacturing capability to produce the Armor unit for use by the Darwinian army. During the level you will be limited to the Armor&hellip;","_links":{"self":[{"href":"https:\/\/darwinia.standardof.net\/es\/wp-json\/wp\/v2\/pages\/215"}],"collection":[{"href":"https:\/\/darwinia.standardof.net\/es\/wp-json\/wp\/v2\/pages"}],"about":[{"href":"https:\/\/darwinia.standardof.net\/es\/wp-json\/wp\/v2\/types\/page"}],"author":[{"embeddable":true,"href":"https:\/\/darwinia.standardof.net\/es\/wp-json\/wp\/v2\/users\/1"}],"replies":[{"embeddable":true,"href":"https:\/\/darwinia.standardof.net\/es\/wp-json\/wp\/v2\/comments?post=215"}],"version-history":[{"count":0,"href":"https:\/\/darwinia.standardof.net\/es\/wp-json\/wp\/v2\/pages\/215\/revisions"}],"up":[{"embeddable":true,"href":"https:\/\/darwinia.standardof.net\/es\/wp-json\/wp\/v2\/pages\/210"}],"wp:featuredmedia":[{"embeddable":true,"href":"https:\/\/darwinia.standardof.net\/es\/wp-json\/wp\/v2\/media\/88"}],"wp:attachment":[{"href":"https:\/\/darwinia.standardof.net\/es\/wp-json\/wp\/v2\/media?parent=215"}],"curies":[{"name":"wp","href":"https:\/\/api.w.org\/{rel}","templated":true}]}}