{"id":214,"date":"2020-10-29T16:27:37","date_gmt":"2020-10-29T16:27:37","guid":{"rendered":"https:\/\/darwinia.standardof.net\/?page_id=214"},"modified":"2020-10-29T16:37:57","modified_gmt":"2020-10-29T16:37:57","slug":"engineer","status":"publish","type":"page","link":"https:\/\/darwinia.standardof.net\/es\/guide\/unidades\/ingeniero\/","title":{"rendered":"Ingeniero"},"content":{"rendered":"<figure class=\"wp-block-gallery columns-3 is-cropped wp-block-gallery-1 is-layout-flex wp-block-gallery-is-layout-flex\"><ul class=\"blocks-gallery-grid\"><li class=\"blocks-gallery-item\"><figure><a href=\"https:\/\/darwinia.standardof.net\/es\/guide\/unidades\/ingeniero\/darwinia-units-engineer-4\/\"><img decoding=\"async\" width=\"470\" height=\"294\" src=\"https:\/\/darwinia.standardof.net\/wp-content\/uploads\/sites\/7\/2020\/10\/Darwinia-Units-Engineer-4.jpg\" alt=\"\" data-id=\"98\" data-full-url=\"https:\/\/darwinia.standardof.net\/wp-content\/uploads\/sites\/7\/2020\/10\/Darwinia-Units-Engineer-4.jpg\" data-link=\"https:\/\/darwinia.standardof.net\/guide\/units\/engineer\/darwinia-units-engineer-4\/\" class=\"wp-image-98\" srcset=\"https:\/\/darwinia.standardof.net\/wp-content\/uploads\/sites\/7\/2020\/10\/Darwinia-Units-Engineer-4.jpg 470w, https:\/\/darwinia.standardof.net\/wp-content\/uploads\/sites\/7\/2020\/10\/Darwinia-Units-Engineer-4-200x125.jpg 200w, https:\/\/darwinia.standardof.net\/wp-content\/uploads\/sites\/7\/2020\/10\/Darwinia-Units-Engineer-4-16x10.jpg 16w\" sizes=\"(max-width: 470px) 100vw, 470px\" \/><\/a><\/figure><\/li><li class=\"blocks-gallery-item\"><figure><a href=\"https:\/\/darwinia.standardof.net\/es\/guide\/unidades\/ingeniero\/darwinia-units-engineer-5\/\"><img decoding=\"async\" width=\"470\" height=\"264\" src=\"https:\/\/darwinia.standardof.net\/wp-content\/uploads\/sites\/7\/2020\/10\/Darwinia-Units-Engineer-5.jpg\" alt=\"\" data-id=\"99\" data-full-url=\"https:\/\/darwinia.standardof.net\/wp-content\/uploads\/sites\/7\/2020\/10\/Darwinia-Units-Engineer-5.jpg\" data-link=\"https:\/\/darwinia.standardof.net\/guide\/units\/engineer\/darwinia-units-engineer-5\/\" class=\"wp-image-99\" srcset=\"https:\/\/darwinia.standardof.net\/wp-content\/uploads\/sites\/7\/2020\/10\/Darwinia-Units-Engineer-5.jpg 470w, https:\/\/darwinia.standardof.net\/wp-content\/uploads\/sites\/7\/2020\/10\/Darwinia-Units-Engineer-5-200x112.jpg 200w, https:\/\/darwinia.standardof.net\/wp-content\/uploads\/sites\/7\/2020\/10\/Darwinia-Units-Engineer-5-16x9.jpg 16w\" sizes=\"(max-width: 470px) 100vw, 470px\" \/><\/a><\/figure><\/li><li class=\"blocks-gallery-item\"><figure><a href=\"https:\/\/darwinia.standardof.net\/es\/guide\/unidades\/ingeniero\/darwinia-units-engineer-3\/\"><img decoding=\"async\" width=\"470\" height=\"294\" src=\"https:\/\/darwinia.standardof.net\/wp-content\/uploads\/sites\/7\/2020\/10\/Darwinia-Units-Engineer-3.jpg\" alt=\"\" data-id=\"97\" data-full-url=\"https:\/\/darwinia.standardof.net\/wp-content\/uploads\/sites\/7\/2020\/10\/Darwinia-Units-Engineer-3.jpg\" data-link=\"https:\/\/darwinia.standardof.net\/guide\/units\/engineer\/darwinia-units-engineer-3\/\" class=\"wp-image-97\" srcset=\"https:\/\/darwinia.standardof.net\/wp-content\/uploads\/sites\/7\/2020\/10\/Darwinia-Units-Engineer-3.jpg 470w, https:\/\/darwinia.standardof.net\/wp-content\/uploads\/sites\/7\/2020\/10\/Darwinia-Units-Engineer-3-200x125.jpg 200w, https:\/\/darwinia.standardof.net\/wp-content\/uploads\/sites\/7\/2020\/10\/Darwinia-Units-Engineer-3-16x10.jpg 16w\" sizes=\"(max-width: 470px) 100vw, 470px\" \/><\/a><\/figure><\/li><li class=\"blocks-gallery-item\"><figure><a href=\"https:\/\/darwinia.standardof.net\/es\/guide\/unidades\/ingeniero\/darwinia-units-engineer-2\/\"><img decoding=\"async\" width=\"470\" height=\"294\" src=\"https:\/\/darwinia.standardof.net\/wp-content\/uploads\/sites\/7\/2020\/10\/Darwinia-Units-Engineer-2.jpg\" alt=\"\" data-id=\"96\" data-full-url=\"https:\/\/darwinia.standardof.net\/wp-content\/uploads\/sites\/7\/2020\/10\/Darwinia-Units-Engineer-2.jpg\" data-link=\"https:\/\/darwinia.standardof.net\/guide\/units\/engineer\/darwinia-units-engineer-2\/\" class=\"wp-image-96\" srcset=\"https:\/\/darwinia.standardof.net\/wp-content\/uploads\/sites\/7\/2020\/10\/Darwinia-Units-Engineer-2.jpg 470w, https:\/\/darwinia.standardof.net\/wp-content\/uploads\/sites\/7\/2020\/10\/Darwinia-Units-Engineer-2-200x125.jpg 200w, https:\/\/darwinia.standardof.net\/wp-content\/uploads\/sites\/7\/2020\/10\/Darwinia-Units-Engineer-2-16x10.jpg 16w\" sizes=\"(max-width: 470px) 100vw, 470px\" \/><\/a><\/figure><\/li><li class=\"blocks-gallery-item\"><figure><a href=\"https:\/\/darwinia.standardof.net\/es\/guide\/unidades\/ingeniero\/darwinia-units-engineer-1\/\"><img decoding=\"async\" width=\"470\" height=\"294\" src=\"https:\/\/darwinia.standardof.net\/wp-content\/uploads\/sites\/7\/2020\/10\/Darwinia-Units-Engineer-1.jpg\" alt=\"\" data-id=\"95\" data-full-url=\"https:\/\/darwinia.standardof.net\/wp-content\/uploads\/sites\/7\/2020\/10\/Darwinia-Units-Engineer-1.jpg\" data-link=\"https:\/\/darwinia.standardof.net\/guide\/units\/engineer\/darwinia-units-engineer-1\/\" class=\"wp-image-95\" srcset=\"https:\/\/darwinia.standardof.net\/wp-content\/uploads\/sites\/7\/2020\/10\/Darwinia-Units-Engineer-1.jpg 470w, https:\/\/darwinia.standardof.net\/wp-content\/uploads\/sites\/7\/2020\/10\/Darwinia-Units-Engineer-1-200x125.jpg 200w, https:\/\/darwinia.standardof.net\/wp-content\/uploads\/sites\/7\/2020\/10\/Darwinia-Units-Engineer-1-16x10.jpg 16w\" sizes=\"(max-width: 470px) 100vw, 470px\" \/><\/a><\/figure><\/li><\/ul><\/figure>\n\n\n\n<p>Esta unidad se crea ejecutando el programa Engineer cerca de uno de sus <a href=\"https:\/\/darwinia.standardof.net\/es\/guide\/unidades\/equipo\/\" class=\"rank-math-link\"><strong>Escuadrones<\/strong> <\/a>o capturado <strong>Torres de control<\/strong>. El ingeniero se utiliza para recolectar almas para generar m\u00e1s darwinianos, reprogramar y capturar edificios y, finalmente, descargar datos de investigaci\u00f3n.<\/p>\n\n\n\n<p>El ingeniero recibe un nombre adecuado teniendo en cuenta su prop\u00f3sito principal. Esta unidad es un programa ejecutable disponible desde el comienzo de la primera misi\u00f3n &quot;<strong>Jard\u00edn<\/strong>\u201dY en adelante durante todo el juego de <em>Darwinia<\/em>. El ingeniero sirve como la unidad de hombre \u00fatil, recolectando almas para generar m\u00e1s darwinianos verdes, descargando nuevos elementos de investigaci\u00f3n que hayas encontrado dentro de las misiones o reprogramando estructuras infectadas para devolverlas bajo tu control y el de los darwinianos.<\/p>\n\n\n\n<p>El ingeniero es capaz de recibir un da\u00f1o leve, pero a menudo necesita ser protegido durante el proceso de recolecci\u00f3n de almas y, a veces, reprogramarse si hay enemigos cerca. No experimentan ning\u00fan tipo de vacilaci\u00f3n a la hora de flotar directamente en el camino de una gran cantidad de <strong><a href=\"https:\/\/darwinia.standardof.net\/es\/guide\/enemigos\/\" class=\"rank-math-link\">virus<\/a><\/strong>, solo para recoger un alma cercana. Tenga en cuenta que debe vigilarlos durante esta tarea, especialmente si necesita desesperadamente algunos peque\u00f1os amigos verdes para una tarea espec\u00edfica.<\/p>\n\n\n\n<p>A diferencia del Escuadr\u00f3n, los ingenieros son capaces de flotar sobre el agua, lo que te permite usarlos como insurgentes, cruzar aguas y evitar grandes infestaciones para reprogramar estructuras detr\u00e1s de las l\u00edneas enemigas. Est\u00e1n limitados en cu\u00e1n empinada pueden subir. Un \u00faltimo punto a destacar es la capacidad de generar ingenieros a una peque\u00f1a distancia de los escuadrones.<\/p>\n\n\n\n<h3 class=\"wp-block-heading\"><strong>Investigaci\u00f3n del ingeniero<\/strong><\/h3>\n\n\n\n<p>El ingeniero comienza en la versi\u00f3n 1.0, y cada versi\u00f3n posterior investigada hasta la 4.0 le otorga al ingeniero la capacidad de llevar m\u00e1s almas antes de tener que regresar y dejarlas en una incubadora.<\/p>\n\n\n\n<p>Tenga en cuenta que esta investigaci\u00f3n tiene altibajos. M\u00e1s almas llevadas significa que podr\u00e1s engendrar m\u00e1s darwinianos, pero tambi\u00e9n significa m\u00e1s tiempo antes de que el ingeniero regrese para dejar su colecci\u00f3n, y considerando su codicia sin obst\u00e1culos en la colecci\u00f3n de almas, a menudo puede terminar siendo emboscado con una gran cantidad de carga de almas a cuestas. Versi\u00f3n 1.0 Los ingenieros pueden llevar 10 almas, 2.0 puede contener 15 almas, 3.0 puede contener 25 almas y 4.0 puede contener 30.<\/p>","protected":false},"excerpt":{"rendered":"<p>This unit is created by running the Engineer program near one of your Squads or captured Control Towers. The Engineer is used to collect souls for spawning more Darwinians, reprogramming and capturing buildings and finally to download research data. The Engineer is aptly named considering its primary purpose. This unit is an executable program available [&hellip;]<\/p>","protected":false},"author":1,"featured_media":98,"parent":210,"menu_order":2,"comment_status":"open","ping_status":"closed","template":"","meta":{"_uag_custom_page_level_css":"","site-sidebar-layout":"default","site-content-layout":"default","ast-site-content-layout":"","site-content-style":"default","site-sidebar-style":"default","ast-global-header-display":"","ast-banner-title-visibility":"","ast-main-header-display":"","ast-hfb-above-header-display":"","ast-hfb-below-header-display":"","ast-hfb-mobile-header-display":"","site-post-title":"","ast-breadcrumbs-content":"","ast-featured-img":"","footer-sml-layout":"","theme-transparent-header-meta":"default","adv-header-id-meta":"","stick-header-meta":"","header-above-stick-meta":"","header-main-stick-meta":"","header-below-stick-meta":"","astra-migrate-meta-layouts":"default","ast-page-background-enabled":"default","ast-page-background-meta":{"desktop":{"background-color":"","background-image":"","background-repeat":"repeat","background-position":"center center","background-size":"auto","background-attachment":"scroll","background-type":"","background-media":"","overlay-type":"","overlay-color":"","overlay-gradient":""},"tablet":{"background-color":"","background-image":"","background-repeat":"repeat","background-position":"center center","background-size":"auto","background-attachment":"scroll","background-type":"","background-media":"","overlay-type":"","overlay-color":"","overlay-gradient":""},"mobile":{"background-color":"","background-image":"","background-repeat":"repeat","background-position":"center center","background-size":"auto","background-attachment":"scroll","background-type":"","background-media":"","overlay-type":"","overlay-color":"","overlay-gradient":""}},"ast-content-background-meta":{"desktop":{"background-color":"var(--ast-global-color-5)","background-image":"","background-repeat":"repeat","background-position":"center center","background-size":"auto","background-attachment":"scroll","background-type":"","background-media":"","overlay-type":"","overlay-color":"","overlay-gradient":""},"tablet":{"background-color":"var(--ast-global-color-5)","background-image":"","background-repeat":"repeat","background-position":"center center","background-size":"auto","background-attachment":"scroll","background-type":"","background-media":"","overlay-type":"","overlay-color":"","overlay-gradient":""},"mobile":{"background-color":"var(--ast-global-color-5)","background-image":"","background-repeat":"repeat","background-position":"center center","background-size":"auto","background-attachment":"scroll","background-type":"","background-media":"","overlay-type":"","overlay-color":"","overlay-gradient":""}},"footnotes":""},"uagb_featured_image_src":{"full":["https:\/\/darwinia.standardof.net\/wp-content\/uploads\/sites\/7\/2020\/10\/Darwinia-Units-Engineer-4.jpg",470,294,false],"thumbnail":["https:\/\/darwinia.standardof.net\/wp-content\/uploads\/sites\/7\/2020\/10\/Darwinia-Units-Engineer-4-200x125.jpg",200,125,true],"medium":["https:\/\/darwinia.standardof.net\/wp-content\/uploads\/sites\/7\/2020\/10\/Darwinia-Units-Engineer-4.jpg",470,294,false],"medium_large":["https:\/\/darwinia.standardof.net\/wp-content\/uploads\/sites\/7\/2020\/10\/Darwinia-Units-Engineer-4.jpg",470,294,false],"large":["https:\/\/darwinia.standardof.net\/wp-content\/uploads\/sites\/7\/2020\/10\/Darwinia-Units-Engineer-4.jpg",470,294,false],"1536x1536":["https:\/\/darwinia.standardof.net\/wp-content\/uploads\/sites\/7\/2020\/10\/Darwinia-Units-Engineer-4.jpg",470,294,false],"2048x2048":["https:\/\/darwinia.standardof.net\/wp-content\/uploads\/sites\/7\/2020\/10\/Darwinia-Units-Engineer-4.jpg",470,294,false],"trp-custom-language-flag":["https:\/\/darwinia.standardof.net\/wp-content\/uploads\/sites\/7\/2020\/10\/Darwinia-Units-Engineer-4-16x10.jpg",16,10,true]},"uagb_author_info":{"display_name":"SOE","author_link":"https:\/\/darwinia.standardof.net\/es\/author\/k-tastic\/"},"uagb_comment_info":0,"uagb_excerpt":"This unit is created by running the Engineer program near one of your Squads or captured Control Towers. The Engineer is used to collect souls for spawning more Darwinians, reprogramming and capturing buildings and finally to download research data. The Engineer is aptly named considering its primary purpose. This unit is an executable program available&hellip;","_links":{"self":[{"href":"https:\/\/darwinia.standardof.net\/es\/wp-json\/wp\/v2\/pages\/214"}],"collection":[{"href":"https:\/\/darwinia.standardof.net\/es\/wp-json\/wp\/v2\/pages"}],"about":[{"href":"https:\/\/darwinia.standardof.net\/es\/wp-json\/wp\/v2\/types\/page"}],"author":[{"embeddable":true,"href":"https:\/\/darwinia.standardof.net\/es\/wp-json\/wp\/v2\/users\/1"}],"replies":[{"embeddable":true,"href":"https:\/\/darwinia.standardof.net\/es\/wp-json\/wp\/v2\/comments?post=214"}],"version-history":[{"count":0,"href":"https:\/\/darwinia.standardof.net\/es\/wp-json\/wp\/v2\/pages\/214\/revisions"}],"up":[{"embeddable":true,"href":"https:\/\/darwinia.standardof.net\/es\/wp-json\/wp\/v2\/pages\/210"}],"wp:featuredmedia":[{"embeddable":true,"href":"https:\/\/darwinia.standardof.net\/es\/wp-json\/wp\/v2\/media\/98"}],"wp:attachment":[{"href":"https:\/\/darwinia.standardof.net\/es\/wp-json\/wp\/v2\/media?parent=214"}],"curies":[{"name":"wp","href":"https:\/\/api.w.org\/{rel}","templated":true}]}}