{"id":213,"date":"2020-10-29T16:27:14","date_gmt":"2020-10-29T16:27:14","guid":{"rendered":"https:\/\/darwinia.standardof.net\/?page_id=213"},"modified":"2020-10-29T16:36:12","modified_gmt":"2020-10-29T16:36:12","slug":"darwinians","status":"publish","type":"page","link":"https:\/\/darwinia.standardof.net\/es\/guide\/unidades\/darwinianos\/","title":{"rendered":"Darwinianos"},"content":{"rendered":"<figure class=\"wp-block-gallery columns-3 is-cropped wp-block-gallery-1 is-layout-flex wp-block-gallery-is-layout-flex\"><ul class=\"blocks-gallery-grid\"><li class=\"blocks-gallery-item\"><figure><a href=\"https:\/\/darwinia.standardof.net\/es\/guide\/unidades\/darwinianos\/darwinia-units-darwinians-5\/\"><img decoding=\"async\" width=\"470\" height=\"278\" src=\"https:\/\/darwinia.standardof.net\/wp-content\/uploads\/sites\/7\/2020\/10\/Darwinia-Units-Darwinians-5.jpg\" alt=\"\" data-id=\"94\" data-full-url=\"https:\/\/darwinia.standardof.net\/wp-content\/uploads\/sites\/7\/2020\/10\/Darwinia-Units-Darwinians-5.jpg\" data-link=\"https:\/\/darwinia.standardof.net\/guide\/units\/darwinians\/darwinia-units-darwinians-5\/\" class=\"wp-image-94\" srcset=\"https:\/\/darwinia.standardof.net\/wp-content\/uploads\/sites\/7\/2020\/10\/Darwinia-Units-Darwinians-5.jpg 470w, https:\/\/darwinia.standardof.net\/wp-content\/uploads\/sites\/7\/2020\/10\/Darwinia-Units-Darwinians-5-200x118.jpg 200w, https:\/\/darwinia.standardof.net\/wp-content\/uploads\/sites\/7\/2020\/10\/Darwinia-Units-Darwinians-5-16x9.jpg 16w\" sizes=\"(max-width: 470px) 100vw, 470px\" \/><\/a><\/figure><\/li><li class=\"blocks-gallery-item\"><figure><a href=\"https:\/\/darwinia.standardof.net\/es\/guide\/unidades\/darwinianos\/darwinia-units-darwinians-4\/\"><img decoding=\"async\" width=\"470\" height=\"294\" src=\"https:\/\/darwinia.standardof.net\/wp-content\/uploads\/sites\/7\/2020\/10\/Darwinia-Units-Darwinians-4.jpg\" alt=\"\" data-id=\"93\" data-full-url=\"https:\/\/darwinia.standardof.net\/wp-content\/uploads\/sites\/7\/2020\/10\/Darwinia-Units-Darwinians-4.jpg\" data-link=\"https:\/\/darwinia.standardof.net\/guide\/units\/darwinians\/darwinia-units-darwinians-4\/\" class=\"wp-image-93\" srcset=\"https:\/\/darwinia.standardof.net\/wp-content\/uploads\/sites\/7\/2020\/10\/Darwinia-Units-Darwinians-4.jpg 470w, https:\/\/darwinia.standardof.net\/wp-content\/uploads\/sites\/7\/2020\/10\/Darwinia-Units-Darwinians-4-200x125.jpg 200w, https:\/\/darwinia.standardof.net\/wp-content\/uploads\/sites\/7\/2020\/10\/Darwinia-Units-Darwinians-4-16x10.jpg 16w\" sizes=\"(max-width: 470px) 100vw, 470px\" \/><\/a><\/figure><\/li><li class=\"blocks-gallery-item\"><figure><a href=\"https:\/\/darwinia.standardof.net\/es\/guide\/unidades\/darwinianos\/darwinia-units-darwinians-3\/\"><img decoding=\"async\" width=\"470\" height=\"400\" src=\"https:\/\/darwinia.standardof.net\/wp-content\/uploads\/sites\/7\/2020\/10\/Darwinia-Units-Darwinians-3.jpg\" alt=\"\" data-id=\"92\" data-full-url=\"https:\/\/darwinia.standardof.net\/wp-content\/uploads\/sites\/7\/2020\/10\/Darwinia-Units-Darwinians-3.jpg\" data-link=\"https:\/\/darwinia.standardof.net\/guide\/units\/darwinians\/darwinia-units-darwinians-3\/\" class=\"wp-image-92\" srcset=\"https:\/\/darwinia.standardof.net\/wp-content\/uploads\/sites\/7\/2020\/10\/Darwinia-Units-Darwinians-3.jpg 470w, https:\/\/darwinia.standardof.net\/wp-content\/uploads\/sites\/7\/2020\/10\/Darwinia-Units-Darwinians-3-200x170.jpg 200w, https:\/\/darwinia.standardof.net\/wp-content\/uploads\/sites\/7\/2020\/10\/Darwinia-Units-Darwinians-3-14x12.jpg 14w\" sizes=\"(max-width: 470px) 100vw, 470px\" \/><\/a><\/figure><\/li><li class=\"blocks-gallery-item\"><figure><a href=\"https:\/\/darwinia.standardof.net\/es\/guide\/unidades\/darwinianos\/darwinia-units-darwinians-2\/\"><img decoding=\"async\" width=\"470\" height=\"294\" src=\"https:\/\/darwinia.standardof.net\/wp-content\/uploads\/sites\/7\/2020\/10\/Darwinia-Units-Darwinians-2.jpg\" alt=\"\" data-id=\"91\" data-full-url=\"https:\/\/darwinia.standardof.net\/wp-content\/uploads\/sites\/7\/2020\/10\/Darwinia-Units-Darwinians-2.jpg\" data-link=\"https:\/\/darwinia.standardof.net\/guide\/units\/darwinians\/darwinia-units-darwinians-2\/\" class=\"wp-image-91\" srcset=\"https:\/\/darwinia.standardof.net\/wp-content\/uploads\/sites\/7\/2020\/10\/Darwinia-Units-Darwinians-2.jpg 470w, https:\/\/darwinia.standardof.net\/wp-content\/uploads\/sites\/7\/2020\/10\/Darwinia-Units-Darwinians-2-200x125.jpg 200w, https:\/\/darwinia.standardof.net\/wp-content\/uploads\/sites\/7\/2020\/10\/Darwinia-Units-Darwinians-2-16x10.jpg 16w\" sizes=\"(max-width: 470px) 100vw, 470px\" \/><\/a><\/figure><\/li><li class=\"blocks-gallery-item\"><figure><a href=\"https:\/\/darwinia.standardof.net\/es\/guide\/unidades\/darwinianos\/darwinia-units-darwinians-1\/\"><img decoding=\"async\" width=\"470\" height=\"351\" src=\"https:\/\/darwinia.standardof.net\/wp-content\/uploads\/sites\/7\/2020\/10\/Darwinia-Units-Darwinians-1.jpg\" alt=\"\" data-id=\"90\" data-full-url=\"https:\/\/darwinia.standardof.net\/wp-content\/uploads\/sites\/7\/2020\/10\/Darwinia-Units-Darwinians-1.jpg\" data-link=\"https:\/\/darwinia.standardof.net\/guide\/units\/darwinians\/darwinia-units-darwinians-1\/\" class=\"wp-image-90\" srcset=\"https:\/\/darwinia.standardof.net\/wp-content\/uploads\/sites\/7\/2020\/10\/Darwinia-Units-Darwinians-1.jpg 470w, https:\/\/darwinia.standardof.net\/wp-content\/uploads\/sites\/7\/2020\/10\/Darwinia-Units-Darwinians-1-200x149.jpg 200w, https:\/\/darwinia.standardof.net\/wp-content\/uploads\/sites\/7\/2020\/10\/Darwinia-Units-Darwinians-1-16x12.jpg 16w\" sizes=\"(max-width: 470px) 100vw, 470px\" \/><\/a><\/figure><\/li><\/ul><\/figure>\n\n\n\n<p>Estas peque\u00f1as criaturas verdes pixeladas son la figura central en la historia del juego. Estos son los habitantes naturales del mundo digital que existe como el Proyecto de Investigaci\u00f3n de Vida Simulada de Darwin. Estos no son directamente controlables y deben ser influenciados por el <strong><a href=\"https:\/\/darwinia.standardof.net\/es\/guide\/unidades\/oficial\/\" class=\"rank-math-link\">Oficial<\/a><\/strong>.<\/p>\n\n\n\n<p><strong>Darwinianos <\/strong>son los peque\u00f1os habitantes verdes de este digital conocido como Proyecto de Investigaci\u00f3n de Vida Simulada de Darwin. Son el fruto de los esfuerzos del Doctor Sep\u00falveda durante la \u00faltima d\u00e9cada, ya que ha trabajado de forma aislada para alimentarlos de una sociedad primitiva de Inteligencia Artificial a una cultura pr\u00f3spera y creativa. Antes de la invasi\u00f3n del <strong><a href=\"https:\/\/darwinia.standardof.net\/es\/guide\/enemigos\/\" class=\"rank-math-link\">virus<\/a><\/strong>, ignoraban inocente y felizmente su verdadera existencia o los horrores de la violencia. Estas revelaciones impactar\u00e1n para siempre en la sociedad darwiniana, trayendo conflicto y confusi\u00f3n a su mundo.<\/p>\n\n\n\n<p>Los darwinianos no son directamente controlables por el jugador dentro del juego, sin embargo, pueden verse significativamente influenciados para que cumplan sus \u00f3rdenes a trav\u00e9s de varios m\u00e9todos. Principalmente, pueden ser dirigidos mediante el uso del programa Oficial, con comandos como seguir, que se usa para crear rutas para enviar a los darwinianos a trav\u00e9s de los distintos mapas, o enviarlos a trav\u00e9s de platos de radar. Adem\u00e1s de esto, se mover\u00e1n autom\u00e1ticamente hacia y utilizar\u00e1n elementos que tengan la capacidad de funcionar, como las instalaciones mineras en el nivel Mina. Por \u00faltimo, la armadura se puede usar para cargar a los darwinianos en el transporte y moverlos por el mapa, o desplegar y manejar la torreta estacionaria.<\/p>\n\n\n\n<p>Los darwinianos tienen la inteligencia para huir de las granadas, disparar a los enemigos autom\u00e1ticamente con l\u00e1seres o granadas (una vez investigados) y tienden a mantenerse unidos o trabajar en grupos. Huir\u00e1n bajo grandes p\u00e9rdidas y emitir\u00e1n gritos digitalizados cuando sean atacados. Al completar todos los objetivos de una misi\u00f3n, a menudo encontrar\u00e1s a los darwinianos bailando o saltando en el aire, o balance\u00e1ndose de un lado a otro cuando est\u00e1n hipnotizados por un objeto. De vez en cuando es posible que veas cajas amarillas brillantes flotando en el aire entre almas rojas y, con mayor frecuencia, verdes, estas son \u201ccometas conmemorativas\u201d lanzadas por los darwinianos sobrevivientes para llorar la p\u00e9rdida de sus compa\u00f1eros despu\u00e9s de que uno cae en la batalla.<\/p>\n\n\n\n<h3 class=\"wp-block-heading\"><strong>Art\u00edculos de investigaci\u00f3n darwiniana<\/strong><\/h3>\n\n\n\n<p>Los darwinianos comienzan en la Versi\u00f3n 2.0 en su progreso de investigaci\u00f3n, y puedes comenzar a investigar el siguiente nivel inmediatamente despu\u00e9s de comenzar el juego. En la versi\u00f3n 3.0, los darwinianos est\u00e1n armados primero con l\u00e1seres, lo que les da capacidad de combate. Este es uno de los elementos de investigaci\u00f3n m\u00e1s imperativos, ya que la capacidad de defenderse les da una probabilidad mucho mayor de supervivencia, al tiempo que les permite funcionar como una fuerza de combate que es m\u00e1s necesaria en misiones posteriores.<\/p>\n\n\n\n<p>La versi\u00f3n 4.0 desbloquea su capacidad para usar granadas. Desafortunadamente, esta habilidad est\u00e1 un poco maldecida, ya que su uso de granadas permitir\u00e1 a los darwinianos da\u00f1ar todo tipo de virus de manera efectiva, su alcance es limitado. A pesar de que los darwinianos huyen de sus granadas, a menudo quedan atrapados en las r\u00e1fagas de fuego amigo, lo que resulta en mayores p\u00e9rdidas en grupos de darwinianos muy agrupados.<\/p>","protected":false},"excerpt":{"rendered":"<p>These little green pixelated creatures are the central figure in the story-line of the game. These are the natural inhabitants of the digital world that exists as the Darwin Simulated Life Research Project. These are not directly controllable, and must be influenced by the Officer. Darwinians are the small green inhabitants of this digital known [&hellip;]<\/p>","protected":false},"author":1,"featured_media":90,"parent":210,"menu_order":1,"comment_status":"open","ping_status":"closed","template":"","meta":{"_uag_custom_page_level_css":"","site-sidebar-layout":"default","site-content-layout":"default","ast-site-content-layout":"","site-content-style":"default","site-sidebar-style":"default","ast-global-header-display":"","ast-banner-title-visibility":"","ast-main-header-display":"","ast-hfb-above-header-display":"","ast-hfb-below-header-display":"","ast-hfb-mobile-header-display":"","site-post-title":"","ast-breadcrumbs-content":"","ast-featured-img":"","footer-sml-layout":"","theme-transparent-header-meta":"default","adv-header-id-meta":"","stick-header-meta":"","header-above-stick-meta":"","header-main-stick-meta":"","header-below-stick-meta":"","astra-migrate-meta-layouts":"default","ast-page-background-enabled":"default","ast-page-background-meta":{"desktop":{"background-color":"","background-image":"","background-repeat":"repeat","background-position":"center center","background-size":"auto","background-attachment":"scroll","background-type":"","background-media":"","overlay-type":"","overlay-color":"","overlay-gradient":""},"tablet":{"background-color":"","background-image":"","background-repeat":"repeat","background-position":"center center","background-size":"auto","background-attachment":"scroll","background-type":"","background-media":"","overlay-type":"","overlay-color":"","overlay-gradient":""},"mobile":{"background-color":"","background-image":"","background-repeat":"repeat","background-position":"center center","background-size":"auto","background-attachment":"scroll","background-type":"","background-media":"","overlay-type":"","overlay-color":"","overlay-gradient":""}},"ast-content-background-meta":{"desktop":{"background-color":"var(--ast-global-color-5)","background-image":"","background-repeat":"repeat","background-position":"center center","background-size":"auto","background-attachment":"scroll","background-type":"","background-media":"","overlay-type":"","overlay-color":"","overlay-gradient":""},"tablet":{"background-color":"var(--ast-global-color-5)","background-image":"","background-repeat":"repeat","background-position":"center center","background-size":"auto","background-attachment":"scroll","background-type":"","background-media":"","overlay-type":"","overlay-color":"","overlay-gradient":""},"mobile":{"background-color":"var(--ast-global-color-5)","background-image":"","background-repeat":"repeat","background-position":"center center","background-size":"auto","background-attachment":"scroll","background-type":"","background-media":"","overlay-type":"","overlay-color":"","overlay-gradient":""}},"footnotes":""},"uagb_featured_image_src":{"full":["https:\/\/darwinia.standardof.net\/wp-content\/uploads\/sites\/7\/2020\/10\/Darwinia-Units-Darwinians-1.jpg",470,351,false],"thumbnail":["https:\/\/darwinia.standardof.net\/wp-content\/uploads\/sites\/7\/2020\/10\/Darwinia-Units-Darwinians-1-200x149.jpg",200,149,true],"medium":["https:\/\/darwinia.standardof.net\/wp-content\/uploads\/sites\/7\/2020\/10\/Darwinia-Units-Darwinians-1.jpg",470,351,false],"medium_large":["https:\/\/darwinia.standardof.net\/wp-content\/uploads\/sites\/7\/2020\/10\/Darwinia-Units-Darwinians-1.jpg",470,351,false],"large":["https:\/\/darwinia.standardof.net\/wp-content\/uploads\/sites\/7\/2020\/10\/Darwinia-Units-Darwinians-1.jpg",470,351,false],"1536x1536":["https:\/\/darwinia.standardof.net\/wp-content\/uploads\/sites\/7\/2020\/10\/Darwinia-Units-Darwinians-1.jpg",470,351,false],"2048x2048":["https:\/\/darwinia.standardof.net\/wp-content\/uploads\/sites\/7\/2020\/10\/Darwinia-Units-Darwinians-1.jpg",470,351,false],"trp-custom-language-flag":["https:\/\/darwinia.standardof.net\/wp-content\/uploads\/sites\/7\/2020\/10\/Darwinia-Units-Darwinians-1-16x12.jpg",16,12,true]},"uagb_author_info":{"display_name":"SOE","author_link":"https:\/\/darwinia.standardof.net\/es\/author\/k-tastic\/"},"uagb_comment_info":0,"uagb_excerpt":"These little green pixelated creatures are the central figure in the story-line of the game. These are the natural inhabitants of the digital world that exists as the Darwin Simulated Life Research Project. These are not directly controllable, and must be influenced by the Officer. Darwinians are the small green inhabitants of this digital known&hellip;","_links":{"self":[{"href":"https:\/\/darwinia.standardof.net\/es\/wp-json\/wp\/v2\/pages\/213"}],"collection":[{"href":"https:\/\/darwinia.standardof.net\/es\/wp-json\/wp\/v2\/pages"}],"about":[{"href":"https:\/\/darwinia.standardof.net\/es\/wp-json\/wp\/v2\/types\/page"}],"author":[{"embeddable":true,"href":"https:\/\/darwinia.standardof.net\/es\/wp-json\/wp\/v2\/users\/1"}],"replies":[{"embeddable":true,"href":"https:\/\/darwinia.standardof.net\/es\/wp-json\/wp\/v2\/comments?post=213"}],"version-history":[{"count":0,"href":"https:\/\/darwinia.standardof.net\/es\/wp-json\/wp\/v2\/pages\/213\/revisions"}],"up":[{"embeddable":true,"href":"https:\/\/darwinia.standardof.net\/es\/wp-json\/wp\/v2\/pages\/210"}],"wp:featuredmedia":[{"embeddable":true,"href":"https:\/\/darwinia.standardof.net\/es\/wp-json\/wp\/v2\/media\/90"}],"wp:attachment":[{"href":"https:\/\/darwinia.standardof.net\/es\/wp-json\/wp\/v2\/media?parent=213"}],"curies":[{"name":"wp","href":"https:\/\/api.w.org\/{rel}","templated":true}]}}