{"id":210,"date":"2020-10-29T16:26:02","date_gmt":"2020-10-29T16:26:02","guid":{"rendered":"https:\/\/darwinia.standardof.net\/?page_id=210"},"modified":"2020-10-30T18:16:53","modified_gmt":"2020-10-30T18:16:53","slug":"units","status":"publish","type":"page","link":"https:\/\/darwinia.standardof.net\/es\/guide\/unidades\/","title":{"rendered":"Unidades"},"content":{"rendered":"<div class=\"wp-block-group\"><div class=\"wp-block-group__inner-container is-layout-flow wp-block-group-is-layout-flow\">\n<div class=\"wp-block-group\"><div class=\"wp-block-group__inner-container is-layout-flow wp-block-group-is-layout-flow\">\n<div style=\"height:20px\" aria-hidden=\"true\" class=\"wp-block-spacer\"><\/div>\n<\/div><\/div>\n\n\n\n<div class=\"wp-block-cover alignwide has-background-dim\" style=\"background-image:url(https:\/\/darwinia.standardof.net\/wp-content\/uploads\/sites\/7\/2020\/10\/Darwinia-Units-Darwinians-1.jpg);background-position:40% 60%;min-height:112px;aspect-ratio:unset;\"><div class=\"wp-block-cover__inner-container is-layout-flow wp-block-cover-is-layout-flow\">\n<h2 class=\"has-text-align-center has-huge-font-size wp-block-heading\"><strong><a href=\"https:\/\/darwinia.standardof.net\/es\/guide\/unidades\/darwinianos\/\" class=\"rank-math-link\">Darwinianos<\/a><\/strong><\/h2>\n<\/div><\/div>\n\n\n\n<p>Estas peque\u00f1as criaturas verdes pixeladas son la figura central en la historia del juego. Estos son los habitantes naturales del mundo digital que existe como el Proyecto de Investigaci\u00f3n de Vida Simulada de Darwin. Estos no son directamente controlables y deben ser influenciados por el oficial.<\/p>\n<\/div><\/div>\n\n\n\n<div class=\"wp-block-group\"><div class=\"wp-block-group__inner-container is-layout-flow wp-block-group-is-layout-flow\">\n<div class=\"wp-block-cover alignwide has-background-dim\" style=\"background-image:url(https:\/\/darwinia.standardof.net\/wp-content\/uploads\/sites\/7\/2020\/10\/Darwinia-Units-Engineer-4.jpg);background-position:37% 74%;min-height:112px;aspect-ratio:unset;\"><div class=\"wp-block-cover__inner-container is-layout-flow wp-block-cover-is-layout-flow\">\n<h2 class=\"has-text-align-center has-huge-font-size wp-block-heading\"><strong><a href=\"https:\/\/darwinia.standardof.net\/es\/guide\/unidades\/ingeniero\/\" class=\"rank-math-link\">Ingeniero<\/a><\/strong><\/h2>\n<\/div><\/div>\n\n\n\n<p>Esta unidad se crea ejecutando el programa Engineer cerca de uno de tus escuadrones o torres de control capturadas. El ingeniero se utiliza para recolectar almas para generar m\u00e1s darwinianos, reprogramar y capturar edificios y, finalmente, descargar datos de investigaci\u00f3n.<\/p>\n<\/div><\/div>\n\n\n\n<div class=\"wp-block-group\"><div class=\"wp-block-group__inner-container is-layout-flow wp-block-group-is-layout-flow\">\n<div class=\"wp-block-cover alignwide has-background-dim\" style=\"background-image:url(https:\/\/darwinia.standardof.net\/wp-content\/uploads\/sites\/7\/2020\/10\/Darwinia-Units-Armor-2.jpg);background-position:39% 37%;min-height:112px;aspect-ratio:unset;\"><div class=\"wp-block-cover__inner-container is-layout-flow wp-block-cover-is-layout-flow\">\n<h2 class=\"has-text-align-center has-huge-font-size wp-block-heading\"><strong><a href=\"https:\/\/darwinia.standardof.net\/es\/guide\/unidades\/armadura\/\" class=\"rank-math-link\">Armadura<\/a><\/strong><\/h2>\n<\/div><\/div>\n\n\n\n<p>Veh\u00edculos utilizados como transporte de personal blindado y torretas desplegables para uso de los darwinianos. Primero disponible en el nivel Yard. Herramienta incre\u00edblemente \u00fatil que permite a los darwinianos vencer a los enemigos m\u00e1s poderosos dentro del juego. Puede ser tomado y usado en tu contra por los darwinianos rojos.<\/p>\n<\/div><\/div>\n\n\n\n<div class=\"wp-block-group\"><div class=\"wp-block-group__inner-container is-layout-flow wp-block-group-is-layout-flow\">\n<div class=\"wp-block-cover alignwide has-background-dim\" style=\"background-image:url(https:\/\/darwinia.standardof.net\/wp-content\/uploads\/sites\/7\/2020\/10\/Darwinia-Units-Officer-1.jpg);background-position:42% 24%;min-height:112px;aspect-ratio:unset;\"><div class=\"wp-block-cover__inner-container is-layout-flow wp-block-cover-is-layout-flow\">\n<h2 class=\"has-text-align-center has-huge-font-size wp-block-heading\"><strong><a href=\"https:\/\/darwinia.standardof.net\/es\/guide\/unidades\/oficial\/\" class=\"rank-math-link\">Oficial<\/a><\/strong><\/h2>\n<\/div><\/div>\n\n\n\n<p>Esta unidad se puede crear ejecutando el programa de oficiales en uno de los darwinianos verdes en un nivel. El oficial se utiliza para dar \u00f3rdenes a los darwinianos, que no puedes controlar directamente t\u00fa mismo.<\/p>\n<\/div><\/div>\n\n\n\n<div class=\"wp-block-group\"><div class=\"wp-block-group__inner-container is-layout-flow wp-block-group-is-layout-flow\">\n<div class=\"wp-block-cover alignwide has-background-dim\" style=\"background-image:url(https:\/\/darwinia.standardof.net\/wp-content\/uploads\/sites\/7\/2020\/10\/Darwinia-Units-Squad-1.jpg);background-position:53% 21%;min-height:112px;aspect-ratio:unset;\"><div class=\"wp-block-cover__inner-container is-layout-flow wp-block-cover-is-layout-flow\">\n<h2 class=\"has-text-align-center has-huge-font-size wp-block-heading\"><strong><a href=\"https:\/\/darwinia.standardof.net\/es\/guide\/unidades\/equipo\/\" class=\"rank-math-link\">Equipo<\/a><\/strong><\/h2>\n<\/div><\/div>\n\n\n\n<p>Esta es la unidad que m\u00e1s controlar\u00e1s, especialmente en la mitad inicial del juego. Este es su programa creado para combatir directamente la amenaza del virus, equipado inicialmente con el l\u00e1ser, pero luego puede utilizar varias armas secundarias.<\/p>\n<\/div><\/div>","protected":false},"excerpt":{"rendered":"<p>These little green pixilated creatures are the central figure in the storyline of the game. These are the natural inhabitants of the digital world that exists as the Darwin Simulated Life Research Project. These are not directly controllable, and must be influenced by the officer. This unit is created by running the Engineer program near [&hellip;]<\/p>","protected":false},"author":1,"featured_media":13,"parent":168,"menu_order":3,"comment_status":"open","ping_status":"closed","template":"","meta":{"_uag_custom_page_level_css":"","site-sidebar-layout":"default","site-content-layout":"default","ast-site-content-layout":"","site-content-style":"default","site-sidebar-style":"default","ast-global-header-display":"","ast-banner-title-visibility":"","ast-main-header-display":"","ast-hfb-above-header-display":"","ast-hfb-below-header-display":"","ast-hfb-mobile-header-display":"","site-post-title":"","ast-breadcrumbs-content":"","ast-featured-img":"","footer-sml-layout":"","theme-transparent-header-meta":"default","adv-header-id-meta":"","stick-header-meta":"","header-above-stick-meta":"","header-main-stick-meta":"","header-below-stick-meta":"","astra-migrate-meta-layouts":"default","ast-page-background-enabled":"default","ast-page-background-meta":{"desktop":{"background-color":"","background-image":"","background-repeat":"repeat","background-position":"center center","background-size":"auto","background-attachment":"scroll","background-type":"","background-media":"","overlay-type":"","overlay-color":"","overlay-gradient":""},"tablet":{"background-color":"","background-image":"","background-repeat":"repeat","background-position":"center center","background-size":"auto","background-attachment":"scroll","background-type":"","background-media":"","overlay-type":"","overlay-color":"","overlay-gradient":""},"mobile":{"background-color":"","background-image":"","background-repeat":"repeat","background-position":"center center","background-size":"auto","background-attachment":"scroll","background-type":"","background-media":"","overlay-type":"","overlay-color":"","overlay-gradient":""}},"ast-content-background-meta":{"desktop":{"background-color":"var(--ast-global-color-5)","background-image":"","background-repeat":"repeat","background-position":"center center","background-size":"auto","background-attachment":"scroll","background-type":"","background-media":"","overlay-type":"","overlay-color":"","overlay-gradient":""},"tablet":{"background-color":"var(--ast-global-color-5)","background-image":"","background-repeat":"repeat","background-position":"center center","background-size":"auto","background-attachment":"scroll","background-type":"","background-media":"","overlay-type":"","overlay-color":"","overlay-gradient":""},"mobile":{"background-color":"var(--ast-global-color-5)","background-image":"","background-repeat":"repeat","background-position":"center center","background-size":"auto","background-attachment":"scroll","background-type":"","background-media":"","overlay-type":"","overlay-color":"","overlay-gradient":""}},"footnotes":""},"uagb_featured_image_src":{"full":["https:\/\/darwinia.standardof.net\/wp-content\/uploads\/sites\/7\/2020\/10\/darwinia1.jpg",1100,369,false],"thumbnail":["https:\/\/darwinia.standardof.net\/wp-content\/uploads\/sites\/7\/2020\/10\/darwinia1-200x67.jpg",200,67,true],"medium":["https:\/\/darwinia.standardof.net\/wp-content\/uploads\/sites\/7\/2020\/10\/darwinia1-512x172.jpg",512,172,true],"medium_large":["https:\/\/darwinia.standardof.net\/wp-content\/uploads\/sites\/7\/2020\/10\/darwinia1-768x258.jpg",768,258,true],"large":["https:\/\/darwinia.standardof.net\/wp-content\/uploads\/sites\/7\/2020\/10\/darwinia1-800x268.jpg",800,268,true],"1536x1536":["https:\/\/darwinia.standardof.net\/wp-content\/uploads\/sites\/7\/2020\/10\/darwinia1.jpg",1100,369,false],"2048x2048":["https:\/\/darwinia.standardof.net\/wp-content\/uploads\/sites\/7\/2020\/10\/darwinia1.jpg",1100,369,false],"trp-custom-language-flag":["https:\/\/darwinia.standardof.net\/wp-content\/uploads\/sites\/7\/2020\/10\/darwinia1-16x5.jpg",16,5,true]},"uagb_author_info":{"display_name":"SOE","author_link":"https:\/\/darwinia.standardof.net\/es\/author\/k-tastic\/"},"uagb_comment_info":0,"uagb_excerpt":"These little green pixilated creatures are the central figure in the storyline of the game. These are the natural inhabitants of the digital world that exists as the Darwin Simulated Life Research Project. These are not directly controllable, and must be influenced by the officer. This unit is created by running the Engineer program near&hellip;","_links":{"self":[{"href":"https:\/\/darwinia.standardof.net\/es\/wp-json\/wp\/v2\/pages\/210"}],"collection":[{"href":"https:\/\/darwinia.standardof.net\/es\/wp-json\/wp\/v2\/pages"}],"about":[{"href":"https:\/\/darwinia.standardof.net\/es\/wp-json\/wp\/v2\/types\/page"}],"author":[{"embeddable":true,"href":"https:\/\/darwinia.standardof.net\/es\/wp-json\/wp\/v2\/users\/1"}],"replies":[{"embeddable":true,"href":"https:\/\/darwinia.standardof.net\/es\/wp-json\/wp\/v2\/comments?post=210"}],"version-history":[{"count":0,"href":"https:\/\/darwinia.standardof.net\/es\/wp-json\/wp\/v2\/pages\/210\/revisions"}],"up":[{"embeddable":true,"href":"https:\/\/darwinia.standardof.net\/es\/wp-json\/wp\/v2\/pages\/168"}],"wp:featuredmedia":[{"embeddable":true,"href":"https:\/\/darwinia.standardof.net\/es\/wp-json\/wp\/v2\/media\/13"}],"wp:attachment":[{"href":"https:\/\/darwinia.standardof.net\/es\/wp-json\/wp\/v2\/media?parent=210"}],"curies":[{"name":"wp","href":"https:\/\/api.w.org\/{rel}","templated":true}]}}