{"id":206,"date":"2020-10-29T16:20:29","date_gmt":"2020-10-29T16:20:29","guid":{"rendered":"https:\/\/darwinia.standardof.net\/?page_id=206"},"modified":"2020-10-29T16:20:36","modified_gmt":"2020-10-29T16:20:36","slug":"virii","status":"publish","type":"page","link":"https:\/\/darwinia.standardof.net\/es\/guide\/enemigos\/virii\/","title":{"rendered":"Virii"},"content":{"rendered":"<figure class=\"wp-block-gallery columns-3 is-cropped wp-block-gallery-1 is-layout-flex wp-block-gallery-is-layout-flex\"><ul class=\"blocks-gallery-grid\"><li class=\"blocks-gallery-item\"><figure><a href=\"https:\/\/darwinia.standardof.net\/es\/darwinia-enemies-virii-5\/\"><img decoding=\"async\" width=\"470\" height=\"294\" src=\"https:\/\/darwinia.standardof.net\/wp-content\/uploads\/sites\/7\/2020\/10\/Darwinia-Enemies-Virii-5.jpg\" alt=\"\" data-id=\"84\" data-full-url=\"https:\/\/darwinia.standardof.net\/wp-content\/uploads\/sites\/7\/2020\/10\/Darwinia-Enemies-Virii-5.jpg\" data-link=\"https:\/\/darwinia.standardof.net\/darwinia-enemies-virii-5\/\" class=\"wp-image-84\" srcset=\"https:\/\/darwinia.standardof.net\/wp-content\/uploads\/sites\/7\/2020\/10\/Darwinia-Enemies-Virii-5.jpg 470w, https:\/\/darwinia.standardof.net\/wp-content\/uploads\/sites\/7\/2020\/10\/Darwinia-Enemies-Virii-5-200x125.jpg 200w, https:\/\/darwinia.standardof.net\/wp-content\/uploads\/sites\/7\/2020\/10\/Darwinia-Enemies-Virii-5-16x10.jpg 16w\" sizes=\"(max-width: 470px) 100vw, 470px\" \/><\/a><\/figure><\/li><li class=\"blocks-gallery-item\"><figure><a href=\"https:\/\/darwinia.standardof.net\/es\/darwinia-enemies-virii-4\/\"><img decoding=\"async\" width=\"470\" height=\"294\" src=\"https:\/\/darwinia.standardof.net\/wp-content\/uploads\/sites\/7\/2020\/10\/Darwinia-Enemies-Virii-4.jpg\" alt=\"\" data-id=\"83\" data-full-url=\"https:\/\/darwinia.standardof.net\/wp-content\/uploads\/sites\/7\/2020\/10\/Darwinia-Enemies-Virii-4.jpg\" data-link=\"https:\/\/darwinia.standardof.net\/darwinia-enemies-virii-4\/\" class=\"wp-image-83\" srcset=\"https:\/\/darwinia.standardof.net\/wp-content\/uploads\/sites\/7\/2020\/10\/Darwinia-Enemies-Virii-4.jpg 470w, https:\/\/darwinia.standardof.net\/wp-content\/uploads\/sites\/7\/2020\/10\/Darwinia-Enemies-Virii-4-200x125.jpg 200w, https:\/\/darwinia.standardof.net\/wp-content\/uploads\/sites\/7\/2020\/10\/Darwinia-Enemies-Virii-4-16x10.jpg 16w\" sizes=\"(max-width: 470px) 100vw, 470px\" \/><\/a><\/figure><\/li><li class=\"blocks-gallery-item\"><figure><a href=\"https:\/\/darwinia.standardof.net\/es\/darwinia-enemies-virii-3\/\"><img decoding=\"async\" width=\"470\" height=\"294\" src=\"https:\/\/darwinia.standardof.net\/wp-content\/uploads\/sites\/7\/2020\/10\/Darwinia-Enemies-Virii-3.jpg\" alt=\"\" data-id=\"82\" data-full-url=\"https:\/\/darwinia.standardof.net\/wp-content\/uploads\/sites\/7\/2020\/10\/Darwinia-Enemies-Virii-3.jpg\" data-link=\"https:\/\/darwinia.standardof.net\/darwinia-enemies-virii-3\/\" class=\"wp-image-82\" srcset=\"https:\/\/darwinia.standardof.net\/wp-content\/uploads\/sites\/7\/2020\/10\/Darwinia-Enemies-Virii-3.jpg 470w, https:\/\/darwinia.standardof.net\/wp-content\/uploads\/sites\/7\/2020\/10\/Darwinia-Enemies-Virii-3-200x125.jpg 200w, https:\/\/darwinia.standardof.net\/wp-content\/uploads\/sites\/7\/2020\/10\/Darwinia-Enemies-Virii-3-16x10.jpg 16w\" sizes=\"(max-width: 470px) 100vw, 470px\" \/><\/a><\/figure><\/li><li class=\"blocks-gallery-item\"><figure><a href=\"https:\/\/darwinia.standardof.net\/es\/darwinia-enemies-virii-2\/\"><img decoding=\"async\" width=\"470\" height=\"294\" src=\"https:\/\/darwinia.standardof.net\/wp-content\/uploads\/sites\/7\/2020\/10\/Darwinia-Enemies-Virii-2.jpg\" alt=\"\" data-id=\"81\" data-full-url=\"https:\/\/darwinia.standardof.net\/wp-content\/uploads\/sites\/7\/2020\/10\/Darwinia-Enemies-Virii-2.jpg\" data-link=\"https:\/\/darwinia.standardof.net\/darwinia-enemies-virii-2\/\" class=\"wp-image-81\" srcset=\"https:\/\/darwinia.standardof.net\/wp-content\/uploads\/sites\/7\/2020\/10\/Darwinia-Enemies-Virii-2.jpg 470w, https:\/\/darwinia.standardof.net\/wp-content\/uploads\/sites\/7\/2020\/10\/Darwinia-Enemies-Virii-2-200x125.jpg 200w, https:\/\/darwinia.standardof.net\/wp-content\/uploads\/sites\/7\/2020\/10\/Darwinia-Enemies-Virii-2-16x10.jpg 16w\" sizes=\"(max-width: 470px) 100vw, 470px\" \/><\/a><\/figure><\/li><li class=\"blocks-gallery-item\"><figure><a href=\"https:\/\/darwinia.standardof.net\/es\/darwinia-enemies-virii-1\/\"><img decoding=\"async\" width=\"470\" height=\"294\" src=\"https:\/\/darwinia.standardof.net\/wp-content\/uploads\/sites\/7\/2020\/10\/Darwinia-Enemies-Virii-1.jpg\" alt=\"\" data-id=\"80\" data-full-url=\"https:\/\/darwinia.standardof.net\/wp-content\/uploads\/sites\/7\/2020\/10\/Darwinia-Enemies-Virii-1.jpg\" data-link=\"https:\/\/darwinia.standardof.net\/darwinia-enemies-virii-1\/\" class=\"wp-image-80\" srcset=\"https:\/\/darwinia.standardof.net\/wp-content\/uploads\/sites\/7\/2020\/10\/Darwinia-Enemies-Virii-1.jpg 470w, https:\/\/darwinia.standardof.net\/wp-content\/uploads\/sites\/7\/2020\/10\/Darwinia-Enemies-Virii-1-200x125.jpg 200w, https:\/\/darwinia.standardof.net\/wp-content\/uploads\/sites\/7\/2020\/10\/Darwinia-Enemies-Virii-1-16x10.jpg 16w\" sizes=\"(max-width: 470px) 100vw, 470px\" \/><\/a><\/figure><\/li><\/ul><\/figure>\n\n\n\n<p>Los Virii son las criaturas rojas de forma triangular que a menudo se encuentran deambulando por \u00e1reas determinadas en grupos apretados. Estos son los tipos de enemigos m\u00e1s d\u00e9biles y los m\u00e1s vistos, y los primeros que se ven al comenzar un nuevo juego en <em>Darwinia<\/em>. Estos enemigos se generan a partir de otros virus, como el <a href=\"https:\/\/darwinia.standardof.net\/es\/guide\/enemigos\/trifido\/\" class=\"rank-math-link\"><strong>Huevos tr\u00edfidos<\/strong><\/a> y <a href=\"https:\/\/darwinia.standardof.net\/es\/guide\/enemigos\/generador-de-esporas\/\" class=\"rank-math-link\"><strong>Generador de esporas<\/strong><\/a> huevos uno son \u201cfertilizados\u201d con un alma enemiga o amiga. Los Virii son enemigos bastante tontos y, sin pensarlo, zigzaguear\u00e1n hacia tus unidades una vez que se acerquen lo suficiente.<\/p>\n\n\n\n<p>Una t\u00e1ctica que funciona muy bien en Virii en <em>Darwinia<\/em> es enviar un escuadr\u00f3n como cebo, con la orden de caminar directamente a trav\u00e9s de un gran grupo de ellos, luego controlar un segundo escuadr\u00f3n que sigue al primero de cerca. Desde el <strong>Escuadrones <\/strong>son un poco m\u00e1s r\u00e1pidos que los Virii, y los Virii tienen que estar debajo de su objetivo por un momento antes de causar da\u00f1o, la unidad frontal a menudo podr\u00e1 hacerlo ilesa. El efecto resultante hace que todos los Virii se apilen unos sobre otros en una l\u00ednea detr\u00e1s del primer escuadr\u00f3n, lo que significa que el fuego de cobertura l\u00e1ser colocado directamente sobre el escuadr\u00f3n avanzado por el segundo, te permitir\u00e1 despejar grandes lotes con facilidad, al mismo tiempo que lo hace m\u00e1s f\u00e1cil tu <strong>Ingenieros <\/strong>para recolectar el campo de almas resultante.<\/p>\n\n\n\n<p>Los Virii tienden a trabajar en conjunto con los generadores de esporas, ya que los dos cumplen funciones esenciales para el otro. Los generadores de esporas a menudo ponen huevos vac\u00edos cuando se ciernen cerca del suelo, y cuando hay estos huevos disponibles, Virii se mover\u00e1 hacia las almas flotantes cercanas, las recoger\u00e1, las llevar\u00e1 al huevo y las plantar\u00e1 dentro. Los Virii solo pueden llevar un alma a la vez, pero con los t\u00edpicos lotes grandes de ellos, a menudo pueden fertilizar un campo de huevos muy r\u00e1pidamente. Estos huevos se pueden fertilizar con almas verdes o rojas, y si lo est\u00e1n, pronto eclosionar\u00e1n en m\u00e1s Virii. Esto significa que perder una batalla contra Virii y dejar atr\u00e1s almas puede llevar f\u00e1cilmente a que se restauren o incluso se fortalezcan m\u00e1s si no se resuelven con fuerzas adicionales r\u00e1pidamente. Encontrar\u00e1s a Virii en todos los niveles de <em>Darwinia <\/em>excepto por el <strong>Biosfera <\/strong>nivel.<\/p>","protected":false},"excerpt":{"rendered":"<p>The Virii are the red triangular shaped creatures often found wandering given areas in tightly packed groups. These are the weakest of the enemy types and most often seen, and the first seen upon beginning a new game in Darwinia. These enemies are spawned from other viruses, such as the Triffid Eggs and Spore Generator [&hellip;]<\/p>","protected":false},"author":1,"featured_media":84,"parent":190,"menu_order":0,"comment_status":"open","ping_status":"closed","template":"","meta":{"_uag_custom_page_level_css":"","site-sidebar-layout":"default","site-content-layout":"default","ast-site-content-layout":"","site-content-style":"default","site-sidebar-style":"default","ast-global-header-display":"","ast-banner-title-visibility":"","ast-main-header-display":"","ast-hfb-above-header-display":"","ast-hfb-below-header-display":"","ast-hfb-mobile-header-display":"","site-post-title":"","ast-breadcrumbs-content":"","ast-featured-img":"","footer-sml-layout":"","theme-transparent-header-meta":"default","adv-header-id-meta":"","stick-header-meta":"","header-above-stick-meta":"","header-main-stick-meta":"","header-below-stick-meta":"","astra-migrate-meta-layouts":"default","ast-page-background-enabled":"default","ast-page-background-meta":{"desktop":{"background-color":"","background-image":"","background-repeat":"repeat","background-position":"center center","background-size":"auto","background-attachment":"scroll","background-type":"","background-media":"","overlay-type":"","overlay-color":"","overlay-gradient":""},"tablet":{"background-color":"","background-image":"","background-repeat":"repeat","background-position":"center center","background-size":"auto","background-attachment":"scroll","background-type":"","background-media":"","overlay-type":"","overlay-color":"","overlay-gradient":""},"mobile":{"background-color":"","background-image":"","background-repeat":"repeat","background-position":"center center","background-size":"auto","background-attachment":"scroll","background-type":"","background-media":"","overlay-type":"","overlay-color":"","overlay-gradient":""}},"ast-content-background-meta":{"desktop":{"background-color":"var(--ast-global-color-5)","background-image":"","background-repeat":"repeat","background-position":"center center","background-size":"auto","background-attachment":"scroll","background-type":"","background-media":"","overlay-type":"","overlay-color":"","overlay-gradient":""},"tablet":{"background-color":"var(--ast-global-color-5)","background-image":"","background-repeat":"repeat","background-position":"center center","background-size":"auto","background-attachment":"scroll","background-type":"","background-media":"","overlay-type":"","overlay-color":"","overlay-gradient":""},"mobile":{"background-color":"var(--ast-global-color-5)","background-image":"","background-repeat":"repeat","background-position":"center center","background-size":"auto","background-attachment":"scroll","background-type":"","background-media":"","overlay-type":"","overlay-color":"","overlay-gradient":""}},"footnotes":""},"uagb_featured_image_src":{"full":["https:\/\/darwinia.standardof.net\/wp-content\/uploads\/sites\/7\/2020\/10\/Darwinia-Enemies-Virii-5.jpg",470,294,false],"thumbnail":["https:\/\/darwinia.standardof.net\/wp-content\/uploads\/sites\/7\/2020\/10\/Darwinia-Enemies-Virii-5-200x125.jpg",200,125,true],"medium":["https:\/\/darwinia.standardof.net\/wp-content\/uploads\/sites\/7\/2020\/10\/Darwinia-Enemies-Virii-5.jpg",470,294,false],"medium_large":["https:\/\/darwinia.standardof.net\/wp-content\/uploads\/sites\/7\/2020\/10\/Darwinia-Enemies-Virii-5.jpg",470,294,false],"large":["https:\/\/darwinia.standardof.net\/wp-content\/uploads\/sites\/7\/2020\/10\/Darwinia-Enemies-Virii-5.jpg",470,294,false],"1536x1536":["https:\/\/darwinia.standardof.net\/wp-content\/uploads\/sites\/7\/2020\/10\/Darwinia-Enemies-Virii-5.jpg",470,294,false],"2048x2048":["https:\/\/darwinia.standardof.net\/wp-content\/uploads\/sites\/7\/2020\/10\/Darwinia-Enemies-Virii-5.jpg",470,294,false],"trp-custom-language-flag":["https:\/\/darwinia.standardof.net\/wp-content\/uploads\/sites\/7\/2020\/10\/Darwinia-Enemies-Virii-5-16x10.jpg",16,10,true]},"uagb_author_info":{"display_name":"SOE","author_link":"https:\/\/darwinia.standardof.net\/es\/author\/k-tastic\/"},"uagb_comment_info":0,"uagb_excerpt":"The Virii are the red triangular shaped creatures often found wandering given areas in tightly packed groups. These are the weakest of the enemy types and most often seen, and the first seen upon beginning a new game in Darwinia. These enemies are spawned from other viruses, such as the Triffid Eggs and Spore Generator&hellip;","_links":{"self":[{"href":"https:\/\/darwinia.standardof.net\/es\/wp-json\/wp\/v2\/pages\/206"}],"collection":[{"href":"https:\/\/darwinia.standardof.net\/es\/wp-json\/wp\/v2\/pages"}],"about":[{"href":"https:\/\/darwinia.standardof.net\/es\/wp-json\/wp\/v2\/types\/page"}],"author":[{"embeddable":true,"href":"https:\/\/darwinia.standardof.net\/es\/wp-json\/wp\/v2\/users\/1"}],"replies":[{"embeddable":true,"href":"https:\/\/darwinia.standardof.net\/es\/wp-json\/wp\/v2\/comments?post=206"}],"version-history":[{"count":0,"href":"https:\/\/darwinia.standardof.net\/es\/wp-json\/wp\/v2\/pages\/206\/revisions"}],"up":[{"embeddable":true,"href":"https:\/\/darwinia.standardof.net\/es\/wp-json\/wp\/v2\/pages\/190"}],"wp:featuredmedia":[{"embeddable":true,"href":"https:\/\/darwinia.standardof.net\/es\/wp-json\/wp\/v2\/media\/84"}],"wp:attachment":[{"href":"https:\/\/darwinia.standardof.net\/es\/wp-json\/wp\/v2\/media?parent=206"}],"curies":[{"name":"wp","href":"https:\/\/api.w.org\/{rel}","templated":true}]}}