{"id":201,"date":"2020-10-29T16:15:09","date_gmt":"2020-10-29T16:15:09","guid":{"rendered":"https:\/\/darwinia.standardof.net\/?page_id=201"},"modified":"2020-10-29T16:15:10","modified_gmt":"2020-10-29T16:15:10","slug":"spore-generator","status":"publish","type":"page","link":"https:\/\/darwinia.standardof.net\/es\/guide\/enemigos\/generador-de-esporas\/","title":{"rendered":"Generador de esporas"},"content":{"rendered":"<figure class=\"wp-block-gallery columns-3 is-cropped wp-block-gallery-1 is-layout-flex wp-block-gallery-is-layout-flex\"><ul class=\"blocks-gallery-grid\"><li class=\"blocks-gallery-item\"><figure><a href=\"https:\/\/darwinia.standardof.net\/es\/darwinia-enemies-spore-generator-5\/\"><img decoding=\"async\" width=\"470\" height=\"294\" src=\"https:\/\/darwinia.standardof.net\/wp-content\/uploads\/sites\/7\/2020\/10\/Darwinia-Enemies-Spore-Generator-5.jpg\" alt=\"\" data-id=\"74\" data-full-url=\"https:\/\/darwinia.standardof.net\/wp-content\/uploads\/sites\/7\/2020\/10\/Darwinia-Enemies-Spore-Generator-5.jpg\" data-link=\"https:\/\/darwinia.standardof.net\/darwinia-enemies-spore-generator-5\/\" class=\"wp-image-74\" srcset=\"https:\/\/darwinia.standardof.net\/wp-content\/uploads\/sites\/7\/2020\/10\/Darwinia-Enemies-Spore-Generator-5.jpg 470w, https:\/\/darwinia.standardof.net\/wp-content\/uploads\/sites\/7\/2020\/10\/Darwinia-Enemies-Spore-Generator-5-200x125.jpg 200w, https:\/\/darwinia.standardof.net\/wp-content\/uploads\/sites\/7\/2020\/10\/Darwinia-Enemies-Spore-Generator-5-16x10.jpg 16w\" sizes=\"(max-width: 470px) 100vw, 470px\" \/><\/a><\/figure><\/li><li class=\"blocks-gallery-item\"><figure><a href=\"https:\/\/darwinia.standardof.net\/es\/darwinia-enemies-spore-generator-4\/\"><img decoding=\"async\" width=\"470\" height=\"294\" src=\"https:\/\/darwinia.standardof.net\/wp-content\/uploads\/sites\/7\/2020\/10\/Darwinia-Enemies-Spore-Generator-4.jpg\" alt=\"\" data-id=\"73\" data-full-url=\"https:\/\/darwinia.standardof.net\/wp-content\/uploads\/sites\/7\/2020\/10\/Darwinia-Enemies-Spore-Generator-4.jpg\" data-link=\"https:\/\/darwinia.standardof.net\/darwinia-enemies-spore-generator-4\/\" class=\"wp-image-73\" srcset=\"https:\/\/darwinia.standardof.net\/wp-content\/uploads\/sites\/7\/2020\/10\/Darwinia-Enemies-Spore-Generator-4.jpg 470w, https:\/\/darwinia.standardof.net\/wp-content\/uploads\/sites\/7\/2020\/10\/Darwinia-Enemies-Spore-Generator-4-200x125.jpg 200w, https:\/\/darwinia.standardof.net\/wp-content\/uploads\/sites\/7\/2020\/10\/Darwinia-Enemies-Spore-Generator-4-16x10.jpg 16w\" sizes=\"(max-width: 470px) 100vw, 470px\" \/><\/a><\/figure><\/li><li class=\"blocks-gallery-item\"><figure><a href=\"https:\/\/darwinia.standardof.net\/es\/darwinia-enemies-spore-generator-3\/\"><img decoding=\"async\" width=\"470\" height=\"294\" src=\"https:\/\/darwinia.standardof.net\/wp-content\/uploads\/sites\/7\/2020\/10\/Darwinia-Enemies-Spore-Generator-3.jpg\" alt=\"\" data-id=\"72\" data-full-url=\"https:\/\/darwinia.standardof.net\/wp-content\/uploads\/sites\/7\/2020\/10\/Darwinia-Enemies-Spore-Generator-3.jpg\" data-link=\"https:\/\/darwinia.standardof.net\/darwinia-enemies-spore-generator-3\/\" class=\"wp-image-72\" srcset=\"https:\/\/darwinia.standardof.net\/wp-content\/uploads\/sites\/7\/2020\/10\/Darwinia-Enemies-Spore-Generator-3.jpg 470w, https:\/\/darwinia.standardof.net\/wp-content\/uploads\/sites\/7\/2020\/10\/Darwinia-Enemies-Spore-Generator-3-200x125.jpg 200w, https:\/\/darwinia.standardof.net\/wp-content\/uploads\/sites\/7\/2020\/10\/Darwinia-Enemies-Spore-Generator-3-16x10.jpg 16w\" sizes=\"(max-width: 470px) 100vw, 470px\" \/><\/a><\/figure><\/li><li class=\"blocks-gallery-item\"><figure><a href=\"https:\/\/darwinia.standardof.net\/es\/darwinia-enemies-spore-generator-2\/\"><img decoding=\"async\" width=\"470\" height=\"294\" src=\"https:\/\/darwinia.standardof.net\/wp-content\/uploads\/sites\/7\/2020\/10\/Darwinia-Enemies-Spore-Generator-2.jpg\" alt=\"\" data-id=\"71\" data-full-url=\"https:\/\/darwinia.standardof.net\/wp-content\/uploads\/sites\/7\/2020\/10\/Darwinia-Enemies-Spore-Generator-2.jpg\" data-link=\"https:\/\/darwinia.standardof.net\/darwinia-enemies-spore-generator-2\/\" class=\"wp-image-71\" srcset=\"https:\/\/darwinia.standardof.net\/wp-content\/uploads\/sites\/7\/2020\/10\/Darwinia-Enemies-Spore-Generator-2.jpg 470w, https:\/\/darwinia.standardof.net\/wp-content\/uploads\/sites\/7\/2020\/10\/Darwinia-Enemies-Spore-Generator-2-200x125.jpg 200w, https:\/\/darwinia.standardof.net\/wp-content\/uploads\/sites\/7\/2020\/10\/Darwinia-Enemies-Spore-Generator-2-16x10.jpg 16w\" sizes=\"(max-width: 470px) 100vw, 470px\" \/><\/a><\/figure><\/li><li class=\"blocks-gallery-item\"><figure><a href=\"https:\/\/darwinia.standardof.net\/es\/darwinia-enemies-spore-generator-1\/\"><img decoding=\"async\" width=\"470\" height=\"294\" src=\"https:\/\/darwinia.standardof.net\/wp-content\/uploads\/sites\/7\/2020\/10\/Darwinia-Enemies-Spore-Generator-1.jpg\" alt=\"\" data-id=\"70\" data-full-url=\"https:\/\/darwinia.standardof.net\/wp-content\/uploads\/sites\/7\/2020\/10\/Darwinia-Enemies-Spore-Generator-1.jpg\" data-link=\"https:\/\/darwinia.standardof.net\/darwinia-enemies-spore-generator-1\/\" class=\"wp-image-70\" srcset=\"https:\/\/darwinia.standardof.net\/wp-content\/uploads\/sites\/7\/2020\/10\/Darwinia-Enemies-Spore-Generator-1.jpg 470w, https:\/\/darwinia.standardof.net\/wp-content\/uploads\/sites\/7\/2020\/10\/Darwinia-Enemies-Spore-Generator-1-200x125.jpg 200w, https:\/\/darwinia.standardof.net\/wp-content\/uploads\/sites\/7\/2020\/10\/Darwinia-Enemies-Spore-Generator-1-16x10.jpg 16w\" sizes=\"(max-width: 470px) 100vw, 470px\" \/><\/a><\/figure><\/li><\/ul><\/figure>\n\n\n\n<p>El virus Spore Generator en <em>Darwinia<\/em> se asemeja a un gran pulpo volador, flotando sobre la tierra en niveles, generalmente entre <strong>Virii <\/strong>y otros enemigos. Estos son los \u00fanicos otros virus voladores adem\u00e1s del Soul Destroyer, sin embargo, el Spore Generator es m\u00e1s com\u00fan y m\u00e1s f\u00e1cil de destruir.<\/p>\n\n\n\n<p>El generador de esporas en <em>Darwinia<\/em> se asemeja a una peque\u00f1a amenaza por s\u00ed solo, ya que no posee capacidades de ataque directo que puedan da\u00f1ar sus unidades. En cambio, esta criatura ocasionalmente cae cerca del suelo para dejar caer huevos o &quot;esporas&quot; en el suelo. Estos huevos comienzan sin fertilizar, apareciendo huecos y transparentes. Cuando los Virii est\u00e9n cerca, buscar\u00e1n almas que floten libremente dentro de un cierto rango, las recoger\u00e1n y las colocar\u00e1n dentro de un huevo, fertiliz\u00e1ndolo as\u00ed. Estas almas pueden ser rojas o verdes, lo que significa que cuando se combinan con Virii, el Generador de esporas sirve como una instalaci\u00f3n de reaparici\u00f3n flotante para el virus. Estos huevos eclosionan poco despu\u00e9s de la fertilizaci\u00f3n en Virii adicionales.<\/p>\n\n\n\n<p>La mejor t\u00e1ctica para derribar el Generador de esporas es tener a los darwinianos cercanos manejando un <strong>Armadura <\/strong>desplegado como una torreta. \u00c9stas son siempre la mejor apuesta contra los virus voladores, ya que pueden impactar directamente en los objetivos sin importar qu\u00e9 tan alto est\u00e9n en el aire. La segunda opci\u00f3n es tener darwinianos con <strong>Granadas<\/strong>, o un escuadr\u00f3n equipado con granadas o <strong>Cohetes <\/strong>listo para dispararlos directamente debajo del generador de esporas cuando caiga al suelo para colocar m\u00e1s huevos.<\/p>\n\n\n\n<p>Opcionalmente, pueden ignorarse si no hay Virii cerca para ayudar al Generador de Esporas a fertilizar los huevos, ya que eventualmente se romper\u00e1n despu\u00e9s de sentarse en el suelo sin un alma adentro durante alg\u00fan tiempo.<\/p>","protected":false},"excerpt":{"rendered":"<p>The Spore Generator virus in Darwinia resembles a large flying octopus, hovering above the land in levels, usually amongst Virii and other enemies. These are the only other flying virus other than the Soul Destroyer, however the Spore Generator is more common and easier to destroy. The Spore Generator in Darwinia resembles little threat on [&hellip;]<\/p>","protected":false},"author":1,"featured_media":73,"parent":190,"menu_order":0,"comment_status":"open","ping_status":"closed","template":"","meta":{"_uag_custom_page_level_css":"","site-sidebar-layout":"default","site-content-layout":"default","ast-site-content-layout":"","site-content-style":"default","site-sidebar-style":"default","ast-global-header-display":"","ast-banner-title-visibility":"","ast-main-header-display":"","ast-hfb-above-header-display":"","ast-hfb-below-header-display":"","ast-hfb-mobile-header-display":"","site-post-title":"","ast-breadcrumbs-content":"","ast-featured-img":"","footer-sml-layout":"","theme-transparent-header-meta":"default","adv-header-id-meta":"","stick-header-meta":"","header-above-stick-meta":"","header-main-stick-meta":"","header-below-stick-meta":"","astra-migrate-meta-layouts":"default","ast-page-background-enabled":"default","ast-page-background-meta":{"desktop":{"background-color":"","background-image":"","background-repeat":"repeat","background-position":"center center","background-size":"auto","background-attachment":"scroll","background-type":"","background-media":"","overlay-type":"","overlay-color":"","overlay-gradient":""},"tablet":{"background-color":"","background-image":"","background-repeat":"repeat","background-position":"center center","background-size":"auto","background-attachment":"scroll","background-type":"","background-media":"","overlay-type":"","overlay-color":"","overlay-gradient":""},"mobile":{"background-color":"","background-image":"","background-repeat":"repeat","background-position":"center center","background-size":"auto","background-attachment":"scroll","background-type":"","background-media":"","overlay-type":"","overlay-color":"","overlay-gradient":""}},"ast-content-background-meta":{"desktop":{"background-color":"var(--ast-global-color-5)","background-image":"","background-repeat":"repeat","background-position":"center center","background-size":"auto","background-attachment":"scroll","background-type":"","background-media":"","overlay-type":"","overlay-color":"","overlay-gradient":""},"tablet":{"background-color":"var(--ast-global-color-5)","background-image":"","background-repeat":"repeat","background-position":"center center","background-size":"auto","background-attachment":"scroll","background-type":"","background-media":"","overlay-type":"","overlay-color":"","overlay-gradient":""},"mobile":{"background-color":"var(--ast-global-color-5)","background-image":"","background-repeat":"repeat","background-position":"center center","background-size":"auto","background-attachment":"scroll","background-type":"","background-media":"","overlay-type":"","overlay-color":"","overlay-gradient":""}},"footnotes":""},"uagb_featured_image_src":{"full":["https:\/\/darwinia.standardof.net\/wp-content\/uploads\/sites\/7\/2020\/10\/Darwinia-Enemies-Spore-Generator-4.jpg",470,294,false],"thumbnail":["https:\/\/darwinia.standardof.net\/wp-content\/uploads\/sites\/7\/2020\/10\/Darwinia-Enemies-Spore-Generator-4-200x125.jpg",200,125,true],"medium":["https:\/\/darwinia.standardof.net\/wp-content\/uploads\/sites\/7\/2020\/10\/Darwinia-Enemies-Spore-Generator-4.jpg",470,294,false],"medium_large":["https:\/\/darwinia.standardof.net\/wp-content\/uploads\/sites\/7\/2020\/10\/Darwinia-Enemies-Spore-Generator-4.jpg",470,294,false],"large":["https:\/\/darwinia.standardof.net\/wp-content\/uploads\/sites\/7\/2020\/10\/Darwinia-Enemies-Spore-Generator-4.jpg",470,294,false],"1536x1536":["https:\/\/darwinia.standardof.net\/wp-content\/uploads\/sites\/7\/2020\/10\/Darwinia-Enemies-Spore-Generator-4.jpg",470,294,false],"2048x2048":["https:\/\/darwinia.standardof.net\/wp-content\/uploads\/sites\/7\/2020\/10\/Darwinia-Enemies-Spore-Generator-4.jpg",470,294,false],"trp-custom-language-flag":["https:\/\/darwinia.standardof.net\/wp-content\/uploads\/sites\/7\/2020\/10\/Darwinia-Enemies-Spore-Generator-4-16x10.jpg",16,10,true]},"uagb_author_info":{"display_name":"SOE","author_link":"https:\/\/darwinia.standardof.net\/es\/author\/k-tastic\/"},"uagb_comment_info":0,"uagb_excerpt":"The Spore Generator virus in Darwinia resembles a large flying octopus, hovering above the land in levels, usually amongst Virii and other enemies. These are the only other flying virus other than the Soul Destroyer, however the Spore Generator is more common and easier to destroy. The Spore Generator in Darwinia resembles little threat on&hellip;","_links":{"self":[{"href":"https:\/\/darwinia.standardof.net\/es\/wp-json\/wp\/v2\/pages\/201"}],"collection":[{"href":"https:\/\/darwinia.standardof.net\/es\/wp-json\/wp\/v2\/pages"}],"about":[{"href":"https:\/\/darwinia.standardof.net\/es\/wp-json\/wp\/v2\/types\/page"}],"author":[{"embeddable":true,"href":"https:\/\/darwinia.standardof.net\/es\/wp-json\/wp\/v2\/users\/1"}],"replies":[{"embeddable":true,"href":"https:\/\/darwinia.standardof.net\/es\/wp-json\/wp\/v2\/comments?post=201"}],"version-history":[{"count":0,"href":"https:\/\/darwinia.standardof.net\/es\/wp-json\/wp\/v2\/pages\/201\/revisions"}],"up":[{"embeddable":true,"href":"https:\/\/darwinia.standardof.net\/es\/wp-json\/wp\/v2\/pages\/190"}],"wp:featuredmedia":[{"embeddable":true,"href":"https:\/\/darwinia.standardof.net\/es\/wp-json\/wp\/v2\/media\/73"}],"wp:attachment":[{"href":"https:\/\/darwinia.standardof.net\/es\/wp-json\/wp\/v2\/media?parent=201"}],"curies":[{"name":"wp","href":"https:\/\/api.w.org\/{rel}","templated":true}]}}