{"id":195,"date":"2020-10-28T23:13:12","date_gmt":"2020-10-28T23:13:12","guid":{"rendered":"https:\/\/darwinia.standardof.net\/?page_id=195"},"modified":"2020-10-29T16:07:37","modified_gmt":"2020-10-29T16:07:37","slug":"centipede","status":"publish","type":"page","link":"https:\/\/darwinia.standardof.net\/es\/guide\/enemigos\/ciempies\/","title":{"rendered":"Ciempi\u00e9s"},"content":{"rendered":"<figure class=\"wp-block-gallery columns-3 is-cropped wp-block-gallery-1 is-layout-flex wp-block-gallery-is-layout-flex\"><ul class=\"blocks-gallery-grid\"><li class=\"blocks-gallery-item\"><figure><a href=\"https:\/\/darwinia.standardof.net\/es\/darwinia-enemies-centipede-5\/\"><img decoding=\"async\" width=\"470\" height=\"294\" src=\"https:\/\/darwinia.standardof.net\/wp-content\/uploads\/sites\/7\/2020\/10\/Darwinia-Enemies-Centipede-5.jpg\" alt=\"\" data-id=\"59\" data-full-url=\"https:\/\/darwinia.standardof.net\/wp-content\/uploads\/sites\/7\/2020\/10\/Darwinia-Enemies-Centipede-5.jpg\" data-link=\"https:\/\/darwinia.standardof.net\/darwinia-enemies-centipede-5\/\" class=\"wp-image-59\" srcset=\"https:\/\/darwinia.standardof.net\/wp-content\/uploads\/sites\/7\/2020\/10\/Darwinia-Enemies-Centipede-5.jpg 470w, https:\/\/darwinia.standardof.net\/wp-content\/uploads\/sites\/7\/2020\/10\/Darwinia-Enemies-Centipede-5-200x125.jpg 200w, https:\/\/darwinia.standardof.net\/wp-content\/uploads\/sites\/7\/2020\/10\/Darwinia-Enemies-Centipede-5-16x10.jpg 16w\" sizes=\"(max-width: 470px) 100vw, 470px\" \/><\/a><\/figure><\/li><li class=\"blocks-gallery-item\"><figure><a href=\"https:\/\/darwinia.standardof.net\/es\/darwinia-enemies-centipede-4\/\"><img decoding=\"async\" width=\"470\" height=\"294\" src=\"https:\/\/darwinia.standardof.net\/wp-content\/uploads\/sites\/7\/2020\/10\/Darwinia-Enemies-Centipede-4.jpg\" alt=\"\" data-id=\"58\" data-full-url=\"https:\/\/darwinia.standardof.net\/wp-content\/uploads\/sites\/7\/2020\/10\/Darwinia-Enemies-Centipede-4.jpg\" data-link=\"https:\/\/darwinia.standardof.net\/darwinia-enemies-centipede-4\/\" class=\"wp-image-58\" srcset=\"https:\/\/darwinia.standardof.net\/wp-content\/uploads\/sites\/7\/2020\/10\/Darwinia-Enemies-Centipede-4.jpg 470w, https:\/\/darwinia.standardof.net\/wp-content\/uploads\/sites\/7\/2020\/10\/Darwinia-Enemies-Centipede-4-200x125.jpg 200w, https:\/\/darwinia.standardof.net\/wp-content\/uploads\/sites\/7\/2020\/10\/Darwinia-Enemies-Centipede-4-16x10.jpg 16w\" sizes=\"(max-width: 470px) 100vw, 470px\" \/><\/a><\/figure><\/li><li class=\"blocks-gallery-item\"><figure><a href=\"https:\/\/darwinia.standardof.net\/es\/darwinia-enemies-centipede-2\/\"><img decoding=\"async\" width=\"470\" height=\"294\" src=\"https:\/\/darwinia.standardof.net\/wp-content\/uploads\/sites\/7\/2020\/10\/Darwinia-Enemies-Centipede-2.jpg\" alt=\"\" data-id=\"56\" data-full-url=\"https:\/\/darwinia.standardof.net\/wp-content\/uploads\/sites\/7\/2020\/10\/Darwinia-Enemies-Centipede-2.jpg\" data-link=\"https:\/\/darwinia.standardof.net\/darwinia-enemies-centipede-2\/\" class=\"wp-image-56\" srcset=\"https:\/\/darwinia.standardof.net\/wp-content\/uploads\/sites\/7\/2020\/10\/Darwinia-Enemies-Centipede-2.jpg 470w, https:\/\/darwinia.standardof.net\/wp-content\/uploads\/sites\/7\/2020\/10\/Darwinia-Enemies-Centipede-2-200x125.jpg 200w, https:\/\/darwinia.standardof.net\/wp-content\/uploads\/sites\/7\/2020\/10\/Darwinia-Enemies-Centipede-2-16x10.jpg 16w\" sizes=\"(max-width: 470px) 100vw, 470px\" \/><\/a><\/figure><\/li><li class=\"blocks-gallery-item\"><figure><a href=\"https:\/\/darwinia.standardof.net\/es\/darwinia-enemies-centipede-3\/\"><img decoding=\"async\" width=\"470\" height=\"294\" src=\"https:\/\/darwinia.standardof.net\/wp-content\/uploads\/sites\/7\/2020\/10\/Darwinia-Enemies-Centipede-3.jpg\" alt=\"\" data-id=\"57\" data-full-url=\"https:\/\/darwinia.standardof.net\/wp-content\/uploads\/sites\/7\/2020\/10\/Darwinia-Enemies-Centipede-3.jpg\" data-link=\"https:\/\/darwinia.standardof.net\/darwinia-enemies-centipede-3\/\" class=\"wp-image-57\" srcset=\"https:\/\/darwinia.standardof.net\/wp-content\/uploads\/sites\/7\/2020\/10\/Darwinia-Enemies-Centipede-3.jpg 470w, https:\/\/darwinia.standardof.net\/wp-content\/uploads\/sites\/7\/2020\/10\/Darwinia-Enemies-Centipede-3-200x125.jpg 200w, https:\/\/darwinia.standardof.net\/wp-content\/uploads\/sites\/7\/2020\/10\/Darwinia-Enemies-Centipede-3-16x10.jpg 16w\" sizes=\"(max-width: 470px) 100vw, 470px\" \/><\/a><\/figure><\/li><li class=\"blocks-gallery-item\"><figure><a href=\"https:\/\/darwinia.standardof.net\/es\/darwinia-enemies-centipede-1\/\"><img decoding=\"async\" width=\"470\" height=\"294\" src=\"https:\/\/darwinia.standardof.net\/wp-content\/uploads\/sites\/7\/2020\/10\/Darwinia-Enemies-Centipede-1.jpg\" alt=\"\" data-id=\"55\" data-full-url=\"https:\/\/darwinia.standardof.net\/wp-content\/uploads\/sites\/7\/2020\/10\/Darwinia-Enemies-Centipede-1.jpg\" data-link=\"https:\/\/darwinia.standardof.net\/darwinia-enemies-centipede-1\/\" class=\"wp-image-55\" srcset=\"https:\/\/darwinia.standardof.net\/wp-content\/uploads\/sites\/7\/2020\/10\/Darwinia-Enemies-Centipede-1.jpg 470w, https:\/\/darwinia.standardof.net\/wp-content\/uploads\/sites\/7\/2020\/10\/Darwinia-Enemies-Centipede-1-200x125.jpg 200w, https:\/\/darwinia.standardof.net\/wp-content\/uploads\/sites\/7\/2020\/10\/Darwinia-Enemies-Centipede-1-16x10.jpg 16w\" sizes=\"(max-width: 470px) 100vw, 470px\" \/><\/a><\/figure><\/li><\/ul><\/figure>\n\n\n\n<p>Los ciempi\u00e9s son grandes criaturas rojas compuestas por muchas secciones individuales de tama\u00f1o decreciente, siendo la secci\u00f3n de la cabeza la m\u00e1s grande. Tambi\u00e9n poseen peque\u00f1os objetos en forma de p\u00faas que la cebada sobresale de la parte superior. Estos ciempi\u00e9s en <em>Darwinia<\/em> funcionan de manera similar a la <strong>Virii <\/strong>en t\u00e9rminos de movimiento y ataque, sin embargo, son considerablemente m\u00e1s inteligentes y poderosos que su contraparte. Los ciempi\u00e9s solo pueden ser generados por <strong>Triffid <\/strong>huevos si a\u00fan no est\u00e1n presentes en un nivel.<\/p>\n\n\n\n<p>Los ciempi\u00e9s se mueven muy r\u00e1pido y tienen un amplio rango de vigilancia y visi\u00f3n, lo que significa que es probable que se enfrenten a cualquier cosa que est\u00e9 remotamente cerca de ellos. Estas <strong>virus <\/strong>Ataca a tus unidades cargando de cabeza contra la unidad que est\u00e1 a punto de atacar y aplastando m\u00e1s o menos al objetivo al instante. Parece que los ciempi\u00e9s solo eliminan una sola unidad a la vez con sus ataques, y son inofensivos si se tocan cuando no est\u00e1n haciendo esta carga. Cuando se enfoca en disparar a muchos enemigos a la vez, puede ser \u00fatil conocer esta carga del movimiento normal del Ciempi\u00e9s, ya que es una buena se\u00f1al para dispararle o moverse r\u00e1pidamente.<\/p>\n\n\n\n<p>Los l\u00e1seres son un arma muy eficaz contra el Ciempi\u00e9s, ya que se escapar\u00e1 en el momento en que lo golpee uno, lo que significa que puede mantenerlos alejados de sus fuerzas disparando unos pocos <strong>l\u00e1seres <\/strong>aqu\u00ed y all\u00e1 mientras te concentras en enemigos m\u00e1s apremiantes que tus ataques no pueden evitar tan f\u00e1cilmente como <strong>Ara\u00f1as <\/strong>o Virii. Cada secci\u00f3n del ciempi\u00e9s debe destruirse individualmente, y eliminar una secci\u00f3n central har\u00e1 que el ciempi\u00e9s se divida en m\u00faltiples objetivos. Los cohetes son otra buena arma para usar, pero las granadas y los ataques a\u00e9reos no son efectivos gracias a su velocidad.<\/p>","protected":false},"excerpt":{"rendered":"<p>Centipedes are large red creatures made up of many individual sections of diminishing size, with the head section being the largest. They also posses small spike like objects that barley jut out of the top. These Centipede in Darwinia function similarly to the Virii in terms of movement and attack, however they are considerably smarter [&hellip;]<\/p>","protected":false},"author":1,"featured_media":55,"parent":190,"menu_order":0,"comment_status":"open","ping_status":"closed","template":"","meta":{"_uag_custom_page_level_css":"","site-sidebar-layout":"default","site-content-layout":"default","ast-site-content-layout":"","site-content-style":"default","site-sidebar-style":"default","ast-global-header-display":"","ast-banner-title-visibility":"","ast-main-header-display":"","ast-hfb-above-header-display":"","ast-hfb-below-header-display":"","ast-hfb-mobile-header-display":"","site-post-title":"","ast-breadcrumbs-content":"","ast-featured-img":"","footer-sml-layout":"","theme-transparent-header-meta":"default","adv-header-id-meta":"","stick-header-meta":"","header-above-stick-meta":"","header-main-stick-meta":"","header-below-stick-meta":"","astra-migrate-meta-layouts":"default","ast-page-background-enabled":"default","ast-page-background-meta":{"desktop":{"background-color":"","background-image":"","background-repeat":"repeat","background-position":"center center","background-size":"auto","background-attachment":"scroll","background-type":"","background-media":"","overlay-type":"","overlay-color":"","overlay-gradient":""},"tablet":{"background-color":"","background-image":"","background-repeat":"repeat","background-position":"center center","background-size":"auto","background-attachment":"scroll","background-type":"","background-media":"","overlay-type":"","overlay-color":"","overlay-gradient":""},"mobile":{"background-color":"","background-image":"","background-repeat":"repeat","background-position":"center center","background-size":"auto","background-attachment":"scroll","background-type":"","background-media":"","overlay-type":"","overlay-color":"","overlay-gradient":""}},"ast-content-background-meta":{"desktop":{"background-color":"var(--ast-global-color-5)","background-image":"","background-repeat":"repeat","background-position":"center center","background-size":"auto","background-attachment":"scroll","background-type":"","background-media":"","overlay-type":"","overlay-color":"","overlay-gradient":""},"tablet":{"background-color":"var(--ast-global-color-5)","background-image":"","background-repeat":"repeat","background-position":"center center","background-size":"auto","background-attachment":"scroll","background-type":"","background-media":"","overlay-type":"","overlay-color":"","overlay-gradient":""},"mobile":{"background-color":"var(--ast-global-color-5)","background-image":"","background-repeat":"repeat","background-position":"center center","background-size":"auto","background-attachment":"scroll","background-type":"","background-media":"","overlay-type":"","overlay-color":"","overlay-gradient":""}},"footnotes":""},"uagb_featured_image_src":{"full":["https:\/\/darwinia.standardof.net\/wp-content\/uploads\/sites\/7\/2020\/10\/Darwinia-Enemies-Centipede-1.jpg",470,294,false],"thumbnail":["https:\/\/darwinia.standardof.net\/wp-content\/uploads\/sites\/7\/2020\/10\/Darwinia-Enemies-Centipede-1-200x125.jpg",200,125,true],"medium":["https:\/\/darwinia.standardof.net\/wp-content\/uploads\/sites\/7\/2020\/10\/Darwinia-Enemies-Centipede-1.jpg",470,294,false],"medium_large":["https:\/\/darwinia.standardof.net\/wp-content\/uploads\/sites\/7\/2020\/10\/Darwinia-Enemies-Centipede-1.jpg",470,294,false],"large":["https:\/\/darwinia.standardof.net\/wp-content\/uploads\/sites\/7\/2020\/10\/Darwinia-Enemies-Centipede-1.jpg",470,294,false],"1536x1536":["https:\/\/darwinia.standardof.net\/wp-content\/uploads\/sites\/7\/2020\/10\/Darwinia-Enemies-Centipede-1.jpg",470,294,false],"2048x2048":["https:\/\/darwinia.standardof.net\/wp-content\/uploads\/sites\/7\/2020\/10\/Darwinia-Enemies-Centipede-1.jpg",470,294,false],"trp-custom-language-flag":["https:\/\/darwinia.standardof.net\/wp-content\/uploads\/sites\/7\/2020\/10\/Darwinia-Enemies-Centipede-1-16x10.jpg",16,10,true]},"uagb_author_info":{"display_name":"SOE","author_link":"https:\/\/darwinia.standardof.net\/es\/author\/k-tastic\/"},"uagb_comment_info":0,"uagb_excerpt":"Centipedes are large red creatures made up of many individual sections of diminishing size, with the head section being the largest. They also posses small spike like objects that barley jut out of the top. These Centipede in Darwinia function similarly to the Virii in terms of movement and attack, however they are considerably smarter&hellip;","_links":{"self":[{"href":"https:\/\/darwinia.standardof.net\/es\/wp-json\/wp\/v2\/pages\/195"}],"collection":[{"href":"https:\/\/darwinia.standardof.net\/es\/wp-json\/wp\/v2\/pages"}],"about":[{"href":"https:\/\/darwinia.standardof.net\/es\/wp-json\/wp\/v2\/types\/page"}],"author":[{"embeddable":true,"href":"https:\/\/darwinia.standardof.net\/es\/wp-json\/wp\/v2\/users\/1"}],"replies":[{"embeddable":true,"href":"https:\/\/darwinia.standardof.net\/es\/wp-json\/wp\/v2\/comments?post=195"}],"version-history":[{"count":0,"href":"https:\/\/darwinia.standardof.net\/es\/wp-json\/wp\/v2\/pages\/195\/revisions"}],"up":[{"embeddable":true,"href":"https:\/\/darwinia.standardof.net\/es\/wp-json\/wp\/v2\/pages\/190"}],"wp:featuredmedia":[{"embeddable":true,"href":"https:\/\/darwinia.standardof.net\/es\/wp-json\/wp\/v2\/media\/55"}],"wp:attachment":[{"href":"https:\/\/darwinia.standardof.net\/es\/wp-json\/wp\/v2\/media?parent=195"}],"curies":[{"name":"wp","href":"https:\/\/api.w.org\/{rel}","templated":true}]}}