{"id":193,"date":"2020-10-28T23:09:11","date_gmt":"2020-10-28T23:09:11","guid":{"rendered":"https:\/\/darwinia.standardof.net\/?page_id=193"},"modified":"2020-10-28T23:09:12","modified_gmt":"2020-10-28T23:09:12","slug":"army-ant","status":"publish","type":"page","link":"https:\/\/darwinia.standardof.net\/es\/guide\/enemigos\/hormiga-militar\/","title":{"rendered":"Hormiga del ej\u00e9rcito"},"content":{"rendered":"<figure class=\"wp-block-gallery columns-4 is-cropped wp-block-gallery-1 is-layout-flex wp-block-gallery-is-layout-flex\"><ul class=\"blocks-gallery-grid\"><li class=\"blocks-gallery-item\"><figure><a href=\"https:\/\/darwinia.standardof.net\/es\/darwinia-enemies-army-ant-4\/\"><img decoding=\"async\" width=\"470\" height=\"321\" src=\"https:\/\/darwinia.standardof.net\/wp-content\/uploads\/sites\/7\/2020\/10\/Darwinia-Enemies-Army-Ant-4.jpg\" alt=\"\" data-id=\"54\" data-full-url=\"https:\/\/darwinia.standardof.net\/wp-content\/uploads\/sites\/7\/2020\/10\/Darwinia-Enemies-Army-Ant-4.jpg\" data-link=\"https:\/\/darwinia.standardof.net\/darwinia-enemies-army-ant-4\/\" class=\"wp-image-54\" srcset=\"https:\/\/darwinia.standardof.net\/wp-content\/uploads\/sites\/7\/2020\/10\/Darwinia-Enemies-Army-Ant-4.jpg 470w, https:\/\/darwinia.standardof.net\/wp-content\/uploads\/sites\/7\/2020\/10\/Darwinia-Enemies-Army-Ant-4-200x137.jpg 200w, https:\/\/darwinia.standardof.net\/wp-content\/uploads\/sites\/7\/2020\/10\/Darwinia-Enemies-Army-Ant-4-16x12.jpg 16w\" sizes=\"(max-width: 470px) 100vw, 470px\" \/><\/a><\/figure><\/li><li class=\"blocks-gallery-item\"><figure><a href=\"https:\/\/darwinia.standardof.net\/es\/darwinia-enemies-army-ant-3\/\"><img decoding=\"async\" width=\"470\" height=\"325\" src=\"https:\/\/darwinia.standardof.net\/wp-content\/uploads\/sites\/7\/2020\/10\/Darwinia-Enemies-Army-Ant-3.jpg\" alt=\"\" data-id=\"53\" data-full-url=\"https:\/\/darwinia.standardof.net\/wp-content\/uploads\/sites\/7\/2020\/10\/Darwinia-Enemies-Army-Ant-3.jpg\" data-link=\"https:\/\/darwinia.standardof.net\/darwinia-enemies-army-ant-3\/\" class=\"wp-image-53\" srcset=\"https:\/\/darwinia.standardof.net\/wp-content\/uploads\/sites\/7\/2020\/10\/Darwinia-Enemies-Army-Ant-3.jpg 470w, https:\/\/darwinia.standardof.net\/wp-content\/uploads\/sites\/7\/2020\/10\/Darwinia-Enemies-Army-Ant-3-200x138.jpg 200w, https:\/\/darwinia.standardof.net\/wp-content\/uploads\/sites\/7\/2020\/10\/Darwinia-Enemies-Army-Ant-3-16x12.jpg 16w\" sizes=\"(max-width: 470px) 100vw, 470px\" \/><\/a><\/figure><\/li><li class=\"blocks-gallery-item\"><figure><a href=\"https:\/\/darwinia.standardof.net\/es\/darwinia-enemies-army-ant-2\/\"><img decoding=\"async\" width=\"470\" height=\"308\" src=\"https:\/\/darwinia.standardof.net\/wp-content\/uploads\/sites\/7\/2020\/10\/Darwinia-Enemies-Army-Ant-2.jpg\" alt=\"\" data-id=\"52\" data-full-url=\"https:\/\/darwinia.standardof.net\/wp-content\/uploads\/sites\/7\/2020\/10\/Darwinia-Enemies-Army-Ant-2.jpg\" data-link=\"https:\/\/darwinia.standardof.net\/darwinia-enemies-army-ant-2\/\" class=\"wp-image-52\" srcset=\"https:\/\/darwinia.standardof.net\/wp-content\/uploads\/sites\/7\/2020\/10\/Darwinia-Enemies-Army-Ant-2.jpg 470w, https:\/\/darwinia.standardof.net\/wp-content\/uploads\/sites\/7\/2020\/10\/Darwinia-Enemies-Army-Ant-2-200x131.jpg 200w, https:\/\/darwinia.standardof.net\/wp-content\/uploads\/sites\/7\/2020\/10\/Darwinia-Enemies-Army-Ant-2-16x10.jpg 16w\" sizes=\"(max-width: 470px) 100vw, 470px\" \/><\/a><\/figure><\/li><li class=\"blocks-gallery-item\"><figure><a href=\"https:\/\/darwinia.standardof.net\/es\/darwinia-enemies-army-ant-1\/\"><img decoding=\"async\" width=\"470\" height=\"291\" src=\"https:\/\/darwinia.standardof.net\/wp-content\/uploads\/sites\/7\/2020\/10\/Darwinia-Enemies-Army-Ant-1.jpg\" alt=\"\" data-id=\"51\" data-full-url=\"https:\/\/darwinia.standardof.net\/wp-content\/uploads\/sites\/7\/2020\/10\/Darwinia-Enemies-Army-Ant-1.jpg\" data-link=\"https:\/\/darwinia.standardof.net\/darwinia-enemies-army-ant-1\/\" class=\"wp-image-51\" srcset=\"https:\/\/darwinia.standardof.net\/wp-content\/uploads\/sites\/7\/2020\/10\/Darwinia-Enemies-Army-Ant-1.jpg 470w, https:\/\/darwinia.standardof.net\/wp-content\/uploads\/sites\/7\/2020\/10\/Darwinia-Enemies-Army-Ant-1-200x124.jpg 200w, https:\/\/darwinia.standardof.net\/wp-content\/uploads\/sites\/7\/2020\/10\/Darwinia-Enemies-Army-Ant-1-16x10.jpg 16w\" sizes=\"(max-width: 470px) 100vw, 470px\" \/><\/a><\/figure><\/li><\/ul><\/figure>\n\n\n\n<p>La hormiga del ej\u00e9rcito existe solo en unos pocos niveles en <em>Darwinia<\/em>, aunque los niveles en los que est\u00e1n, est\u00e1n ah\u00ed en abundancia. Las hormigas armadas son, como sugiere su nombre, hormigas que atacan en grandes hordas que brotan de grandes hormigueros repartidos por ciertos lugares de un mapa. Tienen una mentalidad de ola de inundaci\u00f3n y no se desaniman por ninguno de tus ataques, aunque se distraer\u00e1n con almas ca\u00eddas. Sus ataques se basan en el cuerpo a cuerpo, y deben entrar en contacto con una unidad tuya para causarle da\u00f1o, sin embargo, siempre eligen recoger almas en lugar de atacar.<\/p>\n\n\n\n<p>De hecho, las hormigas del ej\u00e9rcito en <em>Darwinia<\/em> se sienten muy atra\u00eddos por las almas, tanto es as\u00ed que cualquier grupo de almas seguramente atraer\u00e1 una horrenda marea de hormigas armadas si se encuentra cerca de sus nidos. Esto puede mantener ocupadas a las hormigas del ej\u00e9rcito y sus fuerzas libres de ataques mientras las hormigas recogen las almas, pero terminar\u00e1n produciendo hormigas adicionales cuando las traigan de regreso a la colina.<\/p>\n\n\n\n<p>La clave para luchar con \u00e9xito contra las hormigas del ej\u00e9rcito en <em>Darwinia<\/em> es cortar una franja a trav\u00e9s de ellos con explosivos de alta potencia, mientras se dirige directamente al Ant Hill. Tan pronto como tenga un <strong>Equipo <\/strong>dentro del alcance, o una torreta tripulada que pueda disparar sobre la colina, conc\u00e9ntrate en hacerlo.<\/p>\n\n\n\n<p>Las colinas necesitan una serie de disparos para bajar, pero una vez que lo hacen, la fuente de reaparici\u00f3n de la hormiga se corta. Esto generalmente hace que las hordas de hormigas de las colinas cercanas vengan y recolecten las masas de almas que a menudo quedan atr\u00e1s de una colina destruida. Contin\u00faa elimin\u00e1ndolos hasta que arrases con una colina sin otras cerca, y re\u00fane una masa de almas para reforzar tus fuerzas.<\/p>","protected":false},"excerpt":{"rendered":"<p>The Army Ant exists in only a few levels in Darwinia, although the levels they are in, they are there in spades. Army Ants are as their name suggests, ants that attack in large hordes that spew forth from large ant hills dotted about certain places in a map. They have a flooding wave like [&hellip;]<\/p>","protected":false},"author":1,"featured_media":51,"parent":190,"menu_order":0,"comment_status":"open","ping_status":"closed","template":"","meta":{"_uag_custom_page_level_css":"","site-sidebar-layout":"default","site-content-layout":"default","ast-site-content-layout":"","site-content-style":"default","site-sidebar-style":"default","ast-global-header-display":"","ast-banner-title-visibility":"","ast-main-header-display":"","ast-hfb-above-header-display":"","ast-hfb-below-header-display":"","ast-hfb-mobile-header-display":"","site-post-title":"","ast-breadcrumbs-content":"","ast-featured-img":"","footer-sml-layout":"","theme-transparent-header-meta":"default","adv-header-id-meta":"","stick-header-meta":"","header-above-stick-meta":"","header-main-stick-meta":"","header-below-stick-meta":"","astra-migrate-meta-layouts":"default","ast-page-background-enabled":"default","ast-page-background-meta":{"desktop":{"background-color":"","background-image":"","background-repeat":"repeat","background-position":"center center","background-size":"auto","background-attachment":"scroll","background-type":"","background-media":"","overlay-type":"","overlay-color":"","overlay-gradient":""},"tablet":{"background-color":"","background-image":"","background-repeat":"repeat","background-position":"center center","background-size":"auto","background-attachment":"scroll","background-type":"","background-media":"","overlay-type":"","overlay-color":"","overlay-gradient":""},"mobile":{"background-color":"","background-image":"","background-repeat":"repeat","background-position":"center center","background-size":"auto","background-attachment":"scroll","background-type":"","background-media":"","overlay-type":"","overlay-color":"","overlay-gradient":""}},"ast-content-background-meta":{"desktop":{"background-color":"var(--ast-global-color-5)","background-image":"","background-repeat":"repeat","background-position":"center center","background-size":"auto","background-attachment":"scroll","background-type":"","background-media":"","overlay-type":"","overlay-color":"","overlay-gradient":""},"tablet":{"background-color":"var(--ast-global-color-5)","background-image":"","background-repeat":"repeat","background-position":"center center","background-size":"auto","background-attachment":"scroll","background-type":"","background-media":"","overlay-type":"","overlay-color":"","overlay-gradient":""},"mobile":{"background-color":"var(--ast-global-color-5)","background-image":"","background-repeat":"repeat","background-position":"center center","background-size":"auto","background-attachment":"scroll","background-type":"","background-media":"","overlay-type":"","overlay-color":"","overlay-gradient":""}},"footnotes":""},"uagb_featured_image_src":{"full":["https:\/\/darwinia.standardof.net\/wp-content\/uploads\/sites\/7\/2020\/10\/Darwinia-Enemies-Army-Ant-1.jpg",470,291,false],"thumbnail":["https:\/\/darwinia.standardof.net\/wp-content\/uploads\/sites\/7\/2020\/10\/Darwinia-Enemies-Army-Ant-1-200x124.jpg",200,124,true],"medium":["https:\/\/darwinia.standardof.net\/wp-content\/uploads\/sites\/7\/2020\/10\/Darwinia-Enemies-Army-Ant-1.jpg",470,291,false],"medium_large":["https:\/\/darwinia.standardof.net\/wp-content\/uploads\/sites\/7\/2020\/10\/Darwinia-Enemies-Army-Ant-1.jpg",470,291,false],"large":["https:\/\/darwinia.standardof.net\/wp-content\/uploads\/sites\/7\/2020\/10\/Darwinia-Enemies-Army-Ant-1.jpg",470,291,false],"1536x1536":["https:\/\/darwinia.standardof.net\/wp-content\/uploads\/sites\/7\/2020\/10\/Darwinia-Enemies-Army-Ant-1.jpg",470,291,false],"2048x2048":["https:\/\/darwinia.standardof.net\/wp-content\/uploads\/sites\/7\/2020\/10\/Darwinia-Enemies-Army-Ant-1.jpg",470,291,false],"trp-custom-language-flag":["https:\/\/darwinia.standardof.net\/wp-content\/uploads\/sites\/7\/2020\/10\/Darwinia-Enemies-Army-Ant-1-16x10.jpg",16,10,true]},"uagb_author_info":{"display_name":"SOE","author_link":"https:\/\/darwinia.standardof.net\/es\/author\/k-tastic\/"},"uagb_comment_info":0,"uagb_excerpt":"The Army Ant exists in only a few levels in Darwinia, although the levels they are in, they are there in spades. Army Ants are as their name suggests, ants that attack in large hordes that spew forth from large ant hills dotted about certain places in a map. They have a flooding wave like&hellip;","_links":{"self":[{"href":"https:\/\/darwinia.standardof.net\/es\/wp-json\/wp\/v2\/pages\/193"}],"collection":[{"href":"https:\/\/darwinia.standardof.net\/es\/wp-json\/wp\/v2\/pages"}],"about":[{"href":"https:\/\/darwinia.standardof.net\/es\/wp-json\/wp\/v2\/types\/page"}],"author":[{"embeddable":true,"href":"https:\/\/darwinia.standardof.net\/es\/wp-json\/wp\/v2\/users\/1"}],"replies":[{"embeddable":true,"href":"https:\/\/darwinia.standardof.net\/es\/wp-json\/wp\/v2\/comments?post=193"}],"version-history":[{"count":0,"href":"https:\/\/darwinia.standardof.net\/es\/wp-json\/wp\/v2\/pages\/193\/revisions"}],"up":[{"embeddable":true,"href":"https:\/\/darwinia.standardof.net\/es\/wp-json\/wp\/v2\/pages\/190"}],"wp:featuredmedia":[{"embeddable":true,"href":"https:\/\/darwinia.standardof.net\/es\/wp-json\/wp\/v2\/media\/51"}],"wp:attachment":[{"href":"https:\/\/darwinia.standardof.net\/es\/wp-json\/wp\/v2\/media?parent=193"}],"curies":[{"name":"wp","href":"https:\/\/api.w.org\/{rel}","templated":true}]}}