{"id":181,"date":"2020-10-28T20:20:01","date_gmt":"2020-10-28T20:20:01","guid":{"rendered":"https:\/\/darwinia.standardof.net\/?page_id=181"},"modified":"2020-10-30T18:17:10","modified_gmt":"2020-10-30T18:17:10","slug":"cheats","status":"publish","type":"page","link":"https:\/\/darwinia.standardof.net\/es\/guide\/trampas\/","title":{"rendered":"Trucos, secretos y huevos de Pascua"},"content":{"rendered":"<p>Esta parte de la gu\u00eda cubre trucos o secretos especiales que forman parte de Darwinia.<\/p>\n\n\n\n<h2 class=\"wp-block-heading\">desbloquea todo<\/h2>\n\n\n\n<p>Crea un nuevo perfil llamado &quot;<strong>Acceso a todas las areas<\/strong>. &quot; Al cargarlo, la introducci\u00f3n se estropea, pero luego todo se desbloquear\u00e1.<\/p>\n\n\n\n<h2 class=\"wp-block-heading\">Mods y editor de mapas<\/h2>\n\n\n\n<p>Hay un editor de mapas b\u00e1sico y un sistema de modificaci\u00f3n en Darwinia que se desbloquea despu\u00e9s de terminar el juego normalmente. Si desea continuar, busque su archivo de preferencias en su carpeta ra\u00edz de Darwinia y coloque \u201cModSystemEnabled = 1\u201d en el archivo en su propia l\u00ednea.<\/p>\n\n\n\n<h2 class=\"wp-block-heading\">Navidad darwiniana<\/h2>\n\n\n\n<p>Si est\u00e1s ejecutando el juego en cualquier momento durante el 25 de diciembre de cualquier a\u00f1o, recibir\u00e1s un nuevo dise\u00f1o especial del juego con un suelo azul &quot;cubierto de nieve&quot;, los \u00e1rboles cambiar\u00e1n de verde a rojo y comenzar\u00e1 la nieve. caer del cielo. Por \u00faltimo, pero lo mejor de todo, \u00a1todos los darwinianos obtienen gorros de Pap\u00e1 Noel! Si no es Navidad donde est\u00e1s, simplemente cambia el reloj del sistema para fingirlo y el juego lo reconocer\u00e1.<\/p>\n\n\n\n<figure class=\"wp-block-embed-youtube wp-block-embed is-type-video is-provider-youtube wp-embed-aspect-4-3 wp-has-aspect-ratio\"><div class=\"wp-block-embed__wrapper\">\n<div class=\"ast-oembed-container\" style=\"height: 100%;\"><iframe title=\"Sombreros de Navidad Darwinia\" width=\"500\" height=\"281\" src=\"https:\/\/www.youtube.com\/embed\/Xv9ZHbjdVwI?feature=oembed\" frameborder=\"0\" allow=\"accelerometer; autoplay; clipboard-write; encrypted-media; gyroscope; picture-in-picture; web-share\" referrerpolicy=\"strict-origin-when-cross-origin\" allowfullscreen><\/iframe><\/div>\n<\/div><figcaption>Fuente: tkellaway<\/figcaption><\/figure>","protected":false},"excerpt":{"rendered":"<p>This portion of the guide covers special cheats or secrets that are part of Darwinia. Unlock Everything Create a new profile named &#8220;AccessAllAreas.&#8221; Loading it causes the intro to mess up, but afterwards everything will be unlocked. Mods &amp; Map Editor There is a basic map editor and mod system in Darwinia that is unlocked [&hellip;]<\/p>","protected":false},"author":1,"featured_media":13,"parent":168,"menu_order":6,"comment_status":"open","ping_status":"closed","template":"","meta":{"_uag_custom_page_level_css":"","site-sidebar-layout":"default","site-content-layout":"default","ast-site-content-layout":"","site-content-style":"default","site-sidebar-style":"default","ast-global-header-display":"","ast-banner-title-visibility":"","ast-main-header-display":"","ast-hfb-above-header-display":"","ast-hfb-below-header-display":"","ast-hfb-mobile-header-display":"","site-post-title":"","ast-breadcrumbs-content":"","ast-featured-img":"","footer-sml-layout":"","theme-transparent-header-meta":"default","adv-header-id-meta":"","stick-header-meta":"","header-above-stick-meta":"","header-main-stick-meta":"","header-below-stick-meta":"","astra-migrate-meta-layouts":"default","ast-page-background-enabled":"default","ast-page-background-meta":{"desktop":{"background-color":"","background-image":"","background-repeat":"repeat","background-position":"center center","background-size":"auto","background-attachment":"scroll","background-type":"","background-media":"","overlay-type":"","overlay-color":"","overlay-gradient":""},"tablet":{"background-color":"","background-image":"","background-repeat":"repeat","background-position":"center center","background-size":"auto","background-attachment":"scroll","background-type":"","background-media":"","overlay-type":"","overlay-color":"","overlay-gradient":""},"mobile":{"background-color":"","background-image":"","background-repeat":"repeat","background-position":"center center","background-size":"auto","background-attachment":"scroll","background-type":"","background-media":"","overlay-type":"","overlay-color":"","overlay-gradient":""}},"ast-content-background-meta":{"desktop":{"background-color":"var(--ast-global-color-5)","background-image":"","background-repeat":"repeat","background-position":"center center","background-size":"auto","background-attachment":"scroll","background-type":"","background-media":"","overlay-type":"","overlay-color":"","overlay-gradient":""},"tablet":{"background-color":"var(--ast-global-color-5)","background-image":"","background-repeat":"repeat","background-position":"center center","background-size":"auto","background-attachment":"scroll","background-type":"","background-media":"","overlay-type":"","overlay-color":"","overlay-gradient":""},"mobile":{"background-color":"var(--ast-global-color-5)","background-image":"","background-repeat":"repeat","background-position":"center center","background-size":"auto","background-attachment":"scroll","background-type":"","background-media":"","overlay-type":"","overlay-color":"","overlay-gradient":""}},"footnotes":""},"uagb_featured_image_src":{"full":["https:\/\/darwinia.standardof.net\/wp-content\/uploads\/sites\/7\/2020\/10\/darwinia1.jpg",1100,369,false],"thumbnail":["https:\/\/darwinia.standardof.net\/wp-content\/uploads\/sites\/7\/2020\/10\/darwinia1-200x67.jpg",200,67,true],"medium":["https:\/\/darwinia.standardof.net\/wp-content\/uploads\/sites\/7\/2020\/10\/darwinia1-512x172.jpg",512,172,true],"medium_large":["https:\/\/darwinia.standardof.net\/wp-content\/uploads\/sites\/7\/2020\/10\/darwinia1-768x258.jpg",768,258,true],"large":["https:\/\/darwinia.standardof.net\/wp-content\/uploads\/sites\/7\/2020\/10\/darwinia1-800x268.jpg",800,268,true],"1536x1536":["https:\/\/darwinia.standardof.net\/wp-content\/uploads\/sites\/7\/2020\/10\/darwinia1.jpg",1100,369,false],"2048x2048":["https:\/\/darwinia.standardof.net\/wp-content\/uploads\/sites\/7\/2020\/10\/darwinia1.jpg",1100,369,false],"trp-custom-language-flag":["https:\/\/darwinia.standardof.net\/wp-content\/uploads\/sites\/7\/2020\/10\/darwinia1-16x5.jpg",16,5,true]},"uagb_author_info":{"display_name":"SOE","author_link":"https:\/\/darwinia.standardof.net\/es\/author\/k-tastic\/"},"uagb_comment_info":0,"uagb_excerpt":"This portion of the guide covers special cheats or secrets that are part of Darwinia. Unlock Everything Create a new profile named &#8220;AccessAllAreas.&#8221; Loading it causes the intro to mess up, but afterwards everything will be unlocked. Mods &amp; Map Editor There is a basic map editor and mod system in Darwinia that is unlocked&hellip;","_links":{"self":[{"href":"https:\/\/darwinia.standardof.net\/es\/wp-json\/wp\/v2\/pages\/181"}],"collection":[{"href":"https:\/\/darwinia.standardof.net\/es\/wp-json\/wp\/v2\/pages"}],"about":[{"href":"https:\/\/darwinia.standardof.net\/es\/wp-json\/wp\/v2\/types\/page"}],"author":[{"embeddable":true,"href":"https:\/\/darwinia.standardof.net\/es\/wp-json\/wp\/v2\/users\/1"}],"replies":[{"embeddable":true,"href":"https:\/\/darwinia.standardof.net\/es\/wp-json\/wp\/v2\/comments?post=181"}],"version-history":[{"count":0,"href":"https:\/\/darwinia.standardof.net\/es\/wp-json\/wp\/v2\/pages\/181\/revisions"}],"up":[{"embeddable":true,"href":"https:\/\/darwinia.standardof.net\/es\/wp-json\/wp\/v2\/pages\/168"}],"wp:featuredmedia":[{"embeddable":true,"href":"https:\/\/darwinia.standardof.net\/es\/wp-json\/wp\/v2\/media\/13"}],"wp:attachment":[{"href":"https:\/\/darwinia.standardof.net\/es\/wp-json\/wp\/v2\/media?parent=181"}],"curies":[{"name":"wp","href":"https:\/\/api.w.org\/{rel}","templated":true}]}}