{"id":168,"date":"2020-10-27T22:37:36","date_gmt":"2020-10-27T22:37:36","guid":{"rendered":"https:\/\/darwinia.standardof.net\/?page_id=168"},"modified":"2020-10-29T16:45:17","modified_gmt":"2020-10-29T16:45:17","slug":"guide","status":"publish","type":"page","link":"https:\/\/darwinia.standardof.net\/es\/","title":{"rendered":"\u00cdndice de la Gu\u00eda de estrategia de Darwinia"},"content":{"rendered":"<p>Estas p\u00e1ginas sirven como gu\u00eda y \u00edndice de recursos de recorrido para el juego de PC. <em>Darwinia<\/em>, por Introversion Software. Dentro encontrar\u00e1s secciones que cubren c\u00f3mo superar todos los niveles, con informaci\u00f3n especial sobre todas las unidades, armas, edificios y enemigos del juego. No dude en dejar cualquier comentario o sugerencia sobre estas gu\u00edas o lo que le gustar\u00eda ver a continuaci\u00f3n.<\/p>\n\n\n\n<div class=\"wp-block-cover alignwide has-background-dim\" style=\"background-image:url(https:\/\/darwinia.standardof.net\/wp-content\/uploads\/sites\/7\/2020\/10\/Darwinia-Level-03-Containment-2.jpg);min-height:112px;aspect-ratio:unset;\"><div class=\"wp-block-cover__inner-container is-layout-flow wp-block-cover-is-layout-flow\">\n<h2 class=\"has-text-align-center has-huge-font-size wp-block-heading\" id=\"4---level-walkthroughs--\"><strong><a href=\"https:\/\/darwinia.standardof.net\/es\/guide\/tutoriales-de-nivel\/\" class=\"rank-math-link\">Tutoriales de nivel<\/a><\/strong><\/h2>\n<\/div><\/div>\n\n\n\n<p>Haga clic en el enlace de arriba para pasar al \u00edndice principal de todas las gu\u00edas de nivel dentro del juego. Cada gu\u00eda cubre en profundidad la progresi\u00f3n de cada nivel y los aspectos \u00fanicos espec\u00edficos de cada nivel.<\/p>\n\n\n\n<div class=\"wp-block-cover alignwide has-background-dim\" style=\"background-image:url(https:\/\/darwinia.standardof.net\/wp-content\/uploads\/sites\/7\/2020\/10\/Darwinia-Units-Darwinians-1.jpg);min-height:112px;aspect-ratio:unset;\"><div class=\"wp-block-cover__inner-container is-layout-flow wp-block-cover-is-layout-flow\">\n<h2 class=\"has-text-align-center has-huge-font-size wp-block-heading\" id=\"5---units\"><strong><a href=\"https:\/\/darwinia.standardof.net\/es\/guide\/unidades\/\" class=\"rank-math-link\">Unidades<\/a><\/strong><\/h2>\n<\/div><\/div>\n\n\n\n<p>Esta p\u00e1gina contiene las gu\u00edas que cubren las distintas unidades que los jugadores pueden utilizar dentro del juego. La mayor\u00eda de estos son programas que se ejecutan a trav\u00e9s del administrador de tareas, sin embargo, algunos como los darwinianos se crean a trav\u00e9s de otros medios.<\/p>\n\n\n\n<div class=\"wp-block-cover alignwide has-background-dim\" style=\"background-image:url(https:\/\/darwinia.standardof.net\/wp-content\/uploads\/sites\/7\/2020\/10\/Control-Tower-2.jpg);min-height:112px;aspect-ratio:unset;\"><div class=\"wp-block-cover__inner-container is-layout-flow wp-block-cover-is-layout-flow\">\n<h2 class=\"has-text-align-center has-huge-font-size wp-block-heading\" id=\"6---buildings--\"><strong><a href=\"https:\/\/darwinia.standardof.net\/es\/guide\/edificios\/\" class=\"rank-math-link\">Edificios<\/a><\/strong><\/h2>\n<\/div><\/div>\n\n\n\n<p>Esta p\u00e1gina contiene informaci\u00f3n diversa sobre las estructuras controlables dentro del juego. Las estructuras generalmente brindan beneficios que no son posibles solo con unidades y capturar muchas de ellas es una parte esencial de cada nivel. Conocer los beneficios que otorga cada edificio te ayudar\u00e1 a priorizar tus tareas dentro de los niveles.<\/p>\n\n\n\n<div class=\"wp-block-cover alignwide has-background-dim\" style=\"background-image:url(https:\/\/darwinia.standardof.net\/wp-content\/uploads\/sites\/7\/2020\/10\/Darwinia-Enemies-Spore-Generator-3.jpg);min-height:112px;aspect-ratio:unset;\"><div class=\"wp-block-cover__inner-container is-layout-flow wp-block-cover-is-layout-flow\">\n<h2 class=\"has-text-align-center has-huge-font-size wp-block-heading\" id=\"7---enemies--\"><strong><a href=\"https:\/\/darwinia.standardof.net\/es\/guide\/enemigos\/\" class=\"rank-math-link\">Enemigos<\/a><\/strong><\/h2>\n<\/div><\/div>\n\n\n\n<p>Aqu\u00ed puedes encontrar un \u00edndice de todas las gu\u00edas que cubren los diferentes enemigos con los que te encontrar\u00e1s dentro del juego. Algunos requieren t\u00e1cticas especiales o armas para destruir de manera efectiva, mientras que otros representan amenazas importantes que deben priorizarse dentro de un nivel.<\/p>\n\n\n\n<div class=\"wp-block-cover alignwide has-background-dim\" style=\"background-image:url(https:\/\/darwinia.standardof.net\/wp-content\/uploads\/sites\/7\/2020\/10\/Darwinia-Weapons-Grenades-5.jpg);min-height:112px;aspect-ratio:unset;\"><div class=\"wp-block-cover__inner-container is-layout-flow wp-block-cover-is-layout-flow\">\n<h2 class=\"has-text-align-center has-huge-font-size wp-block-heading\" id=\"8---weapons--\"><strong><a href=\"https:\/\/darwinia.standardof.net\/es\/guide\/armas\/\" class=\"rank-math-link\">Armas<\/a><\/strong><\/h2>\n<\/div><\/div>\n\n\n\n<p>Esta p\u00e1gina de \u00edndice cubre las armas que encontrar\u00e1 y podr\u00e1 utilizar en <em>Darwinia. <\/em>Cada arma tiene sus funciones y beneficios \u00fanicos seg\u00fan la situaci\u00f3n. El l\u00e1ser es la \u00fanica arma que se te concede al principio, mientras que las tres restantes deben encontrarse como proyectos de investigaci\u00f3n descargables dentro de los niveles del juego.<\/p>\n\n\n\n<div class=\"wp-block-cover alignwide has-background-dim\" style=\"background-image:url(https:\/\/darwinia.standardof.net\/wp-content\/uploads\/sites\/7\/2020\/10\/Darwinia-Santa-Hats.jpg);min-height:112px;aspect-ratio:unset;\"><div class=\"wp-block-cover__inner-container is-layout-flow wp-block-cover-is-layout-flow\">\n<h2 class=\"has-text-align-center has-huge-font-size wp-block-heading\" id=\"9---cheats-amp-secrets--\"><strong><a href=\"https:\/\/darwinia.standardof.net\/es\/guide\/trampas\/\" class=\"rank-math-link\">Trucos y secretos<\/a><\/strong><\/h2>\n<\/div><\/div>\n\n\n\n<div style=\"height:20px\" aria-hidden=\"true\" class=\"wp-block-spacer\"><\/div>\n\n\n\n<div class=\"wp-block-cover alignwide has-background-dim\" style=\"background-image:url(https:\/\/darwinia.standardof.net\/wp-content\/uploads\/sites\/7\/2020\/10\/darwinia1.jpg);min-height:112px;aspect-ratio:unset;\"><div class=\"wp-block-cover__inner-container is-layout-flow wp-block-cover-is-layout-flow\">\n<h2 class=\"has-text-align-center wp-block-heading\">Enlaces adicionales<\/h2>\n\n\n\n<div class=\"wp-block-buttons aligncenter is-layout-flex wp-block-buttons-is-layout-flex\">\n<div class=\"wp-block-button\"><a class=\"wp-block-button__link\" href=\"https:\/\/darwinia.standardof.net\/es\/guide\/creditos\/\">Cr\u00e9ditos<\/a><\/div>\n\n\n\n<div class=\"wp-block-button\"><a class=\"wp-block-button__link\" href=\"http:\/\/thenextgame.co.uk\/mods.php\" target=\"_blank\" rel=\"noreferrer noopener\">Mods de Darwinia<\/a><\/div>\n<\/div>\n<\/div><\/div>\n\n\n\n<p><\/p>","protected":false},"excerpt":{"rendered":"<p>These pages serve as the guide and walkthrough resource index for the PC game Darwinia, by Introversion Software. Within you will find sections covering how to beat all the levels, with special info on all the game&#8217;s units, weapons, building and enemies. Feel free to leave any comments or suggestions on these guides or what [&hellip;]<\/p>","protected":false},"author":1,"featured_media":13,"parent":0,"menu_order":0,"comment_status":"open","ping_status":"closed","template":"","meta":{"_uag_custom_page_level_css":"","site-sidebar-layout":"default","site-content-layout":"default","ast-site-content-layout":"","site-content-style":"default","site-sidebar-style":"default","ast-global-header-display":"","ast-banner-title-visibility":"","ast-main-header-display":"","ast-hfb-above-header-display":"","ast-hfb-below-header-display":"","ast-hfb-mobile-header-display":"","site-post-title":"","ast-breadcrumbs-content":"","ast-featured-img":"","footer-sml-layout":"","theme-transparent-header-meta":"default","adv-header-id-meta":"","stick-header-meta":"","header-above-stick-meta":"","header-main-stick-meta":"","header-below-stick-meta":"","astra-migrate-meta-layouts":"default","ast-page-background-enabled":"default","ast-page-background-meta":{"desktop":{"background-color":"","background-image":"","background-repeat":"repeat","background-position":"center center","background-size":"auto","background-attachment":"scroll","background-type":"","background-media":"","overlay-type":"","overlay-color":"","overlay-gradient":""},"tablet":{"background-color":"","background-image":"","background-repeat":"repeat","background-position":"center center","background-size":"auto","background-attachment":"scroll","background-type":"","background-media":"","overlay-type":"","overlay-color":"","overlay-gradient":""},"mobile":{"background-color":"","background-image":"","background-repeat":"repeat","background-position":"center center","background-size":"auto","background-attachment":"scroll","background-type":"","background-media":"","overlay-type":"","overlay-color":"","overlay-gradient":""}},"ast-content-background-meta":{"desktop":{"background-color":"var(--ast-global-color-5)","background-image":"","background-repeat":"repeat","background-position":"center center","background-size":"auto","background-attachment":"scroll","background-type":"","background-media":"","overlay-type":"","overlay-color":"","overlay-gradient":""},"tablet":{"background-color":"var(--ast-global-color-5)","background-image":"","background-repeat":"repeat","background-position":"center center","background-size":"auto","background-attachment":"scroll","background-type":"","background-media":"","overlay-type":"","overlay-color":"","overlay-gradient":""},"mobile":{"background-color":"var(--ast-global-color-5)","background-image":"","background-repeat":"repeat","background-position":"center center","background-size":"auto","background-attachment":"scroll","background-type":"","background-media":"","overlay-type":"","overlay-color":"","overlay-gradient":""}},"footnotes":""},"uagb_featured_image_src":{"full":["https:\/\/darwinia.standardof.net\/wp-content\/uploads\/sites\/7\/2020\/10\/darwinia1.jpg",1100,369,false],"thumbnail":["https:\/\/darwinia.standardof.net\/wp-content\/uploads\/sites\/7\/2020\/10\/darwinia1-200x67.jpg",200,67,true],"medium":["https:\/\/darwinia.standardof.net\/wp-content\/uploads\/sites\/7\/2020\/10\/darwinia1-512x172.jpg",512,172,true],"medium_large":["https:\/\/darwinia.standardof.net\/wp-content\/uploads\/sites\/7\/2020\/10\/darwinia1-768x258.jpg",768,258,true],"large":["https:\/\/darwinia.standardof.net\/wp-content\/uploads\/sites\/7\/2020\/10\/darwinia1-800x268.jpg",800,268,true],"1536x1536":["https:\/\/darwinia.standardof.net\/wp-content\/uploads\/sites\/7\/2020\/10\/darwinia1.jpg",1100,369,false],"2048x2048":["https:\/\/darwinia.standardof.net\/wp-content\/uploads\/sites\/7\/2020\/10\/darwinia1.jpg",1100,369,false],"trp-custom-language-flag":["https:\/\/darwinia.standardof.net\/wp-content\/uploads\/sites\/7\/2020\/10\/darwinia1-16x5.jpg",16,5,true]},"uagb_author_info":{"display_name":"SOE","author_link":"https:\/\/darwinia.standardof.net\/es\/author\/k-tastic\/"},"uagb_comment_info":2,"uagb_excerpt":"These pages serve as the guide and walkthrough resource index for the PC game Darwinia, by Introversion Software. Within you will find sections covering how to beat all the levels, with special info on all the game&#8217;s units, weapons, building and enemies. Feel free to leave any comments or suggestions on these guides or what&hellip;","_links":{"self":[{"href":"https:\/\/darwinia.standardof.net\/es\/wp-json\/wp\/v2\/pages\/168"}],"collection":[{"href":"https:\/\/darwinia.standardof.net\/es\/wp-json\/wp\/v2\/pages"}],"about":[{"href":"https:\/\/darwinia.standardof.net\/es\/wp-json\/wp\/v2\/types\/page"}],"author":[{"embeddable":true,"href":"https:\/\/darwinia.standardof.net\/es\/wp-json\/wp\/v2\/users\/1"}],"replies":[{"embeddable":true,"href":"https:\/\/darwinia.standardof.net\/es\/wp-json\/wp\/v2\/comments?post=168"}],"version-history":[{"count":0,"href":"https:\/\/darwinia.standardof.net\/es\/wp-json\/wp\/v2\/pages\/168\/revisions"}],"wp:featuredmedia":[{"embeddable":true,"href":"https:\/\/darwinia.standardof.net\/es\/wp-json\/wp\/v2\/media\/13"}],"wp:attachment":[{"href":"https:\/\/darwinia.standardof.net\/es\/wp-json\/wp\/v2\/media?parent=168"}],"curies":[{"name":"wp","href":"https:\/\/api.w.org\/{rel}","templated":true}]}}