{"id":250,"date":"2020-10-30T17:59:53","date_gmt":"2020-10-30T17:59:53","guid":{"rendered":"https:\/\/darwinia.standardof.net\/?page_id=250"},"modified":"2020-10-30T19:29:18","modified_gmt":"2020-10-30T19:29:18","slug":"temple","status":"publish","type":"page","link":"https:\/\/darwinia.standardof.net\/de\/leiten\/level-walkthroughs\/tempel\/","title":{"rendered":"Tempel"},"content":{"rendered":"<div class=\"wp-block-group\"><div class=\"wp-block-group__inner-container is-layout-flow wp-block-group-is-layout-flow\">\n<div style=\"height:20px\" aria-hidden=\"true\" class=\"wp-block-spacer\"><\/div>\n<\/div><\/div>\n\n\n\n<div class=\"wp-block-columns is-layout-flex wp-container-core-columns-is-layout-1 wp-block-columns-is-layout-flex\">\n<div class=\"wp-block-column is-layout-flow wp-block-column-is-layout-flow\">\n<p>Der Tempel ist das letzte Level in der Hauptgeschichte von <em>Darwinia. <\/em>Hier wird die Wahrheit hinter der Virusinfektion aufgedeckt. Wie sich herausstellt, ist die <strong><a href=\"https:\/\/darwinia.standardof.net\/de\/leiten\/einheiten\/darwinisten\/\" class=\"rank-math-link\">Darwinisten<\/a> <\/strong>schaffte es, den Trunk Port hier auf das auszurichten, was sie f\u00fcr den Himmel hielten, war aber tats\u00e4chlich Doktor Sepulvedas Arbeitscomputer. Was als n\u00e4chstes geschah, wirkte sich f\u00fcr immer auf ihre Gesellschaft aus, da sie die Forschungsdaten des Arztes heruntergeladen hatten, die alle Informationen \u00fcber die Existenz der Darwinisten und ihre Entstehung enthielten. Dabei gelang es ihnen, 3 Spam-E-Mails mit b\u00f6sen Viren herunterzuladen, die in der Welt von aufgetreten sind <em>Darwinia<\/em> in das Virus haben Sie die ganze Zeit gek\u00e4mpft.<\/p>\n<\/div>\n\n\n\n<div class=\"wp-block-column is-layout-flow wp-block-column-is-layout-flow\">\n<figure class=\"wp-block-image size-large\"><a href=\"https:\/\/darwinia.standardof.net\/de\/leiten\/level-walkthroughs\/tempel\/darwinia-level-11-temple-1\/\"><img decoding=\"async\" width=\"470\" height=\"294\" src=\"https:\/\/darwinia.standardof.net\/wp-content\/uploads\/sites\/7\/2020\/10\/Darwinia-Level-11-Temple-1.jpg\" alt=\"\" class=\"wp-image-158\" srcset=\"https:\/\/darwinia.standardof.net\/wp-content\/uploads\/sites\/7\/2020\/10\/Darwinia-Level-11-Temple-1.jpg 470w, https:\/\/darwinia.standardof.net\/wp-content\/uploads\/sites\/7\/2020\/10\/Darwinia-Level-11-Temple-1-200x125.jpg 200w, https:\/\/darwinia.standardof.net\/wp-content\/uploads\/sites\/7\/2020\/10\/Darwinia-Level-11-Temple-1-16x10.jpg 16w\" sizes=\"(max-width: 470px) 100vw, 470px\" \/><\/a><\/figure>\n<\/div>\n<\/div>\n\n\n\n<div class=\"wp-block-columns is-layout-flex wp-container-core-columns-is-layout-2 wp-block-columns-is-layout-flex\">\n<div class=\"wp-block-column is-layout-flow wp-block-column-is-layout-flow\">\n<p>Diese 3 <strong><a href=\"https:\/\/darwinia.standardof.net\/de\/leiten\/feinde\/\" class=\"rank-math-link\">Virus<\/a> <\/strong>infizierte E-Mails sind das Hauptziel des Tempelebens, und alle drei m\u00fcssen zerst\u00f6rt werden, um sie endg\u00fcltig zu beseitigen <em>Darwinia<\/em> der Infektion. Jede Mail befindet sich auf einer Insel und l\u00f6st von Zeit zu Zeit einen Virenangriff aus, der Darwinisten und Ihre Programme t\u00f6tet und gleichzeitig zus\u00e4tzliche Viren erzeugt. Es gibt keine M\u00f6glichkeit, dies zu vermeiden. Erwarten Sie daher, dass dies regelm\u00e4\u00dfig geschieht.<\/p>\n<\/div>\n\n\n\n<div class=\"wp-block-column is-layout-flow wp-block-column-is-layout-flow\">\n<figure class=\"wp-block-image size-large\"><a href=\"https:\/\/darwinia.standardof.net\/de\/leiten\/level-walkthroughs\/tempel\/darwinia-level-11-temple-2\/\"><img decoding=\"async\" width=\"470\" height=\"294\" src=\"https:\/\/darwinia.standardof.net\/wp-content\/uploads\/sites\/7\/2020\/10\/Darwinia-Level-11-Temple-2.jpg\" alt=\"\" class=\"wp-image-159\" srcset=\"https:\/\/darwinia.standardof.net\/wp-content\/uploads\/sites\/7\/2020\/10\/Darwinia-Level-11-Temple-2.jpg 470w, https:\/\/darwinia.standardof.net\/wp-content\/uploads\/sites\/7\/2020\/10\/Darwinia-Level-11-Temple-2-200x125.jpg 200w, https:\/\/darwinia.standardof.net\/wp-content\/uploads\/sites\/7\/2020\/10\/Darwinia-Level-11-Temple-2-16x10.jpg 16w\" sizes=\"(max-width: 470px) 100vw, 470px\" \/><\/a><\/figure>\n<\/div>\n<\/div>\n\n\n\n<div class=\"wp-block-columns is-layout-flex wp-container-core-columns-is-layout-3 wp-block-columns-is-layout-flex\">\n<div class=\"wp-block-column is-layout-flow wp-block-column-is-layout-flow\">\n<p>Ein Vorteil des Tempels gegen\u00fcber anderen Levels ist, dass Sie fast alle im Verborgenen erfassen k\u00f6nnen <a href=\"https:\/\/darwinia.standardof.net\/de\/leiten\/gebaude\/\" class=\"rank-math-link\"><strong>Kontrollt\u00fcrme<\/strong><\/a> hier, darunter viele <a href=\"https:\/\/darwinia.standardof.net\/de\/leiten\/gebaude\/\" class=\"rank-math-link\"><strong>Radargerichte<\/strong> <\/a>und das <a href=\"https:\/\/darwinia.standardof.net\/de\/leiten\/gebaude\/\" class=\"rank-math-link\"><strong>Inkubatoren<\/strong><\/a>. Tun Sie dies zuerst mit Ingenieuren, um sich viele Angriffsoptionen zu verschaffen. Die Kontrollt\u00fcrme verteidigten durch <strong><a href=\"https:\/\/darwinia.standardof.net\/de\/leiten\/feinde\/spinne\/\" class=\"rank-math-link\">Spinnen<\/a> <\/strong>sind einfach zu erfassen, wenn Sie mehrere haben <strong><a href=\"https:\/\/darwinia.standardof.net\/de\/leiten\/einheiten\/techniker\/\" class=\"rank-math-link\">Ingenieure<\/a> <\/strong>mit ein oder zwei, die sich als Ablenkung bewegen. Sie k\u00f6nnen die Side-E-Mail auf der meist kargen Insel herausnehmen, indem Sie die Radarschale heimlich abdecken und Squads verwenden lassen <strong><a href=\"https:\/\/darwinia.standardof.net\/de\/leiten\/waffen\/\" class=\"rank-math-link\">Luftschl\u00e4ge<\/a> <\/strong>oder andere Sprengstoffe. Die anderen beiden Spam-E-Mails sind die Darwinianer auf der Insel mit Rott\u00f6nen und die Temple-E-Mail, in der sich der neu ausgerichtete Trunk-Port befindet.<\/p>\n<\/div>\n\n\n\n<div class=\"wp-block-column is-layout-flow wp-block-column-is-layout-flow\">\n<figure class=\"wp-block-image size-large\"><a href=\"https:\/\/darwinia.standardof.net\/de\/leiten\/level-walkthroughs\/tempel\/darwinia-level-11-temple-3\/\"><img decoding=\"async\" width=\"470\" height=\"294\" src=\"https:\/\/darwinia.standardof.net\/wp-content\/uploads\/sites\/7\/2020\/10\/Darwinia-Level-11-Temple-3.jpg\" alt=\"\" class=\"wp-image-160\" srcset=\"https:\/\/darwinia.standardof.net\/wp-content\/uploads\/sites\/7\/2020\/10\/Darwinia-Level-11-Temple-3.jpg 470w, https:\/\/darwinia.standardof.net\/wp-content\/uploads\/sites\/7\/2020\/10\/Darwinia-Level-11-Temple-3-200x125.jpg 200w, https:\/\/darwinia.standardof.net\/wp-content\/uploads\/sites\/7\/2020\/10\/Darwinia-Level-11-Temple-3-16x10.jpg 16w\" sizes=\"(max-width: 470px) 100vw, 470px\" \/><\/a><\/figure>\n<\/div>\n<\/div>\n\n\n\n<p>Verwenden Sie die Inkubatoren, um Gr\u00fcns zu spawnen und die Spawner auf der ersten Insel zu bemannen, um Ihre Armee aufzubauen. Erstellen Sie eine Gruppe von T\u00fcrmen und setzen Sie sie mit Darwinisten an den R\u00e4ndern der Tempelinsel ein, um die Virusinfektion dort zu kontrollieren.<\/p>\n\n\n\n<div class=\"wp-block-columns is-layout-flex wp-container-core-columns-is-layout-4 wp-block-columns-is-layout-flex\">\n<div class=\"wp-block-column is-layout-flow wp-block-column-is-layout-flow\">\n<p>Schlie\u00dflich m\u00f6chten Sie gegen die rote darwinistische Insel vorgehen, um die letzte E-Mail hier herauszunehmen. Sie k\u00f6nnen entweder eine massive Invasion von Gr\u00fcns verwenden, um eine aufst\u00e4ndische Gruppe von Trupps abzudecken, die einbrechen und Airstrike-Leuchtfeuer in der E-Mail ablegen. Versuchen Sie dabei, den Turm hier zu meiden oder herauszunehmen, da er Ihre Einheiten zerrei\u00dft, wenn er nicht schnell erledigt wird. Vermeiden Sie es, selbst T\u00fcrme auf dieser Insel zu benutzen, es sei denn, Sie m\u00f6chten die Spawner erobern, da die Roten sie m\u00f6glicherweise nehmen und gegen Sie einsetzen. Sobald alle drei E-Mails verschwunden sind, erhalten Sie R &amp; R f\u00fcr Ihre Bem\u00fchungen, das Darwin Simulated Life Research Project zu retten.<\/p>\n<\/div>\n\n\n\n<div class=\"wp-block-column is-layout-flow wp-block-column-is-layout-flow\">\n<figure class=\"wp-block-image size-large\"><a href=\"https:\/\/darwinia.standardof.net\/de\/leiten\/level-walkthroughs\/tempel\/darwinia-level-11-temple-4\/\"><img decoding=\"async\" width=\"470\" height=\"294\" src=\"https:\/\/darwinia.standardof.net\/wp-content\/uploads\/sites\/7\/2020\/10\/Darwinia-Level-11-Temple-4.jpg\" alt=\"\" class=\"wp-image-161\" srcset=\"https:\/\/darwinia.standardof.net\/wp-content\/uploads\/sites\/7\/2020\/10\/Darwinia-Level-11-Temple-4.jpg 470w, https:\/\/darwinia.standardof.net\/wp-content\/uploads\/sites\/7\/2020\/10\/Darwinia-Level-11-Temple-4-200x125.jpg 200w, https:\/\/darwinia.standardof.net\/wp-content\/uploads\/sites\/7\/2020\/10\/Darwinia-Level-11-Temple-4-16x10.jpg 16w\" sizes=\"(max-width: 470px) 100vw, 470px\" \/><\/a><\/figure>\n<\/div>\n<\/div>\n\n\n\n<h3 class=\"wp-block-heading\">Temple - Darwinia Video Walkthrough<\/h3>\n\n\n\n<figure class=\"wp-block-embed-youtube wp-block-embed is-type-video is-provider-youtube wp-embed-aspect-16-9 wp-has-aspect-ratio\"><div class=\"wp-block-embed__wrapper\">\n<div class=\"ast-oembed-container\" style=\"height: 100%;\"><iframe title=\"Darwinia - Tempel - Komplettl\u00f6sung\" width=\"500\" height=\"281\" src=\"https:\/\/www.youtube.com\/embed\/spLZMzykvWo?feature=oembed\" frameborder=\"0\" allow=\"accelerometer; autoplay; clipboard-write; encrypted-media; gyroscope; picture-in-picture; web-share\" referrerpolicy=\"strict-origin-when-cross-origin\" allowfullscreen><\/iframe><\/div>\n<\/div><\/figure>\n\n\n\n<div class=\"wp-block-buttons is-layout-flex wp-block-buttons-is-layout-flex\">\n<div class=\"wp-block-button is-style-outline\"><a class=\"wp-block-button__link\" href=\"https:\/\/darwinia.standardof.net\/de\/leiten\/level-walkthroughs\/biosphare\/\">Vorheriges Level: Biosph\u00e4re<\/a><\/div>\n<\/div>","protected":false},"excerpt":{"rendered":"<p>The Temple is the final level in the main story line of Darwinia. It is here that the truth behind the virus infection is uncovered. As it turns out, the Darwinians managed to realign the Trunk Port here to what they thought was Heaven, but was actually Doctor Sepulveda&#8217;s work computer. What happened next impacted [&hellip;]<\/p>","protected":false},"author":1,"featured_media":159,"parent":229,"menu_order":11,"comment_status":"open","ping_status":"closed","template":"","meta":{"_uag_custom_page_level_css":"","site-sidebar-layout":"default","site-content-layout":"default","ast-site-content-layout":"","site-content-style":"default","site-sidebar-style":"default","ast-global-header-display":"","ast-banner-title-visibility":"","ast-main-header-display":"","ast-hfb-above-header-display":"","ast-hfb-below-header-display":"","ast-hfb-mobile-header-display":"","site-post-title":"","ast-breadcrumbs-content":"","ast-featured-img":"","footer-sml-layout":"","theme-transparent-header-meta":"default","adv-header-id-meta":"","stick-header-meta":"","header-above-stick-meta":"","header-main-stick-meta":"","header-below-stick-meta":"","astra-migrate-meta-layouts":"default","ast-page-background-enabled":"default","ast-page-background-meta":{"desktop":{"background-color":"","background-image":"","background-repeat":"repeat","background-position":"center center","background-size":"auto","background-attachment":"scroll","background-type":"","background-media":"","overlay-type":"","overlay-color":"","overlay-gradient":""},"tablet":{"background-color":"","background-image":"","background-repeat":"repeat","background-position":"center center","background-size":"auto","background-attachment":"scroll","background-type":"","background-media":"","overlay-type":"","overlay-color":"","overlay-gradient":""},"mobile":{"background-color":"","background-image":"","background-repeat":"repeat","background-position":"center center","background-size":"auto","background-attachment":"scroll","background-type":"","background-media":"","overlay-type":"","overlay-color":"","overlay-gradient":""}},"ast-content-background-meta":{"desktop":{"background-color":"var(--ast-global-color-5)","background-image":"","background-repeat":"repeat","background-position":"center center","background-size":"auto","background-attachment":"scroll","background-type":"","background-media":"","overlay-type":"","overlay-color":"","overlay-gradient":""},"tablet":{"background-color":"var(--ast-global-color-5)","background-image":"","background-repeat":"repeat","background-position":"center center","background-size":"auto","background-attachment":"scroll","background-type":"","background-media":"","overlay-type":"","overlay-color":"","overlay-gradient":""},"mobile":{"background-color":"var(--ast-global-color-5)","background-image":"","background-repeat":"repeat","background-position":"center center","background-size":"auto","background-attachment":"scroll","background-type":"","background-media":"","overlay-type":"","overlay-color":"","overlay-gradient":""}},"footnotes":""},"uagb_featured_image_src":{"full":["https:\/\/darwinia.standardof.net\/wp-content\/uploads\/sites\/7\/2020\/10\/Darwinia-Level-11-Temple-2.jpg",470,294,false],"thumbnail":["https:\/\/darwinia.standardof.net\/wp-content\/uploads\/sites\/7\/2020\/10\/Darwinia-Level-11-Temple-2-200x125.jpg",200,125,true],"medium":["https:\/\/darwinia.standardof.net\/wp-content\/uploads\/sites\/7\/2020\/10\/Darwinia-Level-11-Temple-2.jpg",470,294,false],"medium_large":["https:\/\/darwinia.standardof.net\/wp-content\/uploads\/sites\/7\/2020\/10\/Darwinia-Level-11-Temple-2.jpg",470,294,false],"large":["https:\/\/darwinia.standardof.net\/wp-content\/uploads\/sites\/7\/2020\/10\/Darwinia-Level-11-Temple-2.jpg",470,294,false],"1536x1536":["https:\/\/darwinia.standardof.net\/wp-content\/uploads\/sites\/7\/2020\/10\/Darwinia-Level-11-Temple-2.jpg",470,294,false],"2048x2048":["https:\/\/darwinia.standardof.net\/wp-content\/uploads\/sites\/7\/2020\/10\/Darwinia-Level-11-Temple-2.jpg",470,294,false],"trp-custom-language-flag":["https:\/\/darwinia.standardof.net\/wp-content\/uploads\/sites\/7\/2020\/10\/Darwinia-Level-11-Temple-2-16x10.jpg",16,10,true]},"uagb_author_info":{"display_name":"SOE","author_link":"https:\/\/darwinia.standardof.net\/de\/author\/k-tastic\/"},"uagb_comment_info":0,"uagb_excerpt":"The Temple is the final level in the main story line of Darwinia. It is here that the truth behind the virus infection is uncovered. As it turns out, the Darwinians managed to realign the Trunk Port here to what they thought was Heaven, but was actually Doctor Sepulveda&#8217;s work computer. What happened next impacted&hellip;","_links":{"self":[{"href":"https:\/\/darwinia.standardof.net\/de\/wp-json\/wp\/v2\/pages\/250"}],"collection":[{"href":"https:\/\/darwinia.standardof.net\/de\/wp-json\/wp\/v2\/pages"}],"about":[{"href":"https:\/\/darwinia.standardof.net\/de\/wp-json\/wp\/v2\/types\/page"}],"author":[{"embeddable":true,"href":"https:\/\/darwinia.standardof.net\/de\/wp-json\/wp\/v2\/users\/1"}],"replies":[{"embeddable":true,"href":"https:\/\/darwinia.standardof.net\/de\/wp-json\/wp\/v2\/comments?post=250"}],"version-history":[{"count":0,"href":"https:\/\/darwinia.standardof.net\/de\/wp-json\/wp\/v2\/pages\/250\/revisions"}],"up":[{"embeddable":true,"href":"https:\/\/darwinia.standardof.net\/de\/wp-json\/wp\/v2\/pages\/229"}],"wp:featuredmedia":[{"embeddable":true,"href":"https:\/\/darwinia.standardof.net\/de\/wp-json\/wp\/v2\/media\/159"}],"wp:attachment":[{"href":"https:\/\/darwinia.standardof.net\/de\/wp-json\/wp\/v2\/media?parent=250"}],"curies":[{"name":"wp","href":"https:\/\/api.w.org\/{rel}","templated":true}]}}