{"id":249,"date":"2020-10-30T17:59:35","date_gmt":"2020-10-30T17:59:35","guid":{"rendered":"https:\/\/darwinia.standardof.net\/?page_id=249"},"modified":"2020-10-30T19:07:57","modified_gmt":"2020-10-30T19:07:57","slug":"biosphere","status":"publish","type":"page","link":"https:\/\/darwinia.standardof.net\/de\/leiten\/level-walkthroughs\/biosphare\/","title":{"rendered":"Biosph\u00e4re"},"content":{"rendered":"<div class=\"wp-block-group\"><div class=\"wp-block-group__inner-container is-layout-flow wp-block-group-is-layout-flow\">\n<div style=\"height:20px\" aria-hidden=\"true\" class=\"wp-block-spacer\"><\/div>\n<\/div><\/div>\n\n\n\n<div class=\"wp-block-columns is-layout-flex wp-container-core-columns-is-layout-1 wp-block-columns-is-layout-flex\">\n<div class=\"wp-block-column is-layout-flow wp-block-column-is-layout-flow\">\n<p>Das Biosph\u00e4renlevel ist das vorletzte Level in <em>Darwinia<\/em>. Dies ist die Einrichtung, in der Seelen aus dem <strong><a href=\"https:\/\/darwinia.standardof.net\/de\/leiten\/level-walkthroughs\/empfanger\/\" class=\"rank-math-link\">Empf\u00e4nger<\/a> <\/strong>und die Daten, die die physikalische Grundform der Darwinisten regeln, werden kombiniert, um neue Darwinisten an den verschiedenen Spawnpunkten auf dieser Ebene hervorzubringen. Diese Geb\u00e4ude ersetzen die Inkubatoren, indem sie einen stetigen Strom neuer Einheiten liefern, ohne dass Ingenieure die Seelen sammeln m\u00fcssen. Sie sind alleinige Ziele in der Biosph\u00e4re <em>Darwinia<\/em> Level ist es, die Rote Armee zu eliminieren und den Trunk Port zum zu aktivieren <a href=\"https:\/\/darwinia.standardof.net\/de\/leiten\/level-walkthroughs\/tempel\/\" class=\"rank-math-link\">Tempel<\/a> Niveau.<\/p>\n<\/div>\n\n\n\n<div class=\"wp-block-column is-layout-flow wp-block-column-is-layout-flow\">\n<figure class=\"wp-block-image size-large\"><a href=\"https:\/\/darwinia.standardof.net\/de\/leiten\/level-walkthroughs\/biosphare\/darwinia-level-10-biosphere-1\/\"><img decoding=\"async\" width=\"470\" height=\"294\" src=\"https:\/\/darwinia.standardof.net\/wp-content\/uploads\/sites\/7\/2020\/10\/Darwinia-Level-10-Biosphere-1.jpg\" alt=\"\" class=\"wp-image-153\" srcset=\"https:\/\/darwinia.standardof.net\/wp-content\/uploads\/sites\/7\/2020\/10\/Darwinia-Level-10-Biosphere-1.jpg 470w, https:\/\/darwinia.standardof.net\/wp-content\/uploads\/sites\/7\/2020\/10\/Darwinia-Level-10-Biosphere-1-200x125.jpg 200w, https:\/\/darwinia.standardof.net\/wp-content\/uploads\/sites\/7\/2020\/10\/Darwinia-Level-10-Biosphere-1-16x10.jpg 16w\" sizes=\"(max-width: 470px) 100vw, 470px\" \/><\/a><\/figure>\n<\/div>\n<\/div>\n\n\n\n<div class=\"wp-block-columns is-layout-flex wp-container-core-columns-is-layout-2 wp-block-columns-is-layout-flex\">\n<div class=\"wp-block-column is-layout-flow wp-block-column-is-layout-flow\">\n<p>Sie werden die Biosph\u00e4re in beginnen <em>Darwinia <\/em>auf der Insel mit dem Pattern Buffer Trunk Port und einer kleinen Gruppe von Gr\u00fcn <a href=\"https:\/\/darwinia.standardof.net\/de\/leiten\/einheiten\/darwinisten\/\" class=\"rank-math-link\"><strong>Darwinisten<\/strong><\/a>. Da es hier keine Inkubatoren gibt, in denen Seelen zum Wiederauftauchen gesammelt werden k\u00f6nnen, m\u00fcssen Sie diese Jungs besch\u00fctzen, bis sie einen der Spawner bemannen k\u00f6nnen. Erstelle Trupps und benutze deinen besten Sprengstoff, um die Rott\u00f6ne von einem der Spawner zu entfernen. Wenn du Lust dazu hast, kannst du zuerst versuchen, die ganze Insel zu beseitigen. Stellen Sie in jedem Fall sicher, dass sich keine roten Darwinisten neben dem Spawner befinden, und senden Sie Ihre Gr\u00fcns, um sie einzufangen, w\u00e4hrend Sie eine haben <strong><a href=\"https:\/\/darwinia.standardof.net\/de\/leiten\/einheiten\/kader\/\" class=\"rank-math-link\">Kader<\/a> <\/strong>Halten Sie alle Gegenangriffsgruppen von Roten in Schach, da sie versuchen werden, sie wieder zu \u00fcbernehmen. Wenn Sie gegen viele Gr\u00fcns verlieren, m\u00fcssen Sie dieses Level neu starten.<\/p>\n<\/div>\n\n\n\n<div class=\"wp-block-column is-layout-flow wp-block-column-is-layout-flow\">\n<figure class=\"wp-block-image size-large\"><a href=\"https:\/\/darwinia.standardof.net\/de\/leiten\/level-walkthroughs\/biosphare\/darwinia-level-10-biosphere-2\/\"><img decoding=\"async\" width=\"470\" height=\"294\" src=\"https:\/\/darwinia.standardof.net\/wp-content\/uploads\/sites\/7\/2020\/10\/Darwinia-Level-10-Biosphere-2.jpg\" alt=\"\" class=\"wp-image-154\" srcset=\"https:\/\/darwinia.standardof.net\/wp-content\/uploads\/sites\/7\/2020\/10\/Darwinia-Level-10-Biosphere-2.jpg 470w, https:\/\/darwinia.standardof.net\/wp-content\/uploads\/sites\/7\/2020\/10\/Darwinia-Level-10-Biosphere-2-200x125.jpg 200w, https:\/\/darwinia.standardof.net\/wp-content\/uploads\/sites\/7\/2020\/10\/Darwinia-Level-10-Biosphere-2-16x10.jpg 16w\" sizes=\"(max-width: 470px) 100vw, 470px\" \/><\/a><\/figure>\n<\/div>\n<\/div>\n\n\n\n<p>Sobald Sie einen Spawner gefangen haben, bauen Sie Ihre gr\u00fcne Armee auf, w\u00e4hrend Sie den Rest der Spawner mit Ihren Trupps beseitigen. Folgen Sie mit Gr\u00fcns, um die Einrichtungen zu besetzen, w\u00e4hrend ihre Rott\u00f6ne entfernt werden, bis diese ganze Insel unter Ihrer Kontrolle ist. Sobald Sie diesen Halt gefunden haben, wird der Rest der Biosph\u00e4re viel einfacher.<\/p>\n\n\n\n<div class=\"wp-block-columns is-layout-flex wp-container-core-columns-is-layout-3 wp-block-columns-is-layout-flex\">\n<div class=\"wp-block-column is-layout-flow wp-block-column-is-layout-flow\">\n<p>Es bleiben zwei Hauptschritte, um in diesem Level erfolgreich zu sein. Zuerst und am zeitaufw\u00e4ndigsten ist es, alle Ihre Gr\u00fcns, die die Spawners nicht besetzen, durch eine Radarsch\u00fcssel zu schicken, um die benachbarten Inseln anzugreifen. Auf diese Weise k\u00f6nnen Sie auch mehr Gr\u00fcns erzeugen, da die Anzahl, die Sie gleichzeitig haben k\u00f6nnen, davon abh\u00e4ngt, wie viele sich auf jeder Insel befinden. Wenn Sie also die Gr\u00fcns der ersten Insel verschieben, k\u00f6nnen Sie dort mehr Gr\u00fcns erzeugen und die feindlichen Inseln \u00fcberfluten.<\/p>\n<\/div>\n\n\n\n<div class=\"wp-block-column is-layout-flow wp-block-column-is-layout-flow\">\n<figure class=\"wp-block-image size-large\"><a href=\"https:\/\/darwinia.standardof.net\/de\/leiten\/level-walkthroughs\/biosphare\/darwinia-level-10-biosphere-3\/\"><img decoding=\"async\" width=\"470\" height=\"294\" src=\"https:\/\/darwinia.standardof.net\/wp-content\/uploads\/sites\/7\/2020\/10\/Darwinia-Level-10-Biosphere-3.jpg\" alt=\"\" class=\"wp-image-155\" srcset=\"https:\/\/darwinia.standardof.net\/wp-content\/uploads\/sites\/7\/2020\/10\/Darwinia-Level-10-Biosphere-3.jpg 470w, https:\/\/darwinia.standardof.net\/wp-content\/uploads\/sites\/7\/2020\/10\/Darwinia-Level-10-Biosphere-3-200x125.jpg 200w, https:\/\/darwinia.standardof.net\/wp-content\/uploads\/sites\/7\/2020\/10\/Darwinia-Level-10-Biosphere-3-16x10.jpg 16w\" sizes=\"(max-width: 470px) 100vw, 470px\" \/><\/a><\/figure>\n<\/div>\n<\/div>\n\n\n\n<div class=\"wp-block-columns is-layout-flex wp-container-core-columns-is-layout-4 wp-block-columns-is-layout-flex\">\n<div class=\"wp-block-column is-layout-flow wp-block-column-is-layout-flow\">\n<p>Greife jeden Spawner einzeln mit Unterst\u00fctzung deiner Squads an und benutze den Einsatz <strong><a href=\"https:\/\/darwinia.standardof.net\/de\/leiten\/einheiten\/rustung\/\" class=\"rank-math-link\">T\u00fcrme<\/a> <\/strong>um deine Positionen zu verteidigen. Vermeiden Sie es, T\u00fcrme zu nahe an gro\u00dfen Gruppen von Rott\u00f6nen einzusetzen, da diese den Turm m\u00f6glicherweise \u00fcberlaufen und gegen Sie wenden. Wenn Sie sehen, dass Gruppen von Roten gesendet werden, um eine Position zu verst\u00e4rken oder zur\u00fcckzuerobern, senden Sie einige Trupps oder eine andere Gruppe von Gr\u00fcns, um sie abzufangen. Verwenden Sie Pincher Moves und <strong><a href=\"https:\/\/darwinia.standardof.net\/de\/leiten\/waffen\/\" class=\"rank-math-link\">Granaten<\/a> <\/strong>wann immer m\u00f6glich, damit sie ihre Formationen zerstreuen und brechen.<\/p>\n<\/div>\n\n\n\n<div class=\"wp-block-column is-layout-flow wp-block-column-is-layout-flow\">\n<figure class=\"wp-block-image size-large\"><a href=\"https:\/\/darwinia.standardof.net\/de\/leiten\/level-walkthroughs\/biosphare\/darwinia-level-10-biosphere-4\/\"><img decoding=\"async\" width=\"470\" height=\"294\" src=\"https:\/\/darwinia.standardof.net\/wp-content\/uploads\/sites\/7\/2020\/10\/Darwinia-Level-10-Biosphere-4.jpg\" alt=\"\" class=\"wp-image-156\" srcset=\"https:\/\/darwinia.standardof.net\/wp-content\/uploads\/sites\/7\/2020\/10\/Darwinia-Level-10-Biosphere-4.jpg 470w, https:\/\/darwinia.standardof.net\/wp-content\/uploads\/sites\/7\/2020\/10\/Darwinia-Level-10-Biosphere-4-200x125.jpg 200w, https:\/\/darwinia.standardof.net\/wp-content\/uploads\/sites\/7\/2020\/10\/Darwinia-Level-10-Biosphere-4-16x10.jpg 16w\" sizes=\"(max-width: 470px) 100vw, 470px\" \/><\/a><\/figure>\n<\/div>\n<\/div>\n\n\n\n<div class=\"wp-block-columns is-layout-flex wp-container-core-columns-is-layout-5 wp-block-columns-is-layout-flex\">\n<div class=\"wp-block-column is-layout-flow wp-block-column-is-layout-flow\">\n<p>Sobald Sie die Rott\u00f6ne beseitigt haben, senden Sie 2-3 mit Darwinisten gef\u00fcllte T\u00fcrme auf die Zentralinsel, um dort die Viren zu entfernen, insbesondere die <a href=\"https:\/\/darwinia.standardof.net\/de\/leiten\/feinde\/seelenzerstorer\/\" class=\"rank-math-link\"><strong>Seelenzerst\u00f6rer<\/strong><\/a>. Wenden Sie sich an einen Ingenieur, um den Temple Trunk Port zu erobern, und die Level-Biosph\u00e4re ist ein Wrap.<\/p>\n<\/div>\n\n\n\n<div class=\"wp-block-column is-layout-flow wp-block-column-is-layout-flow\">\n<figure class=\"wp-block-image size-large\"><a href=\"https:\/\/darwinia.standardof.net\/de\/leiten\/level-walkthroughs\/biosphare\/darwinia-level-10-biosphere-5\/\"><img decoding=\"async\" width=\"470\" height=\"294\" src=\"https:\/\/darwinia.standardof.net\/wp-content\/uploads\/sites\/7\/2020\/10\/Darwinia-Level-10-Biosphere-5.jpg\" alt=\"\" class=\"wp-image-157\" srcset=\"https:\/\/darwinia.standardof.net\/wp-content\/uploads\/sites\/7\/2020\/10\/Darwinia-Level-10-Biosphere-5.jpg 470w, https:\/\/darwinia.standardof.net\/wp-content\/uploads\/sites\/7\/2020\/10\/Darwinia-Level-10-Biosphere-5-200x125.jpg 200w, https:\/\/darwinia.standardof.net\/wp-content\/uploads\/sites\/7\/2020\/10\/Darwinia-Level-10-Biosphere-5-16x10.jpg 16w\" sizes=\"(max-width: 470px) 100vw, 470px\" \/><\/a><\/figure>\n<\/div>\n<\/div>\n\n\n\n<h3 class=\"wp-block-heading\">Biosph\u00e4re - Darwinia Video Walkthrough<\/h3>\n\n\n\n<figure class=\"wp-block-embed-youtube wp-block-embed is-type-video is-provider-youtube wp-embed-aspect-16-9 wp-has-aspect-ratio\"><div class=\"wp-block-embed__wrapper\">\n<div class=\"ast-oembed-container\" style=\"height: 100%;\"><iframe title=\"Darwinia - Biosph\u00e4re - Komplettl\u00f6sung\" width=\"500\" height=\"281\" src=\"https:\/\/www.youtube.com\/embed\/MP97Y78oRi8?feature=oembed\" frameborder=\"0\" allow=\"accelerometer; autoplay; clipboard-write; encrypted-media; gyroscope; picture-in-picture; web-share\" referrerpolicy=\"strict-origin-when-cross-origin\" allowfullscreen><\/iframe><\/div>\n<\/div><\/figure>\n\n\n\n<div class=\"wp-block-buttons aligncenter is-layout-flex wp-block-buttons-is-layout-flex\">\n<div class=\"wp-block-button is-style-outline\"><a class=\"wp-block-button__link\" href=\"https:\/\/darwinia.standardof.net\/de\/leiten\/level-walkthroughs\/musterpuffer\/\">Vorherige Stufe: Musterpuffer<\/a><\/div>\n\n\n\n<div class=\"wp-block-button\"><a class=\"wp-block-button__link\" href=\"https:\/\/darwinia.standardof.net\/de\/leiten\/level-walkthroughs\/tempel\/\">N\u00e4chstes Level: Tempel<\/a><\/div>\n<\/div>","protected":false},"excerpt":{"rendered":"<p>The Biosphere level is the second to last level in Darwinia. This is the facility where souls from the Receiver and the data governing the basic physical form of the Darwinians are combined to spawn new Darwinians at the various spawn points located throughout this level. These buildings replace the Incubators by giving a steady [&hellip;]<\/p>","protected":false},"author":1,"featured_media":156,"parent":229,"menu_order":10,"comment_status":"open","ping_status":"closed","template":"","meta":{"_uag_custom_page_level_css":"","site-sidebar-layout":"default","site-content-layout":"default","ast-site-content-layout":"","site-content-style":"default","site-sidebar-style":"default","ast-global-header-display":"","ast-banner-title-visibility":"","ast-main-header-display":"","ast-hfb-above-header-display":"","ast-hfb-below-header-display":"","ast-hfb-mobile-header-display":"","site-post-title":"","ast-breadcrumbs-content":"","ast-featured-img":"","footer-sml-layout":"","theme-transparent-header-meta":"default","adv-header-id-meta":"","stick-header-meta":"","header-above-stick-meta":"","header-main-stick-meta":"","header-below-stick-meta":"","astra-migrate-meta-layouts":"default","ast-page-background-enabled":"default","ast-page-background-meta":{"desktop":{"background-color":"","background-image":"","background-repeat":"repeat","background-position":"center center","background-size":"auto","background-attachment":"scroll","background-type":"","background-media":"","overlay-type":"","overlay-color":"","overlay-gradient":""},"tablet":{"background-color":"","background-image":"","background-repeat":"repeat","background-position":"center center","background-size":"auto","background-attachment":"scroll","background-type":"","background-media":"","overlay-type":"","overlay-color":"","overlay-gradient":""},"mobile":{"background-color":"","background-image":"","background-repeat":"repeat","background-position":"center center","background-size":"auto","background-attachment":"scroll","background-type":"","background-media":"","overlay-type":"","overlay-color":"","overlay-gradient":""}},"ast-content-background-meta":{"desktop":{"background-color":"var(--ast-global-color-5)","background-image":"","background-repeat":"repeat","background-position":"center center","background-size":"auto","background-attachment":"scroll","background-type":"","background-media":"","overlay-type":"","overlay-color":"","overlay-gradient":""},"tablet":{"background-color":"var(--ast-global-color-5)","background-image":"","background-repeat":"repeat","background-position":"center center","background-size":"auto","background-attachment":"scroll","background-type":"","background-media":"","overlay-type":"","overlay-color":"","overlay-gradient":""},"mobile":{"background-color":"var(--ast-global-color-5)","background-image":"","background-repeat":"repeat","background-position":"center center","background-size":"auto","background-attachment":"scroll","background-type":"","background-media":"","overlay-type":"","overlay-color":"","overlay-gradient":""}},"footnotes":""},"uagb_featured_image_src":{"full":["https:\/\/darwinia.standardof.net\/wp-content\/uploads\/sites\/7\/2020\/10\/Darwinia-Level-10-Biosphere-4.jpg",470,294,false],"thumbnail":["https:\/\/darwinia.standardof.net\/wp-content\/uploads\/sites\/7\/2020\/10\/Darwinia-Level-10-Biosphere-4-200x125.jpg",200,125,true],"medium":["https:\/\/darwinia.standardof.net\/wp-content\/uploads\/sites\/7\/2020\/10\/Darwinia-Level-10-Biosphere-4.jpg",470,294,false],"medium_large":["https:\/\/darwinia.standardof.net\/wp-content\/uploads\/sites\/7\/2020\/10\/Darwinia-Level-10-Biosphere-4.jpg",470,294,false],"large":["https:\/\/darwinia.standardof.net\/wp-content\/uploads\/sites\/7\/2020\/10\/Darwinia-Level-10-Biosphere-4.jpg",470,294,false],"1536x1536":["https:\/\/darwinia.standardof.net\/wp-content\/uploads\/sites\/7\/2020\/10\/Darwinia-Level-10-Biosphere-4.jpg",470,294,false],"2048x2048":["https:\/\/darwinia.standardof.net\/wp-content\/uploads\/sites\/7\/2020\/10\/Darwinia-Level-10-Biosphere-4.jpg",470,294,false],"trp-custom-language-flag":["https:\/\/darwinia.standardof.net\/wp-content\/uploads\/sites\/7\/2020\/10\/Darwinia-Level-10-Biosphere-4-16x10.jpg",16,10,true]},"uagb_author_info":{"display_name":"SOE","author_link":"https:\/\/darwinia.standardof.net\/de\/author\/k-tastic\/"},"uagb_comment_info":0,"uagb_excerpt":"The Biosphere level is the second to last level in Darwinia. This is the facility where souls from the Receiver and the data governing the basic physical form of the Darwinians are combined to spawn new Darwinians at the various spawn points located throughout this level. These buildings replace the Incubators by giving a steady&hellip;","_links":{"self":[{"href":"https:\/\/darwinia.standardof.net\/de\/wp-json\/wp\/v2\/pages\/249"}],"collection":[{"href":"https:\/\/darwinia.standardof.net\/de\/wp-json\/wp\/v2\/pages"}],"about":[{"href":"https:\/\/darwinia.standardof.net\/de\/wp-json\/wp\/v2\/types\/page"}],"author":[{"embeddable":true,"href":"https:\/\/darwinia.standardof.net\/de\/wp-json\/wp\/v2\/users\/1"}],"replies":[{"embeddable":true,"href":"https:\/\/darwinia.standardof.net\/de\/wp-json\/wp\/v2\/comments?post=249"}],"version-history":[{"count":0,"href":"https:\/\/darwinia.standardof.net\/de\/wp-json\/wp\/v2\/pages\/249\/revisions"}],"up":[{"embeddable":true,"href":"https:\/\/darwinia.standardof.net\/de\/wp-json\/wp\/v2\/pages\/229"}],"wp:featuredmedia":[{"embeddable":true,"href":"https:\/\/darwinia.standardof.net\/de\/wp-json\/wp\/v2\/media\/156"}],"wp:attachment":[{"href":"https:\/\/darwinia.standardof.net\/de\/wp-json\/wp\/v2\/media?parent=249"}],"curies":[{"name":"wp","href":"https:\/\/api.w.org\/{rel}","templated":true}]}}