{"id":248,"date":"2020-10-30T17:59:17","date_gmt":"2020-10-30T17:59:17","guid":{"rendered":"https:\/\/darwinia.standardof.net\/?page_id=248"},"modified":"2020-10-30T19:02:35","modified_gmt":"2020-10-30T19:02:35","slug":"pattern-buffer","status":"publish","type":"page","link":"https:\/\/darwinia.standardof.net\/de\/leiten\/level-walkthroughs\/musterpuffer\/","title":{"rendered":"Musterpuffer"},"content":{"rendered":"<div class=\"wp-block-group\"><div class=\"wp-block-group__inner-container is-layout-flow wp-block-group-is-layout-flow\">\n<div style=\"height:20px\" aria-hidden=\"true\" class=\"wp-block-spacer\"><\/div>\n<\/div><\/div>\n\n\n\n<div class=\"wp-block-columns is-layout-flex wp-container-core-columns-is-layout-1 wp-block-columns-is-layout-flex\">\n<div class=\"wp-block-column is-layout-flow wp-block-column-is-layout-flow\">\n<p>Der Musterpuffer zusammen mit dem <strong><a href=\"https:\/\/darwinia.standardof.net\/de\/leiten\/level-walkthroughs\/empfanger\/\" class=\"rank-math-link\">Empf\u00e4nger<\/a> <\/strong>bilden die beiden integralen Bestandteile des Wiedergeburtsprozesses f\u00fcr die Darwinisten, der in der gipfelt <a href=\"https:\/\/darwinia.standardof.net\/de\/leiten\/level-walkthroughs\/biosphare\/\" class=\"rank-math-link\"><strong>Biosph\u00e4re<\/strong><\/a>. Der Musterpuffer in <em>Darwinia<\/em> Hier werden die Daten gespeichert, die die physikalische Grundform eines jeden Darwinisten regeln, und zur Unterbringung der vom Empf\u00e4nger gesammelten Geister verwendet. Das Hauptziel dabei <em>Darwinia<\/em> Stufe ist das L\u00f6schen der Musterinfektion durch Erfassen von 4 Einrichtungen auf der Karte. Bevor Sie das Unternehmen verlassen, m\u00fcssen Sie den Biosphere Trunk Port von diesem Standort aus aktivieren.<\/p>\n<\/div>\n\n\n\n<div class=\"wp-block-column is-layout-flow wp-block-column-is-layout-flow\">\n<figure class=\"wp-block-image size-large\"><a href=\"https:\/\/darwinia.standardof.net\/de\/leiten\/level-walkthroughs\/musterpuffer\/darwinia-level-09-pattern-buffer-1\/\"><img decoding=\"async\" width=\"470\" height=\"294\" src=\"https:\/\/darwinia.standardof.net\/wp-content\/uploads\/sites\/7\/2020\/10\/Darwinia-Level-09-Pattern-Buffer-1.jpg\" alt=\"\" class=\"wp-image-148\" srcset=\"https:\/\/darwinia.standardof.net\/wp-content\/uploads\/sites\/7\/2020\/10\/Darwinia-Level-09-Pattern-Buffer-1.jpg 470w, https:\/\/darwinia.standardof.net\/wp-content\/uploads\/sites\/7\/2020\/10\/Darwinia-Level-09-Pattern-Buffer-1-200x125.jpg 200w, https:\/\/darwinia.standardof.net\/wp-content\/uploads\/sites\/7\/2020\/10\/Darwinia-Level-09-Pattern-Buffer-1-16x10.jpg 16w\" sizes=\"(max-width: 470px) 100vw, 470px\" \/><\/a><\/figure>\n<\/div>\n<\/div>\n\n\n\n<div class=\"wp-block-columns is-layout-flex wp-container-core-columns-is-layout-2 wp-block-columns-is-layout-flex\">\n<div class=\"wp-block-column is-layout-flow wp-block-column-is-layout-flow\">\n<p>Starten Sie die Musterpufferstufe durch Laichen <strong><a href=\"https:\/\/darwinia.standardof.net\/de\/leiten\/einheiten\/kader\/\" class=\"rank-math-link\">Trupps<\/a> <\/strong>bis zum <strong><a href=\"https:\/\/darwinia.standardof.net\/de\/leiten\/level-walkthroughs\/garten\/\" class=\"rank-math-link\">Garten<\/a> <\/strong>Trunk Port. Schneiden Sie einen Weg zu den Inkubatoren und erobern Sie sie sofort, um ein gro\u00dfes gr\u00fcnes Reservat aufzubauen <a href=\"https:\/\/darwinia.standardof.net\/de\/leiten\/einheiten\/darwinisten\/\" class=\"rank-math-link\"><strong>Darwinisten<\/strong><\/a>. Beseitigen Sie weiterhin die Virusinfektion auf dieser Insel, um den Darwinisten den Weg zu ebnen, die Einrichtungen zu besetzen, die erforderlich sind, um die Infektion aus dem Muster zu entfernen.<\/p>\n<\/div>\n\n\n\n<div class=\"wp-block-column is-layout-flow wp-block-column-is-layout-flow\">\n<figure class=\"wp-block-image size-large\"><a href=\"https:\/\/darwinia.standardof.net\/de\/leiten\/level-walkthroughs\/musterpuffer\/darwinia-level-09-pattern-buffer-2\/\"><img decoding=\"async\" width=\"470\" height=\"294\" src=\"https:\/\/darwinia.standardof.net\/wp-content\/uploads\/sites\/7\/2020\/10\/Darwinia-Level-09-Pattern-Buffer-2.jpg\" alt=\"\" class=\"wp-image-149\" srcset=\"https:\/\/darwinia.standardof.net\/wp-content\/uploads\/sites\/7\/2020\/10\/Darwinia-Level-09-Pattern-Buffer-2.jpg 470w, https:\/\/darwinia.standardof.net\/wp-content\/uploads\/sites\/7\/2020\/10\/Darwinia-Level-09-Pattern-Buffer-2-200x125.jpg 200w, https:\/\/darwinia.standardof.net\/wp-content\/uploads\/sites\/7\/2020\/10\/Darwinia-Level-09-Pattern-Buffer-2-16x10.jpg 16w\" sizes=\"(max-width: 470px) 100vw, 470px\" \/><\/a><\/figure>\n<\/div>\n<\/div>\n\n\n\n<div class=\"wp-block-columns is-layout-flex wp-container-core-columns-is-layout-3 wp-block-columns-is-layout-flex\">\n<div class=\"wp-block-column is-layout-flow wp-block-column-is-layout-flow\">\n<p>Stellen Sie dabei auch sicher, dass Sie einige eingesetzte T\u00fcrme in Reichweite des Trunk-Hafens mit einigen Darwinisten aufstellen, um sie richtig zu managen. Es wird bald einen stetigen Strom roter Darwinisten geben, die aus jedem Stammhafen str\u00f6men, und Sie m\u00f6chten, dass T\u00fcrme verf\u00fcgbar sind, um sie abzuschie\u00dfen, aber weit genug vom Hafen entfernt, um zu verhindern, dass sie vom Feind \u00fcberrannt und \u00fcbernommen werden.<\/p>\n<\/div>\n\n\n\n<div class=\"wp-block-column is-layout-flow wp-block-column-is-layout-flow\">\n<figure class=\"wp-block-image size-large\"><a href=\"https:\/\/darwinia.standardof.net\/de\/leiten\/level-walkthroughs\/musterpuffer\/darwinia-level-09-pattern-buffer-3\/\"><img decoding=\"async\" width=\"470\" height=\"264\" src=\"https:\/\/darwinia.standardof.net\/wp-content\/uploads\/sites\/7\/2020\/10\/Darwinia-Level-09-Pattern-Buffer-3.jpg\" alt=\"\" class=\"wp-image-150\" srcset=\"https:\/\/darwinia.standardof.net\/wp-content\/uploads\/sites\/7\/2020\/10\/Darwinia-Level-09-Pattern-Buffer-3.jpg 470w, https:\/\/darwinia.standardof.net\/wp-content\/uploads\/sites\/7\/2020\/10\/Darwinia-Level-09-Pattern-Buffer-3-200x112.jpg 200w, https:\/\/darwinia.standardof.net\/wp-content\/uploads\/sites\/7\/2020\/10\/Darwinia-Level-09-Pattern-Buffer-3-16x9.jpg 16w\" sizes=\"(max-width: 470px) 100vw, 470px\" \/><\/a><\/figure>\n<\/div>\n<\/div>\n\n\n\n<div class=\"wp-block-columns is-layout-flex wp-container-core-columns-is-layout-4 wp-block-columns-is-layout-flex\">\n<div class=\"wp-block-column is-layout-flow wp-block-column-is-layout-flow\">\n<p>Sobald Sie diese erste Insel ger\u00e4umt und die T\u00fcrme aufgestellt haben, um den Zustrom roter Darwinisten in Schach zu halten <a href=\"https:\/\/darwinia.standardof.net\/de\/leiten\/gebaude\/\" class=\"rank-math-link\"><strong>Trunk Port<\/strong><\/a>, fange an, Streitkr\u00e4fte auf die zweite Insel zu schicken. Befolgen Sie hier die gleiche Taktik wie auf der ersten Insel, nur in gr\u00f6\u00dferem Ma\u00dfe, wenn Sie die schwerere Virusinfektion und die gr\u00f6\u00dfere Landfl\u00e4che ber\u00fccksichtigen, die abgedeckt werden soll. Sobald Sie alle 4 Einrichtungen erfasst haben, m\u00fcssen Sie sie einige Zeit lang halten, um die Infektion zu beseitigen, die Sie auf Ihrem Zielbildschirm \u00fcberpr\u00fcfen k\u00f6nnen. Wenn Sie die Kontrolle \u00fcber eine der Einrichtungen verlieren, h\u00f6rt die Infektion auf zu kl\u00e4ren und wird wieder st\u00e4rker. Sobald Sie hier fertig sind, ist es Zeit, sich in die Biosph\u00e4re zu begeben.<\/p>\n<\/div>\n\n\n\n<div class=\"wp-block-column is-layout-flow wp-block-column-is-layout-flow\">\n<figure class=\"wp-block-image size-large\"><a href=\"https:\/\/darwinia.standardof.net\/de\/leiten\/level-walkthroughs\/musterpuffer\/darwinia-level-09-pattern-buffer-4\/\"><img decoding=\"async\" width=\"470\" height=\"264\" src=\"https:\/\/darwinia.standardof.net\/wp-content\/uploads\/sites\/7\/2020\/10\/Darwinia-Level-09-Pattern-Buffer-4.jpg\" alt=\"\" class=\"wp-image-151\" srcset=\"https:\/\/darwinia.standardof.net\/wp-content\/uploads\/sites\/7\/2020\/10\/Darwinia-Level-09-Pattern-Buffer-4.jpg 470w, https:\/\/darwinia.standardof.net\/wp-content\/uploads\/sites\/7\/2020\/10\/Darwinia-Level-09-Pattern-Buffer-4-200x112.jpg 200w, https:\/\/darwinia.standardof.net\/wp-content\/uploads\/sites\/7\/2020\/10\/Darwinia-Level-09-Pattern-Buffer-4-16x9.jpg 16w\" sizes=\"(max-width: 470px) 100vw, 470px\" \/><\/a><\/figure>\n\n\n\n<figure class=\"wp-block-image size-large\"><a href=\"https:\/\/darwinia.standardof.net\/de\/leiten\/level-walkthroughs\/musterpuffer\/darwinia-level-09-pattern-buffer-5\/\"><img decoding=\"async\" width=\"470\" height=\"264\" src=\"https:\/\/darwinia.standardof.net\/wp-content\/uploads\/sites\/7\/2020\/10\/Darwinia-Level-09-Pattern-Buffer-5.jpg\" alt=\"\" class=\"wp-image-152\" srcset=\"https:\/\/darwinia.standardof.net\/wp-content\/uploads\/sites\/7\/2020\/10\/Darwinia-Level-09-Pattern-Buffer-5.jpg 470w, https:\/\/darwinia.standardof.net\/wp-content\/uploads\/sites\/7\/2020\/10\/Darwinia-Level-09-Pattern-Buffer-5-200x112.jpg 200w, https:\/\/darwinia.standardof.net\/wp-content\/uploads\/sites\/7\/2020\/10\/Darwinia-Level-09-Pattern-Buffer-5-16x9.jpg 16w\" sizes=\"(max-width: 470px) 100vw, 470px\" \/><\/a><\/figure>\n<\/div>\n<\/div>\n\n\n\n<h3 class=\"wp-block-heading\">Musterpuffer - Darwinia Video Walkthrough<\/h3>\n\n\n\n<figure class=\"wp-block-embed-youtube wp-block-embed is-type-video is-provider-youtube wp-embed-aspect-16-9 wp-has-aspect-ratio\"><div class=\"wp-block-embed__wrapper\">\n<div class=\"ast-oembed-container\" style=\"height: 100%;\"><iframe title=\"Darwinia - Pattern Buffer - Komplettl\u00f6sung\" width=\"500\" height=\"281\" src=\"https:\/\/www.youtube.com\/embed\/SCBfbS6Pbwo?feature=oembed\" frameborder=\"0\" allow=\"accelerometer; autoplay; clipboard-write; encrypted-media; gyroscope; picture-in-picture; web-share\" referrerpolicy=\"strict-origin-when-cross-origin\" allowfullscreen><\/iframe><\/div>\n<\/div><\/figure>\n\n\n\n<div class=\"wp-block-buttons aligncenter is-layout-flex wp-block-buttons-is-layout-flex\">\n<div class=\"wp-block-button is-style-outline\"><a class=\"wp-block-button__link\" href=\"https:\/\/darwinia.standardof.net\/de\/leiten\/level-walkthroughs\/empfanger\/\">Vorherige Stufe: Empf\u00e4nger<\/a><\/div>\n\n\n\n<div class=\"wp-block-button\"><a class=\"wp-block-button__link\" href=\"https:\/\/darwinia.standardof.net\/de\/leiten\/level-walkthroughs\/biosphare\/\">N\u00e4chstes Level: Biosph\u00e4re<\/a><\/div>\n<\/div>","protected":false},"excerpt":{"rendered":"<p>The Pattern Buffer along with the Receiver form the two integral parts to the rebirth process for the Darwinians that culminates within the Biosphere. The Pattern Buffer in Darwinia is where the data governing the basic physical form of every Darwinian is stored and used to house the spirits that are collected by the Receiver. [&hellip;]<\/p>","protected":false},"author":1,"featured_media":149,"parent":229,"menu_order":9,"comment_status":"open","ping_status":"closed","template":"","meta":{"_uag_custom_page_level_css":"","site-sidebar-layout":"default","site-content-layout":"default","ast-site-content-layout":"","site-content-style":"default","site-sidebar-style":"default","ast-global-header-display":"","ast-banner-title-visibility":"","ast-main-header-display":"","ast-hfb-above-header-display":"","ast-hfb-below-header-display":"","ast-hfb-mobile-header-display":"","site-post-title":"","ast-breadcrumbs-content":"","ast-featured-img":"","footer-sml-layout":"","theme-transparent-header-meta":"default","adv-header-id-meta":"","stick-header-meta":"","header-above-stick-meta":"","header-main-stick-meta":"","header-below-stick-meta":"","astra-migrate-meta-layouts":"default","ast-page-background-enabled":"default","ast-page-background-meta":{"desktop":{"background-color":"","background-image":"","background-repeat":"repeat","background-position":"center center","background-size":"auto","background-attachment":"scroll","background-type":"","background-media":"","overlay-type":"","overlay-color":"","overlay-gradient":""},"tablet":{"background-color":"","background-image":"","background-repeat":"repeat","background-position":"center center","background-size":"auto","background-attachment":"scroll","background-type":"","background-media":"","overlay-type":"","overlay-color":"","overlay-gradient":""},"mobile":{"background-color":"","background-image":"","background-repeat":"repeat","background-position":"center center","background-size":"auto","background-attachment":"scroll","background-type":"","background-media":"","overlay-type":"","overlay-color":"","overlay-gradient":""}},"ast-content-background-meta":{"desktop":{"background-color":"var(--ast-global-color-5)","background-image":"","background-repeat":"repeat","background-position":"center center","background-size":"auto","background-attachment":"scroll","background-type":"","background-media":"","overlay-type":"","overlay-color":"","overlay-gradient":""},"tablet":{"background-color":"var(--ast-global-color-5)","background-image":"","background-repeat":"repeat","background-position":"center center","background-size":"auto","background-attachment":"scroll","background-type":"","background-media":"","overlay-type":"","overlay-color":"","overlay-gradient":""},"mobile":{"background-color":"var(--ast-global-color-5)","background-image":"","background-repeat":"repeat","background-position":"center center","background-size":"auto","background-attachment":"scroll","background-type":"","background-media":"","overlay-type":"","overlay-color":"","overlay-gradient":""}},"footnotes":""},"uagb_featured_image_src":{"full":["https:\/\/darwinia.standardof.net\/wp-content\/uploads\/sites\/7\/2020\/10\/Darwinia-Level-09-Pattern-Buffer-2.jpg",470,294,false],"thumbnail":["https:\/\/darwinia.standardof.net\/wp-content\/uploads\/sites\/7\/2020\/10\/Darwinia-Level-09-Pattern-Buffer-2-200x125.jpg",200,125,true],"medium":["https:\/\/darwinia.standardof.net\/wp-content\/uploads\/sites\/7\/2020\/10\/Darwinia-Level-09-Pattern-Buffer-2.jpg",470,294,false],"medium_large":["https:\/\/darwinia.standardof.net\/wp-content\/uploads\/sites\/7\/2020\/10\/Darwinia-Level-09-Pattern-Buffer-2.jpg",470,294,false],"large":["https:\/\/darwinia.standardof.net\/wp-content\/uploads\/sites\/7\/2020\/10\/Darwinia-Level-09-Pattern-Buffer-2.jpg",470,294,false],"1536x1536":["https:\/\/darwinia.standardof.net\/wp-content\/uploads\/sites\/7\/2020\/10\/Darwinia-Level-09-Pattern-Buffer-2.jpg",470,294,false],"2048x2048":["https:\/\/darwinia.standardof.net\/wp-content\/uploads\/sites\/7\/2020\/10\/Darwinia-Level-09-Pattern-Buffer-2.jpg",470,294,false],"trp-custom-language-flag":["https:\/\/darwinia.standardof.net\/wp-content\/uploads\/sites\/7\/2020\/10\/Darwinia-Level-09-Pattern-Buffer-2-16x10.jpg",16,10,true]},"uagb_author_info":{"display_name":"SOE","author_link":"https:\/\/darwinia.standardof.net\/de\/author\/k-tastic\/"},"uagb_comment_info":0,"uagb_excerpt":"The Pattern Buffer along with the Receiver form the two integral parts to the rebirth process for the Darwinians that culminates within the Biosphere. The Pattern Buffer in Darwinia is where the data governing the basic physical form of every Darwinian is stored and used to house the spirits that are collected by the Receiver.&hellip;","_links":{"self":[{"href":"https:\/\/darwinia.standardof.net\/de\/wp-json\/wp\/v2\/pages\/248"}],"collection":[{"href":"https:\/\/darwinia.standardof.net\/de\/wp-json\/wp\/v2\/pages"}],"about":[{"href":"https:\/\/darwinia.standardof.net\/de\/wp-json\/wp\/v2\/types\/page"}],"author":[{"embeddable":true,"href":"https:\/\/darwinia.standardof.net\/de\/wp-json\/wp\/v2\/users\/1"}],"replies":[{"embeddable":true,"href":"https:\/\/darwinia.standardof.net\/de\/wp-json\/wp\/v2\/comments?post=248"}],"version-history":[{"count":0,"href":"https:\/\/darwinia.standardof.net\/de\/wp-json\/wp\/v2\/pages\/248\/revisions"}],"up":[{"embeddable":true,"href":"https:\/\/darwinia.standardof.net\/de\/wp-json\/wp\/v2\/pages\/229"}],"wp:featuredmedia":[{"embeddable":true,"href":"https:\/\/darwinia.standardof.net\/de\/wp-json\/wp\/v2\/media\/149"}],"wp:attachment":[{"href":"https:\/\/darwinia.standardof.net\/de\/wp-json\/wp\/v2\/media?parent=248"}],"curies":[{"name":"wp","href":"https:\/\/api.w.org\/{rel}","templated":true}]}}