{"id":247,"date":"2020-10-30T17:58:55","date_gmt":"2020-10-30T17:58:55","guid":{"rendered":"https:\/\/darwinia.standardof.net\/?page_id=247"},"modified":"2020-10-30T18:35:28","modified_gmt":"2020-10-30T18:35:28","slug":"receiver","status":"publish","type":"page","link":"https:\/\/darwinia.standardof.net\/de\/leiten\/level-walkthroughs\/empfanger\/","title":{"rendered":"Empf\u00e4nger"},"content":{"rendered":"<div class=\"wp-block-group\"><div class=\"wp-block-group__inner-container is-layout-flow wp-block-group-is-layout-flow\">\n<div style=\"height:20px\" aria-hidden=\"true\" class=\"wp-block-spacer\"><\/div>\n<\/div><\/div>\n\n\n\n<div class=\"wp-block-columns is-layout-flex wp-container-core-columns-is-layout-1 wp-block-columns-is-layout-flex\">\n<div class=\"wp-block-column is-layout-flow wp-block-column-is-layout-flow\">\n<p>Die Empf\u00e4ngerstufe in <em>Darwinia<\/em> Hier fallen die Seelen der Darwinisten zur\u00fcck auf den Boden, um von riesigen T\u00fcrmen gesammelt zu werden, die die Seelen zu den schicken <strong><a href=\"https:\/\/darwinia.standardof.net\/de\/leiten\/level-walkthroughs\/musterpuffer\/\" class=\"rank-math-link\">Musterpuffer<\/a> <\/strong>zur Reinkarnation. Aus diesem Grund wird die Empf\u00e4ngerstufe f\u00fcr die Darwinisten als heiliger Boden angesehen. Sie haben hier zwei Hauptziele: erstens genug Empf\u00e4ngert\u00fcrme mit Darwinisten zu besetzen, um 50 Seelen pro Minute zu sammeln, und zweitens, um das zu erm\u00f6glichen <strong><a href=\"https:\/\/darwinia.standardof.net\/de\/leiten\/level-walkthroughs\/biosphare\/\" class=\"rank-math-link\">Biosph\u00e4re<\/a> <\/strong>Kofferraum, durch den die Seelen geschickt werden sollen.<\/p>\n<\/div>\n\n\n\n<div class=\"wp-block-column is-layout-flow wp-block-column-is-layout-flow\">\n<figure class=\"wp-block-image size-large\"><a href=\"https:\/\/darwinia.standardof.net\/de\/leiten\/level-walkthroughs\/empfanger\/darwinia-level-08-receiver-1\/\"><img decoding=\"async\" width=\"470\" height=\"264\" src=\"https:\/\/darwinia.standardof.net\/wp-content\/uploads\/sites\/7\/2020\/10\/Darwinia-Level-08-Receiver-1.jpg\" alt=\"\" class=\"wp-image-143\" srcset=\"https:\/\/darwinia.standardof.net\/wp-content\/uploads\/sites\/7\/2020\/10\/Darwinia-Level-08-Receiver-1.jpg 470w, https:\/\/darwinia.standardof.net\/wp-content\/uploads\/sites\/7\/2020\/10\/Darwinia-Level-08-Receiver-1-200x112.jpg 200w, https:\/\/darwinia.standardof.net\/wp-content\/uploads\/sites\/7\/2020\/10\/Darwinia-Level-08-Receiver-1-16x9.jpg 16w\" sizes=\"(max-width: 470px) 100vw, 470px\" \/><\/a><\/figure>\n<\/div>\n<\/div>\n\n\n\n<div class=\"wp-block-columns is-layout-flex wp-container-core-columns-is-layout-2 wp-block-columns-is-layout-flex\">\n<div class=\"wp-block-column is-layout-flow wp-block-column-is-layout-flow\">\n<p>Starten Sie diese Ebene von <em>Darwinia<\/em> indem Sie die erste Insel r\u00e4umen, auf der der Yard Trunk Port gebaut ist. Erfassen Sie die <strong><a href=\"https:\/\/darwinia.standardof.net\/de\/leiten\/gebaude\/\" class=\"rank-math-link\">Inkubator<\/a> <\/strong>so bald wie m\u00f6glich, damit Sie anfangen k\u00f6nnen, einige Darwinisten anzuh\u00e4ufen. Von hier aus k\u00f6nnen Sie \u00fcber die \u00fcber die nahe gelegene Insel mit Empf\u00e4ngert\u00fcrmen ziehen<strong> <a href=\"https:\/\/darwinia.standardof.net\/de\/leiten\/gebaude\/\" class=\"rank-math-link\">Radarschale<\/a><\/strong>. Gehen Sie als n\u00e4chstes hierher und r\u00e4umen Sie den Bereich der Virusinfektion auf, w\u00e4hrend Sie wieder alle Seelen sammeln, die Sie k\u00f6nnen. Sie k\u00f6nnen beginnen, Ihre Darwinisten durch die Radarsch\u00fcssel zu schicken, um den Kampf zu unterst\u00fctzen, und die T\u00fcrme bemannen, um Seelen zu sammeln.<\/p>\n<\/div>\n\n\n\n<div class=\"wp-block-column is-layout-flow wp-block-column-is-layout-flow\">\n<figure class=\"wp-block-image size-large\"><a href=\"https:\/\/darwinia.standardof.net\/de\/leiten\/level-walkthroughs\/empfanger\/darwinia-level-08-receiver-2\/\"><img decoding=\"async\" width=\"470\" height=\"264\" src=\"https:\/\/darwinia.standardof.net\/wp-content\/uploads\/sites\/7\/2020\/10\/Darwinia-Level-08-Receiver-2.jpg\" alt=\"\" class=\"wp-image-144\" srcset=\"https:\/\/darwinia.standardof.net\/wp-content\/uploads\/sites\/7\/2020\/10\/Darwinia-Level-08-Receiver-2.jpg 470w, https:\/\/darwinia.standardof.net\/wp-content\/uploads\/sites\/7\/2020\/10\/Darwinia-Level-08-Receiver-2-200x112.jpg 200w, https:\/\/darwinia.standardof.net\/wp-content\/uploads\/sites\/7\/2020\/10\/Darwinia-Level-08-Receiver-2-16x9.jpg 16w\" sizes=\"(max-width: 470px) 100vw, 470px\" \/><\/a><\/figure>\n<\/div>\n<\/div>\n\n\n\n<div class=\"wp-block-columns is-layout-flex wp-container-core-columns-is-layout-3 wp-block-columns-is-layout-flex\">\n<div class=\"wp-block-column is-layout-flow wp-block-column-is-layout-flow\">\n<p>Sobald Sie diese beiden Inseln unter Ihrer Kontrolle haben, erstellen Sie eine R\u00fcstung und laden Sie sie mit Darwinisten auf. Stellen Sie sicher, dass Sie mindestens 20 mitbringen <strong><a href=\"https:\/\/darwinia.standardof.net\/de\/leiten\/einheiten\/darwinisten\/\" class=\"rank-math-link\">Darwinisten<\/a> <\/strong>und 2 <strong><a href=\"https:\/\/darwinia.standardof.net\/de\/leiten\/einheiten\/rustung\/\" class=\"rank-math-link\">T\u00fcrme<\/a> <\/strong>auf die zentrale Insel, auf der sich die Seelenzerst\u00f6rer befinden, und stellen sie nahe beieinander auf, nahe genug an den Spinnen und <a href=\"https:\/\/darwinia.standardof.net\/de\/leiten\/feinde\/seelenzerstorer\/\" class=\"rank-math-link\"><strong>Seelenzerst\u00f6rer<\/strong><\/a> hier, um auf sie zu schie\u00dfen, aber nicht nah genug, dass sie deine Darwinisten t\u00f6ten k\u00f6nnen, bevor sie den Turm bemannen k\u00f6nnen.<\/p>\n<\/div>\n\n\n\n<div class=\"wp-block-column is-layout-flow wp-block-column-is-layout-flow\">\n<figure class=\"wp-block-image size-large\"><a href=\"https:\/\/darwinia.standardof.net\/de\/leiten\/level-walkthroughs\/empfanger\/darwinia-level-08-receiver-3\/\"><img decoding=\"async\" width=\"470\" height=\"264\" src=\"https:\/\/darwinia.standardof.net\/wp-content\/uploads\/sites\/7\/2020\/10\/Darwinia-Level-08-Receiver-3.jpg\" alt=\"\" class=\"wp-image-145\" srcset=\"https:\/\/darwinia.standardof.net\/wp-content\/uploads\/sites\/7\/2020\/10\/Darwinia-Level-08-Receiver-3.jpg 470w, https:\/\/darwinia.standardof.net\/wp-content\/uploads\/sites\/7\/2020\/10\/Darwinia-Level-08-Receiver-3-200x112.jpg 200w, https:\/\/darwinia.standardof.net\/wp-content\/uploads\/sites\/7\/2020\/10\/Darwinia-Level-08-Receiver-3-16x9.jpg 16w\" sizes=\"(max-width: 470px) 100vw, 470px\" \/><\/a><\/figure>\n<\/div>\n<\/div>\n\n\n\n<div class=\"wp-block-columns is-layout-flex wp-container-core-columns-is-layout-4 wp-block-columns-is-layout-flex\">\n<div class=\"wp-block-column is-layout-flow wp-block-column-is-layout-flow\">\n<p>Sobald diese zentrale Insel frei ist, k\u00f6nnen Sie den Biosphere Trunk Port erobern, bevor Sie zu den letzten beiden Inseln fahren, um weitere Empf\u00e4ngert\u00fcrme zu erobern. Ich schlage vor, die Insel mit dem zu nehmen <a href=\"https:\/\/darwinia.standardof.net\/de\/leiten\/feinde\/armee-ameise\/\" class=\"rank-math-link\"><strong>Armee Ameise<\/strong><\/a> Befallen Sie zuerst, indem Sie eine Armee von Darwinisten mit eingesetzten R\u00fcstungst\u00fcrmen einsenden, um nicht nur die Empf\u00e4nger, sondern auch den Trunk-Port zum Musterpuffer zu erfassen. So erhalten Sie zu Beginn dieses Levels einen zweiten Angriffsweg. Beseitigen Sie einfach den Befall und besetzen Sie weitere T\u00fcrme, bis die Zielmarkierungen abgeschlossen sind und Sie zum Musterpuffer \u00fcbergehen k\u00f6nnen.<\/p>\n<\/div>\n\n\n\n<div class=\"wp-block-column is-layout-flow wp-block-column-is-layout-flow\">\n<figure class=\"wp-block-image size-large\"><a href=\"https:\/\/darwinia.standardof.net\/de\/leiten\/level-walkthroughs\/empfanger\/darwinia-level-08-receiver-4\/\"><img decoding=\"async\" width=\"470\" height=\"264\" src=\"https:\/\/darwinia.standardof.net\/wp-content\/uploads\/sites\/7\/2020\/10\/Darwinia-Level-08-Receiver-4.jpg\" alt=\"\" class=\"wp-image-146\" srcset=\"https:\/\/darwinia.standardof.net\/wp-content\/uploads\/sites\/7\/2020\/10\/Darwinia-Level-08-Receiver-4.jpg 470w, https:\/\/darwinia.standardof.net\/wp-content\/uploads\/sites\/7\/2020\/10\/Darwinia-Level-08-Receiver-4-200x112.jpg 200w, https:\/\/darwinia.standardof.net\/wp-content\/uploads\/sites\/7\/2020\/10\/Darwinia-Level-08-Receiver-4-16x9.jpg 16w\" sizes=\"(max-width: 470px) 100vw, 470px\" \/><\/a><\/figure>\n\n\n\n<figure class=\"wp-block-image size-large\"><a href=\"https:\/\/darwinia.standardof.net\/de\/leiten\/level-walkthroughs\/empfanger\/darwinia-level-08-receiver-5\/\"><img decoding=\"async\" width=\"470\" height=\"264\" src=\"https:\/\/darwinia.standardof.net\/wp-content\/uploads\/sites\/7\/2020\/10\/Darwinia-Level-08-Receiver-5.jpg\" alt=\"\" class=\"wp-image-147\" srcset=\"https:\/\/darwinia.standardof.net\/wp-content\/uploads\/sites\/7\/2020\/10\/Darwinia-Level-08-Receiver-5.jpg 470w, https:\/\/darwinia.standardof.net\/wp-content\/uploads\/sites\/7\/2020\/10\/Darwinia-Level-08-Receiver-5-200x112.jpg 200w, https:\/\/darwinia.standardof.net\/wp-content\/uploads\/sites\/7\/2020\/10\/Darwinia-Level-08-Receiver-5-16x9.jpg 16w\" sizes=\"(max-width: 470px) 100vw, 470px\" \/><\/a><\/figure>\n<\/div>\n<\/div>\n\n\n\n<h3 class=\"wp-block-heading\">Empf\u00e4nger - Darwinia Video Walkthrough<\/h3>\n\n\n\n<figure class=\"wp-block-embed-youtube wp-block-embed is-type-video is-provider-youtube wp-embed-aspect-16-9 wp-has-aspect-ratio\"><div class=\"wp-block-embed__wrapper\">\n<div class=\"ast-oembed-container\" style=\"height: 100%;\"><iframe title=\"Darwinia - Receiver - Komplettl\u00f6sung\" width=\"500\" height=\"281\" src=\"https:\/\/www.youtube.com\/embed\/KhS19ADQuJg?feature=oembed\" frameborder=\"0\" allow=\"accelerometer; autoplay; clipboard-write; encrypted-media; gyroscope; picture-in-picture; web-share\" referrerpolicy=\"strict-origin-when-cross-origin\" allowfullscreen><\/iframe><\/div>\n<\/div><\/figure>\n\n\n\n<div class=\"wp-block-buttons aligncenter is-layout-flex wp-block-buttons-is-layout-flex\">\n<div class=\"wp-block-button is-style-outline\"><a class=\"wp-block-button__link\" href=\"https:\/\/darwinia.standardof.net\/de\/leiten\/level-walkthroughs\/garten\/\">Vorheriges Level: Yard<\/a><\/div>\n\n\n\n<div class=\"wp-block-button\"><a class=\"wp-block-button__link\" href=\"https:\/\/darwinia.standardof.net\/de\/leiten\/level-walkthroughs\/musterpuffer\/\">N\u00e4chste Stufe: Musterpuffer<\/a><\/div>\n<\/div>","protected":false},"excerpt":{"rendered":"<p>The Receiver level in Darwinia is where the souls of the Darwinians fall back down to the ground, to be collected by giant towers that send the souls to the Pattern Buffer for reincarnation. Because of this purpose, the Receiver level is considered holy ground to the Darwinians. You have two primary objectives here, first [&hellip;]<\/p>","protected":false},"author":1,"featured_media":146,"parent":229,"menu_order":8,"comment_status":"open","ping_status":"closed","template":"","meta":{"_uag_custom_page_level_css":"","site-sidebar-layout":"default","site-content-layout":"default","ast-site-content-layout":"","site-content-style":"default","site-sidebar-style":"default","ast-global-header-display":"","ast-banner-title-visibility":"","ast-main-header-display":"","ast-hfb-above-header-display":"","ast-hfb-below-header-display":"","ast-hfb-mobile-header-display":"","site-post-title":"","ast-breadcrumbs-content":"","ast-featured-img":"","footer-sml-layout":"","theme-transparent-header-meta":"default","adv-header-id-meta":"","stick-header-meta":"","header-above-stick-meta":"","header-main-stick-meta":"","header-below-stick-meta":"","astra-migrate-meta-layouts":"default","ast-page-background-enabled":"default","ast-page-background-meta":{"desktop":{"background-color":"","background-image":"","background-repeat":"repeat","background-position":"center center","background-size":"auto","background-attachment":"scroll","background-type":"","background-media":"","overlay-type":"","overlay-color":"","overlay-gradient":""},"tablet":{"background-color":"","background-image":"","background-repeat":"repeat","background-position":"center center","background-size":"auto","background-attachment":"scroll","background-type":"","background-media":"","overlay-type":"","overlay-color":"","overlay-gradient":""},"mobile":{"background-color":"","background-image":"","background-repeat":"repeat","background-position":"center center","background-size":"auto","background-attachment":"scroll","background-type":"","background-media":"","overlay-type":"","overlay-color":"","overlay-gradient":""}},"ast-content-background-meta":{"desktop":{"background-color":"var(--ast-global-color-5)","background-image":"","background-repeat":"repeat","background-position":"center center","background-size":"auto","background-attachment":"scroll","background-type":"","background-media":"","overlay-type":"","overlay-color":"","overlay-gradient":""},"tablet":{"background-color":"var(--ast-global-color-5)","background-image":"","background-repeat":"repeat","background-position":"center center","background-size":"auto","background-attachment":"scroll","background-type":"","background-media":"","overlay-type":"","overlay-color":"","overlay-gradient":""},"mobile":{"background-color":"var(--ast-global-color-5)","background-image":"","background-repeat":"repeat","background-position":"center center","background-size":"auto","background-attachment":"scroll","background-type":"","background-media":"","overlay-type":"","overlay-color":"","overlay-gradient":""}},"footnotes":""},"uagb_featured_image_src":{"full":["https:\/\/darwinia.standardof.net\/wp-content\/uploads\/sites\/7\/2020\/10\/Darwinia-Level-08-Receiver-4.jpg",470,264,false],"thumbnail":["https:\/\/darwinia.standardof.net\/wp-content\/uploads\/sites\/7\/2020\/10\/Darwinia-Level-08-Receiver-4-200x112.jpg",200,112,true],"medium":["https:\/\/darwinia.standardof.net\/wp-content\/uploads\/sites\/7\/2020\/10\/Darwinia-Level-08-Receiver-4.jpg",470,264,false],"medium_large":["https:\/\/darwinia.standardof.net\/wp-content\/uploads\/sites\/7\/2020\/10\/Darwinia-Level-08-Receiver-4.jpg",470,264,false],"large":["https:\/\/darwinia.standardof.net\/wp-content\/uploads\/sites\/7\/2020\/10\/Darwinia-Level-08-Receiver-4.jpg",470,264,false],"1536x1536":["https:\/\/darwinia.standardof.net\/wp-content\/uploads\/sites\/7\/2020\/10\/Darwinia-Level-08-Receiver-4.jpg",470,264,false],"2048x2048":["https:\/\/darwinia.standardof.net\/wp-content\/uploads\/sites\/7\/2020\/10\/Darwinia-Level-08-Receiver-4.jpg",470,264,false],"trp-custom-language-flag":["https:\/\/darwinia.standardof.net\/wp-content\/uploads\/sites\/7\/2020\/10\/Darwinia-Level-08-Receiver-4-16x9.jpg",16,9,true]},"uagb_author_info":{"display_name":"SOE","author_link":"https:\/\/darwinia.standardof.net\/de\/author\/k-tastic\/"},"uagb_comment_info":17,"uagb_excerpt":"The Receiver level in Darwinia is where the souls of the Darwinians fall back down to the ground, to be collected by giant towers that send the souls to the Pattern Buffer for reincarnation. Because of this purpose, the Receiver level is considered holy ground to the Darwinians. You have two primary objectives here, first&hellip;","_links":{"self":[{"href":"https:\/\/darwinia.standardof.net\/de\/wp-json\/wp\/v2\/pages\/247"}],"collection":[{"href":"https:\/\/darwinia.standardof.net\/de\/wp-json\/wp\/v2\/pages"}],"about":[{"href":"https:\/\/darwinia.standardof.net\/de\/wp-json\/wp\/v2\/types\/page"}],"author":[{"embeddable":true,"href":"https:\/\/darwinia.standardof.net\/de\/wp-json\/wp\/v2\/users\/1"}],"replies":[{"embeddable":true,"href":"https:\/\/darwinia.standardof.net\/de\/wp-json\/wp\/v2\/comments?post=247"}],"version-history":[{"count":0,"href":"https:\/\/darwinia.standardof.net\/de\/wp-json\/wp\/v2\/pages\/247\/revisions"}],"up":[{"embeddable":true,"href":"https:\/\/darwinia.standardof.net\/de\/wp-json\/wp\/v2\/pages\/229"}],"wp:featuredmedia":[{"embeddable":true,"href":"https:\/\/darwinia.standardof.net\/de\/wp-json\/wp\/v2\/media\/146"}],"wp:attachment":[{"href":"https:\/\/darwinia.standardof.net\/de\/wp-json\/wp\/v2\/media?parent=247"}],"curies":[{"name":"wp","href":"https:\/\/api.w.org\/{rel}","templated":true}]}}