{"id":246,"date":"2020-10-30T17:58:35","date_gmt":"2020-10-30T17:58:35","guid":{"rendered":"https:\/\/darwinia.standardof.net\/?page_id=246"},"modified":"2020-10-30T18:31:33","modified_gmt":"2020-10-30T18:31:33","slug":"yard","status":"publish","type":"page","link":"https:\/\/darwinia.standardof.net\/de\/leiten\/level-walkthroughs\/garten\/","title":{"rendered":"Garten"},"content":{"rendered":"<div class=\"wp-block-group\"><div class=\"wp-block-group__inner-container is-layout-flow wp-block-group-is-layout-flow\">\n<div style=\"height:20px\" aria-hidden=\"true\" class=\"wp-block-spacer\"><\/div>\n<\/div><\/div>\n\n\n\n<div class=\"wp-block-columns is-layout-flex wp-container-core-columns-is-layout-1 wp-block-columns-is-layout-flex\">\n<div class=\"wp-block-column is-layout-flow wp-block-column-is-layout-flow\">\n<p>Die Yard-Ebene ist der letzte Schritt im Montageprozess des Darwinschen Fertigungssystems in <em>Darwinia<\/em>. Hier werden die raffinierten Primitiven aus dem <a href=\"https:\/\/darwinia.standardof.net\/de\/leiten\/level-walkthroughs\/bergwerk\/\" class=\"rank-math-link\"><strong>Bergwerk<\/strong><\/a>und die Energie vom Generator wird verwendet, um den R\u00fcstungspersonaltr\u00e4ger und den Turm zu erzeugen. Ihre Ziele dabei <em>Darwinia <\/em>Ebene ist zun\u00e4chst die zu aktivieren <strong><a href=\"https:\/\/darwinia.standardof.net\/de\/leiten\/level-walkthroughs\/generator\/\" class=\"rank-math-link\">Generator<\/a> <\/strong>Trunk Port, beginnen Sie mit der Herstellung von R\u00fcstungen, indem Sie den Bauhof mit Darwinisten besetzen, zerst\u00f6ren Sie die Ameiseninfektion und erobern Sie die drei Trunk Ports, die sich im selben Gebiet wie die Ant Hills befinden.<\/p>\n<\/div>\n\n\n\n<div class=\"wp-block-column is-layout-flow wp-block-column-is-layout-flow\">\n<figure class=\"wp-block-image size-large\"><a href=\"https:\/\/darwinia.standardof.net\/de\/leiten\/level-walkthroughs\/garten\/darwinia-level-07-yard-1\/\"><img decoding=\"async\" width=\"470\" height=\"294\" src=\"https:\/\/darwinia.standardof.net\/wp-content\/uploads\/sites\/7\/2020\/10\/Darwinia-Level-07-Yard-1.jpg\" alt=\"\" class=\"wp-image-138\" srcset=\"https:\/\/darwinia.standardof.net\/wp-content\/uploads\/sites\/7\/2020\/10\/Darwinia-Level-07-Yard-1.jpg 470w, https:\/\/darwinia.standardof.net\/wp-content\/uploads\/sites\/7\/2020\/10\/Darwinia-Level-07-Yard-1-200x125.jpg 200w, https:\/\/darwinia.standardof.net\/wp-content\/uploads\/sites\/7\/2020\/10\/Darwinia-Level-07-Yard-1-16x10.jpg 16w\" sizes=\"(max-width: 470px) 100vw, 470px\" \/><\/a><\/figure>\n<\/div>\n<\/div>\n\n\n\n<div class=\"wp-block-columns is-layout-flex wp-container-core-columns-is-layout-2 wp-block-columns-is-layout-flex\">\n<div class=\"wp-block-column is-layout-flow wp-block-column-is-layout-flow\">\n<p>Beginne diese Mission, indem du einige laichst <strong><a href=\"https:\/\/darwinia.standardof.net\/de\/leiten\/einheiten\/techniker\/\" class=\"rank-math-link\">Ingenieure<\/a> <\/strong>bis zum <a href=\"https:\/\/darwinia.standardof.net\/de\/leiten\/level-walkthroughs\/eindammung\/\" class=\"rank-math-link\"><strong>Eind\u00e4mmung <\/strong><\/a>Trunk Port. Bewegen Sie sie von der Insel weg und vom Virus weg, um den Kontrollturm zu erfassen, der die Radarschale antreibt, die sich an der \u00e4u\u00dfersten Spitze der zentralen Insel befindet, auf der sich die Produktionsanlage befindet. Dies ist eine empfohlene Taktik, da Sie das L\u00f6schen des Virus auf dieser Insel \u00fcberspringen k\u00f6nnen, bis Sie einen Inkubator gefangen haben, und eine Kraft aus den hier abgeworfenen Seelen erzeugen k\u00f6nnen, anstatt sie verschwenden zu lassen.<\/p>\n<\/div>\n\n\n\n<div class=\"wp-block-column is-layout-flow wp-block-column-is-layout-flow\">\n<figure class=\"wp-block-image size-large\"><a href=\"https:\/\/darwinia.standardof.net\/de\/leiten\/level-walkthroughs\/garten\/darwinia-level-07-yard-2\/\"><img decoding=\"async\" width=\"470\" height=\"294\" src=\"https:\/\/darwinia.standardof.net\/wp-content\/uploads\/sites\/7\/2020\/10\/Darwinia-Level-07-Yard-2.jpg\" alt=\"\" class=\"wp-image-139\" srcset=\"https:\/\/darwinia.standardof.net\/wp-content\/uploads\/sites\/7\/2020\/10\/Darwinia-Level-07-Yard-2.jpg 470w, https:\/\/darwinia.standardof.net\/wp-content\/uploads\/sites\/7\/2020\/10\/Darwinia-Level-07-Yard-2-200x125.jpg 200w, https:\/\/darwinia.standardof.net\/wp-content\/uploads\/sites\/7\/2020\/10\/Darwinia-Level-07-Yard-2-16x10.jpg 16w\" sizes=\"(max-width: 470px) 100vw, 470px\" \/><\/a><\/figure>\n<\/div>\n<\/div>\n\n\n\n<p>Nachdem Sie diese Stealth-Erfassung durchgef\u00fchrt haben, machen Sie <strong><a class=\"rank-math-link\" href=\"https:\/\/standardof.net\/games\/darwinia-guide\/units\/squad\/\" target=\"_blank\" rel=\"noopener\">Trupps<\/a> <\/strong>den Weg zum Bauhof und den daneben liegenden Inkubatoren freizumachen. Verdampfe alles <strong><a href=\"https:\/\/darwinia.standardof.net\/de\/leiten\/feinde\/virii\/\" class=\"rank-math-link\">Virii<\/a> <\/strong>Das steht Ihnen im Weg und bringt mehrere Trupps gleichzeitig mit, da der Verlust eines Trupps einen langen Weg zur\u00fcck zu den Inkubatoren bedeutet. Sobald diese Inkubatoren Ihnen geh\u00f6ren, sammeln Sie alle Seelen in der N\u00e4he, die von dem Weg \u00fcbrig geblieben sind, den Sie zu ihnen ger\u00e4umt haben, und kehren Sie dann zur Startinsel zur\u00fcck, um sie sauberzuwischen. Die Ingenieure sch\u00f6pfen alle h\u00fcbschen kleinen Lichter aus, die \u00fcbrig bleiben.<\/p>\n\n\n\n<p>Sobald die Starterinsel Ihnen geh\u00f6rt, begeben Sie sich mit dem Generator Trunk-Port auf die Insel, um die m\u00e4andrierenden Viren und Triffiden hier zu beseitigen. Sammle wieder alle Seelen, die du f\u00fcr deinen bevorstehenden Kampf kannst. Sobald der Generator-Trunk-Port Ihnen geh\u00f6rt, k\u00f6nnen sowohl Strom als auch Grundelemente durch die Trunk-Ports gelangen, sobald der Hof besetzt ist, den Sie haben sollten <strong><a href=\"https:\/\/darwinia.standardof.net\/de\/leiten\/einheiten\/darwinisten\/\" class=\"rank-math-link\">Darwinisten<\/a> <\/strong>Tun Sie dies jetzt, wenn nicht bereits.<\/p>\n\n\n\n<div class=\"wp-block-columns is-layout-flex wp-container-core-columns-is-layout-3 wp-block-columns-is-layout-flex\">\n<div class=\"wp-block-column is-layout-flow wp-block-column-is-layout-flow\">\n<p>Es sind ungef\u00e4hr 9 Grundelemente erforderlich, um eine einzelne R\u00fcstungseinheit auf dem Bauhof zu erstellen, die Sie z\u00e4hlen k\u00f6nnen, wenn sie in der Einrichtung deponiert werden, wenn Sie Ihre erste verwenden m\u00f6chten. Nachdem die 9 Grundelemente geliefert wurden, gibt es eine Verz\u00f6gerung von 10 Sekunden, bevor die R\u00fcstung von der Linie rollt und der gesamte Prozess erneut gestartet wird. Dies ist die einzige Mission, bei der Sie R\u00fcstungen erwerben k\u00f6nnen, ohne einen Ihrer Task-Manager-Slots zu belegen.<\/p>\n<\/div>\n\n\n\n<div class=\"wp-block-column is-layout-flow wp-block-column-is-layout-flow\">\n<figure class=\"wp-block-image size-large\"><a href=\"https:\/\/darwinia.standardof.net\/de\/leiten\/level-walkthroughs\/garten\/darwinia-level-07-yard-3\/\"><img decoding=\"async\" width=\"470\" height=\"294\" src=\"https:\/\/darwinia.standardof.net\/wp-content\/uploads\/sites\/7\/2020\/10\/Darwinia-Level-07-Yard-3.jpg\" alt=\"\" class=\"wp-image-140\" srcset=\"https:\/\/darwinia.standardof.net\/wp-content\/uploads\/sites\/7\/2020\/10\/Darwinia-Level-07-Yard-3.jpg 470w, https:\/\/darwinia.standardof.net\/wp-content\/uploads\/sites\/7\/2020\/10\/Darwinia-Level-07-Yard-3-200x125.jpg 200w, https:\/\/darwinia.standardof.net\/wp-content\/uploads\/sites\/7\/2020\/10\/Darwinia-Level-07-Yard-3-16x10.jpg 16w\" sizes=\"(max-width: 470px) 100vw, 470px\" \/><\/a><\/figure>\n<\/div>\n<\/div>\n\n\n\n<div class=\"wp-block-columns is-layout-flex wp-container-core-columns-is-layout-4 wp-block-columns-is-layout-flex\">\n<div class=\"wp-block-column is-layout-flow wp-block-column-is-layout-flow\">\n<p>Senden Sie eine R\u00fcstung ohne Darwinisten ein, um \u00fcberall im Inneren T\u00fcrme aufzustellen <a href=\"https:\/\/darwinia.standardof.net\/de\/leiten\/feinde\/armee-ameise\/\" class=\"rank-math-link\"><strong>Ameiseninfektion<\/strong><\/a>. Mit Ausnahme der roten Darwinisten kann das Virus die T\u00fcrme nicht bemannen oder gegen Sie einsetzen. Wenn Sie also gegen einen Feind au\u00dfer den kleinen roten M\u00e4nnern k\u00e4mpfen, k\u00f6nnen Sie T\u00fcrme direkt in ihre Mitte einsetzen, um auf eine angreifende darwinistische Armee zu warten. Dies ist oft vorzuziehen, nur Darwinisten in die zu laden <strong><a href=\"https:\/\/darwinia.standardof.net\/de\/leiten\/einheiten\/rustung\/\" class=\"rank-math-link\">R\u00fcstung<\/a> <\/strong>den Turm zu bemannen, wenn er eingesetzt wird, da die kleine Gruppe von Darwinisten ohne eine gro\u00dfe St\u00fctzkraft oder andere bereits bemannte T\u00fcrme in der N\u00e4he massakriert werden kann. Das Laden der Darwinisten nach innen, um den Turm bei seiner Ankunft zu bemannen, ist in Situationen vorzuziehen, in denen der Turm weiter von einer Virusinfektion entfernt aufgestellt wird.<\/p>\n<\/div>\n\n\n\n<div class=\"wp-block-column is-layout-flow wp-block-column-is-layout-flow\">\n<figure class=\"wp-block-image size-large\"><a href=\"https:\/\/darwinia.standardof.net\/de\/leiten\/level-walkthroughs\/garten\/darwinia-level-07-yard-4\/\"><img decoding=\"async\" width=\"470\" height=\"264\" src=\"https:\/\/darwinia.standardof.net\/wp-content\/uploads\/sites\/7\/2020\/10\/Darwinia-Level-07-Yard-4.jpg\" alt=\"\" class=\"wp-image-141\" srcset=\"https:\/\/darwinia.standardof.net\/wp-content\/uploads\/sites\/7\/2020\/10\/Darwinia-Level-07-Yard-4.jpg 470w, https:\/\/darwinia.standardof.net\/wp-content\/uploads\/sites\/7\/2020\/10\/Darwinia-Level-07-Yard-4-200x112.jpg 200w, https:\/\/darwinia.standardof.net\/wp-content\/uploads\/sites\/7\/2020\/10\/Darwinia-Level-07-Yard-4-16x9.jpg 16w\" sizes=\"(max-width: 470px) 100vw, 470px\" \/><\/a><\/figure>\n<\/div>\n<\/div>\n\n\n\n<div class=\"wp-block-columns is-layout-flex wp-container-core-columns-is-layout-5 wp-block-columns-is-layout-flex\">\n<div class=\"wp-block-column is-layout-flow wp-block-column-is-layout-flow\">\n<p>Stellen Sie w\u00e4hrend des gesamten Befalls ein unbemanntes Gesch\u00fctzturm bereit, das so weit voneinander entfernt ist, dass einige bemannt sind, wenn Sie sich der Infektion n\u00e4hern. W\u00e4hrend die Darwinisten weitermarschieren, stehen dem Menschen mehr T\u00fcrme zur Verf\u00fcgung. Wenn Sie noch keine Waffen f\u00fcr sie erforscht haben, empfehle ich Ihnen, einen Weg zu finden, um Laser auf sie zu bringen, da Sie nicht genug Trupps gleichzeitig kontrollieren k\u00f6nnen, um die Flut der Ameisen ohne gro\u00dfe Schwierigkeiten effektiv einzud\u00e4mmen. Die unterst\u00fctzenden Darwinisten zu haben, macht einen gro\u00dfen Unterschied, da sie sehr gut durch die Ameisen pfl\u00fcgen k\u00f6nnen und die Ameisen normalerweise zu besch\u00e4ftigt sind, die Seelen ihrer Gefallenen zu sammeln, um anzugreifen. Sobald der Befall beseitigt ist, gehen Sie zu den Kontrollt\u00fcrmen, die die Trunk-Ports versorgen, um das n\u00e4chste Level zu er\u00f6ffnen <a href=\"https:\/\/darwinia.standardof.net\/de\/leiten\/level-walkthroughs\/empfanger\/\" class=\"rank-math-link\"><strong>Empf\u00e4nger<\/strong><\/a>.<\/p>\n<\/div>\n\n\n\n<div class=\"wp-block-column is-layout-flow wp-block-column-is-layout-flow\">\n<figure class=\"wp-block-image size-large\"><a href=\"https:\/\/darwinia.standardof.net\/de\/leiten\/level-walkthroughs\/garten\/darwinia-level-07-yard-5\/\"><img decoding=\"async\" width=\"470\" height=\"264\" src=\"https:\/\/darwinia.standardof.net\/wp-content\/uploads\/sites\/7\/2020\/10\/Darwinia-Level-07-Yard-5.jpg\" alt=\"\" class=\"wp-image-142\" srcset=\"https:\/\/darwinia.standardof.net\/wp-content\/uploads\/sites\/7\/2020\/10\/Darwinia-Level-07-Yard-5.jpg 470w, https:\/\/darwinia.standardof.net\/wp-content\/uploads\/sites\/7\/2020\/10\/Darwinia-Level-07-Yard-5-200x112.jpg 200w, https:\/\/darwinia.standardof.net\/wp-content\/uploads\/sites\/7\/2020\/10\/Darwinia-Level-07-Yard-5-16x9.jpg 16w\" sizes=\"(max-width: 470px) 100vw, 470px\" \/><\/a><\/figure>\n<\/div>\n<\/div>\n\n\n\n<h3 class=\"wp-block-heading\">Yard - Darwinia Video-Komplettl\u00f6sung<\/h3>\n\n\n\n<figure class=\"wp-block-embed-youtube wp-block-embed is-type-video is-provider-youtube wp-embed-aspect-16-9 wp-has-aspect-ratio\"><div class=\"wp-block-embed__wrapper\">\n<div class=\"ast-oembed-container\" style=\"height: 100%;\"><iframe title=\"Darwinia - Yard - Komplettl\u00f6sung\" width=\"500\" height=\"281\" src=\"https:\/\/www.youtube.com\/embed\/JdwDqCGdYZI?feature=oembed\" frameborder=\"0\" allow=\"accelerometer; autoplay; clipboard-write; encrypted-media; gyroscope; picture-in-picture; web-share\" referrerpolicy=\"strict-origin-when-cross-origin\" allowfullscreen><\/iframe><\/div>\n<\/div><\/figure>\n\n\n\n<div class=\"wp-block-buttons aligncenter is-layout-flex wp-block-buttons-is-layout-flex\">\n<div class=\"wp-block-button is-style-outline\"><a class=\"wp-block-button__link\" href=\"https:\/\/darwinia.standardof.net\/de\/leiten\/level-walkthroughs\/begleiten\/\">Vorheriges Level: Escort<\/a><\/div>\n\n\n\n<div class=\"wp-block-button is-style-fill\"><a class=\"wp-block-button__link\" href=\"https:\/\/darwinia.standardof.net\/de\/leiten\/level-walkthroughs\/empfanger\/\">N\u00e4chste Stufe: Empf\u00e4nger<\/a><\/div>\n<\/div>","protected":false},"excerpt":{"rendered":"<p>The Yard level is the final step in the assembly process of the Darwinians manufacturing system in Darwinia. It is here that the refined primitives from the Mine, and the power from the Generator is utilized to create the Armor personnel carrier and turret. Your objectives in this Darwinia level is to first, enable the [&hellip;]<\/p>","protected":false},"author":1,"featured_media":140,"parent":229,"menu_order":7,"comment_status":"open","ping_status":"closed","template":"","meta":{"_uag_custom_page_level_css":"","site-sidebar-layout":"default","site-content-layout":"default","ast-site-content-layout":"","site-content-style":"default","site-sidebar-style":"default","ast-global-header-display":"","ast-banner-title-visibility":"","ast-main-header-display":"","ast-hfb-above-header-display":"","ast-hfb-below-header-display":"","ast-hfb-mobile-header-display":"","site-post-title":"","ast-breadcrumbs-content":"","ast-featured-img":"","footer-sml-layout":"","theme-transparent-header-meta":"default","adv-header-id-meta":"","stick-header-meta":"","header-above-stick-meta":"","header-main-stick-meta":"","header-below-stick-meta":"","astra-migrate-meta-layouts":"default","ast-page-background-enabled":"default","ast-page-background-meta":{"desktop":{"background-color":"","background-image":"","background-repeat":"repeat","background-position":"center center","background-size":"auto","background-attachment":"scroll","background-type":"","background-media":"","overlay-type":"","overlay-color":"","overlay-gradient":""},"tablet":{"background-color":"","background-image":"","background-repeat":"repeat","background-position":"center center","background-size":"auto","background-attachment":"scroll","background-type":"","background-media":"","overlay-type":"","overlay-color":"","overlay-gradient":""},"mobile":{"background-color":"","background-image":"","background-repeat":"repeat","background-position":"center center","background-size":"auto","background-attachment":"scroll","background-type":"","background-media":"","overlay-type":"","overlay-color":"","overlay-gradient":""}},"ast-content-background-meta":{"desktop":{"background-color":"var(--ast-global-color-5)","background-image":"","background-repeat":"repeat","background-position":"center center","background-size":"auto","background-attachment":"scroll","background-type":"","background-media":"","overlay-type":"","overlay-color":"","overlay-gradient":""},"tablet":{"background-color":"var(--ast-global-color-5)","background-image":"","background-repeat":"repeat","background-position":"center center","background-size":"auto","background-attachment":"scroll","background-type":"","background-media":"","overlay-type":"","overlay-color":"","overlay-gradient":""},"mobile":{"background-color":"var(--ast-global-color-5)","background-image":"","background-repeat":"repeat","background-position":"center center","background-size":"auto","background-attachment":"scroll","background-type":"","background-media":"","overlay-type":"","overlay-color":"","overlay-gradient":""}},"footnotes":""},"uagb_featured_image_src":{"full":["https:\/\/darwinia.standardof.net\/wp-content\/uploads\/sites\/7\/2020\/10\/Darwinia-Level-07-Yard-3.jpg",470,294,false],"thumbnail":["https:\/\/darwinia.standardof.net\/wp-content\/uploads\/sites\/7\/2020\/10\/Darwinia-Level-07-Yard-3-200x125.jpg",200,125,true],"medium":["https:\/\/darwinia.standardof.net\/wp-content\/uploads\/sites\/7\/2020\/10\/Darwinia-Level-07-Yard-3.jpg",470,294,false],"medium_large":["https:\/\/darwinia.standardof.net\/wp-content\/uploads\/sites\/7\/2020\/10\/Darwinia-Level-07-Yard-3.jpg",470,294,false],"large":["https:\/\/darwinia.standardof.net\/wp-content\/uploads\/sites\/7\/2020\/10\/Darwinia-Level-07-Yard-3.jpg",470,294,false],"1536x1536":["https:\/\/darwinia.standardof.net\/wp-content\/uploads\/sites\/7\/2020\/10\/Darwinia-Level-07-Yard-3.jpg",470,294,false],"2048x2048":["https:\/\/darwinia.standardof.net\/wp-content\/uploads\/sites\/7\/2020\/10\/Darwinia-Level-07-Yard-3.jpg",470,294,false],"trp-custom-language-flag":["https:\/\/darwinia.standardof.net\/wp-content\/uploads\/sites\/7\/2020\/10\/Darwinia-Level-07-Yard-3-16x10.jpg",16,10,true]},"uagb_author_info":{"display_name":"SOE","author_link":"https:\/\/darwinia.standardof.net\/de\/author\/k-tastic\/"},"uagb_comment_info":0,"uagb_excerpt":"The Yard level is the final step in the assembly process of the Darwinians manufacturing system in Darwinia. It is here that the refined primitives from the Mine, and the power from the Generator is utilized to create the Armor personnel carrier and turret. Your objectives in this Darwinia level is to first, enable the&hellip;","_links":{"self":[{"href":"https:\/\/darwinia.standardof.net\/de\/wp-json\/wp\/v2\/pages\/246"}],"collection":[{"href":"https:\/\/darwinia.standardof.net\/de\/wp-json\/wp\/v2\/pages"}],"about":[{"href":"https:\/\/darwinia.standardof.net\/de\/wp-json\/wp\/v2\/types\/page"}],"author":[{"embeddable":true,"href":"https:\/\/darwinia.standardof.net\/de\/wp-json\/wp\/v2\/users\/1"}],"replies":[{"embeddable":true,"href":"https:\/\/darwinia.standardof.net\/de\/wp-json\/wp\/v2\/comments?post=246"}],"version-history":[{"count":0,"href":"https:\/\/darwinia.standardof.net\/de\/wp-json\/wp\/v2\/pages\/246\/revisions"}],"up":[{"embeddable":true,"href":"https:\/\/darwinia.standardof.net\/de\/wp-json\/wp\/v2\/pages\/229"}],"wp:featuredmedia":[{"embeddable":true,"href":"https:\/\/darwinia.standardof.net\/de\/wp-json\/wp\/v2\/media\/140"}],"wp:attachment":[{"href":"https:\/\/darwinia.standardof.net\/de\/wp-json\/wp\/v2\/media?parent=246"}],"curies":[{"name":"wp","href":"https:\/\/api.w.org\/{rel}","templated":true}]}}