{"id":245,"date":"2020-10-30T17:58:05","date_gmt":"2020-10-30T17:58:05","guid":{"rendered":"https:\/\/darwinia.standardof.net\/?page_id=245"},"modified":"2020-10-30T18:26:52","modified_gmt":"2020-10-30T18:26:52","slug":"escort","status":"publish","type":"page","link":"https:\/\/darwinia.standardof.net\/de\/leiten\/level-walkthroughs\/begleiten\/","title":{"rendered":"Begleiten"},"content":{"rendered":"<div class=\"wp-block-group\"><div class=\"wp-block-group__inner-container is-layout-flow wp-block-group-is-layout-flow\">\n<div style=\"height:20px\" aria-hidden=\"true\" class=\"wp-block-spacer\"><\/div>\n<\/div><\/div>\n\n\n\n<div class=\"wp-block-columns is-layout-flex wp-container-core-columns-is-layout-1 wp-block-columns-is-layout-flex\">\n<div class=\"wp-block-column is-layout-flow wp-block-column-is-layout-flow\">\n<p>Das Escort Level ist <em>Darwinia<\/em> nur versteckte Ebene. Der Zugriff auf das Level wird gew\u00e4hrt, indem der Kontrollturm erfasst wird, der den Escort Trunk Port in der Ebene mit Strom versorgt <strong><a href=\"https:\/\/darwinia.standardof.net\/de\/leiten\/level-walkthroughs\/generator\/\" class=\"rank-math-link\">Generator<\/a> <\/strong>Niveau, das in den Zielen nicht markiert ist und von Doktor Sepulveda nicht erw\u00e4hnt wird. Das Escort-Level zu schlagen ist kein wesentlicher Bestandteil der Hauptgeschichte oder des Fortschritts von <em>Darwinia<\/em>, aber es macht mit Sicherheit Spa\u00df zu spielen und bringt Ihnen mehr Forschung von den erbeuteten Kontrollt\u00fcrmen.<\/p>\n<\/div>\n\n\n\n<div class=\"wp-block-column is-layout-flow wp-block-column-is-layout-flow\">\n<figure class=\"wp-block-image size-large\"><a href=\"https:\/\/darwinia.standardof.net\/de\/leiten\/level-walkthroughs\/begleiten\/darwinia-level-06-escort-1\/\"><img decoding=\"async\" width=\"470\" height=\"294\" src=\"https:\/\/darwinia.standardof.net\/wp-content\/uploads\/sites\/7\/2020\/10\/Darwinia-Level-06-Escort-1.jpg\" alt=\"\" class=\"wp-image-133\" srcset=\"https:\/\/darwinia.standardof.net\/wp-content\/uploads\/sites\/7\/2020\/10\/Darwinia-Level-06-Escort-1.jpg 470w, https:\/\/darwinia.standardof.net\/wp-content\/uploads\/sites\/7\/2020\/10\/Darwinia-Level-06-Escort-1-200x125.jpg 200w, https:\/\/darwinia.standardof.net\/wp-content\/uploads\/sites\/7\/2020\/10\/Darwinia-Level-06-Escort-1-16x10.jpg 16w\" sizes=\"(max-width: 470px) 100vw, 470px\" \/><\/a><\/figure>\n<\/div>\n<\/div>\n\n\n\n<div class=\"wp-block-columns is-layout-flex wp-container-core-columns-is-layout-2 wp-block-columns-is-layout-flex\">\n<div class=\"wp-block-column is-layout-flow wp-block-column-is-layout-flow\">\n<p>Das Escort Level in <em>Darwinia<\/em> hat ein nicht so einfaches Ziel. Rettung 100 <strong>Darwinisten <\/strong>auf den beiden kleinen Inseln hier gestrandet, indem sie mit einer massiven Virusinfektion durch die Zentralinsel auf die andere Seite und die Miniaturinsel mit der<strong> <a href=\"https:\/\/darwinia.standardof.net\/de\/leiten\/gebaude\/\" class=\"rank-math-link\">Trunk Port<\/a><\/strong> und Baum darauf. Diese Mission ist fast unerl\u00e4sslich, dass Sie die Darwinianer auf mindestens Version 3.0 aktualisiert haben, obwohl es noch besser ist, sie auf 4.0 zu haben, da sie selbst in der Lage sind, einen Gro\u00dfteil der Virusbedrohung zu bek\u00e4mpfen, wenn Sie dies unterst\u00fctzen.<\/p>\n<\/div>\n\n\n\n<div class=\"wp-block-column is-layout-flow wp-block-column-is-layout-flow\">\n<figure class=\"wp-block-image size-large\"><a href=\"https:\/\/darwinia.standardof.net\/de\/leiten\/level-walkthroughs\/begleiten\/darwinia-level-06-escort-2\/\"><img decoding=\"async\" width=\"470\" height=\"264\" src=\"https:\/\/darwinia.standardof.net\/wp-content\/uploads\/sites\/7\/2020\/10\/Darwinia-Level-06-Escort-2.jpg\" alt=\"\" class=\"wp-image-134\" srcset=\"https:\/\/darwinia.standardof.net\/wp-content\/uploads\/sites\/7\/2020\/10\/Darwinia-Level-06-Escort-2.jpg 470w, https:\/\/darwinia.standardof.net\/wp-content\/uploads\/sites\/7\/2020\/10\/Darwinia-Level-06-Escort-2-200x112.jpg 200w, https:\/\/darwinia.standardof.net\/wp-content\/uploads\/sites\/7\/2020\/10\/Darwinia-Level-06-Escort-2-16x9.jpg 16w\" sizes=\"(max-width: 470px) 100vw, 470px\" \/><\/a><\/figure>\n<\/div>\n<\/div>\n\n\n\n<p>Mit dem <strong><a href=\"https:\/\/darwinia.standardof.net\/de\/leiten\/einheiten\/rustung\/\" class=\"rank-math-link\">R\u00fcstungskampfkanone<\/a> <\/strong>T\u00fcrme aus dem Yard-Level werden dieses Level zehnmal einfacher machen, aber ich werde es behandeln, obwohl dies noch nicht verf\u00fcgbar ist, da ich es auf diese Weise abgeschlossen habe.<\/p>\n\n\n\n<div class=\"wp-block-columns is-layout-flex wp-container-core-columns-is-layout-3 wp-block-columns-is-layout-flex\">\n<div class=\"wp-block-column is-layout-flow wp-block-column-is-layout-flow\">\n<p>Starten Sie das Escort-Level, indem Sie das Gegenteil erfassen <strong><a href=\"https:\/\/darwinia.standardof.net\/de\/leiten\/gebaude\/\" class=\"rank-math-link\">Radargerichte<\/a><\/strong> von den darwinistischen Inseln. Spawn Squads und verwenden Sie sie, um die Virusbedrohung zu beseitigen und zu erstellen <strong><a href=\"https:\/\/darwinia.standardof.net\/de\/leiten\/einheiten\/techniker\/\" class=\"rank-math-link\">Ingenieure<\/a> <\/strong>Seelen zu sch\u00f6pfen, um mehr Darwinisten hervorzubringen. Erstellen Sie gleichzeitig Offiziere und schicken Sie die kleine gr\u00fcne Armee durch die Radarsch\u00fcsseln.<\/p>\n<\/div>\n\n\n\n<div class=\"wp-block-column is-layout-flow wp-block-column-is-layout-flow\">\n<figure class=\"wp-block-image size-large\"><a href=\"https:\/\/darwinia.standardof.net\/de\/leiten\/level-walkthroughs\/begleiten\/darwinia-level-06-escort-3\/\"><img decoding=\"async\" width=\"470\" height=\"264\" src=\"https:\/\/darwinia.standardof.net\/wp-content\/uploads\/sites\/7\/2020\/10\/Darwinia-Level-06-Escort-3.jpg\" alt=\"\" class=\"wp-image-135\" srcset=\"https:\/\/darwinia.standardof.net\/wp-content\/uploads\/sites\/7\/2020\/10\/Darwinia-Level-06-Escort-3.jpg 470w, https:\/\/darwinia.standardof.net\/wp-content\/uploads\/sites\/7\/2020\/10\/Darwinia-Level-06-Escort-3-200x112.jpg 200w, https:\/\/darwinia.standardof.net\/wp-content\/uploads\/sites\/7\/2020\/10\/Darwinia-Level-06-Escort-3-16x9.jpg 16w\" sizes=\"(max-width: 470px) 100vw, 470px\" \/><\/a><\/figure>\n<\/div>\n<\/div>\n\n\n\n<div class=\"wp-block-columns is-layout-flex wp-container-core-columns-is-layout-4 wp-block-columns-is-layout-flex\">\n<div class=\"wp-block-column is-layout-flow wp-block-column-is-layout-flow\">\n<p>Nehmen Sie sich Zeit f\u00fcr diese Mission und nutzen Sie Ihre Trupps, um Ihre Darwinisten w\u00e4hrend der Mission zu unterst\u00fctzen <strong><a href=\"https:\/\/darwinia.standardof.net\/de\/leiten\/feinde\/spinne\/\" class=\"rank-math-link\">Spinne<\/a> <\/strong>K\u00e4mpfe oder mit ihren <a href=\"https:\/\/darwinia.standardof.net\/de\/leiten\/waffen\/\" class=\"rank-math-link\"><strong>Granaten<\/strong><\/a> gro\u00dfe Mengen von Virii herauszunehmen. Wenn Sie mit Vorsicht vorankommen und sich Zeit nehmen, um eine massive Gruppe von Darwinisten anzuh\u00e4ufen, sollten Sie kaum Schwierigkeiten haben, mit einem massiven Druck einen Streifen durch das Virus zu schneiden, um mindestens 100 Darwinisten auf die andere Seite zu bringen.<\/p>\n<\/div>\n\n\n\n<div class=\"wp-block-column is-layout-flow wp-block-column-is-layout-flow\">\n<figure class=\"wp-block-image size-large\"><a href=\"https:\/\/darwinia.standardof.net\/de\/leiten\/level-walkthroughs\/begleiten\/darwinia-level-06-escort-4\/\"><img decoding=\"async\" width=\"470\" height=\"264\" src=\"https:\/\/darwinia.standardof.net\/wp-content\/uploads\/sites\/7\/2020\/10\/Darwinia-Level-06-Escort-4.jpg\" alt=\"\" class=\"wp-image-136\" srcset=\"https:\/\/darwinia.standardof.net\/wp-content\/uploads\/sites\/7\/2020\/10\/Darwinia-Level-06-Escort-4.jpg 470w, https:\/\/darwinia.standardof.net\/wp-content\/uploads\/sites\/7\/2020\/10\/Darwinia-Level-06-Escort-4-200x112.jpg 200w, https:\/\/darwinia.standardof.net\/wp-content\/uploads\/sites\/7\/2020\/10\/Darwinia-Level-06-Escort-4-16x9.jpg 16w\" sizes=\"(max-width: 470px) 100vw, 470px\" \/><\/a><\/figure>\n<\/div>\n<\/div>\n\n\n\n<div class=\"wp-block-columns is-layout-flex wp-container-core-columns-is-layout-5 wp-block-columns-is-layout-flex\">\n<div class=\"wp-block-column is-layout-flow wp-block-column-is-layout-flow\">\n<p>Das <strong><a href=\"https:\/\/darwinia.standardof.net\/de\/leiten\/feinde\/triffid\/\" class=\"rank-math-link\">Triffiden<\/a> <\/strong>Auf dieser Karte mag es zun\u00e4chst wie ein Fluch erscheinen, aber denken Sie daran, dass sie einen endlosen Strom von Viren bereitstellen, mit denen Sie sich mit Ihren Trupps in Seelen verwandeln k\u00f6nnen, um mehr Darwinisten zu erschaffen. Solange Sie eine gro\u00dfe aufgebaute Kraft haben, werden die durch die Eier eingebrachten Verst\u00e4rkungen Sie daran hindern, das Endziel hier zu erreichen.<\/p>\n<\/div>\n\n\n\n<div class=\"wp-block-column is-layout-flow wp-block-column-is-layout-flow\">\n<figure class=\"wp-block-image size-large\"><a href=\"https:\/\/darwinia.standardof.net\/de\/leiten\/level-walkthroughs\/begleiten\/darwinia-level-06-escort-5\/\"><img decoding=\"async\" width=\"470\" height=\"264\" src=\"https:\/\/darwinia.standardof.net\/wp-content\/uploads\/sites\/7\/2020\/10\/Darwinia-Level-06-Escort-5.jpg\" alt=\"\" class=\"wp-image-137\" srcset=\"https:\/\/darwinia.standardof.net\/wp-content\/uploads\/sites\/7\/2020\/10\/Darwinia-Level-06-Escort-5.jpg 470w, https:\/\/darwinia.standardof.net\/wp-content\/uploads\/sites\/7\/2020\/10\/Darwinia-Level-06-Escort-5-200x112.jpg 200w, https:\/\/darwinia.standardof.net\/wp-content\/uploads\/sites\/7\/2020\/10\/Darwinia-Level-06-Escort-5-16x9.jpg 16w\" sizes=\"(max-width: 470px) 100vw, 470px\" \/><\/a><\/figure>\n<\/div>\n<\/div>\n\n\n\n<h3 class=\"wp-block-heading\">Escort - Darwinia Video-Komplettl\u00f6sung<\/h3>\n\n\n\n<figure class=\"wp-block-embed-youtube wp-block-embed is-type-video is-provider-youtube wp-embed-aspect-16-9 wp-has-aspect-ratio\"><div class=\"wp-block-embed__wrapper\">\n<div class=\"ast-oembed-container\" style=\"height: 100%;\"><iframe title=\"Darwinia - Escort - Komplettl\u00f6sung\" width=\"500\" height=\"281\" src=\"https:\/\/www.youtube.com\/embed\/fFgU1uZl_qo?feature=oembed\" frameborder=\"0\" allow=\"accelerometer; autoplay; clipboard-write; encrypted-media; gyroscope; picture-in-picture; web-share\" referrerpolicy=\"strict-origin-when-cross-origin\" allowfullscreen><\/iframe><\/div>\n<\/div><\/figure>\n\n\n\n<div class=\"wp-block-buttons aligncenter is-layout-flex wp-block-buttons-is-layout-flex\">\n<div class=\"wp-block-button is-style-outline\"><a class=\"wp-block-button__link\" href=\"https:\/\/darwinia.standardof.net\/de\/leiten\/level-walkthroughs\/generator\/\">Vorherige Stufe: Generator<\/a><\/div>\n\n\n\n<div class=\"wp-block-button is-style-fill\"><a class=\"wp-block-button__link\" href=\"https:\/\/darwinia.standardof.net\/de\/leiten\/level-walkthroughs\/garten\/\">N\u00e4chstes Level: Hof<\/a><\/div>\n<\/div>\n\n\n\n<p><\/p>","protected":false},"excerpt":{"rendered":"<p>The Escort level is Darwinia&#8217;s only hidden level. Access to the level is granted by capturing the Control Tower powering the Escort Trunk Port in the Generator level that is unmarked in the objectives and goes unmentioned by Doctor Sepulveda. Beating the Escort level is not integral to the main story line or progression of [&hellip;]<\/p>","protected":false},"author":1,"featured_media":133,"parent":229,"menu_order":6,"comment_status":"open","ping_status":"closed","template":"","meta":{"_uag_custom_page_level_css":"","site-sidebar-layout":"default","site-content-layout":"default","ast-site-content-layout":"","site-content-style":"default","site-sidebar-style":"default","ast-global-header-display":"","ast-banner-title-visibility":"","ast-main-header-display":"","ast-hfb-above-header-display":"","ast-hfb-below-header-display":"","ast-hfb-mobile-header-display":"","site-post-title":"","ast-breadcrumbs-content":"","ast-featured-img":"","footer-sml-layout":"","theme-transparent-header-meta":"default","adv-header-id-meta":"","stick-header-meta":"","header-above-stick-meta":"","header-main-stick-meta":"","header-below-stick-meta":"","astra-migrate-meta-layouts":"default","ast-page-background-enabled":"default","ast-page-background-meta":{"desktop":{"background-color":"","background-image":"","background-repeat":"repeat","background-position":"center center","background-size":"auto","background-attachment":"scroll","background-type":"","background-media":"","overlay-type":"","overlay-color":"","overlay-gradient":""},"tablet":{"background-color":"","background-image":"","background-repeat":"repeat","background-position":"center center","background-size":"auto","background-attachment":"scroll","background-type":"","background-media":"","overlay-type":"","overlay-color":"","overlay-gradient":""},"mobile":{"background-color":"","background-image":"","background-repeat":"repeat","background-position":"center center","background-size":"auto","background-attachment":"scroll","background-type":"","background-media":"","overlay-type":"","overlay-color":"","overlay-gradient":""}},"ast-content-background-meta":{"desktop":{"background-color":"var(--ast-global-color-5)","background-image":"","background-repeat":"repeat","background-position":"center center","background-size":"auto","background-attachment":"scroll","background-type":"","background-media":"","overlay-type":"","overlay-color":"","overlay-gradient":""},"tablet":{"background-color":"var(--ast-global-color-5)","background-image":"","background-repeat":"repeat","background-position":"center center","background-size":"auto","background-attachment":"scroll","background-type":"","background-media":"","overlay-type":"","overlay-color":"","overlay-gradient":""},"mobile":{"background-color":"var(--ast-global-color-5)","background-image":"","background-repeat":"repeat","background-position":"center center","background-size":"auto","background-attachment":"scroll","background-type":"","background-media":"","overlay-type":"","overlay-color":"","overlay-gradient":""}},"footnotes":""},"uagb_featured_image_src":{"full":["https:\/\/darwinia.standardof.net\/wp-content\/uploads\/sites\/7\/2020\/10\/Darwinia-Level-06-Escort-1.jpg",470,294,false],"thumbnail":["https:\/\/darwinia.standardof.net\/wp-content\/uploads\/sites\/7\/2020\/10\/Darwinia-Level-06-Escort-1-200x125.jpg",200,125,true],"medium":["https:\/\/darwinia.standardof.net\/wp-content\/uploads\/sites\/7\/2020\/10\/Darwinia-Level-06-Escort-1.jpg",470,294,false],"medium_large":["https:\/\/darwinia.standardof.net\/wp-content\/uploads\/sites\/7\/2020\/10\/Darwinia-Level-06-Escort-1.jpg",470,294,false],"large":["https:\/\/darwinia.standardof.net\/wp-content\/uploads\/sites\/7\/2020\/10\/Darwinia-Level-06-Escort-1.jpg",470,294,false],"1536x1536":["https:\/\/darwinia.standardof.net\/wp-content\/uploads\/sites\/7\/2020\/10\/Darwinia-Level-06-Escort-1.jpg",470,294,false],"2048x2048":["https:\/\/darwinia.standardof.net\/wp-content\/uploads\/sites\/7\/2020\/10\/Darwinia-Level-06-Escort-1.jpg",470,294,false],"trp-custom-language-flag":["https:\/\/darwinia.standardof.net\/wp-content\/uploads\/sites\/7\/2020\/10\/Darwinia-Level-06-Escort-1-16x10.jpg",16,10,true]},"uagb_author_info":{"display_name":"SOE","author_link":"https:\/\/darwinia.standardof.net\/de\/author\/k-tastic\/"},"uagb_comment_info":0,"uagb_excerpt":"The Escort level is Darwinia&#8217;s only hidden level. Access to the level is granted by capturing the Control Tower powering the Escort Trunk Port in the Generator level that is unmarked in the objectives and goes unmentioned by Doctor Sepulveda. Beating the Escort level is not integral to the main story line or progression of&hellip;","_links":{"self":[{"href":"https:\/\/darwinia.standardof.net\/de\/wp-json\/wp\/v2\/pages\/245"}],"collection":[{"href":"https:\/\/darwinia.standardof.net\/de\/wp-json\/wp\/v2\/pages"}],"about":[{"href":"https:\/\/darwinia.standardof.net\/de\/wp-json\/wp\/v2\/types\/page"}],"author":[{"embeddable":true,"href":"https:\/\/darwinia.standardof.net\/de\/wp-json\/wp\/v2\/users\/1"}],"replies":[{"embeddable":true,"href":"https:\/\/darwinia.standardof.net\/de\/wp-json\/wp\/v2\/comments?post=245"}],"version-history":[{"count":0,"href":"https:\/\/darwinia.standardof.net\/de\/wp-json\/wp\/v2\/pages\/245\/revisions"}],"up":[{"embeddable":true,"href":"https:\/\/darwinia.standardof.net\/de\/wp-json\/wp\/v2\/pages\/229"}],"wp:featuredmedia":[{"embeddable":true,"href":"https:\/\/darwinia.standardof.net\/de\/wp-json\/wp\/v2\/media\/133"}],"wp:attachment":[{"href":"https:\/\/darwinia.standardof.net\/de\/wp-json\/wp\/v2\/media?parent=245"}],"curies":[{"name":"wp","href":"https:\/\/api.w.org\/{rel}","templated":true}]}}