{"id":236,"date":"2020-10-29T16:58:04","date_gmt":"2020-10-29T16:58:04","guid":{"rendered":"https:\/\/darwinia.standardof.net\/?page_id=236"},"modified":"2020-10-30T18:19:12","modified_gmt":"2020-10-30T18:19:12","slug":"mine","status":"publish","type":"page","link":"https:\/\/darwinia.standardof.net\/de\/leiten\/level-walkthroughs\/bergwerk\/","title":{"rendered":"Bergwerk"},"content":{"rendered":"<div class=\"wp-block-group\"><div class=\"wp-block-group__inner-container is-layout-flow wp-block-group-is-layout-flow\">\n<div style=\"height:20px\" aria-hidden=\"true\" class=\"wp-block-spacer\"><\/div>\n<\/div><\/div>\n\n\n\n<div class=\"wp-block-columns is-layout-flex wp-container-core-columns-is-layout-1 wp-block-columns-is-layout-flex\">\n<div class=\"wp-block-column is-layout-flow wp-block-column-is-layout-flow\">\n<p>Die Mine ist der n\u00e4chste Schritt nach dem Entsperren der Trunk Ports in <a href=\"https:\/\/darwinia.standardof.net\/de\/leiten\/level-walkthroughs\/eindammung\/\" class=\"rank-math-link\"><strong>Eind\u00e4mmung<\/strong><\/a>. Dieses Level in <em>Darwinia <\/em>findet in dem Land statt, in dem die Darwinisten Einrichtungen betreiben, die hier rohe Polygone aus den Bergh\u00e4ngen abbauen. Die rohen Polygone kommen in Karren aus diesen Bergbauanlagen und werden in der zentralen Anlage zu raffinierten Grundelementen verarbeitet. Anschlie\u00dfend werden die raffinierten Grundelemente auf den Karren durch den Trunk Port in den Yard weitergegeben <em>Darwinia<\/em> Niveau. Dort werden sie zusammengebaut <a href=\"https:\/\/darwinia.standardof.net\/de\/leiten\/einheiten\/rustung\/\" class=\"rank-math-link\"><strong>R\u00fcstung<\/strong><\/a>.<\/p>\n<\/div>\n\n\n\n<div class=\"wp-block-column is-layout-flow wp-block-column-is-layout-flow\">\n<figure class=\"wp-block-image size-large\"><a href=\"https:\/\/darwinia.standardof.net\/de\/leiten\/level-walkthroughs\/bergwerk\/darwinia-level-04-mine-1\/\"><img decoding=\"async\" width=\"470\" height=\"294\" src=\"https:\/\/darwinia.standardof.net\/wp-content\/uploads\/sites\/7\/2020\/10\/Darwinia-Level-04-Mine-1.jpg\" alt=\"\" class=\"wp-image-123\" srcset=\"https:\/\/darwinia.standardof.net\/wp-content\/uploads\/sites\/7\/2020\/10\/Darwinia-Level-04-Mine-1.jpg 470w, https:\/\/darwinia.standardof.net\/wp-content\/uploads\/sites\/7\/2020\/10\/Darwinia-Level-04-Mine-1-200x125.jpg 200w, https:\/\/darwinia.standardof.net\/wp-content\/uploads\/sites\/7\/2020\/10\/Darwinia-Level-04-Mine-1-16x10.jpg 16w\" sizes=\"(max-width: 470px) 100vw, 470px\" \/><\/a><\/figure>\n<\/div>\n<\/div>\n\n\n\n<div class=\"wp-block-columns is-layout-flex wp-container-core-columns-is-layout-2 wp-block-columns-is-layout-flex\">\n<div class=\"wp-block-column is-layout-flow wp-block-column-is-layout-flow\">\n<p>Sie haben 3 Ziele in der Minenebene in <em>Darwinia<\/em>. Ihr erstes Ziel ist es zu bekommen <strong><a href=\"https:\/\/darwinia.standardof.net\/de\/leiten\/einheiten\/darwinisten\/\" class=\"rank-math-link\">Darwinisten<\/a> <\/strong>Betrieb der Bergbauanlagen und Verfeinerung von insgesamt 20 Grundelementen, die aus den Rohpolygonen hergestellt wurden, die aus den bemannten Anlagen hergestellt werden. Das n\u00e4chste Ziel besteht darin, den Yard Trunk Port so zu aktivieren, dass die raffinierten Grundelemente zur Herstellung auf diese Ebene \u00fcbertragen werden k\u00f6nnen. Ihr drittes Ziel ist es, die zu sammeln <a href=\"https:\/\/darwinia.standardof.net\/de\/leiten\/waffen\/\" class=\"rank-math-link\"><strong>Luftangriff<\/strong><\/a> Forschungsprojekt auf dieser Ebene. Das letzte Ziel besteht darin, den Generator-Trunk-Port zu aktivieren.<\/p>\n<\/div>\n\n\n\n<div class=\"wp-block-column is-layout-flow wp-block-column-is-layout-flow\">\n<figure class=\"wp-block-image size-large\"><a href=\"https:\/\/darwinia.standardof.net\/de\/leiten\/level-walkthroughs\/bergwerk\/darwinia-level-04-mine-2\/\"><img decoding=\"async\" width=\"470\" height=\"294\" src=\"https:\/\/darwinia.standardof.net\/wp-content\/uploads\/sites\/7\/2020\/10\/Darwinia-Level-04-Mine-2.jpg\" alt=\"\" class=\"wp-image-124\" srcset=\"https:\/\/darwinia.standardof.net\/wp-content\/uploads\/sites\/7\/2020\/10\/Darwinia-Level-04-Mine-2.jpg 470w, https:\/\/darwinia.standardof.net\/wp-content\/uploads\/sites\/7\/2020\/10\/Darwinia-Level-04-Mine-2-200x125.jpg 200w, https:\/\/darwinia.standardof.net\/wp-content\/uploads\/sites\/7\/2020\/10\/Darwinia-Level-04-Mine-2-16x10.jpg 16w\" sizes=\"(max-width: 470px) 100vw, 470px\" \/><\/a><\/figure>\n<\/div>\n<\/div>\n\n\n\n<p>Diese Mission ist ein guter Zeitpunkt, um Darwinisten auf Version 3.0 auszubilden, damit sie Laser als Waffen verwenden k\u00f6nnen. Ich schlage vor, dies sofort zu tun, wenn Sie dies noch nicht getan haben.<\/p>\n\n\n\n<div class=\"wp-block-columns is-layout-flex wp-container-core-columns-is-layout-3 wp-block-columns-is-layout-flex\">\n<div class=\"wp-block-column is-layout-flow wp-block-column-is-layout-flow\">\n<p>Beginnen Sie in der Mine, indem Sie die Hauptinsel mit der Raffinerieanlage r\u00e4umen. Erobere die Inkubatoren sofort, um Darwinisten zu lagern. Als n\u00e4chstes schnappen Sie sich alle Kontrollt\u00fcrme, die die <a href=\"https:\/\/darwinia.standardof.net\/de\/leiten\/gebaude\/\" class=\"rank-math-link\"><strong>Radargerichte<\/strong><\/a> um Ihrem Pool einige Forschungspunkte hinzuzuf\u00fcgen und Ihre Bewegungen zu den n\u00e4chsten Inseln zu \u00f6ffnen. Sie k\u00f6nnen anfangen, Darwinisten zu schicken, um die Raffinerie zu besetzen, und wenn sie Waffen haben, k\u00f6nnen Sie den H\u00fcgel, auf dem sie liegt, ganz gut selbst r\u00e4umen, obwohl es eine gute Idee ist, einen Ingenieur nach ihnen zu schicken, um eventuell freie Seelen zu sammeln.<\/p>\n<\/div>\n\n\n\n<div class=\"wp-block-column is-layout-flow wp-block-column-is-layout-flow\">\n<figure class=\"wp-block-image size-large\"><a href=\"https:\/\/darwinia.standardof.net\/de\/leiten\/level-walkthroughs\/bergwerk\/darwinia-level-04-mine-3\/\"><img decoding=\"async\" width=\"470\" height=\"264\" src=\"https:\/\/darwinia.standardof.net\/wp-content\/uploads\/sites\/7\/2020\/10\/Darwinia-Level-04-Mine-3.jpg\" alt=\"\" class=\"wp-image-125\" srcset=\"https:\/\/darwinia.standardof.net\/wp-content\/uploads\/sites\/7\/2020\/10\/Darwinia-Level-04-Mine-3.jpg 470w, https:\/\/darwinia.standardof.net\/wp-content\/uploads\/sites\/7\/2020\/10\/Darwinia-Level-04-Mine-3-200x112.jpg 200w, https:\/\/darwinia.standardof.net\/wp-content\/uploads\/sites\/7\/2020\/10\/Darwinia-Level-04-Mine-3-16x9.jpg 16w\" sizes=\"(max-width: 470px) 100vw, 470px\" \/><\/a><\/figure>\n<\/div>\n<\/div>\n\n\n\n<p>Wenn dein <strong><a href=\"https:\/\/darwinia.standardof.net\/de\/leiten\/einheiten\/darwinisten\/\" class=\"rank-math-link\">Darwinisten<\/a> <\/strong>Wenn Sie nicht bewaffnet sind, sollten Sie sich auf die Bergbauinsel konzentrieren, um die Triffiden zu zerst\u00f6ren, da sie eine Bedrohung f\u00fcr wehrlose kleine gr\u00fcne M\u00e4nner darstellen k\u00f6nnen. Wenn sie bewaffnet sind, nehmen Sie die Insel mit dem Yard Trunk Port heraus und erobern Sie sie mit <strong><a href=\"https:\/\/darwinia.standardof.net\/de\/leiten\/einheiten\/techniker\/\" class=\"rank-math-link\">Ingenieure<\/a> <\/strong>einige Seelen sch\u00f6pfen.<\/p>\n\n\n\n<div class=\"wp-block-columns is-layout-flex wp-container-core-columns-is-layout-4 wp-block-columns-is-layout-flex\">\n<div class=\"wp-block-column is-layout-flow wp-block-column-is-layout-flow\">\n<p>Die letzte Aufgabe besteht darin, zur von Bergen \u00fcbers\u00e4ten Insel zu fahren. Beseitigen Sie die Virusinfektion mit Ihren Trupps, w\u00e4hrend Sie den Kontrollturm der Gegenseite erfassen. Es ist tats\u00e4chlich einfach, einen Ingenieur zu den Forschungsdaten zu schicken, bevor die Infektion hier beseitigt wird, da sie vom Feind isoliert ist und Ingenieure das Wasser durchqueren k\u00f6nnen. Schnapp dir das jetzt, wenn du es noch nicht getan hast.<\/p>\n<\/div>\n\n\n\n<div class=\"wp-block-column is-layout-flow wp-block-column-is-layout-flow\">\n<figure class=\"wp-block-image size-large\"><a href=\"https:\/\/darwinia.standardof.net\/de\/leiten\/level-walkthroughs\/bergwerk\/darwinia-level-04-mine-4\/\"><img decoding=\"async\" width=\"470\" height=\"264\" src=\"https:\/\/darwinia.standardof.net\/wp-content\/uploads\/sites\/7\/2020\/10\/Darwinia-Level-04-Mine-4.jpg\" alt=\"\" class=\"wp-image-126\" srcset=\"https:\/\/darwinia.standardof.net\/wp-content\/uploads\/sites\/7\/2020\/10\/Darwinia-Level-04-Mine-4.jpg 470w, https:\/\/darwinia.standardof.net\/wp-content\/uploads\/sites\/7\/2020\/10\/Darwinia-Level-04-Mine-4-200x112.jpg 200w, https:\/\/darwinia.standardof.net\/wp-content\/uploads\/sites\/7\/2020\/10\/Darwinia-Level-04-Mine-4-16x9.jpg 16w\" sizes=\"(max-width: 470px) 100vw, 470px\" \/><\/a><\/figure>\n<\/div>\n<\/div>\n\n\n\n<p>Priorisieren Sie das L\u00f6schen der <strong><a href=\"https:\/\/darwinia.standardof.net\/de\/leiten\/feinde\/spinne\/\" class=\"rank-math-link\">Spinnen<\/a> <\/strong>und <strong><a href=\"https:\/\/darwinia.standardof.net\/de\/leiten\/feinde\/triffid\/\" class=\"rank-math-link\">Triffiden<\/a> <\/strong>Zun\u00e4chst, bevor die anderen Patches von Virii und Sporengeneratoren gel\u00f6scht werden, stellen die ersten beiden Patches zu diesem Zeitpunkt die gr\u00f6\u00dfte Bedrohung f\u00fcr Ihre Darwinisten dar. Wenn Sie Darwinisten bewaffnet haben, k\u00f6nnen Sie sie auf die Insel und zu den Bergbauanlagen schicken, w\u00e4hrend Ihre Trupps weiterhin die R\u00e4umung durchf\u00fchren <a href=\"https:\/\/darwinia.standardof.net\/de\/leiten\/feinde\/virii\/\" class=\"rank-math-link\"><strong>Virii<\/strong><\/a>. Stellen Sie sicher, dass Sie den Inkubator auch auf der Bergbauinsel einfangen.<\/p>\n\n\n\n<div class=\"wp-block-columns is-layout-flex wp-container-core-columns-is-layout-5 wp-block-columns-is-layout-flex\">\n<div class=\"wp-block-column is-layout-flow wp-block-column-is-layout-flow\">\n<p>W\u00e4hrend der Betrieb der Bergbauanlagen beginnen sie, goldene Rohpolygone in den Bergbauwagen abzulegen, die sich mit der Aktivierung der Raffinerien bewegen sollten. Beobachten Sie die Nummer auf dem \u201eLCD-Bildschirm\u201c an der Seite des Raffineriegeb\u00e4udes. Es z\u00e4hlt bis 20, wenn diese Polygone das Geb\u00e4ude betreten und die andere Seite als goldene W\u00fcrfel verlassen. Sobald Sie 20 erreicht haben, die Daten heruntergeladen und die Trunk-Ports hier aktiviert haben, k\u00f6nnen Sie zum <strong><a href=\"https:\/\/darwinia.standardof.net\/de\/leiten\/level-walkthroughs\/generator\/\" class=\"rank-math-link\">Generator<\/a> <\/strong>Niveau.<\/p>\n<\/div>\n\n\n\n<div class=\"wp-block-column is-layout-flow wp-block-column-is-layout-flow\">\n<figure class=\"wp-block-image size-large\"><a href=\"https:\/\/darwinia.standardof.net\/de\/leiten\/level-walkthroughs\/bergwerk\/darwinia-level-04-mine-5\/\"><img decoding=\"async\" width=\"470\" height=\"264\" src=\"https:\/\/darwinia.standardof.net\/wp-content\/uploads\/sites\/7\/2020\/10\/Darwinia-Level-04-Mine-5.jpg\" alt=\"\" class=\"wp-image-127\" srcset=\"https:\/\/darwinia.standardof.net\/wp-content\/uploads\/sites\/7\/2020\/10\/Darwinia-Level-04-Mine-5.jpg 470w, https:\/\/darwinia.standardof.net\/wp-content\/uploads\/sites\/7\/2020\/10\/Darwinia-Level-04-Mine-5-200x112.jpg 200w, https:\/\/darwinia.standardof.net\/wp-content\/uploads\/sites\/7\/2020\/10\/Darwinia-Level-04-Mine-5-16x9.jpg 16w\" sizes=\"(max-width: 470px) 100vw, 470px\" \/><\/a><\/figure>\n<\/div>\n<\/div>\n\n\n\n<h3 class=\"wp-block-heading\">Mine - Darwinia Video Walkthrough<\/h3>\n\n\n\n<figure class=\"wp-block-embed-youtube wp-block-embed is-type-video is-provider-youtube wp-embed-aspect-16-9 wp-has-aspect-ratio\"><div class=\"wp-block-embed__wrapper\">\n<div class=\"ast-oembed-container\" style=\"height: 100%;\"><iframe title=\"Darwinia - Mine - Komplettl\u00f6sung\" width=\"500\" height=\"281\" src=\"https:\/\/www.youtube.com\/embed\/XoTfkiJm-io?feature=oembed\" frameborder=\"0\" allow=\"accelerometer; autoplay; clipboard-write; encrypted-media; gyroscope; picture-in-picture; web-share\" referrerpolicy=\"strict-origin-when-cross-origin\" allowfullscreen><\/iframe><\/div>\n<\/div><\/figure>\n\n\n\n<div class=\"wp-block-buttons aligncenter is-layout-flex wp-block-buttons-is-layout-flex\">\n<div class=\"wp-block-button is-style-outline\"><a class=\"wp-block-button__link\" href=\"https:\/\/darwinia.standardof.net\/de\/leiten\/level-walkthroughs\/eindammung\/\">Vorherige Stufe: Eind\u00e4mmung<\/a><\/div>\n\n\n\n<div class=\"wp-block-button is-style-fill\"><a class=\"wp-block-button__link\" href=\"https:\/\/darwinia.standardof.net\/de\/leiten\/level-walkthroughs\/generator\/\">N\u00e4chstes Level: Generator<\/a><\/div>\n<\/div>","protected":false},"excerpt":{"rendered":"<p>The Mine is the next step after unlocking the Trunk Ports in Containment. This level in Darwinia takes place in the land where the Darwinians operate facilities that mine raw polygons out of the mountainsides here. The raw polygons come down from these mining facilities in carts, to be processed at the central facility into [&hellip;]<\/p>","protected":false},"author":1,"featured_media":124,"parent":229,"menu_order":4,"comment_status":"open","ping_status":"closed","template":"","meta":{"_uag_custom_page_level_css":"","site-sidebar-layout":"default","site-content-layout":"default","ast-site-content-layout":"","site-content-style":"default","site-sidebar-style":"default","ast-global-header-display":"","ast-banner-title-visibility":"","ast-main-header-display":"","ast-hfb-above-header-display":"","ast-hfb-below-header-display":"","ast-hfb-mobile-header-display":"","site-post-title":"","ast-breadcrumbs-content":"","ast-featured-img":"","footer-sml-layout":"","theme-transparent-header-meta":"default","adv-header-id-meta":"","stick-header-meta":"","header-above-stick-meta":"","header-main-stick-meta":"","header-below-stick-meta":"","astra-migrate-meta-layouts":"default","ast-page-background-enabled":"default","ast-page-background-meta":{"desktop":{"background-color":"","background-image":"","background-repeat":"repeat","background-position":"center center","background-size":"auto","background-attachment":"scroll","background-type":"","background-media":"","overlay-type":"","overlay-color":"","overlay-gradient":""},"tablet":{"background-color":"","background-image":"","background-repeat":"repeat","background-position":"center center","background-size":"auto","background-attachment":"scroll","background-type":"","background-media":"","overlay-type":"","overlay-color":"","overlay-gradient":""},"mobile":{"background-color":"","background-image":"","background-repeat":"repeat","background-position":"center center","background-size":"auto","background-attachment":"scroll","background-type":"","background-media":"","overlay-type":"","overlay-color":"","overlay-gradient":""}},"ast-content-background-meta":{"desktop":{"background-color":"var(--ast-global-color-5)","background-image":"","background-repeat":"repeat","background-position":"center center","background-size":"auto","background-attachment":"scroll","background-type":"","background-media":"","overlay-type":"","overlay-color":"","overlay-gradient":""},"tablet":{"background-color":"var(--ast-global-color-5)","background-image":"","background-repeat":"repeat","background-position":"center center","background-size":"auto","background-attachment":"scroll","background-type":"","background-media":"","overlay-type":"","overlay-color":"","overlay-gradient":""},"mobile":{"background-color":"var(--ast-global-color-5)","background-image":"","background-repeat":"repeat","background-position":"center center","background-size":"auto","background-attachment":"scroll","background-type":"","background-media":"","overlay-type":"","overlay-color":"","overlay-gradient":""}},"footnotes":""},"uagb_featured_image_src":{"full":["https:\/\/darwinia.standardof.net\/wp-content\/uploads\/sites\/7\/2020\/10\/Darwinia-Level-04-Mine-2.jpg",470,294,false],"thumbnail":["https:\/\/darwinia.standardof.net\/wp-content\/uploads\/sites\/7\/2020\/10\/Darwinia-Level-04-Mine-2-200x125.jpg",200,125,true],"medium":["https:\/\/darwinia.standardof.net\/wp-content\/uploads\/sites\/7\/2020\/10\/Darwinia-Level-04-Mine-2.jpg",470,294,false],"medium_large":["https:\/\/darwinia.standardof.net\/wp-content\/uploads\/sites\/7\/2020\/10\/Darwinia-Level-04-Mine-2.jpg",470,294,false],"large":["https:\/\/darwinia.standardof.net\/wp-content\/uploads\/sites\/7\/2020\/10\/Darwinia-Level-04-Mine-2.jpg",470,294,false],"1536x1536":["https:\/\/darwinia.standardof.net\/wp-content\/uploads\/sites\/7\/2020\/10\/Darwinia-Level-04-Mine-2.jpg",470,294,false],"2048x2048":["https:\/\/darwinia.standardof.net\/wp-content\/uploads\/sites\/7\/2020\/10\/Darwinia-Level-04-Mine-2.jpg",470,294,false],"trp-custom-language-flag":["https:\/\/darwinia.standardof.net\/wp-content\/uploads\/sites\/7\/2020\/10\/Darwinia-Level-04-Mine-2-16x10.jpg",16,10,true]},"uagb_author_info":{"display_name":"SOE","author_link":"https:\/\/darwinia.standardof.net\/de\/author\/k-tastic\/"},"uagb_comment_info":0,"uagb_excerpt":"The Mine is the next step after unlocking the Trunk Ports in Containment. This level in Darwinia takes place in the land where the Darwinians operate facilities that mine raw polygons out of the mountainsides here. The raw polygons come down from these mining facilities in carts, to be processed at the central facility into&hellip;","_links":{"self":[{"href":"https:\/\/darwinia.standardof.net\/de\/wp-json\/wp\/v2\/pages\/236"}],"collection":[{"href":"https:\/\/darwinia.standardof.net\/de\/wp-json\/wp\/v2\/pages"}],"about":[{"href":"https:\/\/darwinia.standardof.net\/de\/wp-json\/wp\/v2\/types\/page"}],"author":[{"embeddable":true,"href":"https:\/\/darwinia.standardof.net\/de\/wp-json\/wp\/v2\/users\/1"}],"replies":[{"embeddable":true,"href":"https:\/\/darwinia.standardof.net\/de\/wp-json\/wp\/v2\/comments?post=236"}],"version-history":[{"count":0,"href":"https:\/\/darwinia.standardof.net\/de\/wp-json\/wp\/v2\/pages\/236\/revisions"}],"up":[{"embeddable":true,"href":"https:\/\/darwinia.standardof.net\/de\/wp-json\/wp\/v2\/pages\/229"}],"wp:featuredmedia":[{"embeddable":true,"href":"https:\/\/darwinia.standardof.net\/de\/wp-json\/wp\/v2\/media\/124"}],"wp:attachment":[{"href":"https:\/\/darwinia.standardof.net\/de\/wp-json\/wp\/v2\/media?parent=236"}],"curies":[{"name":"wp","href":"https:\/\/api.w.org\/{rel}","templated":true}]}}