{"id":235,"date":"2020-10-29T16:57:38","date_gmt":"2020-10-29T16:57:38","guid":{"rendered":"https:\/\/darwinia.standardof.net\/?page_id=235"},"modified":"2020-10-30T18:09:49","modified_gmt":"2020-10-30T18:09:49","slug":"containment","status":"publish","type":"page","link":"https:\/\/darwinia.standardof.net\/de\/leiten\/level-walkthroughs\/eindammung\/","title":{"rendered":"Eind\u00e4mmung"},"content":{"rendered":"<div class=\"wp-block-group\"><div class=\"wp-block-group__inner-container is-layout-flow wp-block-group-is-layout-flow\">\n<div style=\"height:20px\" aria-hidden=\"true\" class=\"wp-block-spacer\"><\/div>\n<\/div><\/div>\n\n\n\n<div class=\"wp-block-columns is-layout-flex wp-container-core-columns-is-layout-1 wp-block-columns-is-layout-flex\">\n<div class=\"wp-block-column is-layout-flow wp-block-column-is-layout-flow\">\n<p>Eind\u00e4mmung ist die Ebene und der Bereich des Projekts, in dem Doktor Sepulveda das Virus mithilfe von riesigen Kraftfeldern eind\u00e4mmen konnte, die er hier in das Gel\u00e4nde programmiert hatte. Sie haben 3 Ziele in diesem Level. Erstens m\u00fcssen Sie 150 Darwinisten retten, indem Sie sie unter den Baum bringen, der sich im enthaltenen Teil der Karte befindet. Zweitens m\u00fcssen Sie die auf dieser Karte befindlichen Forschungsdaten herunterladen. Zuletzt m\u00fcssen Sie die drei Trunk-Ports in Containment in aktivieren <em>Darwinia.<\/em><\/p>\n<\/div>\n\n\n\n<div class=\"wp-block-column is-layout-flow wp-block-column-is-layout-flow\">\n<figure class=\"wp-block-image size-large\"><a href=\"https:\/\/darwinia.standardof.net\/de\/leiten\/level-walkthroughs\/eindammung\/darwinia-level-03-containment-1\/\"><img decoding=\"async\" width=\"470\" height=\"294\" src=\"https:\/\/darwinia.standardof.net\/wp-content\/uploads\/sites\/7\/2020\/10\/Darwinia-Level-03-Containment-1.jpg\" alt=\"\" class=\"wp-image-118\" srcset=\"https:\/\/darwinia.standardof.net\/wp-content\/uploads\/sites\/7\/2020\/10\/Darwinia-Level-03-Containment-1.jpg 470w, https:\/\/darwinia.standardof.net\/wp-content\/uploads\/sites\/7\/2020\/10\/Darwinia-Level-03-Containment-1-200x125.jpg 200w, https:\/\/darwinia.standardof.net\/wp-content\/uploads\/sites\/7\/2020\/10\/Darwinia-Level-03-Containment-1-16x10.jpg 16w\" sizes=\"(max-width: 470px) 100vw, 470px\" \/><\/a><\/figure>\n<\/div>\n<\/div>\n\n\n\n<div class=\"wp-block-columns is-layout-flex wp-container-core-columns-is-layout-2 wp-block-columns-is-layout-flex\">\n<div class=\"wp-block-column is-layout-flow wp-block-column-is-layout-flow\">\n<p>Beginnen Sie mit der Eind\u00e4mmung in <em>Darwinia<\/em> durch Laichen eines Trupps innerhalb des enthaltenen Teils der Karte durch den Garden Trunk Port. Sie m\u00fcssen einen gro\u00dfen Teil von Virii mit Ihrem entfernen <strong><a href=\"https:\/\/darwinia.standardof.net\/de\/leiten\/waffen\/\" class=\"rank-math-link\">Laser<\/a> <\/strong>und Granaten. Ungef\u00e4hr zu diesem Zeitpunkt sollten Sie die Forschung an Squads v2.0 beenden und mit der Arbeit an Engineers v2.0 beginnen, um in diesem Fall die Seelensammelf\u00e4higkeiten dieser Einheiten zu verbessern.<\/p>\n<\/div>\n\n\n\n<div class=\"wp-block-column is-layout-flow wp-block-column-is-layout-flow\">\n<figure class=\"wp-block-image size-large\"><a href=\"https:\/\/darwinia.standardof.net\/de\/leiten\/level-walkthroughs\/eindammung\/darwinia-level-03-containment-2\/\"><img decoding=\"async\" width=\"470\" height=\"294\" src=\"https:\/\/darwinia.standardof.net\/wp-content\/uploads\/sites\/7\/2020\/10\/Darwinia-Level-03-Containment-2.jpg\" alt=\"\" class=\"wp-image-119\" srcset=\"https:\/\/darwinia.standardof.net\/wp-content\/uploads\/sites\/7\/2020\/10\/Darwinia-Level-03-Containment-2.jpg 470w, https:\/\/darwinia.standardof.net\/wp-content\/uploads\/sites\/7\/2020\/10\/Darwinia-Level-03-Containment-2-200x125.jpg 200w, https:\/\/darwinia.standardof.net\/wp-content\/uploads\/sites\/7\/2020\/10\/Darwinia-Level-03-Containment-2-16x10.jpg 16w\" sizes=\"(max-width: 470px) 100vw, 470px\" \/><\/a><\/figure>\n<\/div>\n<\/div>\n\n\n\n<div class=\"wp-block-columns is-layout-flex wp-container-core-columns-is-layout-3 wp-block-columns-is-layout-flex\">\n<div class=\"wp-block-column is-layout-flow wp-block-column-is-layout-flow\">\n<p>Weiter zum <a href=\"https:\/\/darwinia.standardof.net\/de\/leiten\/gebaude\/\" class=\"rank-math-link\"><strong>Inkubator<\/strong><\/a>und beseitigt hier den schweren Befall mit Virii und Hundertf\u00fc\u00dfern. Sobald es unter Ihrer Kontrolle ist, k\u00f6nnen Sie Ingenieure spawnen, um Seelen zu sammeln, damit der Inkubator mit dem Laichen von Darwinisten beginnt. Befreien Sie den Rest dieser Insel von jeglichem Virusbefall, w\u00e4hrend Sie so viele Seelen wie m\u00f6glich sammeln, da Sie sicherstellen m\u00fcssen, dass den derzeit wehrlosen Darwinisten nichts mehr schadet. Es ist auch eine gute Idee, beide Radarsch\u00fcsseln und Kontrollt\u00fcrme auf dieser Insel so schnell wie m\u00f6glich zu erfassen, um Ihrem Forschungspool weitere Punkte hinzuzuf\u00fcgen.<\/p>\n<\/div>\n\n\n\n<div class=\"wp-block-column is-layout-flow wp-block-column-is-layout-flow\">\n<figure class=\"wp-block-image size-large\"><a href=\"https:\/\/darwinia.standardof.net\/de\/leiten\/level-walkthroughs\/eindammung\/darwinia-level-03-containment-3\/\"><img decoding=\"async\" width=\"470\" height=\"294\" src=\"https:\/\/darwinia.standardof.net\/wp-content\/uploads\/sites\/7\/2020\/10\/Darwinia-Level-03-Containment-3.jpg\" alt=\"\" class=\"wp-image-120\" srcset=\"https:\/\/darwinia.standardof.net\/wp-content\/uploads\/sites\/7\/2020\/10\/Darwinia-Level-03-Containment-3.jpg 470w, https:\/\/darwinia.standardof.net\/wp-content\/uploads\/sites\/7\/2020\/10\/Darwinia-Level-03-Containment-3-200x125.jpg 200w, https:\/\/darwinia.standardof.net\/wp-content\/uploads\/sites\/7\/2020\/10\/Darwinia-Level-03-Containment-3-16x10.jpg 16w\" sizes=\"(max-width: 470px) 100vw, 470px\" \/><\/a><\/figure>\n<\/div>\n<\/div>\n\n\n\n<div class=\"wp-block-columns is-layout-flex wp-container-core-columns-is-layout-4 wp-block-columns-is-layout-flex\">\n<div class=\"wp-block-column is-layout-flow wp-block-column-is-layout-flow\">\n<p>Als n\u00e4chstes k\u00f6nnen Sie mit dem Mine Trunk Port zur Insel fahren. Schicken Sie Ihren Trupp durch und erobern Sie mit einem Ingenieur den Kontrollturm der anderen Seite und arbeiten Sie sich durch den <a href=\"https:\/\/darwinia.standardof.net\/de\/leiten\/feinde\/tausendfusler\/\" class=\"rank-math-link\"><strong>Hundertf\u00fc\u00dfer<\/strong><\/a>, <strong><a class=\"rank-math-link\" href=\"https:\/\/standardof.net\/games\/darwinia-guide\/enemies\/spore-generator\/\" target=\"_blank\" rel=\"noopener\">Sporengenerator<\/a> <\/strong>und <strong><a href=\"https:\/\/darwinia.standardof.net\/de\/leiten\/feinde\/virii\/\" class=\"rank-math-link\">Virii<\/a> <\/strong>Hier. Wenn Sie den Inkubator vom Befall befreit haben, machen Sie dasselbe wie auf der ersten Insel und beseitigen Sie den Rest des Virus, w\u00e4hrend Ihre Ingenieure die Seelen sch\u00f6pfen. Stellen Sie sicher, dass Sie auch hier den Trunk Port zur Mine erfassen.<\/p>\n<\/div>\n\n\n\n<div class=\"wp-block-column is-layout-flow wp-block-column-is-layout-flow\">\n<figure class=\"wp-block-image size-large\"><a href=\"https:\/\/darwinia.standardof.net\/de\/leiten\/level-walkthroughs\/eindammung\/darwinia-level-03-containment-4\/\"><img decoding=\"async\" width=\"470\" height=\"264\" src=\"https:\/\/darwinia.standardof.net\/wp-content\/uploads\/sites\/7\/2020\/10\/Darwinia-Level-03-Containment-4.jpg\" alt=\"\" class=\"wp-image-121\" srcset=\"https:\/\/darwinia.standardof.net\/wp-content\/uploads\/sites\/7\/2020\/10\/Darwinia-Level-03-Containment-4.jpg 470w, https:\/\/darwinia.standardof.net\/wp-content\/uploads\/sites\/7\/2020\/10\/Darwinia-Level-03-Containment-4-200x112.jpg 200w, https:\/\/darwinia.standardof.net\/wp-content\/uploads\/sites\/7\/2020\/10\/Darwinia-Level-03-Containment-4-16x9.jpg 16w\" sizes=\"(max-width: 470px) 100vw, 470px\" \/><\/a><\/figure>\n<\/div>\n<\/div>\n\n\n\n<div class=\"wp-block-columns is-layout-flex wp-container-core-columns-is-layout-5 wp-block-columns-is-layout-flex\">\n<div class=\"wp-block-column is-layout-flow wp-block-column-is-layout-flow\">\n<p>Der n\u00e4chste Schritt besteht darin, auf die Forschungsdaten des Arztes zuzugehen, die sich auf der Insel mit zwei Tausendf\u00fc\u00dflern und keinem anderen Virus befinden. Durch das Herunterladen dieser Daten erhalten Sie Zugriff auf das Offiziersprogramm, mit dem Sie Darwinisten in Einheiten verwandeln k\u00f6nnen, die andere befehligen k\u00f6nnen <strong><a href=\"https:\/\/darwinia.standardof.net\/de\/leiten\/einheiten\/darwinisten\/\" class=\"rank-math-link\">Darwinisten<\/a> <\/strong>auf festgelegten Wegen fahren. Erstellen Sie einige <strong><a href=\"https:\/\/darwinia.standardof.net\/de\/leiten\/einheiten\/offizier\/\" class=\"rank-math-link\">Offiziere<\/a> <\/strong>in der N\u00e4he der erbeuteten Inkubatoren und richten Sie Routen ein, denen sie in das Sicherheitsfeld folgen sollen. Sie m\u00fcssen mehrere Offiziere einsetzen, um eine Route zu erstellen, die den Punkt verbindet, da jeder nur einen einfachen linearen Fahrbefehl geben kann. Stellen Sie sicher, dass der Pfad in den Sicherheitsbereich nicht die R\u00e4nder des Kraftfelds kreuzt, da durch Ber\u00fchren Darwinisten get\u00f6tet werden und sie sich m\u00f6glicherweise durch das Feld bewegen m\u00fcssen.<\/p>\n<\/div>\n\n\n\n<div class=\"wp-block-column is-layout-flow wp-block-column-is-layout-flow\">\n<figure class=\"wp-block-image size-large\"><a href=\"https:\/\/darwinia.standardof.net\/de\/leiten\/level-walkthroughs\/eindammung\/darwinia-level-03-containment-5\/\"><img decoding=\"async\" width=\"470\" height=\"264\" src=\"https:\/\/darwinia.standardof.net\/wp-content\/uploads\/sites\/7\/2020\/10\/Darwinia-Level-03-Containment-5.jpg\" alt=\"\" class=\"wp-image-122\" srcset=\"https:\/\/darwinia.standardof.net\/wp-content\/uploads\/sites\/7\/2020\/10\/Darwinia-Level-03-Containment-5.jpg 470w, https:\/\/darwinia.standardof.net\/wp-content\/uploads\/sites\/7\/2020\/10\/Darwinia-Level-03-Containment-5-200x112.jpg 200w, https:\/\/darwinia.standardof.net\/wp-content\/uploads\/sites\/7\/2020\/10\/Darwinia-Level-03-Containment-5-16x9.jpg 16w\" sizes=\"(max-width: 470px) 100vw, 470px\" \/><\/a><\/figure>\n<\/div>\n<\/div>\n\n\n\n<p>Nachdem Sie die Daten heruntergeladen haben, k\u00f6nnen Sie die letzte Insel f\u00fcr weitere Seelen r\u00e4umen, wenn Sie zus\u00e4tzliche Darwinisten hervorbringen m\u00fcssen. Haupts\u00e4chlich m\u00f6chten Sie jedoch hierher kommen, um den Trunk Port zum zu aktivieren <a href=\"https:\/\/darwinia.standardof.net\/de\/leiten\/level-walkthroughs\/generator\/\" class=\"rank-math-link\"><strong>Generator<\/strong><\/a>. Sobald Sie die Ziele erreicht haben, ist es Zeit, sich auf den Weg zu machen <a href=\"https:\/\/darwinia.standardof.net\/de\/leiten\/level-walkthroughs\/bergwerk\/\" class=\"rank-math-link\"><strong>Bergwerk<\/strong><\/a>.<\/p>\n\n\n\n<h3 class=\"wp-block-heading\">Containment - Darwinia Level Walkthrough-Video<\/h3>\n\n\n\n<figure class=\"wp-block-embed-youtube wp-block-embed is-type-video is-provider-youtube wp-embed-aspect-16-9 wp-has-aspect-ratio\"><div class=\"wp-block-embed__wrapper\">\n<div class=\"ast-oembed-container\" style=\"height: 100%;\"><iframe title=\"Darwinia - Containment - Komplettl\u00f6sung\" width=\"500\" height=\"281\" src=\"https:\/\/www.youtube.com\/embed\/0lJegklL2xU?feature=oembed\" frameborder=\"0\" allow=\"accelerometer; autoplay; clipboard-write; encrypted-media; gyroscope; picture-in-picture; web-share\" referrerpolicy=\"strict-origin-when-cross-origin\" allowfullscreen><\/iframe><\/div>\n<\/div><\/figure>\n\n\n\n<div class=\"wp-block-buttons aligncenter is-layout-flex wp-block-buttons-is-layout-flex\">\n<div class=\"wp-block-button is-style-outline\"><a class=\"wp-block-button__link\" href=\"https:\/\/darwinia.standardof.net\/de\/leiten\/level-walkthroughs\/garten-2\/\">Vorheriges Level: Garten<\/a><\/div>\n\n\n\n<div class=\"wp-block-button is-style-fill\"><a class=\"wp-block-button__link\" href=\"https:\/\/darwinia.standardof.net\/de\/leiten\/level-walkthroughs\/bergwerk\/\">N\u00e4chstes Level: Meins<\/a><\/div>\n<\/div>\n\n\n\n<p><\/p>","protected":false},"excerpt":{"rendered":"<p>Containment is the level and area of the project where Doctor Sepulveda was able to contain the virus through the use of giant force fields he programmed into the terrain here. You will have 3 objectives in this level, first is to rescue 150 Darwinians by bringing them underneath the tree sitting in the contained [&hellip;]<\/p>","protected":false},"author":1,"featured_media":122,"parent":229,"menu_order":3,"comment_status":"open","ping_status":"closed","template":"","meta":{"_uag_custom_page_level_css":"","site-sidebar-layout":"default","site-content-layout":"default","ast-site-content-layout":"","site-content-style":"default","site-sidebar-style":"default","ast-global-header-display":"","ast-banner-title-visibility":"","ast-main-header-display":"","ast-hfb-above-header-display":"","ast-hfb-below-header-display":"","ast-hfb-mobile-header-display":"","site-post-title":"","ast-breadcrumbs-content":"","ast-featured-img":"","footer-sml-layout":"","theme-transparent-header-meta":"default","adv-header-id-meta":"","stick-header-meta":"","header-above-stick-meta":"","header-main-stick-meta":"","header-below-stick-meta":"","astra-migrate-meta-layouts":"default","ast-page-background-enabled":"default","ast-page-background-meta":{"desktop":{"background-color":"","background-image":"","background-repeat":"repeat","background-position":"center center","background-size":"auto","background-attachment":"scroll","background-type":"","background-media":"","overlay-type":"","overlay-color":"","overlay-gradient":""},"tablet":{"background-color":"","background-image":"","background-repeat":"repeat","background-position":"center center","background-size":"auto","background-attachment":"scroll","background-type":"","background-media":"","overlay-type":"","overlay-color":"","overlay-gradient":""},"mobile":{"background-color":"","background-image":"","background-repeat":"repeat","background-position":"center center","background-size":"auto","background-attachment":"scroll","background-type":"","background-media":"","overlay-type":"","overlay-color":"","overlay-gradient":""}},"ast-content-background-meta":{"desktop":{"background-color":"var(--ast-global-color-5)","background-image":"","background-repeat":"repeat","background-position":"center center","background-size":"auto","background-attachment":"scroll","background-type":"","background-media":"","overlay-type":"","overlay-color":"","overlay-gradient":""},"tablet":{"background-color":"var(--ast-global-color-5)","background-image":"","background-repeat":"repeat","background-position":"center center","background-size":"auto","background-attachment":"scroll","background-type":"","background-media":"","overlay-type":"","overlay-color":"","overlay-gradient":""},"mobile":{"background-color":"var(--ast-global-color-5)","background-image":"","background-repeat":"repeat","background-position":"center center","background-size":"auto","background-attachment":"scroll","background-type":"","background-media":"","overlay-type":"","overlay-color":"","overlay-gradient":""}},"footnotes":""},"uagb_featured_image_src":{"full":["https:\/\/darwinia.standardof.net\/wp-content\/uploads\/sites\/7\/2020\/10\/Darwinia-Level-03-Containment-5.jpg",470,264,false],"thumbnail":["https:\/\/darwinia.standardof.net\/wp-content\/uploads\/sites\/7\/2020\/10\/Darwinia-Level-03-Containment-5-200x112.jpg",200,112,true],"medium":["https:\/\/darwinia.standardof.net\/wp-content\/uploads\/sites\/7\/2020\/10\/Darwinia-Level-03-Containment-5.jpg",470,264,false],"medium_large":["https:\/\/darwinia.standardof.net\/wp-content\/uploads\/sites\/7\/2020\/10\/Darwinia-Level-03-Containment-5.jpg",470,264,false],"large":["https:\/\/darwinia.standardof.net\/wp-content\/uploads\/sites\/7\/2020\/10\/Darwinia-Level-03-Containment-5.jpg",470,264,false],"1536x1536":["https:\/\/darwinia.standardof.net\/wp-content\/uploads\/sites\/7\/2020\/10\/Darwinia-Level-03-Containment-5.jpg",470,264,false],"2048x2048":["https:\/\/darwinia.standardof.net\/wp-content\/uploads\/sites\/7\/2020\/10\/Darwinia-Level-03-Containment-5.jpg",470,264,false],"trp-custom-language-flag":["https:\/\/darwinia.standardof.net\/wp-content\/uploads\/sites\/7\/2020\/10\/Darwinia-Level-03-Containment-5-16x9.jpg",16,9,true]},"uagb_author_info":{"display_name":"SOE","author_link":"https:\/\/darwinia.standardof.net\/de\/author\/k-tastic\/"},"uagb_comment_info":3,"uagb_excerpt":"Containment is the level and area of the project where Doctor Sepulveda was able to contain the virus through the use of giant force fields he programmed into the terrain here. You will have 3 objectives in this level, first is to rescue 150 Darwinians by bringing them underneath the tree sitting in the contained&hellip;","_links":{"self":[{"href":"https:\/\/darwinia.standardof.net\/de\/wp-json\/wp\/v2\/pages\/235"}],"collection":[{"href":"https:\/\/darwinia.standardof.net\/de\/wp-json\/wp\/v2\/pages"}],"about":[{"href":"https:\/\/darwinia.standardof.net\/de\/wp-json\/wp\/v2\/types\/page"}],"author":[{"embeddable":true,"href":"https:\/\/darwinia.standardof.net\/de\/wp-json\/wp\/v2\/users\/1"}],"replies":[{"embeddable":true,"href":"https:\/\/darwinia.standardof.net\/de\/wp-json\/wp\/v2\/comments?post=235"}],"version-history":[{"count":0,"href":"https:\/\/darwinia.standardof.net\/de\/wp-json\/wp\/v2\/pages\/235\/revisions"}],"up":[{"embeddable":true,"href":"https:\/\/darwinia.standardof.net\/de\/wp-json\/wp\/v2\/pages\/229"}],"wp:featuredmedia":[{"embeddable":true,"href":"https:\/\/darwinia.standardof.net\/de\/wp-json\/wp\/v2\/media\/122"}],"wp:attachment":[{"href":"https:\/\/darwinia.standardof.net\/de\/wp-json\/wp\/v2\/media?parent=235"}],"curies":[{"name":"wp","href":"https:\/\/api.w.org\/{rel}","templated":true}]}}