{"id":234,"date":"2020-10-29T16:57:14","date_gmt":"2020-10-29T16:57:14","guid":{"rendered":"https:\/\/darwinia.standardof.net\/?page_id=234"},"modified":"2020-10-29T17:06:36","modified_gmt":"2020-10-29T17:06:36","slug":"garden","status":"publish","type":"page","link":"https:\/\/darwinia.standardof.net\/de\/leiten\/level-walkthroughs\/garten-2\/","title":{"rendered":"Garten"},"content":{"rendered":"<div style=\"height:20px\" aria-hidden=\"true\" class=\"wp-block-spacer\"><\/div>\n\n\n\n<div class=\"wp-block-columns is-layout-flex wp-container-core-columns-is-layout-1 wp-block-columns-is-layout-flex\">\n<div class=\"wp-block-column is-layout-flow wp-block-column-is-layout-flow\">\n<p>Der Garten ist das erste Level, das verf\u00fcgbar ist, nachdem ein neues Spiel in begonnen wurde <em>Darwinia<\/em>. Sie werden dem Arzt vorgestellt, wenn er seine Verwirrung dar\u00fcber zum Ausdruck bringt, wie Sie sich mit der digitalen Welt verbinden konnten, da er aufgrund einer grassierenden Virusinfektion, die das Projekt plagt, externe Verbindungen gesperrt hat. Garden ist als Einf\u00fchrung in das Starten und Ausf\u00fchren von Programmen und die Steuerung des Teams zur Bek\u00e4mpfung der Virusbedrohung gedacht.<\/p>\n<\/div>\n\n\n\n<div class=\"wp-block-column is-layout-flow wp-block-column-is-layout-flow\">\n<figure class=\"wp-block-image size-large\"><a href=\"https:\/\/darwinia.standardof.net\/de\/leiten\/level-walkthroughs\/garten-2\/darwinia-level-02-garden-1\/\"><img decoding=\"async\" width=\"470\" height=\"264\" src=\"https:\/\/darwinia.standardof.net\/wp-content\/uploads\/sites\/7\/2020\/10\/Darwinia-Level-02-Garden-1.jpg\" alt=\"\" class=\"wp-image-114\" srcset=\"https:\/\/darwinia.standardof.net\/wp-content\/uploads\/sites\/7\/2020\/10\/Darwinia-Level-02-Garden-1.jpg 470w, https:\/\/darwinia.standardof.net\/wp-content\/uploads\/sites\/7\/2020\/10\/Darwinia-Level-02-Garden-1-200x112.jpg 200w, https:\/\/darwinia.standardof.net\/wp-content\/uploads\/sites\/7\/2020\/10\/Darwinia-Level-02-Garden-1-16x9.jpg 16w\" sizes=\"(max-width: 470px) 100vw, 470px\" \/><\/a><\/figure>\n<\/div>\n<\/div>\n\n\n\n<div class=\"wp-block-columns is-layout-flex wp-container-core-columns-is-layout-2 wp-block-columns-is-layout-flex\">\n<div class=\"wp-block-column is-layout-flow wp-block-column-is-layout-flow\">\n<p>Beginnen Sie mit dem Laichen von a <strong><a href=\"https:\/\/darwinia.standardof.net\/de\/leiten\/einheiten\/kader\/\" class=\"rank-math-link\">Kader<\/a> <\/strong>oder zwei und benutze sie, um die Virii-Flecken von der Anfangsinsel mit der kleinen Gruppe gr\u00fcner Darwinisten zu entfernen. Sobald Sie das Ende dieser S-f\u00f6rmigen Insel erreicht haben, befindet sich eine schwebende blaue Box. Dies ist einer der Forschungsgegenst\u00e4nde von Doktor Sepulveda, den Sie ben\u00f6tigen, um einen zu erzeugen <strong><a href=\"https:\/\/darwinia.standardof.net\/de\/leiten\/einheiten\/techniker\/\" class=\"rank-math-link\">Techniker<\/a> <\/strong>neben Ihrem Kader zum Download. Sobald die Daten heruntergeladen sind, erhalten Sie Zugriff auf die Granate, die Ihren Trupps gew\u00e4hrt wird.<\/p>\n<\/div>\n\n\n\n<div class=\"wp-block-column is-layout-flow wp-block-column-is-layout-flow\">\n<figure class=\"wp-block-image size-large\"><a href=\"https:\/\/darwinia.standardof.net\/de\/leiten\/level-walkthroughs\/garten-2\/darwinia-level-02-garden-2\/\"><img decoding=\"async\" width=\"470\" height=\"264\" src=\"https:\/\/darwinia.standardof.net\/wp-content\/uploads\/sites\/7\/2020\/10\/Darwinia-Level-02-Garden-2.jpg\" alt=\"\" class=\"wp-image-115\" srcset=\"https:\/\/darwinia.standardof.net\/wp-content\/uploads\/sites\/7\/2020\/10\/Darwinia-Level-02-Garden-2.jpg 470w, https:\/\/darwinia.standardof.net\/wp-content\/uploads\/sites\/7\/2020\/10\/Darwinia-Level-02-Garden-2-200x112.jpg 200w, https:\/\/darwinia.standardof.net\/wp-content\/uploads\/sites\/7\/2020\/10\/Darwinia-Level-02-Garden-2-16x9.jpg 16w\" sizes=\"(max-width: 470px) 100vw, 470px\" \/><\/a><\/figure>\n<\/div>\n<\/div>\n\n\n\n<div class=\"wp-block-columns is-layout-flex wp-container-core-columns-is-layout-3 wp-block-columns-is-layout-flex\">\n<div class=\"wp-block-column is-layout-flow wp-block-column-is-layout-flow\">\n<p>Nach dem Herunterladen der <strong><a href=\"https:\/\/darwinia.standardof.net\/de\/leiten\/waffen\/\" class=\"rank-math-link\">Granate<\/a> <\/strong>Erforschen Sie Daten in Garden und erfassen Sie den nahe gelegenen Kontrollturm, um die Kontrolle \u00fcber den zu erlangen <a href=\"https:\/\/darwinia.standardof.net\/de\/leiten\/gebaude\/\" class=\"rank-math-link\"><strong>Radarschale<\/strong><\/a>. Auf diese Weise k\u00f6nnen Sie es auf die Radarsch\u00fcssel direkt \u00fcber dem Wasser richten, Ihren Trupp durchschicken und einen Ingenieur neben ihnen beim Verlassen der anderen Seite hervorbringen und einige Projekte mit den durch die Erfassung des Kontrollturms gew\u00e4hrten Forschungspunkten untersuchen .<\/p>\n<\/div>\n\n\n\n<div class=\"wp-block-column is-layout-flow wp-block-column-is-layout-flow\">\n<figure class=\"wp-block-image size-large\"><a href=\"https:\/\/darwinia.standardof.net\/de\/leiten\/level-walkthroughs\/garten-2\/darwinia-level-02-garden-3\/\"><img decoding=\"async\" width=\"470\" height=\"264\" src=\"https:\/\/darwinia.standardof.net\/wp-content\/uploads\/sites\/7\/2020\/10\/Darwinia-Level-02-Garden-3.jpg\" alt=\"\" class=\"wp-image-116\" srcset=\"https:\/\/darwinia.standardof.net\/wp-content\/uploads\/sites\/7\/2020\/10\/Darwinia-Level-02-Garden-3.jpg 470w, https:\/\/darwinia.standardof.net\/wp-content\/uploads\/sites\/7\/2020\/10\/Darwinia-Level-02-Garden-3-200x112.jpg 200w, https:\/\/darwinia.standardof.net\/wp-content\/uploads\/sites\/7\/2020\/10\/Darwinia-Level-02-Garden-3-16x9.jpg 16w\" sizes=\"(max-width: 470px) 100vw, 470px\" \/><\/a><\/figure>\n<\/div>\n<\/div>\n\n\n\n<div class=\"wp-block-columns is-layout-flex wp-container-core-columns-is-layout-4 wp-block-columns-is-layout-flex\">\n<div class=\"wp-block-column is-layout-flow wp-block-column-is-layout-flow\">\n<p>Es gibt noch einen gro\u00dfen Patch von <strong><a href=\"https:\/\/darwinia.standardof.net\/de\/leiten\/feinde\/virii\/\" class=\"rank-math-link\">Virii<\/a> <\/strong>gleich weiter hinter dieser Ausgangsbeilage. Verwenden Sie Ihre neuen Granaten, um kurze Arbeit mit ihnen zu leisten, bevor Sie zum anderen Ende dieser Insel fahren, wo sich ein deaktivierter Stammhafen befindet. Bringe einen Ingenieur hervor (du kannst einen weit entfernten l\u00f6schen und ihn erneut ausf\u00fchren, um die Reisezeit zu verk\u00fcrzen), um den Kontrollturm zu erobern, der den Trunk-Port antreibt, w\u00e4hrend du mit einem Trupp den letzten Virii-Patch ausl\u00f6schst, um das Gartenlevel zu beenden Freischalten <a href=\"https:\/\/darwinia.standardof.net\/de\/leiten\/level-walkthroughs\/eindammung\/\" class=\"rank-math-link\"><strong>Eind\u00e4mmung<\/strong><\/a>.<\/p>\n<\/div>\n\n\n\n<div class=\"wp-block-column is-layout-flow wp-block-column-is-layout-flow\">\n<figure class=\"wp-block-image size-large\"><a href=\"https:\/\/darwinia.standardof.net\/de\/leiten\/level-walkthroughs\/garten-2\/darwinia-level-02-garden-4\/\"><img decoding=\"async\" width=\"470\" height=\"294\" src=\"https:\/\/darwinia.standardof.net\/wp-content\/uploads\/sites\/7\/2020\/10\/Darwinia-Level-02-Garden-4.jpg\" alt=\"\" class=\"wp-image-117\" srcset=\"https:\/\/darwinia.standardof.net\/wp-content\/uploads\/sites\/7\/2020\/10\/Darwinia-Level-02-Garden-4.jpg 470w, https:\/\/darwinia.standardof.net\/wp-content\/uploads\/sites\/7\/2020\/10\/Darwinia-Level-02-Garden-4-200x125.jpg 200w, https:\/\/darwinia.standardof.net\/wp-content\/uploads\/sites\/7\/2020\/10\/Darwinia-Level-02-Garden-4-16x10.jpg 16w\" sizes=\"(max-width: 470px) 100vw, 470px\" \/><\/a><\/figure>\n<\/div>\n<\/div>\n\n\n\n<h3 class=\"wp-block-heading\">Garten - Darwinia Video Walkthrough<\/h3>\n\n\n\n<figure class=\"wp-block-embed-youtube wp-block-embed is-type-video is-provider-youtube wp-embed-aspect-16-9 wp-has-aspect-ratio\"><div class=\"wp-block-embed__wrapper\">\n<div class=\"ast-oembed-container\" style=\"height: 100%;\"><iframe title=\"Darwinia - Garten - Komplettl\u00f6sung\" width=\"500\" height=\"281\" src=\"https:\/\/www.youtube.com\/embed\/vg1Qo-uF8U4?feature=oembed\" frameborder=\"0\" allow=\"accelerometer; autoplay; clipboard-write; encrypted-media; gyroscope; picture-in-picture; web-share\" referrerpolicy=\"strict-origin-when-cross-origin\" allowfullscreen><\/iframe><\/div>\n<\/div><\/figure>\n\n\n\n<div class=\"wp-block-buttons aligncenter is-layout-flex wp-block-buttons-is-layout-flex\">\n<div class=\"wp-block-button is-style-outline\"><a class=\"wp-block-button__link\" href=\"https:\/\/darwinia.standardof.net\/de\/leiten\/level-walkthroughs\/launchpad-prolog\/\">Vorheriges Level: Prolog<\/a><\/div>\n\n\n\n<div class=\"wp-block-button is-style-fill\"><a class=\"wp-block-button__link\" href=\"https:\/\/darwinia.standardof.net\/de\/leiten\/level-walkthroughs\/eindammung\/\">N\u00e4chstes Level: Eind\u00e4mmung<\/a><\/div>\n<\/div>\n\n\n\n<p><\/p>","protected":false},"excerpt":{"rendered":"<p>The Garden is the first level available after beginning a new game in Darwinia. You will be introduced to the doctor as he expresses befuddlement as to how you were able to connect to the digital world, as he has locked down outside connections due to a rampant virus infection plaguing the project. Garden is [&hellip;]<\/p>","protected":false},"author":1,"featured_media":0,"parent":229,"menu_order":2,"comment_status":"open","ping_status":"closed","template":"","meta":{"_uag_custom_page_level_css":"","site-sidebar-layout":"default","site-content-layout":"default","ast-site-content-layout":"","site-content-style":"default","site-sidebar-style":"default","ast-global-header-display":"","ast-banner-title-visibility":"","ast-main-header-display":"","ast-hfb-above-header-display":"","ast-hfb-below-header-display":"","ast-hfb-mobile-header-display":"","site-post-title":"","ast-breadcrumbs-content":"","ast-featured-img":"","footer-sml-layout":"","theme-transparent-header-meta":"default","adv-header-id-meta":"","stick-header-meta":"","header-above-stick-meta":"","header-main-stick-meta":"","header-below-stick-meta":"","astra-migrate-meta-layouts":"default","ast-page-background-enabled":"default","ast-page-background-meta":{"desktop":{"background-color":"","background-image":"","background-repeat":"repeat","background-position":"center center","background-size":"auto","background-attachment":"scroll","background-type":"","background-media":"","overlay-type":"","overlay-color":"","overlay-gradient":""},"tablet":{"background-color":"","background-image":"","background-repeat":"repeat","background-position":"center center","background-size":"auto","background-attachment":"scroll","background-type":"","background-media":"","overlay-type":"","overlay-color":"","overlay-gradient":""},"mobile":{"background-color":"","background-image":"","background-repeat":"repeat","background-position":"center center","background-size":"auto","background-attachment":"scroll","background-type":"","background-media":"","overlay-type":"","overlay-color":"","overlay-gradient":""}},"ast-content-background-meta":{"desktop":{"background-color":"var(--ast-global-color-5)","background-image":"","background-repeat":"repeat","background-position":"center center","background-size":"auto","background-attachment":"scroll","background-type":"","background-media":"","overlay-type":"","overlay-color":"","overlay-gradient":""},"tablet":{"background-color":"var(--ast-global-color-5)","background-image":"","background-repeat":"repeat","background-position":"center center","background-size":"auto","background-attachment":"scroll","background-type":"","background-media":"","overlay-type":"","overlay-color":"","overlay-gradient":""},"mobile":{"background-color":"var(--ast-global-color-5)","background-image":"","background-repeat":"repeat","background-position":"center center","background-size":"auto","background-attachment":"scroll","background-type":"","background-media":"","overlay-type":"","overlay-color":"","overlay-gradient":""}},"footnotes":""},"uagb_featured_image_src":{"full":false,"thumbnail":false,"medium":false,"medium_large":false,"large":false,"1536x1536":false,"2048x2048":false,"trp-custom-language-flag":false},"uagb_author_info":{"display_name":"SOE","author_link":"https:\/\/darwinia.standardof.net\/de\/author\/k-tastic\/"},"uagb_comment_info":0,"uagb_excerpt":"The Garden is the first level available after beginning a new game in Darwinia. You will be introduced to the doctor as he expresses befuddlement as to how you were able to connect to the digital world, as he has locked down outside connections due to a rampant virus infection plaguing the project. Garden is&hellip;","_links":{"self":[{"href":"https:\/\/darwinia.standardof.net\/de\/wp-json\/wp\/v2\/pages\/234"}],"collection":[{"href":"https:\/\/darwinia.standardof.net\/de\/wp-json\/wp\/v2\/pages"}],"about":[{"href":"https:\/\/darwinia.standardof.net\/de\/wp-json\/wp\/v2\/types\/page"}],"author":[{"embeddable":true,"href":"https:\/\/darwinia.standardof.net\/de\/wp-json\/wp\/v2\/users\/1"}],"replies":[{"embeddable":true,"href":"https:\/\/darwinia.standardof.net\/de\/wp-json\/wp\/v2\/comments?post=234"}],"version-history":[{"count":0,"href":"https:\/\/darwinia.standardof.net\/de\/wp-json\/wp\/v2\/pages\/234\/revisions"}],"up":[{"embeddable":true,"href":"https:\/\/darwinia.standardof.net\/de\/wp-json\/wp\/v2\/pages\/229"}],"wp:attachment":[{"href":"https:\/\/darwinia.standardof.net\/de\/wp-json\/wp\/v2\/media?parent=234"}],"curies":[{"name":"wp","href":"https:\/\/api.w.org\/{rel}","templated":true}]}}