{"id":233,"date":"2020-10-29T16:56:48","date_gmt":"2020-10-29T16:56:48","guid":{"rendered":"https:\/\/darwinia.standardof.net\/?page_id=233"},"modified":"2020-10-29T17:03:00","modified_gmt":"2020-10-29T17:03:00","slug":"launchpad-prologue","status":"publish","type":"page","link":"https:\/\/darwinia.standardof.net\/de\/leiten\/level-walkthroughs\/launchpad-prolog\/","title":{"rendered":"Launchpad - Prolog"},"content":{"rendered":"<div class=\"wp-block-group\"><div class=\"wp-block-group__inner-container is-layout-flow wp-block-group-is-layout-flow\">\n<div style=\"height:20px\" aria-hidden=\"true\" class=\"wp-block-spacer\"><\/div>\n<\/div><\/div>\n\n\n\n<div class=\"wp-block-columns is-layout-flex wp-container-core-columns-is-layout-1 wp-block-columns-is-layout-flex\">\n<div class=\"wp-block-column is-layout-flow wp-block-column-is-layout-flow\">\n<p>Das Launchpad-Level in <em>Darwinia<\/em> ist eine spezielle Semi-Tutorial-Slash-Bonus-Mission, auf die jederzeit im Spiel zugegriffen werden kann, indem das Men\u00fc im Level-Auswahlbildschirm aufgerufen und die Schaltfl\u00e4che zum Spielen des Prologs ausgew\u00e4hlt wird. Das Launchpad-Level in <em>Darwinia<\/em> findet tats\u00e4chlich nach den Ereignissen der Hauptgeschichte statt, in denen der lange Kampf und die Schrecken, die durch die Virusinfektion beobachtet wurden, Konflikte zum Darwin Simulated Life Research Project gebracht haben.<\/p>\n<\/div>\n\n\n\n<div class=\"wp-block-column is-layout-flow wp-block-column-is-layout-flow\">\n<figure class=\"wp-block-image size-large\"><a href=\"https:\/\/darwinia.standardof.net\/de\/leiten\/level-walkthroughs\/launchpad-prolog\/darwinia-level-01-prologue-1\/\"><img decoding=\"async\" width=\"470\" height=\"294\" src=\"https:\/\/darwinia.standardof.net\/wp-content\/uploads\/sites\/7\/2020\/10\/Darwinia-Level-01-Prologue-1.jpg\" alt=\"\" class=\"wp-image-110\" srcset=\"https:\/\/darwinia.standardof.net\/wp-content\/uploads\/sites\/7\/2020\/10\/Darwinia-Level-01-Prologue-1.jpg 470w, https:\/\/darwinia.standardof.net\/wp-content\/uploads\/sites\/7\/2020\/10\/Darwinia-Level-01-Prologue-1-200x125.jpg 200w, https:\/\/darwinia.standardof.net\/wp-content\/uploads\/sites\/7\/2020\/10\/Darwinia-Level-01-Prologue-1-16x10.jpg 16w\" sizes=\"(max-width: 470px) 100vw, 470px\" \/><\/a><\/figure>\n<\/div>\n<\/div>\n\n\n\n<div class=\"wp-block-columns is-layout-flex wp-container-core-columns-is-layout-2 wp-block-columns-is-layout-flex\">\n<div class=\"wp-block-column is-layout-flow wp-block-column-is-layout-flow\">\n<p>Das Level beginnt mit einer massiven Rakete, die die gr\u00fcnen Darwinisten gebaut haben, um ihr Universum weiter zu erforschen. Sie wird von Gruppen roter Darwinisten angegriffen, die aus den Trunk Ports auf der zentralen Raketeninsel herausspritzen. Beginnen Sie dieses Level, indem Sie einen Trupp spawnen, um die erste Insel von zu r\u00e4umen <a href=\"https:\/\/standardof.net\/games\/darwinia-guide\/enemies\/virii\/\" target=\"_blank\" rel=\"noopener\">Virii<\/a> und sammeln Sie die Forschungsdaten f\u00fcr Granaten. Bewegen Sie sich auf die n\u00e4chste Insel, nachdem Sie die Radarschale erobert haben, um die Inkubator- und Offiziersforschung hier zu beenden. Sobald Sie einige Laichgr\u00fcns haben, lassen Sie den Offizier sie befehlen, die Sonnenkollektoren zu bemannen.<\/p>\n<\/div>\n\n\n\n<div class=\"wp-block-column is-layout-flow wp-block-column-is-layout-flow\">\n<figure class=\"wp-block-image size-large\"><a href=\"https:\/\/darwinia.standardof.net\/de\/leiten\/level-walkthroughs\/launchpad-prolog\/darwinia-level-01-prologue-2\/\"><img decoding=\"async\" width=\"470\" height=\"294\" src=\"https:\/\/darwinia.standardof.net\/wp-content\/uploads\/sites\/7\/2020\/10\/Darwinia-Level-01-Prologue-2.jpg\" alt=\"\" class=\"wp-image-111\" srcset=\"https:\/\/darwinia.standardof.net\/wp-content\/uploads\/sites\/7\/2020\/10\/Darwinia-Level-01-Prologue-2.jpg 470w, https:\/\/darwinia.standardof.net\/wp-content\/uploads\/sites\/7\/2020\/10\/Darwinia-Level-01-Prologue-2-200x125.jpg 200w, https:\/\/darwinia.standardof.net\/wp-content\/uploads\/sites\/7\/2020\/10\/Darwinia-Level-01-Prologue-2-16x10.jpg 16w\" sizes=\"(max-width: 470px) 100vw, 470px\" \/><\/a><\/figure>\n<\/div>\n<\/div>\n\n\n\n<div class=\"wp-block-columns is-layout-flex wp-container-core-columns-is-layout-3 wp-block-columns-is-layout-flex\">\n<div class=\"wp-block-column is-layout-flow wp-block-column-is-layout-flow\">\n<p>Die n\u00e4chste Insel, auf die Sie mit den beiden ziehen <a href=\"https:\/\/standardof.net\/games\/darwinia-guide\/enemies\/centipede\/\" target=\"_blank\" rel=\"noopener\">Tausendf\u00fc\u00dfler<\/a> Sie erhalten die Granatenforschung f\u00fcr die Darwinisten, damit sie die verwenden k\u00f6nnen <a href=\"https:\/\/standardof.net\/games\/darwinia-guide\/weapons\/\" target=\"_blank\" rel=\"noopener\">Granaten<\/a> sich. Die dritte Insel, auf der Sie den Inkubator so schnell wie m\u00f6glich erobern m\u00f6chten, um Darwinisten abzupumpen, um die Sonnenkollektoren hier zu bemannen und die zentrale Insel zur\u00fcckzuerobern. T\u00f6te alle Viren und halte Ingenieure bereit, um die Seelen zu sch\u00f6pfen.<\/p>\n<\/div>\n\n\n\n<div class=\"wp-block-column is-layout-flow wp-block-column-is-layout-flow\">\n<figure class=\"wp-block-image size-large\"><a href=\"https:\/\/darwinia.standardof.net\/de\/leiten\/level-walkthroughs\/launchpad-prolog\/darwinia-level-01-prologue-3\/\"><img decoding=\"async\" width=\"470\" height=\"294\" src=\"https:\/\/darwinia.standardof.net\/wp-content\/uploads\/sites\/7\/2020\/10\/Darwinia-Level-01-Prologue-3.jpg\" alt=\"\" class=\"wp-image-112\" srcset=\"https:\/\/darwinia.standardof.net\/wp-content\/uploads\/sites\/7\/2020\/10\/Darwinia-Level-01-Prologue-3.jpg 470w, https:\/\/darwinia.standardof.net\/wp-content\/uploads\/sites\/7\/2020\/10\/Darwinia-Level-01-Prologue-3-200x125.jpg 200w, https:\/\/darwinia.standardof.net\/wp-content\/uploads\/sites\/7\/2020\/10\/Darwinia-Level-01-Prologue-3-16x10.jpg 16w\" sizes=\"(max-width: 470px) 100vw, 470px\" \/><\/a><\/figure>\n<\/div>\n<\/div>\n\n\n\n<div class=\"wp-block-columns is-layout-flex wp-container-core-columns-is-layout-4 wp-block-columns-is-layout-flex\">\n<div class=\"wp-block-column is-layout-flow wp-block-column-is-layout-flow\">\n<p>Sobald Sie die abgelegenen Inseln erobert haben, ist es Zeit, Trupps auf die zentrale Insel zu schicken. Verwenden Sie sie, um einen der Spawner f\u00fcr Ihren eigenen Gebrauch freizumachen <a href=\"https:\/\/standardof.net\/games\/darwinia-guide\/units\/darwinians\/\" target=\"_blank\" rel=\"noopener\">Darwinisten<\/a> ihre Zahlen aufzuf\u00fcllen. R\u00e4umen Sie alle Spawner nacheinander auf und folgen Sie ihnen mit Gr\u00fcns, bis Sie alle Spawner gefangen und die Roten hier get\u00f6tet haben. Sobald dies erledigt ist, k\u00f6nnen Sie beginnen, Gr\u00fcns in die Rakete zu laden, sie zu laden und das Prolog-Level zu beenden.<\/p>\n<\/div>\n\n\n\n<div class=\"wp-block-column is-layout-flow wp-block-column-is-layout-flow\">\n<figure class=\"wp-block-image size-large\"><a href=\"https:\/\/darwinia.standardof.net\/de\/leiten\/level-walkthroughs\/launchpad-prolog\/darwinia-level-01-prologue-4\/\"><img decoding=\"async\" width=\"470\" height=\"294\" src=\"https:\/\/darwinia.standardof.net\/wp-content\/uploads\/sites\/7\/2020\/10\/Darwinia-Level-01-Prologue-4.jpg\" alt=\"\" class=\"wp-image-113\" srcset=\"https:\/\/darwinia.standardof.net\/wp-content\/uploads\/sites\/7\/2020\/10\/Darwinia-Level-01-Prologue-4.jpg 470w, https:\/\/darwinia.standardof.net\/wp-content\/uploads\/sites\/7\/2020\/10\/Darwinia-Level-01-Prologue-4-200x125.jpg 200w, https:\/\/darwinia.standardof.net\/wp-content\/uploads\/sites\/7\/2020\/10\/Darwinia-Level-01-Prologue-4-16x10.jpg 16w\" sizes=\"(max-width: 470px) 100vw, 470px\" \/><\/a><\/figure>\n<\/div>\n<\/div>\n\n\n\n<h3 class=\"wp-block-heading\">Launchpad Prolog - Darwinia Video Walkthrough<\/h3>\n\n\n\n<figure class=\"wp-block-embed-youtube wp-block-embed is-type-video is-provider-youtube wp-embed-aspect-16-9 wp-has-aspect-ratio\"><div class=\"wp-block-embed__wrapper\">\n<div class=\"ast-oembed-container\" style=\"height: 100%;\"><iframe title=\"Darwinia - Walkthrough auf Prolog-Ebene\" width=\"500\" height=\"281\" src=\"https:\/\/www.youtube.com\/embed\/Sas4XvsScdA?feature=oembed\" frameborder=\"0\" allow=\"accelerometer; autoplay; clipboard-write; encrypted-media; gyroscope; picture-in-picture; web-share\" referrerpolicy=\"strict-origin-when-cross-origin\" allowfullscreen><\/iframe><\/div>\n<\/div><\/figure>\n\n\n\n<div class=\"wp-block-buttons alignright is-layout-flex wp-block-buttons-is-layout-flex\">\n<div class=\"wp-block-button is-style-fill\"><a class=\"wp-block-button__link\" href=\"https:\/\/darwinia.standardof.net\/de\/leiten\/level-walkthroughs\/garten-2\/\" rel=\"http:\/\/darwinia.standardof.net\/darwinia\/level-walkthrough-guides\/garden\/\">N\u00e4chstes Level: Garten<\/a><\/div>\n<\/div>\n\n\n\n<p><\/p>","protected":false},"excerpt":{"rendered":"<p>The Launchpad level in Darwinia is a special semi tutorial slash bonus mission that is accessible at any time in the game by bringing up the menu while in the level select screen and selecting the play prologue button. The Launchpad level in Darwinia actually takes place after the events of the main story line, [&hellip;]<\/p>","protected":false},"author":1,"featured_media":111,"parent":229,"menu_order":1,"comment_status":"open","ping_status":"closed","template":"","meta":{"_uag_custom_page_level_css":"","site-sidebar-layout":"default","site-content-layout":"default","ast-site-content-layout":"","site-content-style":"default","site-sidebar-style":"default","ast-global-header-display":"","ast-banner-title-visibility":"","ast-main-header-display":"","ast-hfb-above-header-display":"","ast-hfb-below-header-display":"","ast-hfb-mobile-header-display":"","site-post-title":"","ast-breadcrumbs-content":"","ast-featured-img":"","footer-sml-layout":"","theme-transparent-header-meta":"default","adv-header-id-meta":"","stick-header-meta":"","header-above-stick-meta":"","header-main-stick-meta":"","header-below-stick-meta":"","astra-migrate-meta-layouts":"default","ast-page-background-enabled":"default","ast-page-background-meta":{"desktop":{"background-color":"","background-image":"","background-repeat":"repeat","background-position":"center center","background-size":"auto","background-attachment":"scroll","background-type":"","background-media":"","overlay-type":"","overlay-color":"","overlay-gradient":""},"tablet":{"background-color":"","background-image":"","background-repeat":"repeat","background-position":"center center","background-size":"auto","background-attachment":"scroll","background-type":"","background-media":"","overlay-type":"","overlay-color":"","overlay-gradient":""},"mobile":{"background-color":"","background-image":"","background-repeat":"repeat","background-position":"center center","background-size":"auto","background-attachment":"scroll","background-type":"","background-media":"","overlay-type":"","overlay-color":"","overlay-gradient":""}},"ast-content-background-meta":{"desktop":{"background-color":"var(--ast-global-color-5)","background-image":"","background-repeat":"repeat","background-position":"center center","background-size":"auto","background-attachment":"scroll","background-type":"","background-media":"","overlay-type":"","overlay-color":"","overlay-gradient":""},"tablet":{"background-color":"var(--ast-global-color-5)","background-image":"","background-repeat":"repeat","background-position":"center center","background-size":"auto","background-attachment":"scroll","background-type":"","background-media":"","overlay-type":"","overlay-color":"","overlay-gradient":""},"mobile":{"background-color":"var(--ast-global-color-5)","background-image":"","background-repeat":"repeat","background-position":"center center","background-size":"auto","background-attachment":"scroll","background-type":"","background-media":"","overlay-type":"","overlay-color":"","overlay-gradient":""}},"footnotes":""},"uagb_featured_image_src":{"full":["https:\/\/darwinia.standardof.net\/wp-content\/uploads\/sites\/7\/2020\/10\/Darwinia-Level-01-Prologue-2.jpg",470,294,false],"thumbnail":["https:\/\/darwinia.standardof.net\/wp-content\/uploads\/sites\/7\/2020\/10\/Darwinia-Level-01-Prologue-2-200x125.jpg",200,125,true],"medium":["https:\/\/darwinia.standardof.net\/wp-content\/uploads\/sites\/7\/2020\/10\/Darwinia-Level-01-Prologue-2.jpg",470,294,false],"medium_large":["https:\/\/darwinia.standardof.net\/wp-content\/uploads\/sites\/7\/2020\/10\/Darwinia-Level-01-Prologue-2.jpg",470,294,false],"large":["https:\/\/darwinia.standardof.net\/wp-content\/uploads\/sites\/7\/2020\/10\/Darwinia-Level-01-Prologue-2.jpg",470,294,false],"1536x1536":["https:\/\/darwinia.standardof.net\/wp-content\/uploads\/sites\/7\/2020\/10\/Darwinia-Level-01-Prologue-2.jpg",470,294,false],"2048x2048":["https:\/\/darwinia.standardof.net\/wp-content\/uploads\/sites\/7\/2020\/10\/Darwinia-Level-01-Prologue-2.jpg",470,294,false],"trp-custom-language-flag":["https:\/\/darwinia.standardof.net\/wp-content\/uploads\/sites\/7\/2020\/10\/Darwinia-Level-01-Prologue-2-16x10.jpg",16,10,true]},"uagb_author_info":{"display_name":"SOE","author_link":"https:\/\/darwinia.standardof.net\/de\/author\/k-tastic\/"},"uagb_comment_info":0,"uagb_excerpt":"The Launchpad level in Darwinia is a special semi tutorial slash bonus mission that is accessible at any time in the game by bringing up the menu while in the level select screen and selecting the play prologue button. The Launchpad level in Darwinia actually takes place after the events of the main story line,&hellip;","_links":{"self":[{"href":"https:\/\/darwinia.standardof.net\/de\/wp-json\/wp\/v2\/pages\/233"}],"collection":[{"href":"https:\/\/darwinia.standardof.net\/de\/wp-json\/wp\/v2\/pages"}],"about":[{"href":"https:\/\/darwinia.standardof.net\/de\/wp-json\/wp\/v2\/types\/page"}],"author":[{"embeddable":true,"href":"https:\/\/darwinia.standardof.net\/de\/wp-json\/wp\/v2\/users\/1"}],"replies":[{"embeddable":true,"href":"https:\/\/darwinia.standardof.net\/de\/wp-json\/wp\/v2\/comments?post=233"}],"version-history":[{"count":0,"href":"https:\/\/darwinia.standardof.net\/de\/wp-json\/wp\/v2\/pages\/233\/revisions"}],"up":[{"embeddable":true,"href":"https:\/\/darwinia.standardof.net\/de\/wp-json\/wp\/v2\/pages\/229"}],"wp:featuredmedia":[{"embeddable":true,"href":"https:\/\/darwinia.standardof.net\/de\/wp-json\/wp\/v2\/media\/111"}],"wp:attachment":[{"href":"https:\/\/darwinia.standardof.net\/de\/wp-json\/wp\/v2\/media?parent=233"}],"curies":[{"name":"wp","href":"https:\/\/api.w.org\/{rel}","templated":true}]}}