{"id":229,"date":"2020-10-29T16:44:09","date_gmt":"2020-10-29T16:44:09","guid":{"rendered":"https:\/\/darwinia.standardof.net\/?page_id=229"},"modified":"2020-10-30T18:16:29","modified_gmt":"2020-10-30T18:16:29","slug":"level-walkthroughs","status":"publish","type":"page","link":"https:\/\/darwinia.standardof.net\/de\/leiten\/level-walkthroughs\/","title":{"rendered":"Level-Komplettl\u00f6sungen"},"content":{"rendered":"<div style=\"height:20px\" aria-hidden=\"true\" class=\"wp-block-spacer\"><\/div>\n\n\n\n<div class=\"wp-block-group\"><div class=\"wp-block-group__inner-container is-layout-flow wp-block-group-is-layout-flow\">\n<div class=\"wp-block-cover alignwide has-background-dim\" style=\"background-image:url(https:\/\/www.standardof.net\/wp-content\/uploads\/2020\/08\/Darwinia-Level-01-Prologue-2.png);background-position:51% 11%;min-height:112px;aspect-ratio:unset;\"><div class=\"wp-block-cover__inner-container is-layout-flow wp-block-cover-is-layout-flow\">\n<h2 class=\"has-text-align-center has-huge-font-size wp-block-heading\"><a href=\"https:\/\/darwinia.standardof.net\/de\/leiten\/level-walkthroughs\/launchpad-prolog\/\" class=\"rank-math-link\">01 - Prolog<\/a><\/h2>\n<\/div><\/div>\n\n\n\n<p>Diese Ebene findet tats\u00e4chlich nach den in der Hauptgeschichte dargelegten Ereignissen statt. Urspr\u00fcnglich die Demo-Ebene, die als Einf\u00fchrung in das Darwin Simulated Life Research Project dienen soll.<\/p>\n<\/div><\/div>\n\n\n\n<div class=\"wp-block-group\"><div class=\"wp-block-group__inner-container is-layout-flow wp-block-group-is-layout-flow\">\n<div class=\"wp-block-cover alignwide has-background-dim\" style=\"background-image:url(https:\/\/www.standardof.net\/wp-content\/uploads\/2020\/08\/Darwinia-Level-02-Garden-2.jpg);background-position:50% 41%;min-height:112px;aspect-ratio:unset;\"><div class=\"wp-block-cover__inner-container is-layout-flow wp-block-cover-is-layout-flow\">\n<h2 class=\"has-text-align-center has-huge-font-size wp-block-heading\"><a href=\"https:\/\/darwinia.standardof.net\/de\/leiten\/level-walkthroughs\/garten-2\/\" class=\"rank-math-link\">02 - Garten<\/a><\/h2>\n<\/div><\/div>\n\n\n\n<p>Die erste Ebene der Hauptgeschichte. Erfahren Sie, wie Sie Trupps und die grundlegenden Steuerelemente des Spiels erstellen, w\u00e4hrend Sie in den Virus eingef\u00fchrt werden, der das Darwin-Projekt verw\u00fcstet.<\/p>\n<\/div><\/div>\n\n\n\n<div class=\"wp-block-group\"><div class=\"wp-block-group__inner-container is-layout-flow wp-block-group-is-layout-flow\">\n<div class=\"wp-block-cover alignwide has-background-dim\" style=\"background-image:url(https:\/\/www.standardof.net\/wp-content\/uploads\/2020\/08\/Darwinia-Level-03-Containment-2.jpg);background-position:39% 44%;min-height:112px;aspect-ratio:unset;\"><div class=\"wp-block-cover__inner-container is-layout-flow wp-block-cover-is-layout-flow\">\n<h2 class=\"has-text-align-center has-huge-font-size wp-block-heading\"><a href=\"https:\/\/darwinia.standardof.net\/de\/leiten\/level-walkthroughs\/eindammung\/\" class=\"rank-math-link\">03 - Eind\u00e4mmung<\/a><\/h2>\n<\/div><\/div>\n\n\n\n<p>Speichern Sie Dawinians in dem Bereich, in dem der Doktor das Virus eind\u00e4mmen konnte.<\/p>\n<\/div><\/div>\n\n\n\n<div class=\"wp-block-group\"><div class=\"wp-block-group__inner-container is-layout-flow wp-block-group-is-layout-flow\">\n<div class=\"wp-block-cover alignwide has-background-dim\" style=\"background-image:url(https:\/\/www.standardof.net\/wp-content\/uploads\/2020\/08\/Darwinia-Level-04-Mine-2.jpg);background-position:52% 24%;min-height:112px;aspect-ratio:unset;\"><div class=\"wp-block-cover__inner-container is-layout-flow wp-block-cover-is-layout-flow\">\n<h2 class=\"has-text-align-center has-huge-font-size wp-block-heading\"><a href=\"https:\/\/darwinia.standardof.net\/de\/leiten\/level-walkthroughs\/bergwerk\/\" class=\"rank-math-link\">04 - Meins<\/a><\/h2>\n<\/div><\/div>\n\n\n\n<p>Befreien Sie die Anlage, in der die Dawinianer Rohstoffe f\u00fcr Geb\u00e4udestrukturen gewinnen.<\/p>\n<\/div><\/div>\n\n\n\n<div class=\"wp-block-group\"><div class=\"wp-block-group__inner-container is-layout-flow wp-block-group-is-layout-flow\">\n<div class=\"wp-block-cover alignwide has-background-dim\" style=\"background-image:url(https:\/\/www.standardof.net\/wp-content\/uploads\/2020\/08\/Darwinia-Level-05-Generator-2.jpg);background-position:50% 60%;min-height:112px;aspect-ratio:unset;\"><div class=\"wp-block-cover__inner-container is-layout-flow wp-block-cover-is-layout-flow\">\n<h2 class=\"has-text-align-center has-huge-font-size wp-block-heading\"><a href=\"https:\/\/darwinia.standardof.net\/de\/leiten\/level-walkthroughs\/generator\/\" class=\"rank-math-link\">05 - Generator<\/a><\/h2>\n<\/div><\/div>\n\n\n\n<p>Diese Anlage versorgt den Bauhof. Hier m\u00fcssen Sie die Kontrolle wieder herstellen.<\/p>\n<\/div><\/div>\n\n\n\n<div class=\"wp-block-group\"><div class=\"wp-block-group__inner-container is-layout-flow wp-block-group-is-layout-flow\">\n<div class=\"wp-block-cover alignwide has-background-dim\" style=\"background-image:url(https:\/\/www.standardof.net\/wp-content\/uploads\/2020\/08\/Darwinia-Level-06-Escort-1.jpg);background-position:54% 73%;min-height:112px;aspect-ratio:unset;\"><div class=\"wp-block-cover__inner-container is-layout-flow wp-block-cover-is-layout-flow\">\n<h2 class=\"has-text-align-center has-huge-font-size wp-block-heading\"><a href=\"https:\/\/darwinia.standardof.net\/de\/leiten\/level-walkthroughs\/begleiten\/\" class=\"rank-math-link\">06 - Eskorte<\/a><\/h2>\n<\/div><\/div>\n\n\n\n<p>Isolierte Darwinisten brauchen Ihre Hilfe, um den sicheren Bereich am anderen Ende eines schweren Virusbefalls zu erreichen.<\/p>\n<\/div><\/div>\n\n\n\n<div class=\"wp-block-group\"><div class=\"wp-block-group__inner-container is-layout-flow wp-block-group-is-layout-flow\">\n<div class=\"wp-block-cover alignwide has-background-dim\" style=\"background-image:url(https:\/\/www.standardof.net\/wp-content\/uploads\/2020\/08\/Darwinia-Level-07-Yard-3.jpg);min-height:112px;aspect-ratio:unset;\"><div class=\"wp-block-cover__inner-container is-layout-flow wp-block-cover-is-layout-flow\">\n<h2 class=\"has-text-align-center has-huge-font-size wp-block-heading\"><a href=\"https:\/\/darwinia.standardof.net\/de\/leiten\/level-walkthroughs\/garten\/\" class=\"rank-math-link\">07 - Hof<\/a><\/h2>\n<\/div><\/div>\n\n\n\n<p>Wenn der Generator und die Mine unter Kontrolle sind, ist es Zeit, den Hof mit Strom zu versorgen, um R\u00fcstungsg\u00fcter f\u00fcr die Darwinisten herzustellen.<\/p>\n<\/div><\/div>\n\n\n\n<div class=\"wp-block-group\"><div class=\"wp-block-group__inner-container is-layout-flow wp-block-group-is-layout-flow\">\n<div class=\"wp-block-cover alignwide has-background-dim\" style=\"background-image:url(https:\/\/www.standardof.net\/wp-content\/uploads\/2020\/08\/Darwinia-Level-08-Receiver-4.jpg);background-position:49% 9%;min-height:112px;aspect-ratio:unset;\"><div class=\"wp-block-cover__inner-container is-layout-flow wp-block-cover-is-layout-flow\">\n<h2 class=\"has-text-align-center has-huge-font-size wp-block-heading\"><a href=\"https:\/\/darwinia.standardof.net\/de\/leiten\/level-walkthroughs\/empfanger\/\" class=\"rank-math-link\">08 - Empf\u00e4nger<\/a><\/h2>\n<\/div><\/div>\n\n\n\n<p>Der heilige Boden von Darwinia, wo die Seelen der Darwinisten fallen, um f\u00fcr die Wiedergeburt in die digitale Welt gesammelt zu werden.<\/p>\n<\/div><\/div>\n\n\n\n<div class=\"wp-block-group\"><div class=\"wp-block-group__inner-container is-layout-flow wp-block-group-is-layout-flow\">\n<div class=\"wp-block-cover alignwide has-background-dim\" style=\"background-image:url(https:\/\/www.standardof.net\/wp-content\/uploads\/2020\/08\/Darwinia-Level-09-Pattern-Buffer-1.jpg);background-position:46% 33%;min-height:112px;aspect-ratio:unset;\"><div class=\"wp-block-cover__inner-container is-layout-flow wp-block-cover-is-layout-flow\">\n<h2 class=\"has-text-align-center has-huge-font-size wp-block-heading\"><a href=\"https:\/\/darwinia.standardof.net\/de\/leiten\/level-walkthroughs\/musterpuffer\/\" class=\"rank-math-link\">09 - Musterpuffer<\/a><\/h2>\n<\/div><\/div>\n\n\n\n<p>Diese Einrichtung stellt den n\u00e4chsten wesentlichen Schritt des Wiedergeburtsprozesses der Darwinisten dar und liefert das K\u00f6rpermuster f\u00fcr die am Empf\u00e4nger gesammelten Seelen.<\/p>\n<\/div><\/div>\n\n\n\n<div class=\"wp-block-group\"><div class=\"wp-block-group__inner-container is-layout-flow wp-block-group-is-layout-flow\">\n<div class=\"wp-block-cover alignwide has-background-dim\" style=\"background-image:url(https:\/\/www.standardof.net\/wp-content\/uploads\/2020\/08\/Darwinia-Level-10-Biosphere-4.jpg);background-position:66% 20%;min-height:112px;aspect-ratio:unset;\"><div class=\"wp-block-cover__inner-container is-layout-flow wp-block-cover-is-layout-flow\">\n<h2 class=\"has-text-align-center has-huge-font-size wp-block-heading\"><a href=\"https:\/\/darwinia.standardof.net\/de\/leiten\/level-walkthroughs\/biosphare\/\" class=\"rank-math-link\">10 - Biosph\u00e4re<\/a><\/h2>\n<\/div><\/div>\n\n\n\n<p>Der Geburtsort aller Darwinisten. Die Seelen aus den Daten des Empf\u00e4ngers und des Musterpuffers bilden zusammen neue Bewohner der digitalen Traumlandschaft.<\/p>\n<\/div><\/div>\n\n\n\n<div class=\"wp-block-group\"><div class=\"wp-block-group__inner-container is-layout-flow wp-block-group-is-layout-flow\">\n<div class=\"wp-block-cover alignwide has-background-dim\" style=\"background-image:url(https:\/\/www.standardof.net\/wp-content\/uploads\/2020\/08\/Darwinia-Level-11-Temple-1.jpg);background-position:47% 56%;min-height:112px;aspect-ratio:unset;\"><div class=\"wp-block-cover__inner-container is-layout-flow wp-block-cover-is-layout-flow\">\n<h2 class=\"has-text-align-center has-huge-font-size wp-block-heading\"><a href=\"https:\/\/darwinia.standardof.net\/de\/leiten\/level-walkthroughs\/tempel\/\" class=\"rank-math-link\">11 - Tempel<\/a><\/h2>\n<\/div><\/div>\n\n\n\n<p>Die letzte Herausforderung erwartet Sie und die Wahrheit hinter der Infektion wird aufgedeckt.<\/p>\n<\/div><\/div>","protected":false},"excerpt":{"rendered":"<p>This level actually takes place after the events set forth in the main story. Originally the demo level, made to serve as an introduction to the Darwin Simulated Life Research Project. The first level of the main storyline. Learn to create squads and the basic controls of the game, while being introduced to the Virus [&hellip;]<\/p>","protected":false},"author":1,"featured_media":13,"parent":168,"menu_order":1,"comment_status":"open","ping_status":"closed","template":"","meta":{"_uag_custom_page_level_css":"","site-sidebar-layout":"default","site-content-layout":"default","ast-site-content-layout":"","site-content-style":"default","site-sidebar-style":"default","ast-global-header-display":"","ast-banner-title-visibility":"","ast-main-header-display":"","ast-hfb-above-header-display":"","ast-hfb-below-header-display":"","ast-hfb-mobile-header-display":"","site-post-title":"","ast-breadcrumbs-content":"","ast-featured-img":"","footer-sml-layout":"","theme-transparent-header-meta":"default","adv-header-id-meta":"","stick-header-meta":"","header-above-stick-meta":"","header-main-stick-meta":"","header-below-stick-meta":"","astra-migrate-meta-layouts":"default","ast-page-background-enabled":"default","ast-page-background-meta":{"desktop":{"background-color":"","background-image":"","background-repeat":"repeat","background-position":"center center","background-size":"auto","background-attachment":"scroll","background-type":"","background-media":"","overlay-type":"","overlay-color":"","overlay-gradient":""},"tablet":{"background-color":"","background-image":"","background-repeat":"repeat","background-position":"center center","background-size":"auto","background-attachment":"scroll","background-type":"","background-media":"","overlay-type":"","overlay-color":"","overlay-gradient":""},"mobile":{"background-color":"","background-image":"","background-repeat":"repeat","background-position":"center center","background-size":"auto","background-attachment":"scroll","background-type":"","background-media":"","overlay-type":"","overlay-color":"","overlay-gradient":""}},"ast-content-background-meta":{"desktop":{"background-color":"var(--ast-global-color-5)","background-image":"","background-repeat":"repeat","background-position":"center center","background-size":"auto","background-attachment":"scroll","background-type":"","background-media":"","overlay-type":"","overlay-color":"","overlay-gradient":""},"tablet":{"background-color":"var(--ast-global-color-5)","background-image":"","background-repeat":"repeat","background-position":"center center","background-size":"auto","background-attachment":"scroll","background-type":"","background-media":"","overlay-type":"","overlay-color":"","overlay-gradient":""},"mobile":{"background-color":"var(--ast-global-color-5)","background-image":"","background-repeat":"repeat","background-position":"center center","background-size":"auto","background-attachment":"scroll","background-type":"","background-media":"","overlay-type":"","overlay-color":"","overlay-gradient":""}},"footnotes":""},"uagb_featured_image_src":{"full":["https:\/\/darwinia.standardof.net\/wp-content\/uploads\/sites\/7\/2020\/10\/darwinia1.jpg",1100,369,false],"thumbnail":["https:\/\/darwinia.standardof.net\/wp-content\/uploads\/sites\/7\/2020\/10\/darwinia1-200x67.jpg",200,67,true],"medium":["https:\/\/darwinia.standardof.net\/wp-content\/uploads\/sites\/7\/2020\/10\/darwinia1-512x172.jpg",512,172,true],"medium_large":["https:\/\/darwinia.standardof.net\/wp-content\/uploads\/sites\/7\/2020\/10\/darwinia1-768x258.jpg",768,258,true],"large":["https:\/\/darwinia.standardof.net\/wp-content\/uploads\/sites\/7\/2020\/10\/darwinia1-800x268.jpg",800,268,true],"1536x1536":["https:\/\/darwinia.standardof.net\/wp-content\/uploads\/sites\/7\/2020\/10\/darwinia1.jpg",1100,369,false],"2048x2048":["https:\/\/darwinia.standardof.net\/wp-content\/uploads\/sites\/7\/2020\/10\/darwinia1.jpg",1100,369,false],"trp-custom-language-flag":["https:\/\/darwinia.standardof.net\/wp-content\/uploads\/sites\/7\/2020\/10\/darwinia1-16x5.jpg",16,5,true]},"uagb_author_info":{"display_name":"SOE","author_link":"https:\/\/darwinia.standardof.net\/de\/author\/k-tastic\/"},"uagb_comment_info":0,"uagb_excerpt":"This level actually takes place after the events set forth in the main story. Originally the demo level, made to serve as an introduction to the Darwin Simulated Life Research Project. The first level of the main storyline. Learn to create squads and the basic controls of the game, while being introduced to the Virus&hellip;","_links":{"self":[{"href":"https:\/\/darwinia.standardof.net\/de\/wp-json\/wp\/v2\/pages\/229"}],"collection":[{"href":"https:\/\/darwinia.standardof.net\/de\/wp-json\/wp\/v2\/pages"}],"about":[{"href":"https:\/\/darwinia.standardof.net\/de\/wp-json\/wp\/v2\/types\/page"}],"author":[{"embeddable":true,"href":"https:\/\/darwinia.standardof.net\/de\/wp-json\/wp\/v2\/users\/1"}],"replies":[{"embeddable":true,"href":"https:\/\/darwinia.standardof.net\/de\/wp-json\/wp\/v2\/comments?post=229"}],"version-history":[{"count":0,"href":"https:\/\/darwinia.standardof.net\/de\/wp-json\/wp\/v2\/pages\/229\/revisions"}],"up":[{"embeddable":true,"href":"https:\/\/darwinia.standardof.net\/de\/wp-json\/wp\/v2\/pages\/168"}],"wp:featuredmedia":[{"embeddable":true,"href":"https:\/\/darwinia.standardof.net\/de\/wp-json\/wp\/v2\/media\/13"}],"wp:attachment":[{"href":"https:\/\/darwinia.standardof.net\/de\/wp-json\/wp\/v2\/media?parent=229"}],"curies":[{"name":"wp","href":"https:\/\/api.w.org\/{rel}","templated":true}]}}