{"id":217,"date":"2020-10-29T16:28:35","date_gmt":"2020-10-29T16:28:35","guid":{"rendered":"https:\/\/darwinia.standardof.net\/?page_id=217"},"modified":"2020-10-29T16:42:08","modified_gmt":"2020-10-29T16:42:08","slug":"squad","status":"publish","type":"page","link":"https:\/\/darwinia.standardof.net\/de\/leiten\/einheiten\/kader\/","title":{"rendered":"Kader"},"content":{"rendered":"<figure class=\"wp-block-gallery columns-3 is-cropped wp-block-gallery-1 is-layout-flex wp-block-gallery-is-layout-flex\"><ul class=\"blocks-gallery-grid\"><li class=\"blocks-gallery-item\"><figure><a href=\"https:\/\/darwinia.standardof.net\/de\/leiten\/einheiten\/kader\/darwinia-units-squad-5\/\"><img decoding=\"async\" width=\"470\" height=\"294\" src=\"https:\/\/darwinia.standardof.net\/wp-content\/uploads\/sites\/7\/2020\/10\/Darwinia-Units-Squad-5.jpg\" alt=\"\" data-id=\"109\" data-full-url=\"https:\/\/darwinia.standardof.net\/wp-content\/uploads\/sites\/7\/2020\/10\/Darwinia-Units-Squad-5.jpg\" data-link=\"https:\/\/darwinia.standardof.net\/guide\/units\/squad\/darwinia-units-squad-5\/\" class=\"wp-image-109\" srcset=\"https:\/\/darwinia.standardof.net\/wp-content\/uploads\/sites\/7\/2020\/10\/Darwinia-Units-Squad-5.jpg 470w, https:\/\/darwinia.standardof.net\/wp-content\/uploads\/sites\/7\/2020\/10\/Darwinia-Units-Squad-5-200x125.jpg 200w, https:\/\/darwinia.standardof.net\/wp-content\/uploads\/sites\/7\/2020\/10\/Darwinia-Units-Squad-5-16x10.jpg 16w\" sizes=\"(max-width: 470px) 100vw, 470px\" \/><\/a><\/figure><\/li><li class=\"blocks-gallery-item\"><figure><a href=\"https:\/\/darwinia.standardof.net\/de\/leiten\/einheiten\/kader\/darwinia-units-squad-4\/\"><img decoding=\"async\" width=\"470\" height=\"294\" src=\"https:\/\/darwinia.standardof.net\/wp-content\/uploads\/sites\/7\/2020\/10\/Darwinia-Units-Squad-4.jpg\" alt=\"\" data-id=\"108\" data-full-url=\"https:\/\/darwinia.standardof.net\/wp-content\/uploads\/sites\/7\/2020\/10\/Darwinia-Units-Squad-4.jpg\" data-link=\"https:\/\/darwinia.standardof.net\/guide\/units\/squad\/darwinia-units-squad-4\/\" class=\"wp-image-108\" srcset=\"https:\/\/darwinia.standardof.net\/wp-content\/uploads\/sites\/7\/2020\/10\/Darwinia-Units-Squad-4.jpg 470w, https:\/\/darwinia.standardof.net\/wp-content\/uploads\/sites\/7\/2020\/10\/Darwinia-Units-Squad-4-200x125.jpg 200w, https:\/\/darwinia.standardof.net\/wp-content\/uploads\/sites\/7\/2020\/10\/Darwinia-Units-Squad-4-16x10.jpg 16w\" sizes=\"(max-width: 470px) 100vw, 470px\" \/><\/a><\/figure><\/li><li class=\"blocks-gallery-item\"><figure><a href=\"https:\/\/darwinia.standardof.net\/de\/leiten\/einheiten\/kader\/darwinia-units-squad-3\/\"><img decoding=\"async\" width=\"470\" height=\"294\" src=\"https:\/\/darwinia.standardof.net\/wp-content\/uploads\/sites\/7\/2020\/10\/Darwinia-Units-Squad-3.jpg\" alt=\"\" data-id=\"107\" data-full-url=\"https:\/\/darwinia.standardof.net\/wp-content\/uploads\/sites\/7\/2020\/10\/Darwinia-Units-Squad-3.jpg\" data-link=\"https:\/\/darwinia.standardof.net\/guide\/units\/squad\/darwinia-units-squad-3\/\" class=\"wp-image-107\" srcset=\"https:\/\/darwinia.standardof.net\/wp-content\/uploads\/sites\/7\/2020\/10\/Darwinia-Units-Squad-3.jpg 470w, https:\/\/darwinia.standardof.net\/wp-content\/uploads\/sites\/7\/2020\/10\/Darwinia-Units-Squad-3-200x125.jpg 200w, https:\/\/darwinia.standardof.net\/wp-content\/uploads\/sites\/7\/2020\/10\/Darwinia-Units-Squad-3-16x10.jpg 16w\" sizes=\"(max-width: 470px) 100vw, 470px\" \/><\/a><\/figure><\/li><li class=\"blocks-gallery-item\"><figure><a href=\"https:\/\/darwinia.standardof.net\/de\/leiten\/einheiten\/kader\/darwinia-units-squad-2\/\"><img decoding=\"async\" width=\"470\" height=\"294\" src=\"https:\/\/darwinia.standardof.net\/wp-content\/uploads\/sites\/7\/2020\/10\/Darwinia-Units-Squad-2.jpg\" alt=\"\" data-id=\"106\" data-full-url=\"https:\/\/darwinia.standardof.net\/wp-content\/uploads\/sites\/7\/2020\/10\/Darwinia-Units-Squad-2.jpg\" data-link=\"https:\/\/darwinia.standardof.net\/guide\/units\/squad\/darwinia-units-squad-2\/\" class=\"wp-image-106\" srcset=\"https:\/\/darwinia.standardof.net\/wp-content\/uploads\/sites\/7\/2020\/10\/Darwinia-Units-Squad-2.jpg 470w, https:\/\/darwinia.standardof.net\/wp-content\/uploads\/sites\/7\/2020\/10\/Darwinia-Units-Squad-2-200x125.jpg 200w, https:\/\/darwinia.standardof.net\/wp-content\/uploads\/sites\/7\/2020\/10\/Darwinia-Units-Squad-2-16x10.jpg 16w\" sizes=\"(max-width: 470px) 100vw, 470px\" \/><\/a><\/figure><\/li><li class=\"blocks-gallery-item\"><figure><a href=\"https:\/\/darwinia.standardof.net\/de\/leiten\/einheiten\/kader\/darwinia-units-squad-1\/\"><img decoding=\"async\" width=\"470\" height=\"294\" src=\"https:\/\/darwinia.standardof.net\/wp-content\/uploads\/sites\/7\/2020\/10\/Darwinia-Units-Squad-1.jpg\" alt=\"\" data-id=\"105\" data-full-url=\"https:\/\/darwinia.standardof.net\/wp-content\/uploads\/sites\/7\/2020\/10\/Darwinia-Units-Squad-1.jpg\" data-link=\"https:\/\/darwinia.standardof.net\/guide\/units\/squad\/darwinia-units-squad-1\/\" class=\"wp-image-105\" srcset=\"https:\/\/darwinia.standardof.net\/wp-content\/uploads\/sites\/7\/2020\/10\/Darwinia-Units-Squad-1.jpg 470w, https:\/\/darwinia.standardof.net\/wp-content\/uploads\/sites\/7\/2020\/10\/Darwinia-Units-Squad-1-200x125.jpg 200w, https:\/\/darwinia.standardof.net\/wp-content\/uploads\/sites\/7\/2020\/10\/Darwinia-Units-Squad-1-16x10.jpg 16w\" sizes=\"(max-width: 470px) 100vw, 470px\" \/><\/a><\/figure><\/li><\/ul><\/figure>\n\n\n\n<p>Dies ist die Einheit, die Sie am meisten kontrollieren werden, besonders in der ersten H\u00e4lfte des Spiels. Dies ist Ihr Programm, das erstellt wurde, um das direkt zu bek\u00e4mpfen <a href=\"https:\/\/darwinia.standardof.net\/de\/leiten\/feinde\/\" class=\"rank-math-link\"><strong>Virusbedrohung<\/strong><\/a>, zun\u00e4chst mit dem Laser ausgestattet, kann aber sp\u00e4ter verschiedene Sekund\u00e4rwaffen einsetzen.<\/p>\n\n\n\n<p>Der Trupp ist eine der Einheiten vom Programmtyp, die Sie als Spieler jederzeit in der N\u00e4he eines kontrollierten Kontrollturms ausf\u00fchren k\u00f6nnen. Dies ist das am h\u00e4ufigsten verwendete Programm w\u00e4hrend des Spiels und auch das, das Sie am direktesten steuern. Wenn Sie den Rechtsklick oder die Einheitsaktionstaste verwenden, feuert der Trupp Laser in einem konstanten Strom ab. Wenn Sie beide Maustasten gedr\u00fcckt halten, wird die aktuell ausgew\u00e4hlte Sekund\u00e4rwaffe abgefeuert. Sie m\u00fcssen die Forschungsgegenst\u00e4nde finden, bevor Sie die entsprechenden Sekund\u00e4rwaffen freischalten k\u00f6nnen.<\/p>\n\n\n\n<p>Der Trupp wird zuerst im ersten Level eingesetzt <strong>Garten<\/strong>und ist in jeder Mission verwendbar. W\u00e4hrend sie unter Ihrer Kontrolle stehen, f\u00fchren sie keine Aktionen aus, die Sie ihnen nicht direkt befehlen. Wenn Sie jedoch die Auswahl eines Trupps aufheben, werden die Laser automatisch auf Viren in der N\u00e4he abgefeuert, allerdings langsamer als wenn Sie sie direkt kontrollieren.<\/p>\n\n\n\n<p>Eine Taktik, die ich als n\u00fctzlich empfunden habe, besteht darin, einem Trupp zu befehlen, durch eine Gruppe von Feinden zu st\u00fcrmen, um deren Feuer und Aufmerksamkeit auf sich zu ziehen, w\u00e4hrend sie abgew\u00e4hlt bleiben, damit sie auf diese Angreifer schie\u00dfen. Folgen Sie diesem ersten Trupp genau mit einem zweiten Trupp und schie\u00dfen Sie Ihre Laser st\u00e4ndig direkt \u00fcber das Frontteam. Dies funktioniert als K\u00f6dermethode, mit der Sie Feinde \u00fcber dem Vormarsch zusammenklumpen und viele mit Einzelsch\u00fcssen beseitigen k\u00f6nnen. Dies funktioniert besonders gut auf der <a href=\"https:\/\/darwinia.standardof.net\/de\/leiten\/feinde\/virii\/\" class=\"rank-math-link\"><strong>Virii<\/strong><\/a>.<\/p>\n\n\n\n<p>Eine wichtige F\u00e4higkeit des Trupps ist es, als mobiler Spawn-Ort f\u00fcr zu dienen <a href=\"https:\/\/darwinia.standardof.net\/de\/leiten\/einheiten\/techniker\/\" class=\"rank-math-link\"><strong>Ingenieure<\/strong><\/a>, da sie die M\u00f6glichkeit bieten, dies innerhalb eines Radius ihres Standorts zu tun. Dies dient vielen Verwendungszwecken, zum einen erm\u00f6glicht es das schnelle Sammeln und Erfassen von Strukturen, die k\u00fcrzlich von der Infektionskontrolle befreit wurden. Sie scheinen auch in der Lage zu sein, m\u00e4\u00dfigen Schaden zu erleiden, bevor sie sterben.<\/p>\n\n\n\n<h3 class=\"wp-block-heading\"><strong>Squad Research<\/strong><\/h3>\n\n\n\n<p>Der Trupp beginnt mit Version 1.0, und jede nachfolgende Version, die bis zu 4.0 recherchiert wurde, gew\u00e4hrt einem gespawnten Trupp ein zus\u00e4tzliches Truppmitglied. Version 1.0 gew\u00e4hrt 3 Mitglieder, 2.0 4 Mitglieder, 3.0 5 Mitglieder und die endg\u00fcltige Version 4.0 ist auf 6 Mitglieder beschr\u00e4nkt. Es gibt keine zus\u00e4tzlichen Vorteile, und diese Forschung ist sp\u00e4ter im Spiel weniger n\u00fctzlich, wenn die Darwinisten die prim\u00e4re Kampfkraft \u00fcbernehmen.<\/p>","protected":false},"excerpt":{"rendered":"<p>This is the unit you will find yourself controlling the most, especially in the beginning half of the game. This is your program created to directly battle the virus threat, outfitted initially with the Laser but can later utilize various secondary weapons. The Squad is one of the Program type of units that you as [&hellip;]<\/p>","protected":false},"author":1,"featured_media":105,"parent":210,"menu_order":5,"comment_status":"open","ping_status":"closed","template":"","meta":{"_uag_custom_page_level_css":"","site-sidebar-layout":"default","site-content-layout":"default","ast-site-content-layout":"","site-content-style":"default","site-sidebar-style":"default","ast-global-header-display":"","ast-banner-title-visibility":"","ast-main-header-display":"","ast-hfb-above-header-display":"","ast-hfb-below-header-display":"","ast-hfb-mobile-header-display":"","site-post-title":"","ast-breadcrumbs-content":"","ast-featured-img":"","footer-sml-layout":"","theme-transparent-header-meta":"default","adv-header-id-meta":"","stick-header-meta":"","header-above-stick-meta":"","header-main-stick-meta":"","header-below-stick-meta":"","astra-migrate-meta-layouts":"default","ast-page-background-enabled":"default","ast-page-background-meta":{"desktop":{"background-color":"","background-image":"","background-repeat":"repeat","background-position":"center center","background-size":"auto","background-attachment":"scroll","background-type":"","background-media":"","overlay-type":"","overlay-color":"","overlay-gradient":""},"tablet":{"background-color":"","background-image":"","background-repeat":"repeat","background-position":"center center","background-size":"auto","background-attachment":"scroll","background-type":"","background-media":"","overlay-type":"","overlay-color":"","overlay-gradient":""},"mobile":{"background-color":"","background-image":"","background-repeat":"repeat","background-position":"center center","background-size":"auto","background-attachment":"scroll","background-type":"","background-media":"","overlay-type":"","overlay-color":"","overlay-gradient":""}},"ast-content-background-meta":{"desktop":{"background-color":"var(--ast-global-color-5)","background-image":"","background-repeat":"repeat","background-position":"center center","background-size":"auto","background-attachment":"scroll","background-type":"","background-media":"","overlay-type":"","overlay-color":"","overlay-gradient":""},"tablet":{"background-color":"var(--ast-global-color-5)","background-image":"","background-repeat":"repeat","background-position":"center center","background-size":"auto","background-attachment":"scroll","background-type":"","background-media":"","overlay-type":"","overlay-color":"","overlay-gradient":""},"mobile":{"background-color":"var(--ast-global-color-5)","background-image":"","background-repeat":"repeat","background-position":"center center","background-size":"auto","background-attachment":"scroll","background-type":"","background-media":"","overlay-type":"","overlay-color":"","overlay-gradient":""}},"footnotes":""},"uagb_featured_image_src":{"full":["https:\/\/darwinia.standardof.net\/wp-content\/uploads\/sites\/7\/2020\/10\/Darwinia-Units-Squad-1.jpg",470,294,false],"thumbnail":["https:\/\/darwinia.standardof.net\/wp-content\/uploads\/sites\/7\/2020\/10\/Darwinia-Units-Squad-1-200x125.jpg",200,125,true],"medium":["https:\/\/darwinia.standardof.net\/wp-content\/uploads\/sites\/7\/2020\/10\/Darwinia-Units-Squad-1.jpg",470,294,false],"medium_large":["https:\/\/darwinia.standardof.net\/wp-content\/uploads\/sites\/7\/2020\/10\/Darwinia-Units-Squad-1.jpg",470,294,false],"large":["https:\/\/darwinia.standardof.net\/wp-content\/uploads\/sites\/7\/2020\/10\/Darwinia-Units-Squad-1.jpg",470,294,false],"1536x1536":["https:\/\/darwinia.standardof.net\/wp-content\/uploads\/sites\/7\/2020\/10\/Darwinia-Units-Squad-1.jpg",470,294,false],"2048x2048":["https:\/\/darwinia.standardof.net\/wp-content\/uploads\/sites\/7\/2020\/10\/Darwinia-Units-Squad-1.jpg",470,294,false],"trp-custom-language-flag":["https:\/\/darwinia.standardof.net\/wp-content\/uploads\/sites\/7\/2020\/10\/Darwinia-Units-Squad-1-16x10.jpg",16,10,true]},"uagb_author_info":{"display_name":"SOE","author_link":"https:\/\/darwinia.standardof.net\/de\/author\/k-tastic\/"},"uagb_comment_info":0,"uagb_excerpt":"This is the unit you will find yourself controlling the most, especially in the beginning half of the game. This is your program created to directly battle the virus threat, outfitted initially with the Laser but can later utilize various secondary weapons. The Squad is one of the Program type of units that you as&hellip;","_links":{"self":[{"href":"https:\/\/darwinia.standardof.net\/de\/wp-json\/wp\/v2\/pages\/217"}],"collection":[{"href":"https:\/\/darwinia.standardof.net\/de\/wp-json\/wp\/v2\/pages"}],"about":[{"href":"https:\/\/darwinia.standardof.net\/de\/wp-json\/wp\/v2\/types\/page"}],"author":[{"embeddable":true,"href":"https:\/\/darwinia.standardof.net\/de\/wp-json\/wp\/v2\/users\/1"}],"replies":[{"embeddable":true,"href":"https:\/\/darwinia.standardof.net\/de\/wp-json\/wp\/v2\/comments?post=217"}],"version-history":[{"count":0,"href":"https:\/\/darwinia.standardof.net\/de\/wp-json\/wp\/v2\/pages\/217\/revisions"}],"up":[{"embeddable":true,"href":"https:\/\/darwinia.standardof.net\/de\/wp-json\/wp\/v2\/pages\/210"}],"wp:featuredmedia":[{"embeddable":true,"href":"https:\/\/darwinia.standardof.net\/de\/wp-json\/wp\/v2\/media\/105"}],"wp:attachment":[{"href":"https:\/\/darwinia.standardof.net\/de\/wp-json\/wp\/v2\/media?parent=217"}],"curies":[{"name":"wp","href":"https:\/\/api.w.org\/{rel}","templated":true}]}}