{"id":216,"date":"2020-10-29T16:28:20","date_gmt":"2020-10-29T16:28:20","guid":{"rendered":"https:\/\/darwinia.standardof.net\/?page_id=216"},"modified":"2020-10-29T16:40:17","modified_gmt":"2020-10-29T16:40:17","slug":"officer","status":"publish","type":"page","link":"https:\/\/darwinia.standardof.net\/de\/leiten\/einheiten\/offizier\/","title":{"rendered":"Offizier"},"content":{"rendered":"<figure class=\"wp-block-gallery columns-3 is-cropped wp-block-gallery-1 is-layout-flex wp-block-gallery-is-layout-flex\"><ul class=\"blocks-gallery-grid\"><li class=\"blocks-gallery-item\"><figure><a href=\"https:\/\/darwinia.standardof.net\/de\/leiten\/einheiten\/offizier\/darwinia-units-officer-5\/\"><img decoding=\"async\" width=\"470\" height=\"294\" src=\"https:\/\/darwinia.standardof.net\/wp-content\/uploads\/sites\/7\/2020\/10\/Darwinia-Units-Officer-5.jpg\" alt=\"\" data-id=\"104\" data-full-url=\"https:\/\/darwinia.standardof.net\/wp-content\/uploads\/sites\/7\/2020\/10\/Darwinia-Units-Officer-5.jpg\" data-link=\"https:\/\/darwinia.standardof.net\/guide\/units\/officer\/darwinia-units-officer-5\/\" class=\"wp-image-104\" srcset=\"https:\/\/darwinia.standardof.net\/wp-content\/uploads\/sites\/7\/2020\/10\/Darwinia-Units-Officer-5.jpg 470w, https:\/\/darwinia.standardof.net\/wp-content\/uploads\/sites\/7\/2020\/10\/Darwinia-Units-Officer-5-200x125.jpg 200w, https:\/\/darwinia.standardof.net\/wp-content\/uploads\/sites\/7\/2020\/10\/Darwinia-Units-Officer-5-16x10.jpg 16w\" sizes=\"(max-width: 470px) 100vw, 470px\" \/><\/a><\/figure><\/li><li class=\"blocks-gallery-item\"><figure><a href=\"https:\/\/darwinia.standardof.net\/de\/leiten\/einheiten\/offizier\/darwinia-units-officer-4\/\"><img decoding=\"async\" width=\"470\" height=\"294\" src=\"https:\/\/darwinia.standardof.net\/wp-content\/uploads\/sites\/7\/2020\/10\/Darwinia-Units-Officer-4.jpg\" alt=\"\" data-id=\"103\" data-full-url=\"https:\/\/darwinia.standardof.net\/wp-content\/uploads\/sites\/7\/2020\/10\/Darwinia-Units-Officer-4.jpg\" data-link=\"https:\/\/darwinia.standardof.net\/guide\/units\/officer\/darwinia-units-officer-4\/\" class=\"wp-image-103\" srcset=\"https:\/\/darwinia.standardof.net\/wp-content\/uploads\/sites\/7\/2020\/10\/Darwinia-Units-Officer-4.jpg 470w, https:\/\/darwinia.standardof.net\/wp-content\/uploads\/sites\/7\/2020\/10\/Darwinia-Units-Officer-4-200x125.jpg 200w, https:\/\/darwinia.standardof.net\/wp-content\/uploads\/sites\/7\/2020\/10\/Darwinia-Units-Officer-4-16x10.jpg 16w\" sizes=\"(max-width: 470px) 100vw, 470px\" \/><\/a><\/figure><\/li><li class=\"blocks-gallery-item\"><figure><a href=\"https:\/\/darwinia.standardof.net\/de\/leiten\/einheiten\/offizier\/darwinia-units-officer-3\/\"><img decoding=\"async\" width=\"470\" height=\"294\" src=\"https:\/\/darwinia.standardof.net\/wp-content\/uploads\/sites\/7\/2020\/10\/Darwinia-Units-Officer-3.jpg\" alt=\"\" data-id=\"102\" data-full-url=\"https:\/\/darwinia.standardof.net\/wp-content\/uploads\/sites\/7\/2020\/10\/Darwinia-Units-Officer-3.jpg\" data-link=\"https:\/\/darwinia.standardof.net\/guide\/units\/officer\/darwinia-units-officer-3\/\" class=\"wp-image-102\" srcset=\"https:\/\/darwinia.standardof.net\/wp-content\/uploads\/sites\/7\/2020\/10\/Darwinia-Units-Officer-3.jpg 470w, https:\/\/darwinia.standardof.net\/wp-content\/uploads\/sites\/7\/2020\/10\/Darwinia-Units-Officer-3-200x125.jpg 200w, https:\/\/darwinia.standardof.net\/wp-content\/uploads\/sites\/7\/2020\/10\/Darwinia-Units-Officer-3-16x10.jpg 16w\" sizes=\"(max-width: 470px) 100vw, 470px\" \/><\/a><\/figure><\/li><li class=\"blocks-gallery-item\"><figure><a href=\"https:\/\/darwinia.standardof.net\/de\/leiten\/einheiten\/offizier\/darwinia-units-officer-2\/\"><img decoding=\"async\" width=\"470\" height=\"294\" src=\"https:\/\/darwinia.standardof.net\/wp-content\/uploads\/sites\/7\/2020\/10\/Darwinia-Units-Officer-2.jpg\" alt=\"\" data-id=\"101\" data-full-url=\"https:\/\/darwinia.standardof.net\/wp-content\/uploads\/sites\/7\/2020\/10\/Darwinia-Units-Officer-2.jpg\" data-link=\"https:\/\/darwinia.standardof.net\/guide\/units\/officer\/darwinia-units-officer-2\/\" class=\"wp-image-101\" srcset=\"https:\/\/darwinia.standardof.net\/wp-content\/uploads\/sites\/7\/2020\/10\/Darwinia-Units-Officer-2.jpg 470w, https:\/\/darwinia.standardof.net\/wp-content\/uploads\/sites\/7\/2020\/10\/Darwinia-Units-Officer-2-200x125.jpg 200w, https:\/\/darwinia.standardof.net\/wp-content\/uploads\/sites\/7\/2020\/10\/Darwinia-Units-Officer-2-16x10.jpg 16w\" sizes=\"(max-width: 470px) 100vw, 470px\" \/><\/a><\/figure><\/li><li class=\"blocks-gallery-item\"><figure><a href=\"https:\/\/darwinia.standardof.net\/de\/leiten\/einheiten\/offizier\/darwinia-units-officer-1\/\"><img decoding=\"async\" width=\"470\" height=\"294\" src=\"https:\/\/darwinia.standardof.net\/wp-content\/uploads\/sites\/7\/2020\/10\/Darwinia-Units-Officer-1.jpg\" alt=\"\" data-id=\"100\" data-full-url=\"https:\/\/darwinia.standardof.net\/wp-content\/uploads\/sites\/7\/2020\/10\/Darwinia-Units-Officer-1.jpg\" data-link=\"https:\/\/darwinia.standardof.net\/guide\/units\/officer\/darwinia-units-officer-1\/\" class=\"wp-image-100\" srcset=\"https:\/\/darwinia.standardof.net\/wp-content\/uploads\/sites\/7\/2020\/10\/Darwinia-Units-Officer-1.jpg 470w, https:\/\/darwinia.standardof.net\/wp-content\/uploads\/sites\/7\/2020\/10\/Darwinia-Units-Officer-1-200x125.jpg 200w, https:\/\/darwinia.standardof.net\/wp-content\/uploads\/sites\/7\/2020\/10\/Darwinia-Units-Officer-1-16x10.jpg 16w\" sizes=\"(max-width: 470px) 100vw, 470px\" \/><\/a><\/figure><\/li><\/ul><\/figure>\n\n\n\n<p>Diese Einheit kann erstellt werden, indem das Offiziersprogramm auf einem der gr\u00fcnen Darwinisten in einem Level ausgef\u00fchrt wird. Der Offizier wird verwendet, um dem Befehl zu erteilen <a class=\"rank-math-link\" href=\"https:\/\/www.standardof.net\/games\/darwinia-guide\/units\/darwinians\/\" target=\"_blank\" rel=\"noopener\"><strong>Darwinisten<\/strong><\/a>, die Sie nicht direkt kontrollieren k\u00f6nnen.<\/p>\n\n\n\n<p>Das Offiziersprogramm ist eine weitere ausf\u00fchrbare Datei, die dem Spieler zur Verf\u00fcgung steht und zuerst als Forschungsgegenstand gefunden wird, der im Level heruntergeladen werden muss <strong>Eind\u00e4mmung<\/strong>. Der Offizier soll dem Zweck dienen, Ihre Verbindung zwischen Ihnen und den Darwinisten zu sein, und Ihnen die M\u00f6glichkeit geben, ihre Handlungen zu beeinflussen und sie auf den Karten zu bewegen.<\/p>\n\n\n\n<p>Das Programm wird ausgef\u00fchrt, indem jeder Darwinist irgendwo auf der Karte in einen Offizier verwandelt wird. Sobald es sich in den Offizier verwandelt hat, wird die Einheit wie die anderen Programme vollst\u00e4ndig steuerbar sein, verliert jedoch die Darwin- und Granatenwaffen der Darwinisten. Dar\u00fcber hinaus k\u00f6nnen Offiziere nicht zum Bedienen der verschiedenen Strukturen verwendet werden, die f\u00fcr die Darwinisten vorgesehen sind.<\/p>\n\n\n\n<p>Der Offizier beginnt mit der Bewegungsreihenfolge, die den Darwinisten in der N\u00e4he befiehlt, zu einem bestimmten Punkt in einer geraden Linie vom Offizier zu reisen. Jeder Offizier ist auf die Komplexit\u00e4t seiner individuellen Zugreihenfolge beschr\u00e4nkt, was bedeutet, dass Sie mehrere verwenden m\u00fcssen, um die Darwinisten dazu zu bringen, gro\u00dfe Entfernungen zu bewegen.<\/p>\n\n\n\n<h3 class=\"wp-block-heading\"><strong>Offizier Forschung<\/strong><\/h3>\n\n\n\n<p>Der Offizier beginnt bei Version 2.0 mit der Umzugsreihenfolge, und jede nachfolgende untersuchte Version gew\u00e4hrt zus\u00e4tzliche Befehle, mit denen der Offizier die Darwinisten beeinflussen kann. In Version 3.0 ist der Befehl follow entsperrt, mit dem ein Offizier Darwinisten um ihn herum gruppieren und sie zu einem bestimmten Punkt f\u00fchren kann, indem er den Offizier selbst bewegt. Diese Reihenfolge kann auch verwendet werden, um zu verhindern, dass sie sich w\u00e4hrend des normalen Fr\u00e4sens zu weit ausbreiten. Bevor Sie den Feind angreifen, sollten Sie entweder diesen Befehl deaktivieren oder einen Bewegungsbefehl auf den Weg des Feindes geben, um die Darwinisten in den Kampf zu schicken, da sie dazu neigen, nicht zu k\u00e4mpfen, w\u00e4hrend sie unter dem Einfluss des Befehls folgen.<\/p>\n\n\n\n<p>Version 4.0 ist das letzte Upgrade, das erforscht werden kann und die Absorptionsf\u00e4higkeit gew\u00e4hrt. Dieser Befehl veranlasst den Offizier, nahe gelegene Darwinisten als pers\u00f6nlichen Schutzschild daran zu befestigen. Dies f\u00fchrt dazu, dass angreifende Einheiten Schaden erleiden, kann aber auch eine gro\u00dfe Verschwendung von Einheiten sein. Scheint von begrenztem praktischem Nutzen zu sein und lohnt sich nur in sp\u00e4teren Missionen, in denen Sie fortw\u00e4hrende darwinistische Spawns erhalten.<\/p>","protected":false},"excerpt":{"rendered":"<p>This unit can be created by running the Officer program on one of the green Darwinians in a level. The Officer is used to give commands to the Darwinians, which you cannot directly control yourself. The Officer program is another executable available to the player, first found as a research item that must be downloaded [&hellip;]<\/p>","protected":false},"author":1,"featured_media":100,"parent":210,"menu_order":4,"comment_status":"open","ping_status":"closed","template":"","meta":{"_uag_custom_page_level_css":"","site-sidebar-layout":"default","site-content-layout":"default","ast-site-content-layout":"","site-content-style":"default","site-sidebar-style":"default","ast-global-header-display":"","ast-banner-title-visibility":"","ast-main-header-display":"","ast-hfb-above-header-display":"","ast-hfb-below-header-display":"","ast-hfb-mobile-header-display":"","site-post-title":"","ast-breadcrumbs-content":"","ast-featured-img":"","footer-sml-layout":"","theme-transparent-header-meta":"default","adv-header-id-meta":"","stick-header-meta":"","header-above-stick-meta":"","header-main-stick-meta":"","header-below-stick-meta":"","astra-migrate-meta-layouts":"default","ast-page-background-enabled":"default","ast-page-background-meta":{"desktop":{"background-color":"","background-image":"","background-repeat":"repeat","background-position":"center center","background-size":"auto","background-attachment":"scroll","background-type":"","background-media":"","overlay-type":"","overlay-color":"","overlay-gradient":""},"tablet":{"background-color":"","background-image":"","background-repeat":"repeat","background-position":"center center","background-size":"auto","background-attachment":"scroll","background-type":"","background-media":"","overlay-type":"","overlay-color":"","overlay-gradient":""},"mobile":{"background-color":"","background-image":"","background-repeat":"repeat","background-position":"center center","background-size":"auto","background-attachment":"scroll","background-type":"","background-media":"","overlay-type":"","overlay-color":"","overlay-gradient":""}},"ast-content-background-meta":{"desktop":{"background-color":"var(--ast-global-color-5)","background-image":"","background-repeat":"repeat","background-position":"center center","background-size":"auto","background-attachment":"scroll","background-type":"","background-media":"","overlay-type":"","overlay-color":"","overlay-gradient":""},"tablet":{"background-color":"var(--ast-global-color-5)","background-image":"","background-repeat":"repeat","background-position":"center center","background-size":"auto","background-attachment":"scroll","background-type":"","background-media":"","overlay-type":"","overlay-color":"","overlay-gradient":""},"mobile":{"background-color":"var(--ast-global-color-5)","background-image":"","background-repeat":"repeat","background-position":"center center","background-size":"auto","background-attachment":"scroll","background-type":"","background-media":"","overlay-type":"","overlay-color":"","overlay-gradient":""}},"footnotes":""},"uagb_featured_image_src":{"full":["https:\/\/darwinia.standardof.net\/wp-content\/uploads\/sites\/7\/2020\/10\/Darwinia-Units-Officer-1.jpg",470,294,false],"thumbnail":["https:\/\/darwinia.standardof.net\/wp-content\/uploads\/sites\/7\/2020\/10\/Darwinia-Units-Officer-1-200x125.jpg",200,125,true],"medium":["https:\/\/darwinia.standardof.net\/wp-content\/uploads\/sites\/7\/2020\/10\/Darwinia-Units-Officer-1.jpg",470,294,false],"medium_large":["https:\/\/darwinia.standardof.net\/wp-content\/uploads\/sites\/7\/2020\/10\/Darwinia-Units-Officer-1.jpg",470,294,false],"large":["https:\/\/darwinia.standardof.net\/wp-content\/uploads\/sites\/7\/2020\/10\/Darwinia-Units-Officer-1.jpg",470,294,false],"1536x1536":["https:\/\/darwinia.standardof.net\/wp-content\/uploads\/sites\/7\/2020\/10\/Darwinia-Units-Officer-1.jpg",470,294,false],"2048x2048":["https:\/\/darwinia.standardof.net\/wp-content\/uploads\/sites\/7\/2020\/10\/Darwinia-Units-Officer-1.jpg",470,294,false],"trp-custom-language-flag":["https:\/\/darwinia.standardof.net\/wp-content\/uploads\/sites\/7\/2020\/10\/Darwinia-Units-Officer-1-16x10.jpg",16,10,true]},"uagb_author_info":{"display_name":"SOE","author_link":"https:\/\/darwinia.standardof.net\/de\/author\/k-tastic\/"},"uagb_comment_info":0,"uagb_excerpt":"This unit can be created by running the Officer program on one of the green Darwinians in a level. The Officer is used to give commands to the Darwinians, which you cannot directly control yourself. The Officer program is another executable available to the player, first found as a research item that must be downloaded&hellip;","_links":{"self":[{"href":"https:\/\/darwinia.standardof.net\/de\/wp-json\/wp\/v2\/pages\/216"}],"collection":[{"href":"https:\/\/darwinia.standardof.net\/de\/wp-json\/wp\/v2\/pages"}],"about":[{"href":"https:\/\/darwinia.standardof.net\/de\/wp-json\/wp\/v2\/types\/page"}],"author":[{"embeddable":true,"href":"https:\/\/darwinia.standardof.net\/de\/wp-json\/wp\/v2\/users\/1"}],"replies":[{"embeddable":true,"href":"https:\/\/darwinia.standardof.net\/de\/wp-json\/wp\/v2\/comments?post=216"}],"version-history":[{"count":0,"href":"https:\/\/darwinia.standardof.net\/de\/wp-json\/wp\/v2\/pages\/216\/revisions"}],"up":[{"embeddable":true,"href":"https:\/\/darwinia.standardof.net\/de\/wp-json\/wp\/v2\/pages\/210"}],"wp:featuredmedia":[{"embeddable":true,"href":"https:\/\/darwinia.standardof.net\/de\/wp-json\/wp\/v2\/media\/100"}],"wp:attachment":[{"href":"https:\/\/darwinia.standardof.net\/de\/wp-json\/wp\/v2\/media?parent=216"}],"curies":[{"name":"wp","href":"https:\/\/api.w.org\/{rel}","templated":true}]}}