{"id":215,"date":"2020-10-29T16:27:54","date_gmt":"2020-10-29T16:27:54","guid":{"rendered":"https:\/\/darwinia.standardof.net\/?page_id=215"},"modified":"2020-10-29T16:33:03","modified_gmt":"2020-10-29T16:33:03","slug":"armor","status":"publish","type":"page","link":"https:\/\/darwinia.standardof.net\/de\/leiten\/einheiten\/rustung\/","title":{"rendered":"R\u00fcstung"},"content":{"rendered":"<figure class=\"wp-block-gallery columns-3 is-cropped wp-block-gallery-1 is-layout-flex wp-block-gallery-is-layout-flex\"><ul class=\"blocks-gallery-grid\"><li class=\"blocks-gallery-item\"><figure><a href=\"https:\/\/darwinia.standardof.net\/de\/leiten\/einheiten\/rustung\/darwinia-units-armor-5\/\"><img decoding=\"async\" width=\"470\" height=\"294\" src=\"https:\/\/darwinia.standardof.net\/wp-content\/uploads\/sites\/7\/2020\/10\/Darwinia-Units-Armor-5.jpg\" alt=\"\" data-id=\"89\" data-full-url=\"https:\/\/darwinia.standardof.net\/wp-content\/uploads\/sites\/7\/2020\/10\/Darwinia-Units-Armor-5.jpg\" data-link=\"https:\/\/darwinia.standardof.net\/guide\/units\/armor\/darwinia-units-armor-5\/\" class=\"wp-image-89\" srcset=\"https:\/\/darwinia.standardof.net\/wp-content\/uploads\/sites\/7\/2020\/10\/Darwinia-Units-Armor-5.jpg 470w, https:\/\/darwinia.standardof.net\/wp-content\/uploads\/sites\/7\/2020\/10\/Darwinia-Units-Armor-5-200x125.jpg 200w, https:\/\/darwinia.standardof.net\/wp-content\/uploads\/sites\/7\/2020\/10\/Darwinia-Units-Armor-5-16x10.jpg 16w\" sizes=\"(max-width: 470px) 100vw, 470px\" \/><\/a><\/figure><\/li><li class=\"blocks-gallery-item\"><figure><a href=\"https:\/\/darwinia.standardof.net\/de\/leiten\/einheiten\/rustung\/darwinia-units-armor-4\/\"><img decoding=\"async\" width=\"470\" height=\"294\" src=\"https:\/\/darwinia.standardof.net\/wp-content\/uploads\/sites\/7\/2020\/10\/Darwinia-Units-Armor-4.jpg\" alt=\"\" data-id=\"88\" data-full-url=\"https:\/\/darwinia.standardof.net\/wp-content\/uploads\/sites\/7\/2020\/10\/Darwinia-Units-Armor-4.jpg\" data-link=\"https:\/\/darwinia.standardof.net\/guide\/units\/armor\/darwinia-units-armor-4\/\" class=\"wp-image-88\" srcset=\"https:\/\/darwinia.standardof.net\/wp-content\/uploads\/sites\/7\/2020\/10\/Darwinia-Units-Armor-4.jpg 470w, https:\/\/darwinia.standardof.net\/wp-content\/uploads\/sites\/7\/2020\/10\/Darwinia-Units-Armor-4-200x125.jpg 200w, https:\/\/darwinia.standardof.net\/wp-content\/uploads\/sites\/7\/2020\/10\/Darwinia-Units-Armor-4-16x10.jpg 16w\" sizes=\"(max-width: 470px) 100vw, 470px\" \/><\/a><\/figure><\/li><li class=\"blocks-gallery-item\"><figure><a href=\"https:\/\/darwinia.standardof.net\/de\/leiten\/einheiten\/rustung\/darwinia-units-armor-3\/\"><img decoding=\"async\" width=\"470\" height=\"294\" src=\"https:\/\/darwinia.standardof.net\/wp-content\/uploads\/sites\/7\/2020\/10\/Darwinia-Units-Armor-3.jpg\" alt=\"\" data-id=\"87\" data-full-url=\"https:\/\/darwinia.standardof.net\/wp-content\/uploads\/sites\/7\/2020\/10\/Darwinia-Units-Armor-3.jpg\" data-link=\"https:\/\/darwinia.standardof.net\/guide\/units\/armor\/darwinia-units-armor-3\/\" class=\"wp-image-87\" srcset=\"https:\/\/darwinia.standardof.net\/wp-content\/uploads\/sites\/7\/2020\/10\/Darwinia-Units-Armor-3.jpg 470w, https:\/\/darwinia.standardof.net\/wp-content\/uploads\/sites\/7\/2020\/10\/Darwinia-Units-Armor-3-200x125.jpg 200w, https:\/\/darwinia.standardof.net\/wp-content\/uploads\/sites\/7\/2020\/10\/Darwinia-Units-Armor-3-16x10.jpg 16w\" sizes=\"(max-width: 470px) 100vw, 470px\" \/><\/a><\/figure><\/li><li class=\"blocks-gallery-item\"><figure><a href=\"https:\/\/darwinia.standardof.net\/de\/leiten\/einheiten\/rustung\/darwinia-units-armor-2\/\"><img decoding=\"async\" width=\"470\" height=\"294\" src=\"https:\/\/darwinia.standardof.net\/wp-content\/uploads\/sites\/7\/2020\/10\/Darwinia-Units-Armor-2.jpg\" alt=\"\" data-id=\"86\" data-full-url=\"https:\/\/darwinia.standardof.net\/wp-content\/uploads\/sites\/7\/2020\/10\/Darwinia-Units-Armor-2.jpg\" data-link=\"https:\/\/darwinia.standardof.net\/guide\/units\/armor\/darwinia-units-armor-2\/\" class=\"wp-image-86\" srcset=\"https:\/\/darwinia.standardof.net\/wp-content\/uploads\/sites\/7\/2020\/10\/Darwinia-Units-Armor-2.jpg 470w, https:\/\/darwinia.standardof.net\/wp-content\/uploads\/sites\/7\/2020\/10\/Darwinia-Units-Armor-2-200x125.jpg 200w, https:\/\/darwinia.standardof.net\/wp-content\/uploads\/sites\/7\/2020\/10\/Darwinia-Units-Armor-2-16x10.jpg 16w\" sizes=\"(max-width: 470px) 100vw, 470px\" \/><\/a><\/figure><\/li><li class=\"blocks-gallery-item\"><figure><a href=\"https:\/\/darwinia.standardof.net\/de\/leiten\/einheiten\/rustung\/darwinia-units-armor-1\/\"><img decoding=\"async\" width=\"470\" height=\"294\" src=\"https:\/\/darwinia.standardof.net\/wp-content\/uploads\/sites\/7\/2020\/10\/Darwinia-Units-Armor-1.jpg\" alt=\"\" data-id=\"85\" data-full-url=\"https:\/\/darwinia.standardof.net\/wp-content\/uploads\/sites\/7\/2020\/10\/Darwinia-Units-Armor-1.jpg\" data-link=\"https:\/\/darwinia.standardof.net\/guide\/units\/armor\/darwinia-units-armor-1\/\" class=\"wp-image-85\" srcset=\"https:\/\/darwinia.standardof.net\/wp-content\/uploads\/sites\/7\/2020\/10\/Darwinia-Units-Armor-1.jpg 470w, https:\/\/darwinia.standardof.net\/wp-content\/uploads\/sites\/7\/2020\/10\/Darwinia-Units-Armor-1-200x125.jpg 200w, https:\/\/darwinia.standardof.net\/wp-content\/uploads\/sites\/7\/2020\/10\/Darwinia-Units-Armor-1-16x10.jpg 16w\" sizes=\"(max-width: 470px) 100vw, 470px\" \/><\/a><\/figure><\/li><\/ul><\/figure>\n\n\n\n<p>Die R\u00fcstungseinheit in <em>Darwinia <\/em>wird erst nach Aktivierung des zur Verf\u00fcgung gestellt <strong>Bauhof<\/strong>nach dem Einschalten der beiden <strong>Bergwerk <\/strong>und das <strong>Generator<\/strong>. Diese drei Einrichtungen bieten zusammen die Rohstoffe, die Energie und die Fertigungskapazit\u00e4ten f\u00fcr die Herstellung der R\u00fcstungseinheit zur Verwendung durch die darwinistische Armee. W\u00e4hrend des Levels sind Sie auf die R\u00fcstungseinheiten beschr\u00e4nkt, die von den Produktionslinien kommen. Nach Abschluss des Yard-Levels k\u00f6nnen Sie Armor als ausf\u00fchrbares Programm erzeugen, jedoch nur in der N\u00e4he eines kontrollierten Programms <strong>Trunk Port<\/strong>.<\/p>\n\n\n\n<p>R\u00fcstungen dienen einem doppelten Zweck, zun\u00e4chst als Panzertransport f\u00fcr die Darwinisten, der bis zu 10 laden kann <a href=\"https:\/\/darwinia.standardof.net\/de\/leiten\/einheiten\/darwinisten\/\" class=\"rank-math-link\"><strong>Darwinisten<\/strong> <\/a>und stellen Sie sie an einem anderen Ort bereit. Die F\u00e4higkeit der Einheiten, jedes Gel\u00e4nde zu durchqueren, \u00e4hnlich wie der Ingenieur, wenn auch mit viel h\u00f6heren Geschwindigkeiten, erm\u00f6glicht es Ihnen, Darwinisten fast \u00fcberall zu platzieren. Klicken Sie mit der rechten Maustaste auf die R\u00fcstung selbst, um den Ladebefehl auszul\u00f6sen, und Darwinisten in der N\u00e4he steigen automatisch ein, bis sie gef\u00fcllt ist.<\/p>\n\n\n\n<p>Zweitens und am n\u00fctzlichsten ist, dass die R\u00fcstung in einem station\u00e4ren Turm eingesetzt werden kann, der von bis zu 4 Darwinisten auf nahezu jedem kleinen St\u00fcck Land besetzt werden kann. Klicken Sie mit der rechten Maustaste auf den Bereich, in dem die R\u00fcstung eingerichtet werden soll, und sie wird sofort beschleunigt und bereitgestellt. Au\u00dferdem k\u00f6nnen Sie Darwinisten dazu bringen, den Turm beim Einsatz zu bemannen, und er wird sie aus dem R\u00fccken in die Luft werfen, bevor Sie sich umdrehen und in diesem Fall einsetzen. Sobald der Turm hoch ist, werden die nahe gelegenen Darwinisten herbeirennen und ihn bemannen. Die Geschwindigkeit der R\u00fcstung erm\u00f6glicht es ihr, leicht durch gro\u00dfe zu rasen <a href=\"https:\/\/darwinia.standardof.net\/de\/leiten\/feinde\/\" class=\"rank-math-link\">Virus <\/a>Befall unversehrt. Optional k\u00f6nnen Sie einem bemannten Turm befehlen, sein Feuer zu lenken, wenn Sie dringendere Ziele finden, auf die Sie sich konzentrieren k\u00f6nnen.<\/p>\n\n\n\n<p>Sie sind nicht darauf beschr\u00e4nkt, wie viele R\u00fcstungen Sie erstellen k\u00f6nnen, obwohl nur so viele T\u00fcrme in einem bestimmten Gebiet eingesetzt werden k\u00f6nnen, und solange sie noch R\u00fcstungen sind, belegen sie einen Programmplatz. Der Turm ist auch die m\u00e4chtigste Waffe, die Ihren Streitkr\u00e4ften zur Verf\u00fcgung steht, insbesondere nachdem die Reichweite durch Forschung verbessert wurde, da die Darwinisten alle Virustypen angreifen und erfolgreich t\u00f6ten k\u00f6nnen, obwohl ein einzelner Turm m\u00f6glicherweise von einer gro\u00dfen Streitmacht \u00fcberrannt wird und dies auch kann durch feindliche oder freundliche Granaten zerst\u00f6rt werden.<\/p>\n\n\n\n<p>Schlie\u00dflich ist es unglaublich wichtig zu erkennen, dass Ihre gr\u00fcnen Darwinisten zwar diese T\u00fcrme besetzen k\u00f6nnen, aber auch die feindlichen roten Darwinisten, wenn sie einen unbemannten erreichen oder einen Ihrer eigenen \u00fcberrennen. In diesem Fall wird der Turm auf Ihre Streitkr\u00e4fte gerichtet und kann gro\u00dfe Gruppen ziemlich schnell m\u00e4hen. In diesem Fall ist es eine Ihrer besten Wetten, mehrere K\u00f6dertrupps zu schicken, um das Feuer zu ziehen, und einen unter Ihrer Kontrolle zu verfolgen und ihn entweder aus der Existenz zu entfernen oder mit einer Granate zu schlagen.<\/p>\n\n\n\n<p><strong>Forschung<br><\/strong>Die R\u00fcstung beginnt bei Version 1.0, sodass 10 Darwinisten an Bord der Einheit gehen k\u00f6nnen, bis sie ihre volle Kapazit\u00e4t erreicht hat. Die Erforschung von v2.0 gew\u00e4hrt zus\u00e4tzliche Reichweite und eine maximale Transportkapazit\u00e4t von 20, v3.0 erm\u00f6glicht 30 Darwinisten und eine sehr gro\u00dfe Reichweite, w\u00e4hrend v4.0 schlie\u00dflich eine Kapazit\u00e4t von 40 und eine ausreichende Reichweite zum M\u00e4hen von Viren gew\u00e4hrt Extreme Reichweite, was in Kombination mit einem gro\u00dfartigen Aussichtspunkt bedeutet, dass keine Viren in die N\u00e4he dieses Turms gelangen.<\/p>","protected":false},"excerpt":{"rendered":"<p>The Armor unit in Darwinia is first made available after activating the Construction Yard, after powering both the Mine and the Generator. These 3 facilities together provide the raw materials, power, and manufacturing capability to produce the Armor unit for use by the Darwinian army. During the level you will be limited to the Armor [&hellip;]<\/p>","protected":false},"author":1,"featured_media":88,"parent":210,"menu_order":3,"comment_status":"open","ping_status":"closed","template":"","meta":{"_uag_custom_page_level_css":"","site-sidebar-layout":"default","site-content-layout":"default","ast-site-content-layout":"","site-content-style":"default","site-sidebar-style":"default","ast-global-header-display":"","ast-banner-title-visibility":"","ast-main-header-display":"","ast-hfb-above-header-display":"","ast-hfb-below-header-display":"","ast-hfb-mobile-header-display":"","site-post-title":"","ast-breadcrumbs-content":"","ast-featured-img":"","footer-sml-layout":"","theme-transparent-header-meta":"default","adv-header-id-meta":"","stick-header-meta":"","header-above-stick-meta":"","header-main-stick-meta":"","header-below-stick-meta":"","astra-migrate-meta-layouts":"default","ast-page-background-enabled":"default","ast-page-background-meta":{"desktop":{"background-color":"","background-image":"","background-repeat":"repeat","background-position":"center center","background-size":"auto","background-attachment":"scroll","background-type":"","background-media":"","overlay-type":"","overlay-color":"","overlay-gradient":""},"tablet":{"background-color":"","background-image":"","background-repeat":"repeat","background-position":"center center","background-size":"auto","background-attachment":"scroll","background-type":"","background-media":"","overlay-type":"","overlay-color":"","overlay-gradient":""},"mobile":{"background-color":"","background-image":"","background-repeat":"repeat","background-position":"center center","background-size":"auto","background-attachment":"scroll","background-type":"","background-media":"","overlay-type":"","overlay-color":"","overlay-gradient":""}},"ast-content-background-meta":{"desktop":{"background-color":"var(--ast-global-color-5)","background-image":"","background-repeat":"repeat","background-position":"center center","background-size":"auto","background-attachment":"scroll","background-type":"","background-media":"","overlay-type":"","overlay-color":"","overlay-gradient":""},"tablet":{"background-color":"var(--ast-global-color-5)","background-image":"","background-repeat":"repeat","background-position":"center center","background-size":"auto","background-attachment":"scroll","background-type":"","background-media":"","overlay-type":"","overlay-color":"","overlay-gradient":""},"mobile":{"background-color":"var(--ast-global-color-5)","background-image":"","background-repeat":"repeat","background-position":"center center","background-size":"auto","background-attachment":"scroll","background-type":"","background-media":"","overlay-type":"","overlay-color":"","overlay-gradient":""}},"footnotes":""},"uagb_featured_image_src":{"full":["https:\/\/darwinia.standardof.net\/wp-content\/uploads\/sites\/7\/2020\/10\/Darwinia-Units-Armor-4.jpg",470,294,false],"thumbnail":["https:\/\/darwinia.standardof.net\/wp-content\/uploads\/sites\/7\/2020\/10\/Darwinia-Units-Armor-4-200x125.jpg",200,125,true],"medium":["https:\/\/darwinia.standardof.net\/wp-content\/uploads\/sites\/7\/2020\/10\/Darwinia-Units-Armor-4.jpg",470,294,false],"medium_large":["https:\/\/darwinia.standardof.net\/wp-content\/uploads\/sites\/7\/2020\/10\/Darwinia-Units-Armor-4.jpg",470,294,false],"large":["https:\/\/darwinia.standardof.net\/wp-content\/uploads\/sites\/7\/2020\/10\/Darwinia-Units-Armor-4.jpg",470,294,false],"1536x1536":["https:\/\/darwinia.standardof.net\/wp-content\/uploads\/sites\/7\/2020\/10\/Darwinia-Units-Armor-4.jpg",470,294,false],"2048x2048":["https:\/\/darwinia.standardof.net\/wp-content\/uploads\/sites\/7\/2020\/10\/Darwinia-Units-Armor-4.jpg",470,294,false],"trp-custom-language-flag":["https:\/\/darwinia.standardof.net\/wp-content\/uploads\/sites\/7\/2020\/10\/Darwinia-Units-Armor-4-16x10.jpg",16,10,true]},"uagb_author_info":{"display_name":"SOE","author_link":"https:\/\/darwinia.standardof.net\/de\/author\/k-tastic\/"},"uagb_comment_info":0,"uagb_excerpt":"The Armor unit in Darwinia is first made available after activating the Construction Yard, after powering both the Mine and the Generator. These 3 facilities together provide the raw materials, power, and manufacturing capability to produce the Armor unit for use by the Darwinian army. During the level you will be limited to the Armor&hellip;","_links":{"self":[{"href":"https:\/\/darwinia.standardof.net\/de\/wp-json\/wp\/v2\/pages\/215"}],"collection":[{"href":"https:\/\/darwinia.standardof.net\/de\/wp-json\/wp\/v2\/pages"}],"about":[{"href":"https:\/\/darwinia.standardof.net\/de\/wp-json\/wp\/v2\/types\/page"}],"author":[{"embeddable":true,"href":"https:\/\/darwinia.standardof.net\/de\/wp-json\/wp\/v2\/users\/1"}],"replies":[{"embeddable":true,"href":"https:\/\/darwinia.standardof.net\/de\/wp-json\/wp\/v2\/comments?post=215"}],"version-history":[{"count":0,"href":"https:\/\/darwinia.standardof.net\/de\/wp-json\/wp\/v2\/pages\/215\/revisions"}],"up":[{"embeddable":true,"href":"https:\/\/darwinia.standardof.net\/de\/wp-json\/wp\/v2\/pages\/210"}],"wp:featuredmedia":[{"embeddable":true,"href":"https:\/\/darwinia.standardof.net\/de\/wp-json\/wp\/v2\/media\/88"}],"wp:attachment":[{"href":"https:\/\/darwinia.standardof.net\/de\/wp-json\/wp\/v2\/media?parent=215"}],"curies":[{"name":"wp","href":"https:\/\/api.w.org\/{rel}","templated":true}]}}