{"id":214,"date":"2020-10-29T16:27:37","date_gmt":"2020-10-29T16:27:37","guid":{"rendered":"https:\/\/darwinia.standardof.net\/?page_id=214"},"modified":"2020-10-29T16:37:57","modified_gmt":"2020-10-29T16:37:57","slug":"engineer","status":"publish","type":"page","link":"https:\/\/darwinia.standardof.net\/de\/leiten\/einheiten\/techniker\/","title":{"rendered":"Techniker"},"content":{"rendered":"<figure class=\"wp-block-gallery columns-3 is-cropped wp-block-gallery-1 is-layout-flex wp-block-gallery-is-layout-flex\"><ul class=\"blocks-gallery-grid\"><li class=\"blocks-gallery-item\"><figure><a href=\"https:\/\/darwinia.standardof.net\/de\/leiten\/einheiten\/techniker\/darwinia-units-engineer-4\/\"><img decoding=\"async\" width=\"470\" height=\"294\" src=\"https:\/\/darwinia.standardof.net\/wp-content\/uploads\/sites\/7\/2020\/10\/Darwinia-Units-Engineer-4.jpg\" alt=\"\" data-id=\"98\" data-full-url=\"https:\/\/darwinia.standardof.net\/wp-content\/uploads\/sites\/7\/2020\/10\/Darwinia-Units-Engineer-4.jpg\" data-link=\"https:\/\/darwinia.standardof.net\/guide\/units\/engineer\/darwinia-units-engineer-4\/\" class=\"wp-image-98\" srcset=\"https:\/\/darwinia.standardof.net\/wp-content\/uploads\/sites\/7\/2020\/10\/Darwinia-Units-Engineer-4.jpg 470w, https:\/\/darwinia.standardof.net\/wp-content\/uploads\/sites\/7\/2020\/10\/Darwinia-Units-Engineer-4-200x125.jpg 200w, https:\/\/darwinia.standardof.net\/wp-content\/uploads\/sites\/7\/2020\/10\/Darwinia-Units-Engineer-4-16x10.jpg 16w\" sizes=\"(max-width: 470px) 100vw, 470px\" \/><\/a><\/figure><\/li><li class=\"blocks-gallery-item\"><figure><a href=\"https:\/\/darwinia.standardof.net\/de\/leiten\/einheiten\/techniker\/darwinia-units-engineer-5\/\"><img decoding=\"async\" width=\"470\" height=\"264\" src=\"https:\/\/darwinia.standardof.net\/wp-content\/uploads\/sites\/7\/2020\/10\/Darwinia-Units-Engineer-5.jpg\" alt=\"\" data-id=\"99\" data-full-url=\"https:\/\/darwinia.standardof.net\/wp-content\/uploads\/sites\/7\/2020\/10\/Darwinia-Units-Engineer-5.jpg\" data-link=\"https:\/\/darwinia.standardof.net\/guide\/units\/engineer\/darwinia-units-engineer-5\/\" class=\"wp-image-99\" srcset=\"https:\/\/darwinia.standardof.net\/wp-content\/uploads\/sites\/7\/2020\/10\/Darwinia-Units-Engineer-5.jpg 470w, https:\/\/darwinia.standardof.net\/wp-content\/uploads\/sites\/7\/2020\/10\/Darwinia-Units-Engineer-5-200x112.jpg 200w, https:\/\/darwinia.standardof.net\/wp-content\/uploads\/sites\/7\/2020\/10\/Darwinia-Units-Engineer-5-16x9.jpg 16w\" sizes=\"(max-width: 470px) 100vw, 470px\" \/><\/a><\/figure><\/li><li class=\"blocks-gallery-item\"><figure><a href=\"https:\/\/darwinia.standardof.net\/de\/leiten\/einheiten\/techniker\/darwinia-units-engineer-3\/\"><img decoding=\"async\" width=\"470\" height=\"294\" src=\"https:\/\/darwinia.standardof.net\/wp-content\/uploads\/sites\/7\/2020\/10\/Darwinia-Units-Engineer-3.jpg\" alt=\"\" data-id=\"97\" data-full-url=\"https:\/\/darwinia.standardof.net\/wp-content\/uploads\/sites\/7\/2020\/10\/Darwinia-Units-Engineer-3.jpg\" data-link=\"https:\/\/darwinia.standardof.net\/guide\/units\/engineer\/darwinia-units-engineer-3\/\" class=\"wp-image-97\" srcset=\"https:\/\/darwinia.standardof.net\/wp-content\/uploads\/sites\/7\/2020\/10\/Darwinia-Units-Engineer-3.jpg 470w, https:\/\/darwinia.standardof.net\/wp-content\/uploads\/sites\/7\/2020\/10\/Darwinia-Units-Engineer-3-200x125.jpg 200w, https:\/\/darwinia.standardof.net\/wp-content\/uploads\/sites\/7\/2020\/10\/Darwinia-Units-Engineer-3-16x10.jpg 16w\" sizes=\"(max-width: 470px) 100vw, 470px\" \/><\/a><\/figure><\/li><li class=\"blocks-gallery-item\"><figure><a href=\"https:\/\/darwinia.standardof.net\/de\/leiten\/einheiten\/techniker\/darwinia-units-engineer-2\/\"><img decoding=\"async\" width=\"470\" height=\"294\" src=\"https:\/\/darwinia.standardof.net\/wp-content\/uploads\/sites\/7\/2020\/10\/Darwinia-Units-Engineer-2.jpg\" alt=\"\" data-id=\"96\" data-full-url=\"https:\/\/darwinia.standardof.net\/wp-content\/uploads\/sites\/7\/2020\/10\/Darwinia-Units-Engineer-2.jpg\" data-link=\"https:\/\/darwinia.standardof.net\/guide\/units\/engineer\/darwinia-units-engineer-2\/\" class=\"wp-image-96\" srcset=\"https:\/\/darwinia.standardof.net\/wp-content\/uploads\/sites\/7\/2020\/10\/Darwinia-Units-Engineer-2.jpg 470w, https:\/\/darwinia.standardof.net\/wp-content\/uploads\/sites\/7\/2020\/10\/Darwinia-Units-Engineer-2-200x125.jpg 200w, https:\/\/darwinia.standardof.net\/wp-content\/uploads\/sites\/7\/2020\/10\/Darwinia-Units-Engineer-2-16x10.jpg 16w\" sizes=\"(max-width: 470px) 100vw, 470px\" \/><\/a><\/figure><\/li><li class=\"blocks-gallery-item\"><figure><a href=\"https:\/\/darwinia.standardof.net\/de\/leiten\/einheiten\/techniker\/darwinia-units-engineer-1\/\"><img decoding=\"async\" width=\"470\" height=\"294\" src=\"https:\/\/darwinia.standardof.net\/wp-content\/uploads\/sites\/7\/2020\/10\/Darwinia-Units-Engineer-1.jpg\" alt=\"\" data-id=\"95\" data-full-url=\"https:\/\/darwinia.standardof.net\/wp-content\/uploads\/sites\/7\/2020\/10\/Darwinia-Units-Engineer-1.jpg\" data-link=\"https:\/\/darwinia.standardof.net\/guide\/units\/engineer\/darwinia-units-engineer-1\/\" class=\"wp-image-95\" srcset=\"https:\/\/darwinia.standardof.net\/wp-content\/uploads\/sites\/7\/2020\/10\/Darwinia-Units-Engineer-1.jpg 470w, https:\/\/darwinia.standardof.net\/wp-content\/uploads\/sites\/7\/2020\/10\/Darwinia-Units-Engineer-1-200x125.jpg 200w, https:\/\/darwinia.standardof.net\/wp-content\/uploads\/sites\/7\/2020\/10\/Darwinia-Units-Engineer-1-16x10.jpg 16w\" sizes=\"(max-width: 470px) 100vw, 470px\" \/><\/a><\/figure><\/li><\/ul><\/figure>\n\n\n\n<p>Dieses Ger\u00e4t wird erstellt, indem Sie das Engineer-Programm in der N\u00e4he eines Ihrer Programme ausf\u00fchren <a href=\"https:\/\/darwinia.standardof.net\/de\/leiten\/einheiten\/kader\/\" class=\"rank-math-link\"><strong>Trupps<\/strong> <\/a>oder gefangen genommen <strong>Kontrollt\u00fcrme<\/strong>. Der Ingenieur wird verwendet, um Seelen zu sammeln, um mehr Darwinisten hervorzubringen, Geb\u00e4ude neu zu programmieren und zu erfassen und schlie\u00dflich Forschungsdaten herunterzuladen.<\/p>\n\n\n\n<p>Der Ingenieur wird in Anbetracht seines Hauptzwecks treffend benannt. Diese Einheit ist ein ausf\u00fchrbares Programm, das ab Beginn der ersten Mission verf\u00fcgbar ist. \u201c<strong>Garten<\/strong>Und weiter w\u00e4hrend des gesamten Spiels von <em>Darwinia<\/em>. Der Ingenieur dient als handliche Manneinheit, sammelt Seelen, um mehr gr\u00fcne Darwinisten hervorzubringen, l\u00e4dt neue Forschungsgegenst\u00e4nde herunter, die Sie in den Missionen gefunden haben, oder programmiert infizierte Strukturen neu, um sie unter Ihre und die Kontrolle der Darwinisten zur\u00fcckzubringen.<\/p>\n\n\n\n<p>Der Ingenieur kann leichten Schaden erleiden, muss jedoch h\u00e4ufig w\u00e4hrend des Seelensammelns und manchmal der Neuprogrammierung gesch\u00fctzt werden, wenn Feinde in der N\u00e4he sind. Sie z\u00f6gern nicht, direkt auf den Weg einer Menge von Menschen zu schweben <strong><a href=\"https:\/\/darwinia.standardof.net\/de\/leiten\/feinde\/\" class=\"rank-math-link\">Viren<\/a><\/strong>, nur um eine einzige Seele in der N\u00e4he aufzunehmen. Seien Sie gewarnt, Sie m\u00fcssen sie w\u00e4hrend dieser Aufgabe im Auge behalten, insbesondere wenn Sie dringend ein paar kleine gr\u00fcne Freunde f\u00fcr eine bestimmte Aufgabe ben\u00f6tigen.<\/p>\n\n\n\n<p>Im Gegensatz zum Trupp k\u00f6nnen Ingenieure \u00fcber dem Wasser schweben, sodass Sie sie als Aufst\u00e4ndische einsetzen, Gew\u00e4sser \u00fcberqueren und starken Befall vermeiden k\u00f6nnen, um Strukturen hinter feindlichen Linien neu zu programmieren. Sie sind darauf beschr\u00e4nkt, wie steil sie ansteigen k\u00f6nnen. Ein letzter Punkt ist die F\u00e4higkeit, Ingenieure in geringer Entfernung von Squads hervorzubringen.<\/p>\n\n\n\n<h3 class=\"wp-block-heading\"><strong>Ingenieurforschung<\/strong><\/h3>\n\n\n\n<p>Der Ingenieur beginnt mit Version 1.0, und jede nachfolgende Version, die bis zu 4.0 recherchiert wurde, gibt dem Ingenieur die F\u00e4higkeit, mehr Seelen zu tragen, bevor er zur\u00fcckkehren und sie an einem Inkubator abgeben muss.<\/p>\n\n\n\n<p>Denken Sie daran, diese Forschung hat H\u00f6hen und Tiefen. Mehr Seelen, die bef\u00f6rdert werden, bedeuten, dass Sie in der Lage sein werden, mehr Darwinisten hervorzubringen, aber es bedeutet auch mehr Zeit, bis der Ingenieur zur\u00fcckkehrt, um seine Sammlung abzugeben, und angesichts ihrer ungehinderten Gier in der Seelensammlung kann es oft vorkommen, dass sie mit einer gro\u00dfen Menge \u00fcberh\u00e4uft werden Ladung Seelen im Schlepptau. Version 1.0 Ingenieure k\u00f6nnen 10 Seelen tragen, 2.0 kann 15 Seelen aufnehmen, 3.0 kann 25 Seelen aufnehmen und 4.0 kann 30 aufnehmen.<\/p>","protected":false},"excerpt":{"rendered":"<p>This unit is created by running the Engineer program near one of your Squads or captured Control Towers. The Engineer is used to collect souls for spawning more Darwinians, reprogramming and capturing buildings and finally to download research data. The Engineer is aptly named considering its primary purpose. This unit is an executable program available [&hellip;]<\/p>","protected":false},"author":1,"featured_media":98,"parent":210,"menu_order":2,"comment_status":"open","ping_status":"closed","template":"","meta":{"_uag_custom_page_level_css":"","site-sidebar-layout":"default","site-content-layout":"default","ast-site-content-layout":"","site-content-style":"default","site-sidebar-style":"default","ast-global-header-display":"","ast-banner-title-visibility":"","ast-main-header-display":"","ast-hfb-above-header-display":"","ast-hfb-below-header-display":"","ast-hfb-mobile-header-display":"","site-post-title":"","ast-breadcrumbs-content":"","ast-featured-img":"","footer-sml-layout":"","theme-transparent-header-meta":"default","adv-header-id-meta":"","stick-header-meta":"","header-above-stick-meta":"","header-main-stick-meta":"","header-below-stick-meta":"","astra-migrate-meta-layouts":"default","ast-page-background-enabled":"default","ast-page-background-meta":{"desktop":{"background-color":"","background-image":"","background-repeat":"repeat","background-position":"center center","background-size":"auto","background-attachment":"scroll","background-type":"","background-media":"","overlay-type":"","overlay-color":"","overlay-gradient":""},"tablet":{"background-color":"","background-image":"","background-repeat":"repeat","background-position":"center center","background-size":"auto","background-attachment":"scroll","background-type":"","background-media":"","overlay-type":"","overlay-color":"","overlay-gradient":""},"mobile":{"background-color":"","background-image":"","background-repeat":"repeat","background-position":"center center","background-size":"auto","background-attachment":"scroll","background-type":"","background-media":"","overlay-type":"","overlay-color":"","overlay-gradient":""}},"ast-content-background-meta":{"desktop":{"background-color":"var(--ast-global-color-5)","background-image":"","background-repeat":"repeat","background-position":"center center","background-size":"auto","background-attachment":"scroll","background-type":"","background-media":"","overlay-type":"","overlay-color":"","overlay-gradient":""},"tablet":{"background-color":"var(--ast-global-color-5)","background-image":"","background-repeat":"repeat","background-position":"center center","background-size":"auto","background-attachment":"scroll","background-type":"","background-media":"","overlay-type":"","overlay-color":"","overlay-gradient":""},"mobile":{"background-color":"var(--ast-global-color-5)","background-image":"","background-repeat":"repeat","background-position":"center center","background-size":"auto","background-attachment":"scroll","background-type":"","background-media":"","overlay-type":"","overlay-color":"","overlay-gradient":""}},"footnotes":""},"uagb_featured_image_src":{"full":["https:\/\/darwinia.standardof.net\/wp-content\/uploads\/sites\/7\/2020\/10\/Darwinia-Units-Engineer-4.jpg",470,294,false],"thumbnail":["https:\/\/darwinia.standardof.net\/wp-content\/uploads\/sites\/7\/2020\/10\/Darwinia-Units-Engineer-4-200x125.jpg",200,125,true],"medium":["https:\/\/darwinia.standardof.net\/wp-content\/uploads\/sites\/7\/2020\/10\/Darwinia-Units-Engineer-4.jpg",470,294,false],"medium_large":["https:\/\/darwinia.standardof.net\/wp-content\/uploads\/sites\/7\/2020\/10\/Darwinia-Units-Engineer-4.jpg",470,294,false],"large":["https:\/\/darwinia.standardof.net\/wp-content\/uploads\/sites\/7\/2020\/10\/Darwinia-Units-Engineer-4.jpg",470,294,false],"1536x1536":["https:\/\/darwinia.standardof.net\/wp-content\/uploads\/sites\/7\/2020\/10\/Darwinia-Units-Engineer-4.jpg",470,294,false],"2048x2048":["https:\/\/darwinia.standardof.net\/wp-content\/uploads\/sites\/7\/2020\/10\/Darwinia-Units-Engineer-4.jpg",470,294,false],"trp-custom-language-flag":["https:\/\/darwinia.standardof.net\/wp-content\/uploads\/sites\/7\/2020\/10\/Darwinia-Units-Engineer-4-16x10.jpg",16,10,true]},"uagb_author_info":{"display_name":"SOE","author_link":"https:\/\/darwinia.standardof.net\/de\/author\/k-tastic\/"},"uagb_comment_info":0,"uagb_excerpt":"This unit is created by running the Engineer program near one of your Squads or captured Control Towers. The Engineer is used to collect souls for spawning more Darwinians, reprogramming and capturing buildings and finally to download research data. The Engineer is aptly named considering its primary purpose. This unit is an executable program available&hellip;","_links":{"self":[{"href":"https:\/\/darwinia.standardof.net\/de\/wp-json\/wp\/v2\/pages\/214"}],"collection":[{"href":"https:\/\/darwinia.standardof.net\/de\/wp-json\/wp\/v2\/pages"}],"about":[{"href":"https:\/\/darwinia.standardof.net\/de\/wp-json\/wp\/v2\/types\/page"}],"author":[{"embeddable":true,"href":"https:\/\/darwinia.standardof.net\/de\/wp-json\/wp\/v2\/users\/1"}],"replies":[{"embeddable":true,"href":"https:\/\/darwinia.standardof.net\/de\/wp-json\/wp\/v2\/comments?post=214"}],"version-history":[{"count":0,"href":"https:\/\/darwinia.standardof.net\/de\/wp-json\/wp\/v2\/pages\/214\/revisions"}],"up":[{"embeddable":true,"href":"https:\/\/darwinia.standardof.net\/de\/wp-json\/wp\/v2\/pages\/210"}],"wp:featuredmedia":[{"embeddable":true,"href":"https:\/\/darwinia.standardof.net\/de\/wp-json\/wp\/v2\/media\/98"}],"wp:attachment":[{"href":"https:\/\/darwinia.standardof.net\/de\/wp-json\/wp\/v2\/media?parent=214"}],"curies":[{"name":"wp","href":"https:\/\/api.w.org\/{rel}","templated":true}]}}