{"id":213,"date":"2020-10-29T16:27:14","date_gmt":"2020-10-29T16:27:14","guid":{"rendered":"https:\/\/darwinia.standardof.net\/?page_id=213"},"modified":"2020-10-29T16:36:12","modified_gmt":"2020-10-29T16:36:12","slug":"darwinians","status":"publish","type":"page","link":"https:\/\/darwinia.standardof.net\/de\/leiten\/einheiten\/darwinisten\/","title":{"rendered":"Darwinisten"},"content":{"rendered":"<figure class=\"wp-block-gallery columns-3 is-cropped wp-block-gallery-1 is-layout-flex wp-block-gallery-is-layout-flex\"><ul class=\"blocks-gallery-grid\"><li class=\"blocks-gallery-item\"><figure><a href=\"https:\/\/darwinia.standardof.net\/de\/leiten\/einheiten\/darwinisten\/darwinia-units-darwinians-5\/\"><img decoding=\"async\" width=\"470\" height=\"278\" src=\"https:\/\/darwinia.standardof.net\/wp-content\/uploads\/sites\/7\/2020\/10\/Darwinia-Units-Darwinians-5.jpg\" alt=\"\" data-id=\"94\" data-full-url=\"https:\/\/darwinia.standardof.net\/wp-content\/uploads\/sites\/7\/2020\/10\/Darwinia-Units-Darwinians-5.jpg\" data-link=\"https:\/\/darwinia.standardof.net\/guide\/units\/darwinians\/darwinia-units-darwinians-5\/\" class=\"wp-image-94\" srcset=\"https:\/\/darwinia.standardof.net\/wp-content\/uploads\/sites\/7\/2020\/10\/Darwinia-Units-Darwinians-5.jpg 470w, https:\/\/darwinia.standardof.net\/wp-content\/uploads\/sites\/7\/2020\/10\/Darwinia-Units-Darwinians-5-200x118.jpg 200w, https:\/\/darwinia.standardof.net\/wp-content\/uploads\/sites\/7\/2020\/10\/Darwinia-Units-Darwinians-5-16x9.jpg 16w\" sizes=\"(max-width: 470px) 100vw, 470px\" \/><\/a><\/figure><\/li><li class=\"blocks-gallery-item\"><figure><a href=\"https:\/\/darwinia.standardof.net\/de\/leiten\/einheiten\/darwinisten\/darwinia-units-darwinians-4\/\"><img decoding=\"async\" width=\"470\" height=\"294\" src=\"https:\/\/darwinia.standardof.net\/wp-content\/uploads\/sites\/7\/2020\/10\/Darwinia-Units-Darwinians-4.jpg\" alt=\"\" data-id=\"93\" data-full-url=\"https:\/\/darwinia.standardof.net\/wp-content\/uploads\/sites\/7\/2020\/10\/Darwinia-Units-Darwinians-4.jpg\" data-link=\"https:\/\/darwinia.standardof.net\/guide\/units\/darwinians\/darwinia-units-darwinians-4\/\" class=\"wp-image-93\" srcset=\"https:\/\/darwinia.standardof.net\/wp-content\/uploads\/sites\/7\/2020\/10\/Darwinia-Units-Darwinians-4.jpg 470w, https:\/\/darwinia.standardof.net\/wp-content\/uploads\/sites\/7\/2020\/10\/Darwinia-Units-Darwinians-4-200x125.jpg 200w, https:\/\/darwinia.standardof.net\/wp-content\/uploads\/sites\/7\/2020\/10\/Darwinia-Units-Darwinians-4-16x10.jpg 16w\" sizes=\"(max-width: 470px) 100vw, 470px\" \/><\/a><\/figure><\/li><li class=\"blocks-gallery-item\"><figure><a href=\"https:\/\/darwinia.standardof.net\/de\/leiten\/einheiten\/darwinisten\/darwinia-units-darwinians-3\/\"><img decoding=\"async\" width=\"470\" height=\"400\" src=\"https:\/\/darwinia.standardof.net\/wp-content\/uploads\/sites\/7\/2020\/10\/Darwinia-Units-Darwinians-3.jpg\" alt=\"\" data-id=\"92\" data-full-url=\"https:\/\/darwinia.standardof.net\/wp-content\/uploads\/sites\/7\/2020\/10\/Darwinia-Units-Darwinians-3.jpg\" data-link=\"https:\/\/darwinia.standardof.net\/guide\/units\/darwinians\/darwinia-units-darwinians-3\/\" class=\"wp-image-92\" srcset=\"https:\/\/darwinia.standardof.net\/wp-content\/uploads\/sites\/7\/2020\/10\/Darwinia-Units-Darwinians-3.jpg 470w, https:\/\/darwinia.standardof.net\/wp-content\/uploads\/sites\/7\/2020\/10\/Darwinia-Units-Darwinians-3-200x170.jpg 200w, https:\/\/darwinia.standardof.net\/wp-content\/uploads\/sites\/7\/2020\/10\/Darwinia-Units-Darwinians-3-14x12.jpg 14w\" sizes=\"(max-width: 470px) 100vw, 470px\" \/><\/a><\/figure><\/li><li class=\"blocks-gallery-item\"><figure><a href=\"https:\/\/darwinia.standardof.net\/de\/leiten\/einheiten\/darwinisten\/darwinia-units-darwinians-2\/\"><img decoding=\"async\" width=\"470\" height=\"294\" src=\"https:\/\/darwinia.standardof.net\/wp-content\/uploads\/sites\/7\/2020\/10\/Darwinia-Units-Darwinians-2.jpg\" alt=\"\" data-id=\"91\" data-full-url=\"https:\/\/darwinia.standardof.net\/wp-content\/uploads\/sites\/7\/2020\/10\/Darwinia-Units-Darwinians-2.jpg\" data-link=\"https:\/\/darwinia.standardof.net\/guide\/units\/darwinians\/darwinia-units-darwinians-2\/\" class=\"wp-image-91\" srcset=\"https:\/\/darwinia.standardof.net\/wp-content\/uploads\/sites\/7\/2020\/10\/Darwinia-Units-Darwinians-2.jpg 470w, https:\/\/darwinia.standardof.net\/wp-content\/uploads\/sites\/7\/2020\/10\/Darwinia-Units-Darwinians-2-200x125.jpg 200w, https:\/\/darwinia.standardof.net\/wp-content\/uploads\/sites\/7\/2020\/10\/Darwinia-Units-Darwinians-2-16x10.jpg 16w\" sizes=\"(max-width: 470px) 100vw, 470px\" \/><\/a><\/figure><\/li><li class=\"blocks-gallery-item\"><figure><a href=\"https:\/\/darwinia.standardof.net\/de\/leiten\/einheiten\/darwinisten\/darwinia-units-darwinians-1\/\"><img decoding=\"async\" width=\"470\" height=\"351\" src=\"https:\/\/darwinia.standardof.net\/wp-content\/uploads\/sites\/7\/2020\/10\/Darwinia-Units-Darwinians-1.jpg\" alt=\"\" data-id=\"90\" data-full-url=\"https:\/\/darwinia.standardof.net\/wp-content\/uploads\/sites\/7\/2020\/10\/Darwinia-Units-Darwinians-1.jpg\" data-link=\"https:\/\/darwinia.standardof.net\/guide\/units\/darwinians\/darwinia-units-darwinians-1\/\" class=\"wp-image-90\" srcset=\"https:\/\/darwinia.standardof.net\/wp-content\/uploads\/sites\/7\/2020\/10\/Darwinia-Units-Darwinians-1.jpg 470w, https:\/\/darwinia.standardof.net\/wp-content\/uploads\/sites\/7\/2020\/10\/Darwinia-Units-Darwinians-1-200x149.jpg 200w, https:\/\/darwinia.standardof.net\/wp-content\/uploads\/sites\/7\/2020\/10\/Darwinia-Units-Darwinians-1-16x12.jpg 16w\" sizes=\"(max-width: 470px) 100vw, 470px\" \/><\/a><\/figure><\/li><\/ul><\/figure>\n\n\n\n<p>Diese kleinen gr\u00fcn pixeligen Kreaturen sind die zentrale Figur in der Handlung des Spiels. Dies sind die nat\u00fcrlichen Bewohner der digitalen Welt, die als Darwin Simulated Life Research Project existiert. Diese sind nicht direkt steuerbar und m\u00fcssen von der beeinflusst werden <strong><a href=\"https:\/\/darwinia.standardof.net\/de\/leiten\/einheiten\/offizier\/\" class=\"rank-math-link\">Offizier<\/a><\/strong>.<\/p>\n\n\n\n<p><strong>Darwinisten <\/strong>sind die kleinen gr\u00fcnen Bewohner dieses digitalen, als Darwin Simulated Life Research Project bekannten Projekts. Sie sind das Ergebnis der Bem\u00fchungen von Doktor Sepulveda im letzten Jahrzehnt, da er isoliert daran gearbeitet hat, sie von einer primitiven Gesellschaft f\u00fcr k\u00fcnstliche Intelligenz zu einer bl\u00fchenden, kreativen Kultur zu entwickeln. Vor der Invasion der <strong><a href=\"https:\/\/darwinia.standardof.net\/de\/leiten\/feinde\/\" class=\"rank-math-link\">Virus<\/a><\/strong>Sie waren unschuldig und selig unwissend \u00fcber ihre wahre Existenz oder die Schrecken der Gewalt. Diese Enth\u00fcllungen wirken sich f\u00fcr immer auf die darwinistische Gesellschaft aus und bringen Konflikte und Aufruhr in ihre Welt.<\/p>\n\n\n\n<p>Die Darwinisten k\u00f6nnen vom Spieler innerhalb des Spiels nicht direkt kontrolliert werden, sie k\u00f6nnen jedoch erheblich dazu beitragen, dass Sie mit verschiedenen Methoden bieten. In erster Linie k\u00f6nnen sie mithilfe des Offiziersprogramms mit Befehlen wie &quot;Folgen&quot; gesteuert werden, mit denen Pfade erstellt werden, mit denen die Darwinisten \u00fcber die verschiedenen Karten weitergeleitet oder durch Radarsch\u00fcsseln gesendet werden k\u00f6nnen. Dar\u00fcber hinaus bewegen sie sich automatisch auf Gegenst\u00e4nde zu und nutzen sie, die sie funktionsf\u00e4hig haben, wie z. B. die Bergbauanlagen in der Level-Mine. Schlie\u00dflich kann die R\u00fcstung verwendet werden, um Darwinisten in den Transport zu laden und sie \u00fcber die Karte zu bewegen oder den station\u00e4ren Turm einzusetzen und zu managen.<\/p>\n\n\n\n<p>Darwinisten haben die Intelligenz, vor Granaten davonzulaufen, automatisch mit Lasern oder Granaten (einmal erforscht) auf Feinde zu schie\u00dfen und die Tendenz zu haben, zusammenzuhalten oder in Gruppen zu arbeiten. Sie werden unter schweren Verlusten fliehen und digitalisierte Schreie aussto\u00dfen, wenn sie angegriffen werden. Wenn Sie alle Ziele einer Mission erreicht haben, werden Sie oft feststellen, dass die Darwinisten tanzen oder in die Luft springen oder hin und her schwanken, wenn sie von einem Objekt fasziniert sind. Gelegentlich k\u00f6nnen Sie leuchtende gelbe Kisten zwischen roten und meist gr\u00fcnen Seelen in der Luft schweben sehen. Dies sind \u201eGedenkdrachen\u201c, die von \u00fcberlebenden Darwinisten freigegeben wurden, um \u00fcber den Verlust ihrer Gef\u00e4hrten nach einem Sturz im Kampf zu trauern.<\/p>\n\n\n\n<h3 class=\"wp-block-heading\"><strong>Darwinsche Forschungsgegenst\u00e4nde<\/strong><\/h3>\n\n\n\n<p>Darwinisten beginnen mit Version 2.0 in ihrem Forschungsfortschritt, und Sie k\u00f6nnen sofort nach Spielbeginn mit der Erforschung des n\u00e4chsten Levels beginnen. In Version 3.0 sind die Darwinisten zuerst mit Lasern bewaffnet, was ihnen Kampff\u00e4higkeiten verleiht. Dies ist einer der wichtigsten Forschungsgegenst\u00e4nde, da die F\u00e4higkeit, sich selbst zu verteidigen, ihnen eine viel h\u00f6here \u00dcberlebenschance bietet und ihnen gleichzeitig erm\u00f6glicht, als Kampfkraft zu fungieren, die in sp\u00e4teren Missionen notwendiger ist.<\/p>\n\n\n\n<p>Version 4.0 schaltet ihre F\u00e4higkeit zur Verwendung von Granaten frei. Diese F\u00e4higkeit ist leider etwas verflucht, da die Darwinisten durch den Einsatz von Granaten alle Arten des Virus effektiv sch\u00e4digen k\u00f6nnen und ihre Reichweite begrenzt ist. Obwohl die Darwinisten vor ihren geworfenen Granaten fliehen, geraten sie h\u00e4ufig in die Explosionen eines freundlichen Feuers, was zu h\u00f6heren Verlusten in dicht gruppierten Gruppen von Darwinisten f\u00fchrt.<\/p>","protected":false},"excerpt":{"rendered":"<p>These little green pixelated creatures are the central figure in the story-line of the game. These are the natural inhabitants of the digital world that exists as the Darwin Simulated Life Research Project. These are not directly controllable, and must be influenced by the Officer. Darwinians are the small green inhabitants of this digital known [&hellip;]<\/p>","protected":false},"author":1,"featured_media":90,"parent":210,"menu_order":1,"comment_status":"open","ping_status":"closed","template":"","meta":{"_uag_custom_page_level_css":"","site-sidebar-layout":"default","site-content-layout":"default","ast-site-content-layout":"","site-content-style":"default","site-sidebar-style":"default","ast-global-header-display":"","ast-banner-title-visibility":"","ast-main-header-display":"","ast-hfb-above-header-display":"","ast-hfb-below-header-display":"","ast-hfb-mobile-header-display":"","site-post-title":"","ast-breadcrumbs-content":"","ast-featured-img":"","footer-sml-layout":"","theme-transparent-header-meta":"default","adv-header-id-meta":"","stick-header-meta":"","header-above-stick-meta":"","header-main-stick-meta":"","header-below-stick-meta":"","astra-migrate-meta-layouts":"default","ast-page-background-enabled":"default","ast-page-background-meta":{"desktop":{"background-color":"","background-image":"","background-repeat":"repeat","background-position":"center center","background-size":"auto","background-attachment":"scroll","background-type":"","background-media":"","overlay-type":"","overlay-color":"","overlay-gradient":""},"tablet":{"background-color":"","background-image":"","background-repeat":"repeat","background-position":"center center","background-size":"auto","background-attachment":"scroll","background-type":"","background-media":"","overlay-type":"","overlay-color":"","overlay-gradient":""},"mobile":{"background-color":"","background-image":"","background-repeat":"repeat","background-position":"center center","background-size":"auto","background-attachment":"scroll","background-type":"","background-media":"","overlay-type":"","overlay-color":"","overlay-gradient":""}},"ast-content-background-meta":{"desktop":{"background-color":"var(--ast-global-color-5)","background-image":"","background-repeat":"repeat","background-position":"center center","background-size":"auto","background-attachment":"scroll","background-type":"","background-media":"","overlay-type":"","overlay-color":"","overlay-gradient":""},"tablet":{"background-color":"var(--ast-global-color-5)","background-image":"","background-repeat":"repeat","background-position":"center center","background-size":"auto","background-attachment":"scroll","background-type":"","background-media":"","overlay-type":"","overlay-color":"","overlay-gradient":""},"mobile":{"background-color":"var(--ast-global-color-5)","background-image":"","background-repeat":"repeat","background-position":"center center","background-size":"auto","background-attachment":"scroll","background-type":"","background-media":"","overlay-type":"","overlay-color":"","overlay-gradient":""}},"footnotes":""},"uagb_featured_image_src":{"full":["https:\/\/darwinia.standardof.net\/wp-content\/uploads\/sites\/7\/2020\/10\/Darwinia-Units-Darwinians-1.jpg",470,351,false],"thumbnail":["https:\/\/darwinia.standardof.net\/wp-content\/uploads\/sites\/7\/2020\/10\/Darwinia-Units-Darwinians-1-200x149.jpg",200,149,true],"medium":["https:\/\/darwinia.standardof.net\/wp-content\/uploads\/sites\/7\/2020\/10\/Darwinia-Units-Darwinians-1.jpg",470,351,false],"medium_large":["https:\/\/darwinia.standardof.net\/wp-content\/uploads\/sites\/7\/2020\/10\/Darwinia-Units-Darwinians-1.jpg",470,351,false],"large":["https:\/\/darwinia.standardof.net\/wp-content\/uploads\/sites\/7\/2020\/10\/Darwinia-Units-Darwinians-1.jpg",470,351,false],"1536x1536":["https:\/\/darwinia.standardof.net\/wp-content\/uploads\/sites\/7\/2020\/10\/Darwinia-Units-Darwinians-1.jpg",470,351,false],"2048x2048":["https:\/\/darwinia.standardof.net\/wp-content\/uploads\/sites\/7\/2020\/10\/Darwinia-Units-Darwinians-1.jpg",470,351,false],"trp-custom-language-flag":["https:\/\/darwinia.standardof.net\/wp-content\/uploads\/sites\/7\/2020\/10\/Darwinia-Units-Darwinians-1-16x12.jpg",16,12,true]},"uagb_author_info":{"display_name":"SOE","author_link":"https:\/\/darwinia.standardof.net\/de\/author\/k-tastic\/"},"uagb_comment_info":0,"uagb_excerpt":"These little green pixelated creatures are the central figure in the story-line of the game. These are the natural inhabitants of the digital world that exists as the Darwin Simulated Life Research Project. These are not directly controllable, and must be influenced by the Officer. Darwinians are the small green inhabitants of this digital known&hellip;","_links":{"self":[{"href":"https:\/\/darwinia.standardof.net\/de\/wp-json\/wp\/v2\/pages\/213"}],"collection":[{"href":"https:\/\/darwinia.standardof.net\/de\/wp-json\/wp\/v2\/pages"}],"about":[{"href":"https:\/\/darwinia.standardof.net\/de\/wp-json\/wp\/v2\/types\/page"}],"author":[{"embeddable":true,"href":"https:\/\/darwinia.standardof.net\/de\/wp-json\/wp\/v2\/users\/1"}],"replies":[{"embeddable":true,"href":"https:\/\/darwinia.standardof.net\/de\/wp-json\/wp\/v2\/comments?post=213"}],"version-history":[{"count":0,"href":"https:\/\/darwinia.standardof.net\/de\/wp-json\/wp\/v2\/pages\/213\/revisions"}],"up":[{"embeddable":true,"href":"https:\/\/darwinia.standardof.net\/de\/wp-json\/wp\/v2\/pages\/210"}],"wp:featuredmedia":[{"embeddable":true,"href":"https:\/\/darwinia.standardof.net\/de\/wp-json\/wp\/v2\/media\/90"}],"wp:attachment":[{"href":"https:\/\/darwinia.standardof.net\/de\/wp-json\/wp\/v2\/media?parent=213"}],"curies":[{"name":"wp","href":"https:\/\/api.w.org\/{rel}","templated":true}]}}