{"id":206,"date":"2020-10-29T16:20:29","date_gmt":"2020-10-29T16:20:29","guid":{"rendered":"https:\/\/darwinia.standardof.net\/?page_id=206"},"modified":"2020-10-29T16:20:36","modified_gmt":"2020-10-29T16:20:36","slug":"virii","status":"publish","type":"page","link":"https:\/\/darwinia.standardof.net\/de\/leiten\/feinde\/virii\/","title":{"rendered":"Virii"},"content":{"rendered":"<figure class=\"wp-block-gallery columns-3 is-cropped wp-block-gallery-1 is-layout-flex wp-block-gallery-is-layout-flex\"><ul class=\"blocks-gallery-grid\"><li class=\"blocks-gallery-item\"><figure><a href=\"https:\/\/darwinia.standardof.net\/de\/darwinia-enemies-virii-5\/\"><img decoding=\"async\" width=\"470\" height=\"294\" src=\"https:\/\/darwinia.standardof.net\/wp-content\/uploads\/sites\/7\/2020\/10\/Darwinia-Enemies-Virii-5.jpg\" alt=\"\" data-id=\"84\" data-full-url=\"https:\/\/darwinia.standardof.net\/wp-content\/uploads\/sites\/7\/2020\/10\/Darwinia-Enemies-Virii-5.jpg\" data-link=\"https:\/\/darwinia.standardof.net\/darwinia-enemies-virii-5\/\" class=\"wp-image-84\" srcset=\"https:\/\/darwinia.standardof.net\/wp-content\/uploads\/sites\/7\/2020\/10\/Darwinia-Enemies-Virii-5.jpg 470w, https:\/\/darwinia.standardof.net\/wp-content\/uploads\/sites\/7\/2020\/10\/Darwinia-Enemies-Virii-5-200x125.jpg 200w, https:\/\/darwinia.standardof.net\/wp-content\/uploads\/sites\/7\/2020\/10\/Darwinia-Enemies-Virii-5-16x10.jpg 16w\" sizes=\"(max-width: 470px) 100vw, 470px\" \/><\/a><\/figure><\/li><li class=\"blocks-gallery-item\"><figure><a href=\"https:\/\/darwinia.standardof.net\/de\/darwinia-enemies-virii-4\/\"><img decoding=\"async\" width=\"470\" height=\"294\" src=\"https:\/\/darwinia.standardof.net\/wp-content\/uploads\/sites\/7\/2020\/10\/Darwinia-Enemies-Virii-4.jpg\" alt=\"\" data-id=\"83\" data-full-url=\"https:\/\/darwinia.standardof.net\/wp-content\/uploads\/sites\/7\/2020\/10\/Darwinia-Enemies-Virii-4.jpg\" data-link=\"https:\/\/darwinia.standardof.net\/darwinia-enemies-virii-4\/\" class=\"wp-image-83\" srcset=\"https:\/\/darwinia.standardof.net\/wp-content\/uploads\/sites\/7\/2020\/10\/Darwinia-Enemies-Virii-4.jpg 470w, https:\/\/darwinia.standardof.net\/wp-content\/uploads\/sites\/7\/2020\/10\/Darwinia-Enemies-Virii-4-200x125.jpg 200w, https:\/\/darwinia.standardof.net\/wp-content\/uploads\/sites\/7\/2020\/10\/Darwinia-Enemies-Virii-4-16x10.jpg 16w\" sizes=\"(max-width: 470px) 100vw, 470px\" \/><\/a><\/figure><\/li><li class=\"blocks-gallery-item\"><figure><a href=\"https:\/\/darwinia.standardof.net\/de\/darwinia-enemies-virii-3\/\"><img decoding=\"async\" width=\"470\" height=\"294\" src=\"https:\/\/darwinia.standardof.net\/wp-content\/uploads\/sites\/7\/2020\/10\/Darwinia-Enemies-Virii-3.jpg\" alt=\"\" data-id=\"82\" data-full-url=\"https:\/\/darwinia.standardof.net\/wp-content\/uploads\/sites\/7\/2020\/10\/Darwinia-Enemies-Virii-3.jpg\" data-link=\"https:\/\/darwinia.standardof.net\/darwinia-enemies-virii-3\/\" class=\"wp-image-82\" srcset=\"https:\/\/darwinia.standardof.net\/wp-content\/uploads\/sites\/7\/2020\/10\/Darwinia-Enemies-Virii-3.jpg 470w, https:\/\/darwinia.standardof.net\/wp-content\/uploads\/sites\/7\/2020\/10\/Darwinia-Enemies-Virii-3-200x125.jpg 200w, https:\/\/darwinia.standardof.net\/wp-content\/uploads\/sites\/7\/2020\/10\/Darwinia-Enemies-Virii-3-16x10.jpg 16w\" sizes=\"(max-width: 470px) 100vw, 470px\" \/><\/a><\/figure><\/li><li class=\"blocks-gallery-item\"><figure><a href=\"https:\/\/darwinia.standardof.net\/de\/darwinia-enemies-virii-2\/\"><img decoding=\"async\" width=\"470\" height=\"294\" src=\"https:\/\/darwinia.standardof.net\/wp-content\/uploads\/sites\/7\/2020\/10\/Darwinia-Enemies-Virii-2.jpg\" alt=\"\" data-id=\"81\" data-full-url=\"https:\/\/darwinia.standardof.net\/wp-content\/uploads\/sites\/7\/2020\/10\/Darwinia-Enemies-Virii-2.jpg\" data-link=\"https:\/\/darwinia.standardof.net\/darwinia-enemies-virii-2\/\" class=\"wp-image-81\" srcset=\"https:\/\/darwinia.standardof.net\/wp-content\/uploads\/sites\/7\/2020\/10\/Darwinia-Enemies-Virii-2.jpg 470w, https:\/\/darwinia.standardof.net\/wp-content\/uploads\/sites\/7\/2020\/10\/Darwinia-Enemies-Virii-2-200x125.jpg 200w, https:\/\/darwinia.standardof.net\/wp-content\/uploads\/sites\/7\/2020\/10\/Darwinia-Enemies-Virii-2-16x10.jpg 16w\" sizes=\"(max-width: 470px) 100vw, 470px\" \/><\/a><\/figure><\/li><li class=\"blocks-gallery-item\"><figure><a href=\"https:\/\/darwinia.standardof.net\/de\/darwinia-enemies-virii-1\/\"><img decoding=\"async\" width=\"470\" height=\"294\" src=\"https:\/\/darwinia.standardof.net\/wp-content\/uploads\/sites\/7\/2020\/10\/Darwinia-Enemies-Virii-1.jpg\" alt=\"\" data-id=\"80\" data-full-url=\"https:\/\/darwinia.standardof.net\/wp-content\/uploads\/sites\/7\/2020\/10\/Darwinia-Enemies-Virii-1.jpg\" data-link=\"https:\/\/darwinia.standardof.net\/darwinia-enemies-virii-1\/\" class=\"wp-image-80\" srcset=\"https:\/\/darwinia.standardof.net\/wp-content\/uploads\/sites\/7\/2020\/10\/Darwinia-Enemies-Virii-1.jpg 470w, https:\/\/darwinia.standardof.net\/wp-content\/uploads\/sites\/7\/2020\/10\/Darwinia-Enemies-Virii-1-200x125.jpg 200w, https:\/\/darwinia.standardof.net\/wp-content\/uploads\/sites\/7\/2020\/10\/Darwinia-Enemies-Virii-1-16x10.jpg 16w\" sizes=\"(max-width: 470px) 100vw, 470px\" \/><\/a><\/figure><\/li><\/ul><\/figure>\n\n\n\n<p>Die Virii sind die roten dreieckigen Kreaturen, die h\u00e4ufig in dicht gedr\u00e4ngten Gruppen in bestimmten Gebieten umherwandern. Dies sind die schw\u00e4chsten und am h\u00e4ufigsten gesehenen Feindtypen und die ersten, die zu Beginn eines neuen Spiels in gesehen wurden <em>Darwinia<\/em>. Diese Feinde werden von anderen Viren wie dem erzeugt <a href=\"https:\/\/darwinia.standardof.net\/de\/leiten\/feinde\/triffid\/\" class=\"rank-math-link\"><strong>Triffide Eier<\/strong><\/a> und <a href=\"https:\/\/darwinia.standardof.net\/de\/leiten\/feinde\/sporengenerator\/\" class=\"rank-math-link\"><strong>Sporengenerator<\/strong><\/a> Eier eins werden sie entweder mit einem Feind oder einer freundlichen Seele &quot;befruchtet&quot;. Die Virii sind ziemlich dumme Feinde und werden sich gedankenlos Ihren Einheiten n\u00e4hern, sobald sie nahe genug sind.<\/p>\n\n\n\n<p>Eine Taktik, die bei Virii in sehr gut funktioniert <em>Darwinia<\/em> ist, einen Trupp als K\u00f6der einzusenden, der befohlen wird, direkt durch eine gro\u00dfe Gruppe von ihnen zu gehen und dann einen zweiten Trupp zu kontrollieren, der dem ersten genau folgt. Seit der <strong>Trupps <\/strong>sind etwas schneller als die Virii und die Virii m\u00fcssen einen Moment unter ihrem Ziel sein, bevor sie Schaden verursachen. Die Fronteinheit kann dies oft unbeschadet tun. Der resultierende Effekt bewirkt, dass alle Virii in einer Linie hinter dem ersten Trupp \u00fcbereinander gestapelt werden. Dies bedeutet, dass das Laserabdeckungsfeuer, das von dem zweiten Trupp direkt \u00fcber dem Vormarsch platziert wird, es Ihnen erm\u00f6glicht, gro\u00dfe Chargen m\u00fchelos zu l\u00f6schen und es gleichzeitig einfacher zu machen Ihre <strong>Ingenieure <\/strong>das resultierende Seelenfeld zu sammeln.<\/p>\n\n\n\n<p>Virii arbeiten in der Regel zusammen mit Sporengeneratoren, da beide wesentliche Funktionen f\u00fcr den anderen erf\u00fcllen. Sporengeneratoren legen oft leere Eier, wenn sie in Bodenn\u00e4he schweben, und wenn diese Eier verf\u00fcgbar sind, bewegt sich Virii auf frei schwebende Seelen in der N\u00e4he zu, nimmt sie auf, tr\u00e4gt sie zum Ei und pflanzt sie hinein. Die Virii k\u00f6nnen jeweils nur eine Seele tragen, k\u00f6nnen aber mit den typischen gro\u00dfen Mengen davon oft sehr schnell ein Eierfeld befruchten. Diese Eier k\u00f6nnen mit gr\u00fcnen oder roten Seelen befruchtet werden, und wenn dies der Fall ist, schl\u00fcpfen sie bald in weitere Virii. Dies bedeutet, dass der Verlust eines Kampfes gegen Virii und das Zur\u00fccklassen von Seelen leicht dazu f\u00fchren kann, dass ihre Anzahl wiederhergestellt oder sogar noch weiter gest\u00e4rkt wird, wenn sie nicht schnell von zus\u00e4tzlichen Kr\u00e4ften bew\u00e4ltigt werden. Sie finden Virii in jedem Level von <em>Darwinia <\/em>mit Ausnahme der <strong>Biosph\u00e4re <\/strong>Niveau.<\/p>","protected":false},"excerpt":{"rendered":"<p>The Virii are the red triangular shaped creatures often found wandering given areas in tightly packed groups. These are the weakest of the enemy types and most often seen, and the first seen upon beginning a new game in Darwinia. These enemies are spawned from other viruses, such as the Triffid Eggs and Spore Generator [&hellip;]<\/p>","protected":false},"author":1,"featured_media":84,"parent":190,"menu_order":0,"comment_status":"open","ping_status":"closed","template":"","meta":{"_uag_custom_page_level_css":"","site-sidebar-layout":"default","site-content-layout":"default","ast-site-content-layout":"","site-content-style":"default","site-sidebar-style":"default","ast-global-header-display":"","ast-banner-title-visibility":"","ast-main-header-display":"","ast-hfb-above-header-display":"","ast-hfb-below-header-display":"","ast-hfb-mobile-header-display":"","site-post-title":"","ast-breadcrumbs-content":"","ast-featured-img":"","footer-sml-layout":"","theme-transparent-header-meta":"default","adv-header-id-meta":"","stick-header-meta":"","header-above-stick-meta":"","header-main-stick-meta":"","header-below-stick-meta":"","astra-migrate-meta-layouts":"default","ast-page-background-enabled":"default","ast-page-background-meta":{"desktop":{"background-color":"","background-image":"","background-repeat":"repeat","background-position":"center center","background-size":"auto","background-attachment":"scroll","background-type":"","background-media":"","overlay-type":"","overlay-color":"","overlay-gradient":""},"tablet":{"background-color":"","background-image":"","background-repeat":"repeat","background-position":"center center","background-size":"auto","background-attachment":"scroll","background-type":"","background-media":"","overlay-type":"","overlay-color":"","overlay-gradient":""},"mobile":{"background-color":"","background-image":"","background-repeat":"repeat","background-position":"center center","background-size":"auto","background-attachment":"scroll","background-type":"","background-media":"","overlay-type":"","overlay-color":"","overlay-gradient":""}},"ast-content-background-meta":{"desktop":{"background-color":"var(--ast-global-color-5)","background-image":"","background-repeat":"repeat","background-position":"center center","background-size":"auto","background-attachment":"scroll","background-type":"","background-media":"","overlay-type":"","overlay-color":"","overlay-gradient":""},"tablet":{"background-color":"var(--ast-global-color-5)","background-image":"","background-repeat":"repeat","background-position":"center center","background-size":"auto","background-attachment":"scroll","background-type":"","background-media":"","overlay-type":"","overlay-color":"","overlay-gradient":""},"mobile":{"background-color":"var(--ast-global-color-5)","background-image":"","background-repeat":"repeat","background-position":"center center","background-size":"auto","background-attachment":"scroll","background-type":"","background-media":"","overlay-type":"","overlay-color":"","overlay-gradient":""}},"footnotes":""},"uagb_featured_image_src":{"full":["https:\/\/darwinia.standardof.net\/wp-content\/uploads\/sites\/7\/2020\/10\/Darwinia-Enemies-Virii-5.jpg",470,294,false],"thumbnail":["https:\/\/darwinia.standardof.net\/wp-content\/uploads\/sites\/7\/2020\/10\/Darwinia-Enemies-Virii-5-200x125.jpg",200,125,true],"medium":["https:\/\/darwinia.standardof.net\/wp-content\/uploads\/sites\/7\/2020\/10\/Darwinia-Enemies-Virii-5.jpg",470,294,false],"medium_large":["https:\/\/darwinia.standardof.net\/wp-content\/uploads\/sites\/7\/2020\/10\/Darwinia-Enemies-Virii-5.jpg",470,294,false],"large":["https:\/\/darwinia.standardof.net\/wp-content\/uploads\/sites\/7\/2020\/10\/Darwinia-Enemies-Virii-5.jpg",470,294,false],"1536x1536":["https:\/\/darwinia.standardof.net\/wp-content\/uploads\/sites\/7\/2020\/10\/Darwinia-Enemies-Virii-5.jpg",470,294,false],"2048x2048":["https:\/\/darwinia.standardof.net\/wp-content\/uploads\/sites\/7\/2020\/10\/Darwinia-Enemies-Virii-5.jpg",470,294,false],"trp-custom-language-flag":["https:\/\/darwinia.standardof.net\/wp-content\/uploads\/sites\/7\/2020\/10\/Darwinia-Enemies-Virii-5-16x10.jpg",16,10,true]},"uagb_author_info":{"display_name":"SOE","author_link":"https:\/\/darwinia.standardof.net\/de\/author\/k-tastic\/"},"uagb_comment_info":0,"uagb_excerpt":"The Virii are the red triangular shaped creatures often found wandering given areas in tightly packed groups. These are the weakest of the enemy types and most often seen, and the first seen upon beginning a new game in Darwinia. These enemies are spawned from other viruses, such as the Triffid Eggs and Spore Generator&hellip;","_links":{"self":[{"href":"https:\/\/darwinia.standardof.net\/de\/wp-json\/wp\/v2\/pages\/206"}],"collection":[{"href":"https:\/\/darwinia.standardof.net\/de\/wp-json\/wp\/v2\/pages"}],"about":[{"href":"https:\/\/darwinia.standardof.net\/de\/wp-json\/wp\/v2\/types\/page"}],"author":[{"embeddable":true,"href":"https:\/\/darwinia.standardof.net\/de\/wp-json\/wp\/v2\/users\/1"}],"replies":[{"embeddable":true,"href":"https:\/\/darwinia.standardof.net\/de\/wp-json\/wp\/v2\/comments?post=206"}],"version-history":[{"count":0,"href":"https:\/\/darwinia.standardof.net\/de\/wp-json\/wp\/v2\/pages\/206\/revisions"}],"up":[{"embeddable":true,"href":"https:\/\/darwinia.standardof.net\/de\/wp-json\/wp\/v2\/pages\/190"}],"wp:featuredmedia":[{"embeddable":true,"href":"https:\/\/darwinia.standardof.net\/de\/wp-json\/wp\/v2\/media\/84"}],"wp:attachment":[{"href":"https:\/\/darwinia.standardof.net\/de\/wp-json\/wp\/v2\/media?parent=206"}],"curies":[{"name":"wp","href":"https:\/\/api.w.org\/{rel}","templated":true}]}}