{"id":203,"date":"2020-10-29T16:17:10","date_gmt":"2020-10-29T16:17:10","guid":{"rendered":"https:\/\/darwinia.standardof.net\/?page_id=203"},"modified":"2020-10-29T16:17:31","modified_gmt":"2020-10-29T16:17:31","slug":"triffid","status":"publish","type":"page","link":"https:\/\/darwinia.standardof.net\/de\/leiten\/feinde\/triffid\/","title":{"rendered":"Triffid"},"content":{"rendered":"<figure class=\"wp-block-gallery columns-3 is-cropped wp-block-gallery-1 is-layout-flex wp-block-gallery-is-layout-flex\"><ul class=\"blocks-gallery-grid\"><li class=\"blocks-gallery-item\"><figure><a href=\"https:\/\/darwinia.standardof.net\/de\/darwinia-enemies-triffid-5\/\"><img decoding=\"async\" width=\"470\" height=\"264\" src=\"https:\/\/darwinia.standardof.net\/wp-content\/uploads\/sites\/7\/2020\/10\/Darwinia-Enemies-Triffid-5.jpg\" alt=\"\" data-id=\"79\" data-full-url=\"https:\/\/darwinia.standardof.net\/wp-content\/uploads\/sites\/7\/2020\/10\/Darwinia-Enemies-Triffid-5.jpg\" data-link=\"https:\/\/darwinia.standardof.net\/darwinia-enemies-triffid-5\/\" class=\"wp-image-79\" srcset=\"https:\/\/darwinia.standardof.net\/wp-content\/uploads\/sites\/7\/2020\/10\/Darwinia-Enemies-Triffid-5.jpg 470w, https:\/\/darwinia.standardof.net\/wp-content\/uploads\/sites\/7\/2020\/10\/Darwinia-Enemies-Triffid-5-200x112.jpg 200w, https:\/\/darwinia.standardof.net\/wp-content\/uploads\/sites\/7\/2020\/10\/Darwinia-Enemies-Triffid-5-16x9.jpg 16w\" sizes=\"(max-width: 470px) 100vw, 470px\" \/><\/a><\/figure><\/li><li class=\"blocks-gallery-item\"><figure><a href=\"https:\/\/darwinia.standardof.net\/de\/darwinia-enemies-triffid-4\/\"><img decoding=\"async\" width=\"470\" height=\"297\" src=\"https:\/\/darwinia.standardof.net\/wp-content\/uploads\/sites\/7\/2020\/10\/Darwinia-Enemies-Triffid-4.jpg\" alt=\"\" data-id=\"78\" data-full-url=\"https:\/\/darwinia.standardof.net\/wp-content\/uploads\/sites\/7\/2020\/10\/Darwinia-Enemies-Triffid-4.jpg\" data-link=\"https:\/\/darwinia.standardof.net\/darwinia-enemies-triffid-4\/\" class=\"wp-image-78\" srcset=\"https:\/\/darwinia.standardof.net\/wp-content\/uploads\/sites\/7\/2020\/10\/Darwinia-Enemies-Triffid-4.jpg 470w, https:\/\/darwinia.standardof.net\/wp-content\/uploads\/sites\/7\/2020\/10\/Darwinia-Enemies-Triffid-4-200x126.jpg 200w, https:\/\/darwinia.standardof.net\/wp-content\/uploads\/sites\/7\/2020\/10\/Darwinia-Enemies-Triffid-4-16x10.jpg 16w\" sizes=\"(max-width: 470px) 100vw, 470px\" \/><\/a><\/figure><\/li><li class=\"blocks-gallery-item\"><figure><a href=\"https:\/\/darwinia.standardof.net\/de\/darwinia-enemies-triffid-3\/\"><img decoding=\"async\" width=\"470\" height=\"307\" src=\"https:\/\/darwinia.standardof.net\/wp-content\/uploads\/sites\/7\/2020\/10\/Darwinia-Enemies-Triffid-3.jpg\" alt=\"\" data-id=\"77\" data-full-url=\"https:\/\/darwinia.standardof.net\/wp-content\/uploads\/sites\/7\/2020\/10\/Darwinia-Enemies-Triffid-3.jpg\" data-link=\"https:\/\/darwinia.standardof.net\/darwinia-enemies-triffid-3\/\" class=\"wp-image-77\" srcset=\"https:\/\/darwinia.standardof.net\/wp-content\/uploads\/sites\/7\/2020\/10\/Darwinia-Enemies-Triffid-3.jpg 470w, https:\/\/darwinia.standardof.net\/wp-content\/uploads\/sites\/7\/2020\/10\/Darwinia-Enemies-Triffid-3-200x131.jpg 200w, https:\/\/darwinia.standardof.net\/wp-content\/uploads\/sites\/7\/2020\/10\/Darwinia-Enemies-Triffid-3-16x10.jpg 16w\" sizes=\"(max-width: 470px) 100vw, 470px\" \/><\/a><\/figure><\/li><li class=\"blocks-gallery-item\"><figure><a href=\"https:\/\/darwinia.standardof.net\/de\/darwinia-enemies-triffid-2\/\"><img decoding=\"async\" width=\"470\" height=\"289\" src=\"https:\/\/darwinia.standardof.net\/wp-content\/uploads\/sites\/7\/2020\/10\/Darwinia-Enemies-Triffid-2.jpg\" alt=\"\" data-id=\"76\" data-full-url=\"https:\/\/darwinia.standardof.net\/wp-content\/uploads\/sites\/7\/2020\/10\/Darwinia-Enemies-Triffid-2.jpg\" data-link=\"https:\/\/darwinia.standardof.net\/darwinia-enemies-triffid-2\/\" class=\"wp-image-76\" srcset=\"https:\/\/darwinia.standardof.net\/wp-content\/uploads\/sites\/7\/2020\/10\/Darwinia-Enemies-Triffid-2.jpg 470w, https:\/\/darwinia.standardof.net\/wp-content\/uploads\/sites\/7\/2020\/10\/Darwinia-Enemies-Triffid-2-200x123.jpg 200w, https:\/\/darwinia.standardof.net\/wp-content\/uploads\/sites\/7\/2020\/10\/Darwinia-Enemies-Triffid-2-16x10.jpg 16w\" sizes=\"(max-width: 470px) 100vw, 470px\" \/><\/a><\/figure><\/li><li class=\"blocks-gallery-item\"><figure><a href=\"https:\/\/darwinia.standardof.net\/de\/darwinia-enemies-triffid-1\/\"><img decoding=\"async\" width=\"470\" height=\"262\" src=\"https:\/\/darwinia.standardof.net\/wp-content\/uploads\/sites\/7\/2020\/10\/Darwinia-Enemies-Triffid-1.jpg\" alt=\"\" data-id=\"75\" data-full-url=\"https:\/\/darwinia.standardof.net\/wp-content\/uploads\/sites\/7\/2020\/10\/Darwinia-Enemies-Triffid-1.jpg\" data-link=\"https:\/\/darwinia.standardof.net\/darwinia-enemies-triffid-1\/\" class=\"wp-image-75\" srcset=\"https:\/\/darwinia.standardof.net\/wp-content\/uploads\/sites\/7\/2020\/10\/Darwinia-Enemies-Triffid-1.jpg 470w, https:\/\/darwinia.standardof.net\/wp-content\/uploads\/sites\/7\/2020\/10\/Darwinia-Enemies-Triffid-1-200x111.jpg 200w, https:\/\/darwinia.standardof.net\/wp-content\/uploads\/sites\/7\/2020\/10\/Darwinia-Enemies-Triffid-1-16x9.jpg 16w\" sizes=\"(max-width: 470px) 100vw, 470px\" \/><\/a><\/figure><\/li><\/ul><\/figure>\n\n\n\n<p>Triffiden sind eine einzigartige Art von Virus in <em>Darwinia<\/em> , dass es weder in der Lage ist, sich zu bewegen, noch Ihre Einheiten direkt anzugreifen. Diese glockenblumenf\u00f6rmigen Viren sind typischerweise in schwer erreichbaren hoch gelegenen Bereichen zu finden, in denen sie sich beil\u00e4ufig im Wind wiegen. Wenn sie Eindringlinge auf der Karte erkennen, verursachen sie Kopfschmerzen, indem sie rote eif\u00f6rmige Objekte abschie\u00dfen, die gr\u00f6\u00dfer und undurchsichtig rot sind als die Eier des Sporengenerators, die \u00fcber die Karte fliegen, normalerweise in der N\u00e4he Ihrer Einheiten.<\/p>\n\n\n\n<p>Diese von den Triffiden abgefeuerten Eier lagen normalerweise einige Momente auf dem Land, bevor sie aufbrachen, um entweder eine Charge Virii, a <strong>Tausendf\u00fc\u00dfler <\/strong>oder ein <strong>Spinne<\/strong>. Dies kann sich als sehr gef\u00e4hrlich erweisen, insbesondere wenn eine Spinne freigesetzt wird, da sie in wichtige Bereiche unter Ihrer Kontrolle geschickt, aber leicht verteidigt werden kann. Aus diesem Grund ist es unglaublich wichtig, alle Triffiden auf einer Ebene so schnell wie m\u00f6glich zu eliminieren, mit welchen Mitteln auch immer Sie sie finden k\u00f6nnen. Sie k\u00f6nnen durch jede Waffe besch\u00e4digt werden, sind jedoch normalerweise am besten entweder mit der Granate oder durch manuelles Bet\u00e4tigen des R\u00fcstungsturms zu erreichen <strong>Darwinisten <\/strong>Wenn Sie den Turm bedienen, schie\u00dfen Sie nicht alleine auf Triffids.<\/p>\n\n\n\n<p>Wenn ein Triffid zerst\u00f6rt wird, beginnt es zu verdorren, wenn es sich dreht und kr\u00fcmmt. Es wird jedoch immer ein letztes Ei abwerfen, nur um dich zu \u00e4rgern, und es wird wahrscheinlich nicht irgendwo landen, wo du es haben willst. Die Eier scheinen immun gegen zu sein <strong>Laser<\/strong>, kann aber auseinandergeblasen werden, bevor das Virus im Inneren Zeit hat, Ihre Streitkr\u00e4fte durch ein paar gut platzierte Explosionen oder das Waffenfeuer des Turms auszubr\u00fcten und anzugreifen.<\/p>","protected":false},"excerpt":{"rendered":"<p>Triffids are a unique type of virus in Darwinia in that it neither is capable of moving, nor attacking your units directly. These bell flower shaped viruses typically are found in hard to reach high up areas, where the sway casually in the wind. When they detect intruders on the map, they begin to cause [&hellip;]<\/p>","protected":false},"author":1,"featured_media":79,"parent":190,"menu_order":0,"comment_status":"open","ping_status":"closed","template":"","meta":{"_uag_custom_page_level_css":"","site-sidebar-layout":"default","site-content-layout":"default","ast-site-content-layout":"","site-content-style":"default","site-sidebar-style":"default","ast-global-header-display":"","ast-banner-title-visibility":"","ast-main-header-display":"","ast-hfb-above-header-display":"","ast-hfb-below-header-display":"","ast-hfb-mobile-header-display":"","site-post-title":"","ast-breadcrumbs-content":"","ast-featured-img":"","footer-sml-layout":"","theme-transparent-header-meta":"default","adv-header-id-meta":"","stick-header-meta":"","header-above-stick-meta":"","header-main-stick-meta":"","header-below-stick-meta":"","astra-migrate-meta-layouts":"default","ast-page-background-enabled":"default","ast-page-background-meta":{"desktop":{"background-color":"","background-image":"","background-repeat":"repeat","background-position":"center center","background-size":"auto","background-attachment":"scroll","background-type":"","background-media":"","overlay-type":"","overlay-color":"","overlay-gradient":""},"tablet":{"background-color":"","background-image":"","background-repeat":"repeat","background-position":"center center","background-size":"auto","background-attachment":"scroll","background-type":"","background-media":"","overlay-type":"","overlay-color":"","overlay-gradient":""},"mobile":{"background-color":"","background-image":"","background-repeat":"repeat","background-position":"center center","background-size":"auto","background-attachment":"scroll","background-type":"","background-media":"","overlay-type":"","overlay-color":"","overlay-gradient":""}},"ast-content-background-meta":{"desktop":{"background-color":"var(--ast-global-color-5)","background-image":"","background-repeat":"repeat","background-position":"center center","background-size":"auto","background-attachment":"scroll","background-type":"","background-media":"","overlay-type":"","overlay-color":"","overlay-gradient":""},"tablet":{"background-color":"var(--ast-global-color-5)","background-image":"","background-repeat":"repeat","background-position":"center center","background-size":"auto","background-attachment":"scroll","background-type":"","background-media":"","overlay-type":"","overlay-color":"","overlay-gradient":""},"mobile":{"background-color":"var(--ast-global-color-5)","background-image":"","background-repeat":"repeat","background-position":"center center","background-size":"auto","background-attachment":"scroll","background-type":"","background-media":"","overlay-type":"","overlay-color":"","overlay-gradient":""}},"footnotes":""},"uagb_featured_image_src":{"full":["https:\/\/darwinia.standardof.net\/wp-content\/uploads\/sites\/7\/2020\/10\/Darwinia-Enemies-Triffid-5.jpg",470,264,false],"thumbnail":["https:\/\/darwinia.standardof.net\/wp-content\/uploads\/sites\/7\/2020\/10\/Darwinia-Enemies-Triffid-5-200x112.jpg",200,112,true],"medium":["https:\/\/darwinia.standardof.net\/wp-content\/uploads\/sites\/7\/2020\/10\/Darwinia-Enemies-Triffid-5.jpg",470,264,false],"medium_large":["https:\/\/darwinia.standardof.net\/wp-content\/uploads\/sites\/7\/2020\/10\/Darwinia-Enemies-Triffid-5.jpg",470,264,false],"large":["https:\/\/darwinia.standardof.net\/wp-content\/uploads\/sites\/7\/2020\/10\/Darwinia-Enemies-Triffid-5.jpg",470,264,false],"1536x1536":["https:\/\/darwinia.standardof.net\/wp-content\/uploads\/sites\/7\/2020\/10\/Darwinia-Enemies-Triffid-5.jpg",470,264,false],"2048x2048":["https:\/\/darwinia.standardof.net\/wp-content\/uploads\/sites\/7\/2020\/10\/Darwinia-Enemies-Triffid-5.jpg",470,264,false],"trp-custom-language-flag":["https:\/\/darwinia.standardof.net\/wp-content\/uploads\/sites\/7\/2020\/10\/Darwinia-Enemies-Triffid-5-16x9.jpg",16,9,true]},"uagb_author_info":{"display_name":"SOE","author_link":"https:\/\/darwinia.standardof.net\/de\/author\/k-tastic\/"},"uagb_comment_info":0,"uagb_excerpt":"Triffids are a unique type of virus in Darwinia in that it neither is capable of moving, nor attacking your units directly. These bell flower shaped viruses typically are found in hard to reach high up areas, where the sway casually in the wind. When they detect intruders on the map, they begin to cause&hellip;","_links":{"self":[{"href":"https:\/\/darwinia.standardof.net\/de\/wp-json\/wp\/v2\/pages\/203"}],"collection":[{"href":"https:\/\/darwinia.standardof.net\/de\/wp-json\/wp\/v2\/pages"}],"about":[{"href":"https:\/\/darwinia.standardof.net\/de\/wp-json\/wp\/v2\/types\/page"}],"author":[{"embeddable":true,"href":"https:\/\/darwinia.standardof.net\/de\/wp-json\/wp\/v2\/users\/1"}],"replies":[{"embeddable":true,"href":"https:\/\/darwinia.standardof.net\/de\/wp-json\/wp\/v2\/comments?post=203"}],"version-history":[{"count":0,"href":"https:\/\/darwinia.standardof.net\/de\/wp-json\/wp\/v2\/pages\/203\/revisions"}],"up":[{"embeddable":true,"href":"https:\/\/darwinia.standardof.net\/de\/wp-json\/wp\/v2\/pages\/190"}],"wp:featuredmedia":[{"embeddable":true,"href":"https:\/\/darwinia.standardof.net\/de\/wp-json\/wp\/v2\/media\/79"}],"wp:attachment":[{"href":"https:\/\/darwinia.standardof.net\/de\/wp-json\/wp\/v2\/media?parent=203"}],"curies":[{"name":"wp","href":"https:\/\/api.w.org\/{rel}","templated":true}]}}