{"id":197,"date":"2020-10-29T16:10:23","date_gmt":"2020-10-29T16:10:23","guid":{"rendered":"https:\/\/darwinia.standardof.net\/?page_id=197"},"modified":"2020-10-29T16:10:23","modified_gmt":"2020-10-29T16:10:23","slug":"soul-destroyer","status":"publish","type":"page","link":"https:\/\/darwinia.standardof.net\/de\/leiten\/feinde\/seelenzerstorer\/","title":{"rendered":"Seelenzerst\u00f6rer"},"content":{"rendered":"<figure class=\"wp-block-gallery aligncenter columns-3 is-cropped wp-block-gallery-1 is-layout-flex wp-block-gallery-is-layout-flex\"><ul class=\"blocks-gallery-grid\"><li class=\"blocks-gallery-item\"><figure><a href=\"https:\/\/darwinia.standardof.net\/de\/darwinia-enemies-soul-destroyer-5\/\"><img decoding=\"async\" width=\"470\" height=\"294\" src=\"https:\/\/darwinia.standardof.net\/wp-content\/uploads\/sites\/7\/2020\/10\/Darwinia-Enemies-Soul-Destroyer-5.jpg\" alt=\"\" data-id=\"64\" data-full-url=\"https:\/\/darwinia.standardof.net\/wp-content\/uploads\/sites\/7\/2020\/10\/Darwinia-Enemies-Soul-Destroyer-5.jpg\" data-link=\"https:\/\/darwinia.standardof.net\/darwinia-enemies-soul-destroyer-5\/\" class=\"wp-image-64\" srcset=\"https:\/\/darwinia.standardof.net\/wp-content\/uploads\/sites\/7\/2020\/10\/Darwinia-Enemies-Soul-Destroyer-5.jpg 470w, https:\/\/darwinia.standardof.net\/wp-content\/uploads\/sites\/7\/2020\/10\/Darwinia-Enemies-Soul-Destroyer-5-200x125.jpg 200w, https:\/\/darwinia.standardof.net\/wp-content\/uploads\/sites\/7\/2020\/10\/Darwinia-Enemies-Soul-Destroyer-5-16x10.jpg 16w\" sizes=\"(max-width: 470px) 100vw, 470px\" \/><\/a><\/figure><\/li><li class=\"blocks-gallery-item\"><figure><a href=\"https:\/\/darwinia.standardof.net\/de\/darwinia-enemies-soul-destroyer-4\/\"><img decoding=\"async\" width=\"470\" height=\"294\" src=\"https:\/\/darwinia.standardof.net\/wp-content\/uploads\/sites\/7\/2020\/10\/Darwinia-Enemies-Soul-Destroyer-4.jpg\" alt=\"\" data-id=\"63\" data-full-url=\"https:\/\/darwinia.standardof.net\/wp-content\/uploads\/sites\/7\/2020\/10\/Darwinia-Enemies-Soul-Destroyer-4.jpg\" data-link=\"https:\/\/darwinia.standardof.net\/darwinia-enemies-soul-destroyer-4\/\" class=\"wp-image-63\" srcset=\"https:\/\/darwinia.standardof.net\/wp-content\/uploads\/sites\/7\/2020\/10\/Darwinia-Enemies-Soul-Destroyer-4.jpg 470w, https:\/\/darwinia.standardof.net\/wp-content\/uploads\/sites\/7\/2020\/10\/Darwinia-Enemies-Soul-Destroyer-4-200x125.jpg 200w, https:\/\/darwinia.standardof.net\/wp-content\/uploads\/sites\/7\/2020\/10\/Darwinia-Enemies-Soul-Destroyer-4-16x10.jpg 16w\" sizes=\"(max-width: 470px) 100vw, 470px\" \/><\/a><\/figure><\/li><li class=\"blocks-gallery-item\"><figure><a href=\"https:\/\/darwinia.standardof.net\/de\/darwinia-enemies-soul-destroyer-3\/\"><img decoding=\"async\" width=\"470\" height=\"294\" src=\"https:\/\/darwinia.standardof.net\/wp-content\/uploads\/sites\/7\/2020\/10\/Darwinia-Enemies-Soul-Destroyer-3.jpg\" alt=\"\" data-id=\"62\" data-full-url=\"https:\/\/darwinia.standardof.net\/wp-content\/uploads\/sites\/7\/2020\/10\/Darwinia-Enemies-Soul-Destroyer-3.jpg\" data-link=\"https:\/\/darwinia.standardof.net\/darwinia-enemies-soul-destroyer-3\/\" class=\"wp-image-62\" srcset=\"https:\/\/darwinia.standardof.net\/wp-content\/uploads\/sites\/7\/2020\/10\/Darwinia-Enemies-Soul-Destroyer-3.jpg 470w, https:\/\/darwinia.standardof.net\/wp-content\/uploads\/sites\/7\/2020\/10\/Darwinia-Enemies-Soul-Destroyer-3-200x125.jpg 200w, https:\/\/darwinia.standardof.net\/wp-content\/uploads\/sites\/7\/2020\/10\/Darwinia-Enemies-Soul-Destroyer-3-16x10.jpg 16w\" sizes=\"(max-width: 470px) 100vw, 470px\" \/><\/a><\/figure><\/li><li class=\"blocks-gallery-item\"><figure><a href=\"https:\/\/darwinia.standardof.net\/de\/darwinia-enemies-soul-destroyer-2\/\"><img decoding=\"async\" width=\"470\" height=\"294\" src=\"https:\/\/darwinia.standardof.net\/wp-content\/uploads\/sites\/7\/2020\/10\/Darwinia-Enemies-Soul-Destroyer-2.jpg\" alt=\"\" data-id=\"61\" data-full-url=\"https:\/\/darwinia.standardof.net\/wp-content\/uploads\/sites\/7\/2020\/10\/Darwinia-Enemies-Soul-Destroyer-2.jpg\" data-link=\"https:\/\/darwinia.standardof.net\/darwinia-enemies-soul-destroyer-2\/\" class=\"wp-image-61\" srcset=\"https:\/\/darwinia.standardof.net\/wp-content\/uploads\/sites\/7\/2020\/10\/Darwinia-Enemies-Soul-Destroyer-2.jpg 470w, https:\/\/darwinia.standardof.net\/wp-content\/uploads\/sites\/7\/2020\/10\/Darwinia-Enemies-Soul-Destroyer-2-200x125.jpg 200w, https:\/\/darwinia.standardof.net\/wp-content\/uploads\/sites\/7\/2020\/10\/Darwinia-Enemies-Soul-Destroyer-2-16x10.jpg 16w\" sizes=\"(max-width: 470px) 100vw, 470px\" \/><\/a><\/figure><\/li><li class=\"blocks-gallery-item\"><figure><a href=\"https:\/\/darwinia.standardof.net\/de\/darwinia-enemies-soul-destroyer-1\/\"><img decoding=\"async\" width=\"470\" height=\"294\" src=\"https:\/\/darwinia.standardof.net\/wp-content\/uploads\/sites\/7\/2020\/10\/Darwinia-Enemies-Soul-Destroyer-1.jpg\" alt=\"\" data-id=\"60\" data-full-url=\"https:\/\/darwinia.standardof.net\/wp-content\/uploads\/sites\/7\/2020\/10\/Darwinia-Enemies-Soul-Destroyer-1.jpg\" data-link=\"https:\/\/darwinia.standardof.net\/darwinia-enemies-soul-destroyer-1\/\" class=\"wp-image-60\" srcset=\"https:\/\/darwinia.standardof.net\/wp-content\/uploads\/sites\/7\/2020\/10\/Darwinia-Enemies-Soul-Destroyer-1.jpg 470w, https:\/\/darwinia.standardof.net\/wp-content\/uploads\/sites\/7\/2020\/10\/Darwinia-Enemies-Soul-Destroyer-1-200x125.jpg 200w, https:\/\/darwinia.standardof.net\/wp-content\/uploads\/sites\/7\/2020\/10\/Darwinia-Enemies-Soul-Destroyer-1-16x10.jpg 16w\" sizes=\"(max-width: 470px) 100vw, 470px\" \/><\/a><\/figure><\/li><\/ul><\/figure>\n\n\n\n<p><a href=\"http:\/\/darwinia.standardof.net\/de\/files\/2011\/09\/470_1517416.jpg\/\"><\/a>Seelenzerst\u00f6rer sind ohne Zweifel der gef\u00e4hrlichste Feind <em>Darwinia.<\/em> Diese fliegenden Monstrosit\u00e4ten sehen einem sehr \u00e4hnlich <strong>Tausendf\u00fc\u00dfler<\/strong>, au\u00dfer mehrmals so gro\u00df und viel bedrohlicher aussehend. Diese Virustypen sind nach <strong>Triffiden<\/strong>, aber sie sind am schwersten zu beseitigen. Diese drachen\u00e4hnlichen Kreaturen fliegen durch die Luft und kr\u00e4useln sich \u00fcber einen bestimmten Teil des Landes, von dem sie nicht abweichen, au\u00dfer um anzugreifen und dann auf die Zerst\u00f6rung des Ziels zur\u00fcckzukehren.<\/p>\n\n\n\n<p><a href=\"http:\/\/darwinia.standardof.net\/de\/files\/2011\/09\/470_1517418.jpg\/\"><\/a>Die st\u00e4rkste Bedrohung, die die Seelenzerst\u00f6rer darstellen, mit der kein anderer Feind mithalten kann <em>Darwinia<\/em>ist das, wenn sie a t\u00f6ten <strong>Darwinian<\/strong>Es werden keine Seelen zur\u00fcckgelassen, da der digitale Geist, der den K\u00f6rper bewohnt, zusammen mit der physischen Form besiegt wird, wodurch die Reinkarnation verhindert wird. Dieser Effekt verursacht eine gro\u00dfe St\u00f6rung in der \u00fcberlebenden darwinistischen Gemeinschaft, da sie den Tod noch nie wirklich gekannt haben, da sie sonst immer wiedergeboren werden. Dies wird im Spiel von wei\u00dfen \u201eGeistern\u201c gesehen, die wie Darwinisten geformt sind und kurz dort erscheinen, wo man einem Seelenzerst\u00f6rer zum Opfer gefallen ist.<\/p>\n\n\n\n<p><a href=\"http:\/\/darwinia.standardof.net\/de\/files\/2011\/09\/470_1517420.jpg\/\"><\/a>Aufgrund der Schnelligkeit des Seelenzerst\u00f6rers und seiner Flugf\u00e4higkeiten ist es unglaublich schwierig, ihn mit Ihrem zu besiegen <strong>Laser <\/strong>oder Sekund\u00e4rwaffen. Die effektivste Methode ist die <strong>R\u00fcstung <\/strong>Turm, der von Darwinisten besetzt oder von Ihnen selbst kontrolliert werden kann, um den Seelenzerst\u00f6rer direkt zu schie\u00dfen, w\u00e4hrend er durch die Luft fliegt, anstatt zu warten, bis er auf den Boden f\u00e4llt, und zu hoffen, dass Sie ihn in einer Druckwelle fangen. Der letzte Punkt ist, dass der Seelenzerst\u00f6rer, obwohl er dieselbe segmentierte Form wie der Hundertf\u00fc\u00dfer hat, existiert und als eine Einheit stirbt, sodass er sich nicht durch angreifende Segmente aufteilt.<\/p>","protected":false},"excerpt":{"rendered":"<p>Soul Destroyers are the most dangerous enemy without a doubt within Darwinia. These flying monstrosities look much like a Centipede, except several times the size and much more menacing looking. These virus types are the rarest type seen, second to Triffids, but they are the hardest to take down. These dragon like creatures fly through [&hellip;]<\/p>","protected":false},"author":1,"featured_media":63,"parent":190,"menu_order":0,"comment_status":"open","ping_status":"closed","template":"","meta":{"_uag_custom_page_level_css":"","site-sidebar-layout":"default","site-content-layout":"default","ast-site-content-layout":"","site-content-style":"default","site-sidebar-style":"default","ast-global-header-display":"","ast-banner-title-visibility":"","ast-main-header-display":"","ast-hfb-above-header-display":"","ast-hfb-below-header-display":"","ast-hfb-mobile-header-display":"","site-post-title":"","ast-breadcrumbs-content":"","ast-featured-img":"","footer-sml-layout":"","theme-transparent-header-meta":"default","adv-header-id-meta":"","stick-header-meta":"","header-above-stick-meta":"","header-main-stick-meta":"","header-below-stick-meta":"","astra-migrate-meta-layouts":"default","ast-page-background-enabled":"default","ast-page-background-meta":{"desktop":{"background-color":"","background-image":"","background-repeat":"repeat","background-position":"center center","background-size":"auto","background-attachment":"scroll","background-type":"","background-media":"","overlay-type":"","overlay-color":"","overlay-gradient":""},"tablet":{"background-color":"","background-image":"","background-repeat":"repeat","background-position":"center center","background-size":"auto","background-attachment":"scroll","background-type":"","background-media":"","overlay-type":"","overlay-color":"","overlay-gradient":""},"mobile":{"background-color":"","background-image":"","background-repeat":"repeat","background-position":"center center","background-size":"auto","background-attachment":"scroll","background-type":"","background-media":"","overlay-type":"","overlay-color":"","overlay-gradient":""}},"ast-content-background-meta":{"desktop":{"background-color":"var(--ast-global-color-5)","background-image":"","background-repeat":"repeat","background-position":"center center","background-size":"auto","background-attachment":"scroll","background-type":"","background-media":"","overlay-type":"","overlay-color":"","overlay-gradient":""},"tablet":{"background-color":"var(--ast-global-color-5)","background-image":"","background-repeat":"repeat","background-position":"center center","background-size":"auto","background-attachment":"scroll","background-type":"","background-media":"","overlay-type":"","overlay-color":"","overlay-gradient":""},"mobile":{"background-color":"var(--ast-global-color-5)","background-image":"","background-repeat":"repeat","background-position":"center center","background-size":"auto","background-attachment":"scroll","background-type":"","background-media":"","overlay-type":"","overlay-color":"","overlay-gradient":""}},"footnotes":""},"uagb_featured_image_src":{"full":["https:\/\/darwinia.standardof.net\/wp-content\/uploads\/sites\/7\/2020\/10\/Darwinia-Enemies-Soul-Destroyer-4.jpg",470,294,false],"thumbnail":["https:\/\/darwinia.standardof.net\/wp-content\/uploads\/sites\/7\/2020\/10\/Darwinia-Enemies-Soul-Destroyer-4-200x125.jpg",200,125,true],"medium":["https:\/\/darwinia.standardof.net\/wp-content\/uploads\/sites\/7\/2020\/10\/Darwinia-Enemies-Soul-Destroyer-4.jpg",470,294,false],"medium_large":["https:\/\/darwinia.standardof.net\/wp-content\/uploads\/sites\/7\/2020\/10\/Darwinia-Enemies-Soul-Destroyer-4.jpg",470,294,false],"large":["https:\/\/darwinia.standardof.net\/wp-content\/uploads\/sites\/7\/2020\/10\/Darwinia-Enemies-Soul-Destroyer-4.jpg",470,294,false],"1536x1536":["https:\/\/darwinia.standardof.net\/wp-content\/uploads\/sites\/7\/2020\/10\/Darwinia-Enemies-Soul-Destroyer-4.jpg",470,294,false],"2048x2048":["https:\/\/darwinia.standardof.net\/wp-content\/uploads\/sites\/7\/2020\/10\/Darwinia-Enemies-Soul-Destroyer-4.jpg",470,294,false],"trp-custom-language-flag":["https:\/\/darwinia.standardof.net\/wp-content\/uploads\/sites\/7\/2020\/10\/Darwinia-Enemies-Soul-Destroyer-4-16x10.jpg",16,10,true]},"uagb_author_info":{"display_name":"SOE","author_link":"https:\/\/darwinia.standardof.net\/de\/author\/k-tastic\/"},"uagb_comment_info":0,"uagb_excerpt":"Soul Destroyers are the most dangerous enemy without a doubt within Darwinia. These flying monstrosities look much like a Centipede, except several times the size and much more menacing looking. These virus types are the rarest type seen, second to Triffids, but they are the hardest to take down. These dragon like creatures fly through&hellip;","_links":{"self":[{"href":"https:\/\/darwinia.standardof.net\/de\/wp-json\/wp\/v2\/pages\/197"}],"collection":[{"href":"https:\/\/darwinia.standardof.net\/de\/wp-json\/wp\/v2\/pages"}],"about":[{"href":"https:\/\/darwinia.standardof.net\/de\/wp-json\/wp\/v2\/types\/page"}],"author":[{"embeddable":true,"href":"https:\/\/darwinia.standardof.net\/de\/wp-json\/wp\/v2\/users\/1"}],"replies":[{"embeddable":true,"href":"https:\/\/darwinia.standardof.net\/de\/wp-json\/wp\/v2\/comments?post=197"}],"version-history":[{"count":0,"href":"https:\/\/darwinia.standardof.net\/de\/wp-json\/wp\/v2\/pages\/197\/revisions"}],"up":[{"embeddable":true,"href":"https:\/\/darwinia.standardof.net\/de\/wp-json\/wp\/v2\/pages\/190"}],"wp:featuredmedia":[{"embeddable":true,"href":"https:\/\/darwinia.standardof.net\/de\/wp-json\/wp\/v2\/media\/63"}],"wp:attachment":[{"href":"https:\/\/darwinia.standardof.net\/de\/wp-json\/wp\/v2\/media?parent=197"}],"curies":[{"name":"wp","href":"https:\/\/api.w.org\/{rel}","templated":true}]}}