{"id":195,"date":"2020-10-28T23:13:12","date_gmt":"2020-10-28T23:13:12","guid":{"rendered":"https:\/\/darwinia.standardof.net\/?page_id=195"},"modified":"2020-10-29T16:07:37","modified_gmt":"2020-10-29T16:07:37","slug":"centipede","status":"publish","type":"page","link":"https:\/\/darwinia.standardof.net\/de\/leiten\/feinde\/tausendfusler\/","title":{"rendered":"Tausendf\u00fc\u00dfler"},"content":{"rendered":"<figure class=\"wp-block-gallery columns-3 is-cropped wp-block-gallery-1 is-layout-flex wp-block-gallery-is-layout-flex\"><ul class=\"blocks-gallery-grid\"><li class=\"blocks-gallery-item\"><figure><a href=\"https:\/\/darwinia.standardof.net\/de\/darwinia-enemies-centipede-5\/\"><img decoding=\"async\" width=\"470\" height=\"294\" src=\"https:\/\/darwinia.standardof.net\/wp-content\/uploads\/sites\/7\/2020\/10\/Darwinia-Enemies-Centipede-5.jpg\" alt=\"\" data-id=\"59\" data-full-url=\"https:\/\/darwinia.standardof.net\/wp-content\/uploads\/sites\/7\/2020\/10\/Darwinia-Enemies-Centipede-5.jpg\" data-link=\"https:\/\/darwinia.standardof.net\/darwinia-enemies-centipede-5\/\" class=\"wp-image-59\" srcset=\"https:\/\/darwinia.standardof.net\/wp-content\/uploads\/sites\/7\/2020\/10\/Darwinia-Enemies-Centipede-5.jpg 470w, https:\/\/darwinia.standardof.net\/wp-content\/uploads\/sites\/7\/2020\/10\/Darwinia-Enemies-Centipede-5-200x125.jpg 200w, https:\/\/darwinia.standardof.net\/wp-content\/uploads\/sites\/7\/2020\/10\/Darwinia-Enemies-Centipede-5-16x10.jpg 16w\" sizes=\"(max-width: 470px) 100vw, 470px\" \/><\/a><\/figure><\/li><li class=\"blocks-gallery-item\"><figure><a href=\"https:\/\/darwinia.standardof.net\/de\/darwinia-enemies-centipede-4\/\"><img decoding=\"async\" width=\"470\" height=\"294\" src=\"https:\/\/darwinia.standardof.net\/wp-content\/uploads\/sites\/7\/2020\/10\/Darwinia-Enemies-Centipede-4.jpg\" alt=\"\" data-id=\"58\" data-full-url=\"https:\/\/darwinia.standardof.net\/wp-content\/uploads\/sites\/7\/2020\/10\/Darwinia-Enemies-Centipede-4.jpg\" data-link=\"https:\/\/darwinia.standardof.net\/darwinia-enemies-centipede-4\/\" class=\"wp-image-58\" srcset=\"https:\/\/darwinia.standardof.net\/wp-content\/uploads\/sites\/7\/2020\/10\/Darwinia-Enemies-Centipede-4.jpg 470w, https:\/\/darwinia.standardof.net\/wp-content\/uploads\/sites\/7\/2020\/10\/Darwinia-Enemies-Centipede-4-200x125.jpg 200w, https:\/\/darwinia.standardof.net\/wp-content\/uploads\/sites\/7\/2020\/10\/Darwinia-Enemies-Centipede-4-16x10.jpg 16w\" sizes=\"(max-width: 470px) 100vw, 470px\" \/><\/a><\/figure><\/li><li class=\"blocks-gallery-item\"><figure><a href=\"https:\/\/darwinia.standardof.net\/de\/darwinia-enemies-centipede-2\/\"><img decoding=\"async\" width=\"470\" height=\"294\" src=\"https:\/\/darwinia.standardof.net\/wp-content\/uploads\/sites\/7\/2020\/10\/Darwinia-Enemies-Centipede-2.jpg\" alt=\"\" data-id=\"56\" data-full-url=\"https:\/\/darwinia.standardof.net\/wp-content\/uploads\/sites\/7\/2020\/10\/Darwinia-Enemies-Centipede-2.jpg\" data-link=\"https:\/\/darwinia.standardof.net\/darwinia-enemies-centipede-2\/\" class=\"wp-image-56\" srcset=\"https:\/\/darwinia.standardof.net\/wp-content\/uploads\/sites\/7\/2020\/10\/Darwinia-Enemies-Centipede-2.jpg 470w, https:\/\/darwinia.standardof.net\/wp-content\/uploads\/sites\/7\/2020\/10\/Darwinia-Enemies-Centipede-2-200x125.jpg 200w, https:\/\/darwinia.standardof.net\/wp-content\/uploads\/sites\/7\/2020\/10\/Darwinia-Enemies-Centipede-2-16x10.jpg 16w\" sizes=\"(max-width: 470px) 100vw, 470px\" \/><\/a><\/figure><\/li><li class=\"blocks-gallery-item\"><figure><a href=\"https:\/\/darwinia.standardof.net\/de\/darwinia-enemies-centipede-3\/\"><img decoding=\"async\" width=\"470\" height=\"294\" src=\"https:\/\/darwinia.standardof.net\/wp-content\/uploads\/sites\/7\/2020\/10\/Darwinia-Enemies-Centipede-3.jpg\" alt=\"\" data-id=\"57\" data-full-url=\"https:\/\/darwinia.standardof.net\/wp-content\/uploads\/sites\/7\/2020\/10\/Darwinia-Enemies-Centipede-3.jpg\" data-link=\"https:\/\/darwinia.standardof.net\/darwinia-enemies-centipede-3\/\" class=\"wp-image-57\" srcset=\"https:\/\/darwinia.standardof.net\/wp-content\/uploads\/sites\/7\/2020\/10\/Darwinia-Enemies-Centipede-3.jpg 470w, https:\/\/darwinia.standardof.net\/wp-content\/uploads\/sites\/7\/2020\/10\/Darwinia-Enemies-Centipede-3-200x125.jpg 200w, https:\/\/darwinia.standardof.net\/wp-content\/uploads\/sites\/7\/2020\/10\/Darwinia-Enemies-Centipede-3-16x10.jpg 16w\" sizes=\"(max-width: 470px) 100vw, 470px\" \/><\/a><\/figure><\/li><li class=\"blocks-gallery-item\"><figure><a href=\"https:\/\/darwinia.standardof.net\/de\/darwinia-enemies-centipede-1\/\"><img decoding=\"async\" width=\"470\" height=\"294\" src=\"https:\/\/darwinia.standardof.net\/wp-content\/uploads\/sites\/7\/2020\/10\/Darwinia-Enemies-Centipede-1.jpg\" alt=\"\" data-id=\"55\" data-full-url=\"https:\/\/darwinia.standardof.net\/wp-content\/uploads\/sites\/7\/2020\/10\/Darwinia-Enemies-Centipede-1.jpg\" data-link=\"https:\/\/darwinia.standardof.net\/darwinia-enemies-centipede-1\/\" class=\"wp-image-55\" srcset=\"https:\/\/darwinia.standardof.net\/wp-content\/uploads\/sites\/7\/2020\/10\/Darwinia-Enemies-Centipede-1.jpg 470w, https:\/\/darwinia.standardof.net\/wp-content\/uploads\/sites\/7\/2020\/10\/Darwinia-Enemies-Centipede-1-200x125.jpg 200w, https:\/\/darwinia.standardof.net\/wp-content\/uploads\/sites\/7\/2020\/10\/Darwinia-Enemies-Centipede-1-16x10.jpg 16w\" sizes=\"(max-width: 470px) 100vw, 470px\" \/><\/a><\/figure><\/li><\/ul><\/figure>\n\n\n\n<p>Hundertf\u00fc\u00dfer sind gro\u00dfe rote Kreaturen, die aus vielen einzelnen Abschnitten mit abnehmender Gr\u00f6\u00dfe bestehen, wobei der Kopfabschnitt der gr\u00f6\u00dfte ist. Sie besitzen auch kleine spitzenartige Gegenst\u00e4nde, aus denen Gerste herausragt. Diese Hundertf\u00fc\u00dfer in <em>Darwinia<\/em> funktionieren \u00e4hnlich wie die <strong>Virii <\/strong>In Bezug auf Bewegung und Angriff sind sie jedoch wesentlich schlauer und m\u00e4chtiger als das Gegenst\u00fcck. Hundertf\u00fc\u00dfer k\u00f6nnen nur von erzeugt werden <strong>Triffid <\/strong>Eier, falls nicht bereits in einem Level vorhanden.<\/p>\n\n\n\n<p>Hundertf\u00fc\u00dfer bewegen sich sehr schnell und haben ein breites Spektrum an Patrouillen und Sichtm\u00f6glichkeiten, was bedeutet, dass sie wahrscheinlich alles angreifen, was sich auch nur aus der Ferne in ihrer N\u00e4he befindet. Diese <strong>Viren <\/strong>Greife deine Einheiten an, indem du mit dem Kopf voran auf die Einheit angreifst, die angegriffen werden soll, und das Ziel mehr oder weniger sofort zerquetschst. Hundertf\u00fc\u00dfer scheinen mit ihren Angriffen jeweils nur eine Einheit auszuschalten und sind harmlos, wenn sie ber\u00fchrt werden, wenn sie diese Anklage nicht erheben. Wenn Sie sich darauf konzentrieren, auf viele Feinde gleichzeitig zu schie\u00dfen, kann es sich lohnen, diese Ladung aus der regul\u00e4ren Hundertf\u00fc\u00dferbewegung zu kennen, da dies ein gutes Signal ist, um darauf zu schie\u00dfen oder sich schnell zu bewegen.<\/p>\n\n\n\n<p>Laser sind eine sehr effektive Waffe gegen den Hundertf\u00fc\u00dfer, da sie in der Sekunde, in der sie von einem getroffen werden, weglaufen, was bedeutet, dass Sie sie mit ein paar Sch\u00fcssen von Ihren Streitkr\u00e4ften fernhalten k\u00f6nnen <strong>Laser <\/strong>hier und da, w\u00e4hrend Sie sich auf dringlichere Feinde konzentrieren, die durch Ihre Angriffe nicht so leicht abgewehrt werden k\u00f6nnen <strong>Spinnen <\/strong>oder Virii. Jeder Abschnitt des Tausendf\u00fc\u00dflers muss einzeln zerst\u00f6rt werden. Wenn Sie einen mittleren Abschnitt herausnehmen, wird der Hundertf\u00fc\u00dfer in mehrere Ziele aufgeteilt. Raketen sind eine weitere gute Waffe, aber Granaten und Luftangriffe sind aufgrund ihrer Geschwindigkeit unwirksam.<\/p>","protected":false},"excerpt":{"rendered":"<p>Centipedes are large red creatures made up of many individual sections of diminishing size, with the head section being the largest. They also posses small spike like objects that barley jut out of the top. These Centipede in Darwinia function similarly to the Virii in terms of movement and attack, however they are considerably smarter [&hellip;]<\/p>","protected":false},"author":1,"featured_media":55,"parent":190,"menu_order":0,"comment_status":"open","ping_status":"closed","template":"","meta":{"_uag_custom_page_level_css":"","site-sidebar-layout":"default","site-content-layout":"default","ast-site-content-layout":"","site-content-style":"default","site-sidebar-style":"default","ast-global-header-display":"","ast-banner-title-visibility":"","ast-main-header-display":"","ast-hfb-above-header-display":"","ast-hfb-below-header-display":"","ast-hfb-mobile-header-display":"","site-post-title":"","ast-breadcrumbs-content":"","ast-featured-img":"","footer-sml-layout":"","theme-transparent-header-meta":"default","adv-header-id-meta":"","stick-header-meta":"","header-above-stick-meta":"","header-main-stick-meta":"","header-below-stick-meta":"","astra-migrate-meta-layouts":"default","ast-page-background-enabled":"default","ast-page-background-meta":{"desktop":{"background-color":"","background-image":"","background-repeat":"repeat","background-position":"center center","background-size":"auto","background-attachment":"scroll","background-type":"","background-media":"","overlay-type":"","overlay-color":"","overlay-gradient":""},"tablet":{"background-color":"","background-image":"","background-repeat":"repeat","background-position":"center center","background-size":"auto","background-attachment":"scroll","background-type":"","background-media":"","overlay-type":"","overlay-color":"","overlay-gradient":""},"mobile":{"background-color":"","background-image":"","background-repeat":"repeat","background-position":"center center","background-size":"auto","background-attachment":"scroll","background-type":"","background-media":"","overlay-type":"","overlay-color":"","overlay-gradient":""}},"ast-content-background-meta":{"desktop":{"background-color":"var(--ast-global-color-5)","background-image":"","background-repeat":"repeat","background-position":"center center","background-size":"auto","background-attachment":"scroll","background-type":"","background-media":"","overlay-type":"","overlay-color":"","overlay-gradient":""},"tablet":{"background-color":"var(--ast-global-color-5)","background-image":"","background-repeat":"repeat","background-position":"center center","background-size":"auto","background-attachment":"scroll","background-type":"","background-media":"","overlay-type":"","overlay-color":"","overlay-gradient":""},"mobile":{"background-color":"var(--ast-global-color-5)","background-image":"","background-repeat":"repeat","background-position":"center center","background-size":"auto","background-attachment":"scroll","background-type":"","background-media":"","overlay-type":"","overlay-color":"","overlay-gradient":""}},"footnotes":""},"uagb_featured_image_src":{"full":["https:\/\/darwinia.standardof.net\/wp-content\/uploads\/sites\/7\/2020\/10\/Darwinia-Enemies-Centipede-1.jpg",470,294,false],"thumbnail":["https:\/\/darwinia.standardof.net\/wp-content\/uploads\/sites\/7\/2020\/10\/Darwinia-Enemies-Centipede-1-200x125.jpg",200,125,true],"medium":["https:\/\/darwinia.standardof.net\/wp-content\/uploads\/sites\/7\/2020\/10\/Darwinia-Enemies-Centipede-1.jpg",470,294,false],"medium_large":["https:\/\/darwinia.standardof.net\/wp-content\/uploads\/sites\/7\/2020\/10\/Darwinia-Enemies-Centipede-1.jpg",470,294,false],"large":["https:\/\/darwinia.standardof.net\/wp-content\/uploads\/sites\/7\/2020\/10\/Darwinia-Enemies-Centipede-1.jpg",470,294,false],"1536x1536":["https:\/\/darwinia.standardof.net\/wp-content\/uploads\/sites\/7\/2020\/10\/Darwinia-Enemies-Centipede-1.jpg",470,294,false],"2048x2048":["https:\/\/darwinia.standardof.net\/wp-content\/uploads\/sites\/7\/2020\/10\/Darwinia-Enemies-Centipede-1.jpg",470,294,false],"trp-custom-language-flag":["https:\/\/darwinia.standardof.net\/wp-content\/uploads\/sites\/7\/2020\/10\/Darwinia-Enemies-Centipede-1-16x10.jpg",16,10,true]},"uagb_author_info":{"display_name":"SOE","author_link":"https:\/\/darwinia.standardof.net\/de\/author\/k-tastic\/"},"uagb_comment_info":0,"uagb_excerpt":"Centipedes are large red creatures made up of many individual sections of diminishing size, with the head section being the largest. They also posses small spike like objects that barley jut out of the top. These Centipede in Darwinia function similarly to the Virii in terms of movement and attack, however they are considerably smarter&hellip;","_links":{"self":[{"href":"https:\/\/darwinia.standardof.net\/de\/wp-json\/wp\/v2\/pages\/195"}],"collection":[{"href":"https:\/\/darwinia.standardof.net\/de\/wp-json\/wp\/v2\/pages"}],"about":[{"href":"https:\/\/darwinia.standardof.net\/de\/wp-json\/wp\/v2\/types\/page"}],"author":[{"embeddable":true,"href":"https:\/\/darwinia.standardof.net\/de\/wp-json\/wp\/v2\/users\/1"}],"replies":[{"embeddable":true,"href":"https:\/\/darwinia.standardof.net\/de\/wp-json\/wp\/v2\/comments?post=195"}],"version-history":[{"count":0,"href":"https:\/\/darwinia.standardof.net\/de\/wp-json\/wp\/v2\/pages\/195\/revisions"}],"up":[{"embeddable":true,"href":"https:\/\/darwinia.standardof.net\/de\/wp-json\/wp\/v2\/pages\/190"}],"wp:featuredmedia":[{"embeddable":true,"href":"https:\/\/darwinia.standardof.net\/de\/wp-json\/wp\/v2\/media\/55"}],"wp:attachment":[{"href":"https:\/\/darwinia.standardof.net\/de\/wp-json\/wp\/v2\/media?parent=195"}],"curies":[{"name":"wp","href":"https:\/\/api.w.org\/{rel}","templated":true}]}}