{"id":193,"date":"2020-10-28T23:09:11","date_gmt":"2020-10-28T23:09:11","guid":{"rendered":"https:\/\/darwinia.standardof.net\/?page_id=193"},"modified":"2020-10-28T23:09:12","modified_gmt":"2020-10-28T23:09:12","slug":"army-ant","status":"publish","type":"page","link":"https:\/\/darwinia.standardof.net\/de\/leiten\/feinde\/armee-ameise\/","title":{"rendered":"Armee Ameise"},"content":{"rendered":"<figure class=\"wp-block-gallery columns-4 is-cropped wp-block-gallery-1 is-layout-flex wp-block-gallery-is-layout-flex\"><ul class=\"blocks-gallery-grid\"><li class=\"blocks-gallery-item\"><figure><a href=\"https:\/\/darwinia.standardof.net\/de\/darwinia-enemies-army-ant-4\/\"><img decoding=\"async\" width=\"470\" height=\"321\" src=\"https:\/\/darwinia.standardof.net\/wp-content\/uploads\/sites\/7\/2020\/10\/Darwinia-Enemies-Army-Ant-4.jpg\" alt=\"\" data-id=\"54\" data-full-url=\"https:\/\/darwinia.standardof.net\/wp-content\/uploads\/sites\/7\/2020\/10\/Darwinia-Enemies-Army-Ant-4.jpg\" data-link=\"https:\/\/darwinia.standardof.net\/darwinia-enemies-army-ant-4\/\" class=\"wp-image-54\" srcset=\"https:\/\/darwinia.standardof.net\/wp-content\/uploads\/sites\/7\/2020\/10\/Darwinia-Enemies-Army-Ant-4.jpg 470w, https:\/\/darwinia.standardof.net\/wp-content\/uploads\/sites\/7\/2020\/10\/Darwinia-Enemies-Army-Ant-4-200x137.jpg 200w, https:\/\/darwinia.standardof.net\/wp-content\/uploads\/sites\/7\/2020\/10\/Darwinia-Enemies-Army-Ant-4-16x12.jpg 16w\" sizes=\"(max-width: 470px) 100vw, 470px\" \/><\/a><\/figure><\/li><li class=\"blocks-gallery-item\"><figure><a href=\"https:\/\/darwinia.standardof.net\/de\/darwinia-enemies-army-ant-3\/\"><img decoding=\"async\" width=\"470\" height=\"325\" src=\"https:\/\/darwinia.standardof.net\/wp-content\/uploads\/sites\/7\/2020\/10\/Darwinia-Enemies-Army-Ant-3.jpg\" alt=\"\" data-id=\"53\" data-full-url=\"https:\/\/darwinia.standardof.net\/wp-content\/uploads\/sites\/7\/2020\/10\/Darwinia-Enemies-Army-Ant-3.jpg\" data-link=\"https:\/\/darwinia.standardof.net\/darwinia-enemies-army-ant-3\/\" class=\"wp-image-53\" srcset=\"https:\/\/darwinia.standardof.net\/wp-content\/uploads\/sites\/7\/2020\/10\/Darwinia-Enemies-Army-Ant-3.jpg 470w, https:\/\/darwinia.standardof.net\/wp-content\/uploads\/sites\/7\/2020\/10\/Darwinia-Enemies-Army-Ant-3-200x138.jpg 200w, https:\/\/darwinia.standardof.net\/wp-content\/uploads\/sites\/7\/2020\/10\/Darwinia-Enemies-Army-Ant-3-16x12.jpg 16w\" sizes=\"(max-width: 470px) 100vw, 470px\" \/><\/a><\/figure><\/li><li class=\"blocks-gallery-item\"><figure><a href=\"https:\/\/darwinia.standardof.net\/de\/darwinia-enemies-army-ant-2\/\"><img decoding=\"async\" width=\"470\" height=\"308\" src=\"https:\/\/darwinia.standardof.net\/wp-content\/uploads\/sites\/7\/2020\/10\/Darwinia-Enemies-Army-Ant-2.jpg\" alt=\"\" data-id=\"52\" data-full-url=\"https:\/\/darwinia.standardof.net\/wp-content\/uploads\/sites\/7\/2020\/10\/Darwinia-Enemies-Army-Ant-2.jpg\" data-link=\"https:\/\/darwinia.standardof.net\/darwinia-enemies-army-ant-2\/\" class=\"wp-image-52\" srcset=\"https:\/\/darwinia.standardof.net\/wp-content\/uploads\/sites\/7\/2020\/10\/Darwinia-Enemies-Army-Ant-2.jpg 470w, https:\/\/darwinia.standardof.net\/wp-content\/uploads\/sites\/7\/2020\/10\/Darwinia-Enemies-Army-Ant-2-200x131.jpg 200w, https:\/\/darwinia.standardof.net\/wp-content\/uploads\/sites\/7\/2020\/10\/Darwinia-Enemies-Army-Ant-2-16x10.jpg 16w\" sizes=\"(max-width: 470px) 100vw, 470px\" \/><\/a><\/figure><\/li><li class=\"blocks-gallery-item\"><figure><a href=\"https:\/\/darwinia.standardof.net\/de\/darwinia-enemies-army-ant-1\/\"><img decoding=\"async\" width=\"470\" height=\"291\" src=\"https:\/\/darwinia.standardof.net\/wp-content\/uploads\/sites\/7\/2020\/10\/Darwinia-Enemies-Army-Ant-1.jpg\" alt=\"\" data-id=\"51\" data-full-url=\"https:\/\/darwinia.standardof.net\/wp-content\/uploads\/sites\/7\/2020\/10\/Darwinia-Enemies-Army-Ant-1.jpg\" data-link=\"https:\/\/darwinia.standardof.net\/darwinia-enemies-army-ant-1\/\" class=\"wp-image-51\" srcset=\"https:\/\/darwinia.standardof.net\/wp-content\/uploads\/sites\/7\/2020\/10\/Darwinia-Enemies-Army-Ant-1.jpg 470w, https:\/\/darwinia.standardof.net\/wp-content\/uploads\/sites\/7\/2020\/10\/Darwinia-Enemies-Army-Ant-1-200x124.jpg 200w, https:\/\/darwinia.standardof.net\/wp-content\/uploads\/sites\/7\/2020\/10\/Darwinia-Enemies-Army-Ant-1-16x10.jpg 16w\" sizes=\"(max-width: 470px) 100vw, 470px\" \/><\/a><\/figure><\/li><\/ul><\/figure>\n\n\n\n<p>Die Armee Ameise existiert in nur wenigen Ebenen in <em>Darwinia<\/em>, obwohl die Ebenen, in denen sie sind, sind sie in Pik da. Armee-Ameisen sind, wie der Name schon sagt, Ameisen, die in gro\u00dfen Horden angreifen, die aus gro\u00dfen Ameisenh\u00fcgeln hervorkommen, die an bestimmten Stellen auf einer Karte verstreut sind. Sie haben eine Flutwelle wie Mentalit\u00e4t und werden von keinem Ihrer Angriffe abgeschreckt, obwohl sie von fallengelassenen Seelen abgelenkt werden. Ihre Angriffe basieren auf Nahkampf und sie m\u00fcssen mit einer Einheit von Ihnen in Kontakt kommen, um Schaden zu verursachen. Sie entscheiden sich jedoch immer daf\u00fcr, Seelen aufzunehmen, anstatt anzugreifen.<\/p>\n\n\n\n<p>In der Tat, Armee Ameisen in <em>Darwinia<\/em> sind sehr von Seelen angezogen, so sehr, dass jede Menge Seelen sicher eine schreckliche Flut von Ameisen der Armee anziehen wird, wenn sie sich irgendwo in der N\u00e4he ihrer Nester befinden. Dies kann die Ameisen der Armee besch\u00e4ftigen und Ihre Streitkr\u00e4fte frei von Angriffen halten, w\u00e4hrend die Ameisen die Seelen sammeln, aber am Ende zus\u00e4tzliche Ameisen produzieren, wenn sie auf den H\u00fcgel zur\u00fcckgebracht werden.<\/p>\n\n\n\n<p>Der Schl\u00fcssel zum erfolgreichen Kampf gegen Ameisen der Armee in <em>Darwinia<\/em> ist es, mit hochexplosivem Sprengstoff einen Streifen durch sie zu schneiden, w\u00e4hrend Sie direkt zum Ameisenh\u00fcgel gehen. Sobald Sie eine haben <strong>Kader <\/strong>In Reichweite oder einem bemannten Turm, der auf den H\u00fcgel schie\u00dfen kann, konzentrieren Sie sich darauf.<\/p>\n\n\n\n<p>Die H\u00fcgel brauchen eine Reihe von Sch\u00fcssen, um hinunterzugehen, aber sobald sie die Quelle f\u00fcr das Wiederauftauchen der Ameise erreicht haben, wird sie abgeschnitten. Dies f\u00fchrt normalerweise dazu, dass Horden von Ameisen aus nahe gelegenen H\u00fcgeln kommen und die Seelenmassen sammeln, die oft von einem zerst\u00f6rten H\u00fcgel zur\u00fcckgelassen werden. Nehmen Sie sie weiter heraus, bis Sie einen H\u00fcgel ausl\u00f6schen, ohne dass andere in der N\u00e4he sind, und sammeln Sie eine Masse von Seelen, mit denen Sie Ihre Streitkr\u00e4fte st\u00e4rken k\u00f6nnen.<\/p>","protected":false},"excerpt":{"rendered":"<p>The Army Ant exists in only a few levels in Darwinia, although the levels they are in, they are there in spades. Army Ants are as their name suggests, ants that attack in large hordes that spew forth from large ant hills dotted about certain places in a map. They have a flooding wave like [&hellip;]<\/p>","protected":false},"author":1,"featured_media":51,"parent":190,"menu_order":0,"comment_status":"open","ping_status":"closed","template":"","meta":{"_uag_custom_page_level_css":"","site-sidebar-layout":"default","site-content-layout":"default","ast-site-content-layout":"","site-content-style":"default","site-sidebar-style":"default","ast-global-header-display":"","ast-banner-title-visibility":"","ast-main-header-display":"","ast-hfb-above-header-display":"","ast-hfb-below-header-display":"","ast-hfb-mobile-header-display":"","site-post-title":"","ast-breadcrumbs-content":"","ast-featured-img":"","footer-sml-layout":"","theme-transparent-header-meta":"default","adv-header-id-meta":"","stick-header-meta":"","header-above-stick-meta":"","header-main-stick-meta":"","header-below-stick-meta":"","astra-migrate-meta-layouts":"default","ast-page-background-enabled":"default","ast-page-background-meta":{"desktop":{"background-color":"","background-image":"","background-repeat":"repeat","background-position":"center center","background-size":"auto","background-attachment":"scroll","background-type":"","background-media":"","overlay-type":"","overlay-color":"","overlay-gradient":""},"tablet":{"background-color":"","background-image":"","background-repeat":"repeat","background-position":"center center","background-size":"auto","background-attachment":"scroll","background-type":"","background-media":"","overlay-type":"","overlay-color":"","overlay-gradient":""},"mobile":{"background-color":"","background-image":"","background-repeat":"repeat","background-position":"center center","background-size":"auto","background-attachment":"scroll","background-type":"","background-media":"","overlay-type":"","overlay-color":"","overlay-gradient":""}},"ast-content-background-meta":{"desktop":{"background-color":"var(--ast-global-color-5)","background-image":"","background-repeat":"repeat","background-position":"center center","background-size":"auto","background-attachment":"scroll","background-type":"","background-media":"","overlay-type":"","overlay-color":"","overlay-gradient":""},"tablet":{"background-color":"var(--ast-global-color-5)","background-image":"","background-repeat":"repeat","background-position":"center center","background-size":"auto","background-attachment":"scroll","background-type":"","background-media":"","overlay-type":"","overlay-color":"","overlay-gradient":""},"mobile":{"background-color":"var(--ast-global-color-5)","background-image":"","background-repeat":"repeat","background-position":"center center","background-size":"auto","background-attachment":"scroll","background-type":"","background-media":"","overlay-type":"","overlay-color":"","overlay-gradient":""}},"footnotes":""},"uagb_featured_image_src":{"full":["https:\/\/darwinia.standardof.net\/wp-content\/uploads\/sites\/7\/2020\/10\/Darwinia-Enemies-Army-Ant-1.jpg",470,291,false],"thumbnail":["https:\/\/darwinia.standardof.net\/wp-content\/uploads\/sites\/7\/2020\/10\/Darwinia-Enemies-Army-Ant-1-200x124.jpg",200,124,true],"medium":["https:\/\/darwinia.standardof.net\/wp-content\/uploads\/sites\/7\/2020\/10\/Darwinia-Enemies-Army-Ant-1.jpg",470,291,false],"medium_large":["https:\/\/darwinia.standardof.net\/wp-content\/uploads\/sites\/7\/2020\/10\/Darwinia-Enemies-Army-Ant-1.jpg",470,291,false],"large":["https:\/\/darwinia.standardof.net\/wp-content\/uploads\/sites\/7\/2020\/10\/Darwinia-Enemies-Army-Ant-1.jpg",470,291,false],"1536x1536":["https:\/\/darwinia.standardof.net\/wp-content\/uploads\/sites\/7\/2020\/10\/Darwinia-Enemies-Army-Ant-1.jpg",470,291,false],"2048x2048":["https:\/\/darwinia.standardof.net\/wp-content\/uploads\/sites\/7\/2020\/10\/Darwinia-Enemies-Army-Ant-1.jpg",470,291,false],"trp-custom-language-flag":["https:\/\/darwinia.standardof.net\/wp-content\/uploads\/sites\/7\/2020\/10\/Darwinia-Enemies-Army-Ant-1-16x10.jpg",16,10,true]},"uagb_author_info":{"display_name":"SOE","author_link":"https:\/\/darwinia.standardof.net\/de\/author\/k-tastic\/"},"uagb_comment_info":0,"uagb_excerpt":"The Army Ant exists in only a few levels in Darwinia, although the levels they are in, they are there in spades. Army Ants are as their name suggests, ants that attack in large hordes that spew forth from large ant hills dotted about certain places in a map. They have a flooding wave like&hellip;","_links":{"self":[{"href":"https:\/\/darwinia.standardof.net\/de\/wp-json\/wp\/v2\/pages\/193"}],"collection":[{"href":"https:\/\/darwinia.standardof.net\/de\/wp-json\/wp\/v2\/pages"}],"about":[{"href":"https:\/\/darwinia.standardof.net\/de\/wp-json\/wp\/v2\/types\/page"}],"author":[{"embeddable":true,"href":"https:\/\/darwinia.standardof.net\/de\/wp-json\/wp\/v2\/users\/1"}],"replies":[{"embeddable":true,"href":"https:\/\/darwinia.standardof.net\/de\/wp-json\/wp\/v2\/comments?post=193"}],"version-history":[{"count":0,"href":"https:\/\/darwinia.standardof.net\/de\/wp-json\/wp\/v2\/pages\/193\/revisions"}],"up":[{"embeddable":true,"href":"https:\/\/darwinia.standardof.net\/de\/wp-json\/wp\/v2\/pages\/190"}],"wp:featuredmedia":[{"embeddable":true,"href":"https:\/\/darwinia.standardof.net\/de\/wp-json\/wp\/v2\/media\/51"}],"wp:attachment":[{"href":"https:\/\/darwinia.standardof.net\/de\/wp-json\/wp\/v2\/media?parent=193"}],"curies":[{"name":"wp","href":"https:\/\/api.w.org\/{rel}","templated":true}]}}