{"id":190,"date":"2020-10-28T23:04:06","date_gmt":"2020-10-28T23:04:06","guid":{"rendered":"https:\/\/darwinia.standardof.net\/?page_id=190"},"modified":"2020-10-30T18:16:50","modified_gmt":"2020-10-30T18:16:50","slug":"enemies","status":"publish","type":"page","link":"https:\/\/darwinia.standardof.net\/de\/leiten\/feinde\/","title":{"rendered":"Feinde"},"content":{"rendered":"<div class=\"wp-block-group\"><div class=\"wp-block-group__inner-container is-layout-flow wp-block-group-is-layout-flow\">\n<div class=\"wp-block-group\"><div class=\"wp-block-group__inner-container is-layout-flow wp-block-group-is-layout-flow\">\n<div style=\"height:20px\" aria-hidden=\"true\" class=\"wp-block-spacer\"><\/div>\n<\/div><\/div>\n\n\n\n<div class=\"wp-block-cover alignwide has-background-dim\" style=\"background-image:url(https:\/\/darwinia.standardof.net\/wp-content\/uploads\/sites\/7\/2020\/10\/Darwinia-Enemies-Army-Ant-1.jpg);background-position:30% 70%;min-height:112px;aspect-ratio:unset;\"><div class=\"wp-block-cover__inner-container is-layout-flow wp-block-cover-is-layout-flow\">\n<h2 class=\"has-text-align-center has-huge-font-size wp-block-heading\"><strong><a href=\"https:\/\/darwinia.standardof.net\/de\/leiten\/feinde\/armee-ameise\/\" class=\"rank-math-link\">Armee Ameise<\/a><\/strong><\/h2>\n<\/div><\/div>\n\n\n\n<p>Nur in der N\u00e4he von Ant Hills zu finden, jedoch immer in au\u00dfergew\u00f6hnlicher Anzahl greifen diese Feinde in massiven Schw\u00e4rmen an. Sie werden leicht von frei schwebenden Seelen abgelenkt und werden sie schnell einsammeln und zu ihren Ameisenh\u00fcgeln zur\u00fcckbringen, bevor sie Ihre Einheiten angreifen, um mehr Ameisen hervorzubringen.<\/p>\n<\/div><\/div>\n\n\n\n<div class=\"wp-block-group\"><div class=\"wp-block-group__inner-container is-layout-flow wp-block-group-is-layout-flow\">\n<div class=\"wp-block-cover alignwide has-background-dim\" style=\"background-image:url(https:\/\/darwinia.standardof.net\/wp-content\/uploads\/sites\/7\/2020\/10\/Darwinia-Enemies-Centipede-1.jpg);background-position:54% 27%;min-height:112px;aspect-ratio:unset;\"><div class=\"wp-block-cover__inner-container is-layout-flow wp-block-cover-is-layout-flow\">\n<h2 class=\"has-text-align-center has-huge-font-size wp-block-heading\"><strong><a href=\"https:\/\/darwinia.standardof.net\/de\/leiten\/feinde\/tausendfusler\/\" class=\"rank-math-link\">Tausendf\u00fc\u00dfler<\/a><\/strong><\/h2>\n<\/div><\/div>\n\n\n\n<p>Diese werden als aktualisierte Versionen des Virii betrachtet. Sie machen mehrere Sch\u00fcsse, um zu t\u00f6ten, und m\u00fcssen in Segmenten zerst\u00f6rt werden. Wenn Sie ein Segment zerst\u00f6ren, das zwei andere verbindet, wird der Hundertf\u00fc\u00dfer in mehrere Viren aufgeteilt, in denen das Segment zerst\u00f6rt wurde.<\/p>\n<\/div><\/div>\n\n\n\n<div class=\"wp-block-group\"><div class=\"wp-block-group__inner-container is-layout-flow wp-block-group-is-layout-flow\">\n<div class=\"wp-block-cover alignwide has-background-dim\" style=\"background-image:url(https:\/\/darwinia.standardof.net\/wp-content\/uploads\/sites\/7\/2020\/10\/Darwinia-Enemies-Soul-Destroyer-1.jpg);background-position:39% 22%;min-height:112px;aspect-ratio:unset;\"><div class=\"wp-block-cover__inner-container is-layout-flow wp-block-cover-is-layout-flow\">\n<h2 class=\"has-text-align-center has-huge-font-size wp-block-heading\"><strong><a href=\"https:\/\/darwinia.standardof.net\/de\/leiten\/feinde\/seelenzerstorer\/\" class=\"rank-math-link\">Seelenzerst\u00f6rer<\/a><\/strong><\/h2>\n<\/div><\/div>\n\n\n\n<p>Dies sind die gef\u00e4hrlichsten Feinde im Spiel. Diese fliegenden Kreaturen sind mit nichts anderem als dem Battle Turret (eingesetzte R\u00fcstung) schwer zu treffen und lassen keine Seelen von den Darwinisten zur\u00fcck, die sie t\u00f6ten.<\/p>\n<\/div><\/div>\n\n\n\n<div class=\"wp-block-group\"><div class=\"wp-block-group__inner-container is-layout-flow wp-block-group-is-layout-flow\">\n<div class=\"wp-block-cover alignwide has-background-dim\" style=\"background-image:url(https:\/\/darwinia.standardof.net\/wp-content\/uploads\/sites\/7\/2020\/10\/Darwinia-Enemies-Spider-1.jpg);min-height:112px;aspect-ratio:unset;\"><div class=\"wp-block-cover__inner-container is-layout-flow wp-block-cover-is-layout-flow\">\n<h2 class=\"has-text-align-center has-huge-font-size wp-block-heading\"><strong><a href=\"https:\/\/darwinia.standardof.net\/de\/leiten\/feinde\/spinne\/\" class=\"rank-math-link\">Spinne<\/a><\/strong><\/h2>\n<\/div><\/div>\n\n\n\n<p>Die Spinnen sind sehr gef\u00e4hrliche Viren, die nur durch Sprengstoff verletzt werden k\u00f6nnen. Sie sind in der Lage, auf Ihre Einheiten zu springen, um sie anzugreifen, und werden nicht durch Ihre sch\u00e4dlichen Treffer wie einige andere Viren wie der Hundertf\u00fc\u00dfer und der Sporengenerator abgeschreckt.<\/p>\n<\/div><\/div>\n\n\n\n<div class=\"wp-block-group\"><div class=\"wp-block-group__inner-container is-layout-flow wp-block-group-is-layout-flow\">\n<div class=\"wp-block-cover alignwide has-background-dim\" style=\"background-image:url(https:\/\/darwinia.standardof.net\/wp-content\/uploads\/sites\/7\/2020\/10\/Darwinia-Enemies-Spore-Generator-4.jpg);background-position:62% 30%;min-height:112px;aspect-ratio:unset;\"><div class=\"wp-block-cover__inner-container is-layout-flow wp-block-cover-is-layout-flow\">\n<h2 class=\"has-text-align-center has-huge-font-size wp-block-heading\"><strong><a href=\"https:\/\/darwinia.standardof.net\/de\/leiten\/feinde\/sporengenerator\/\" class=\"rank-math-link\">Sporengenerator<\/a><\/strong><\/h2>\n<\/div><\/div>\n\n\n\n<p>Diese schwebende Kreatur ist f\u00fcr sich genommen harmlos, aber wenn Virii mitarbeitet, wird sie zu einer mobilen Respawn-Basis f\u00fcr die Virusbedrohung.<\/p>\n<\/div><\/div>\n\n\n\n<div class=\"wp-block-group\"><div class=\"wp-block-group__inner-container is-layout-flow wp-block-group-is-layout-flow\">\n<div class=\"wp-block-cover alignwide has-background-dim\" style=\"background-image:url(https:\/\/darwinia.standardof.net\/wp-content\/uploads\/sites\/7\/2020\/10\/Darwinia-Enemies-Triffid-5.jpg);background-position:38% 54%;min-height:112px;aspect-ratio:unset;\"><div class=\"wp-block-cover__inner-container is-layout-flow wp-block-cover-is-layout-flow\">\n<h2 class=\"has-text-align-center has-huge-font-size wp-block-heading\"><strong><a href=\"https:\/\/darwinia.standardof.net\/de\/leiten\/feinde\/triffid\/\" class=\"rank-math-link\">Triffid<\/a><\/strong><\/h2>\n<\/div><\/div>\n\n\n\n<p>Triffiden sehen aus wie glockenf\u00f6rmige Pflanzen, die keine eigenen Angriffe haben, sondern Eier \u00fcber die Karte schie\u00dfen, die zu Virii, Tausendf\u00fc\u00dflern oder Spinnen f\u00fchren k\u00f6nnen. Normalerweise an schwer erreichbaren, abgelegenen Orten zu finden.<\/p>\n<\/div><\/div>\n\n\n\n<div class=\"wp-block-group\"><div class=\"wp-block-group__inner-container is-layout-flow wp-block-group-is-layout-flow\">\n<div class=\"wp-block-cover alignwide has-background-dim\" style=\"background-image:url(https:\/\/darwinia.standardof.net\/wp-content\/uploads\/sites\/7\/2020\/10\/Darwinia-Enemies-Virii-5.jpg);background-position:47% 21%;min-height:112px;aspect-ratio:unset;\"><div class=\"wp-block-cover__inner-container is-layout-flow wp-block-cover-is-layout-flow\">\n<h2 class=\"has-text-align-center has-huge-font-size wp-block-heading\"><strong><a href=\"https:\/\/darwinia.standardof.net\/de\/leiten\/feinde\/virii\/\" class=\"rank-math-link\">Virii<\/a><\/strong><\/h2>\n<\/div><\/div>\n\n\n\n<p>Dies sind die ersten Feinde, denen Sie im Spiel begegnen werden. Diese Viren sehen aus wie Zick-Zack-Linien von Dreiecken, die mit einem verr\u00e4terischen Ger\u00e4usch \u00fcber die Ebenen huschen. Einfach mit Lasern oder Sprengstoff zu t\u00f6ten und nur in Zahlen oder f\u00fcr unbewaffnete gr\u00fcne Darwinisten eine Bedrohung darzustellen.<\/p>\n<\/div><\/div>","protected":false},"excerpt":{"rendered":"<p>Only ever found in the vicinity of Ant Hills, however always in extraordinary numbers these enemies attack in massive swarms. They are easily distracted by free floating souls, and will rush to gather them up, and bring them back to their ant hills before attacking your units, in order to spawn more ants. These are [&hellip;]<\/p>","protected":false},"author":1,"featured_media":13,"parent":168,"menu_order":2,"comment_status":"open","ping_status":"closed","template":"","meta":{"_uag_custom_page_level_css":"","site-sidebar-layout":"default","site-content-layout":"default","ast-site-content-layout":"","site-content-style":"default","site-sidebar-style":"default","ast-global-header-display":"","ast-banner-title-visibility":"","ast-main-header-display":"","ast-hfb-above-header-display":"","ast-hfb-below-header-display":"","ast-hfb-mobile-header-display":"","site-post-title":"","ast-breadcrumbs-content":"","ast-featured-img":"","footer-sml-layout":"","theme-transparent-header-meta":"default","adv-header-id-meta":"","stick-header-meta":"","header-above-stick-meta":"","header-main-stick-meta":"","header-below-stick-meta":"","astra-migrate-meta-layouts":"default","ast-page-background-enabled":"default","ast-page-background-meta":{"desktop":{"background-color":"","background-image":"","background-repeat":"repeat","background-position":"center center","background-size":"auto","background-attachment":"scroll","background-type":"","background-media":"","overlay-type":"","overlay-color":"","overlay-gradient":""},"tablet":{"background-color":"","background-image":"","background-repeat":"repeat","background-position":"center center","background-size":"auto","background-attachment":"scroll","background-type":"","background-media":"","overlay-type":"","overlay-color":"","overlay-gradient":""},"mobile":{"background-color":"","background-image":"","background-repeat":"repeat","background-position":"center center","background-size":"auto","background-attachment":"scroll","background-type":"","background-media":"","overlay-type":"","overlay-color":"","overlay-gradient":""}},"ast-content-background-meta":{"desktop":{"background-color":"var(--ast-global-color-5)","background-image":"","background-repeat":"repeat","background-position":"center center","background-size":"auto","background-attachment":"scroll","background-type":"","background-media":"","overlay-type":"","overlay-color":"","overlay-gradient":""},"tablet":{"background-color":"var(--ast-global-color-5)","background-image":"","background-repeat":"repeat","background-position":"center center","background-size":"auto","background-attachment":"scroll","background-type":"","background-media":"","overlay-type":"","overlay-color":"","overlay-gradient":""},"mobile":{"background-color":"var(--ast-global-color-5)","background-image":"","background-repeat":"repeat","background-position":"center center","background-size":"auto","background-attachment":"scroll","background-type":"","background-media":"","overlay-type":"","overlay-color":"","overlay-gradient":""}},"footnotes":""},"uagb_featured_image_src":{"full":["https:\/\/darwinia.standardof.net\/wp-content\/uploads\/sites\/7\/2020\/10\/darwinia1.jpg",1100,369,false],"thumbnail":["https:\/\/darwinia.standardof.net\/wp-content\/uploads\/sites\/7\/2020\/10\/darwinia1-200x67.jpg",200,67,true],"medium":["https:\/\/darwinia.standardof.net\/wp-content\/uploads\/sites\/7\/2020\/10\/darwinia1-512x172.jpg",512,172,true],"medium_large":["https:\/\/darwinia.standardof.net\/wp-content\/uploads\/sites\/7\/2020\/10\/darwinia1-768x258.jpg",768,258,true],"large":["https:\/\/darwinia.standardof.net\/wp-content\/uploads\/sites\/7\/2020\/10\/darwinia1-800x268.jpg",800,268,true],"1536x1536":["https:\/\/darwinia.standardof.net\/wp-content\/uploads\/sites\/7\/2020\/10\/darwinia1.jpg",1100,369,false],"2048x2048":["https:\/\/darwinia.standardof.net\/wp-content\/uploads\/sites\/7\/2020\/10\/darwinia1.jpg",1100,369,false],"trp-custom-language-flag":["https:\/\/darwinia.standardof.net\/wp-content\/uploads\/sites\/7\/2020\/10\/darwinia1-16x5.jpg",16,5,true]},"uagb_author_info":{"display_name":"SOE","author_link":"https:\/\/darwinia.standardof.net\/de\/author\/k-tastic\/"},"uagb_comment_info":0,"uagb_excerpt":"Only ever found in the vicinity of Ant Hills, however always in extraordinary numbers these enemies attack in massive swarms. They are easily distracted by free floating souls, and will rush to gather them up, and bring them back to their ant hills before attacking your units, in order to spawn more ants. These are&hellip;","_links":{"self":[{"href":"https:\/\/darwinia.standardof.net\/de\/wp-json\/wp\/v2\/pages\/190"}],"collection":[{"href":"https:\/\/darwinia.standardof.net\/de\/wp-json\/wp\/v2\/pages"}],"about":[{"href":"https:\/\/darwinia.standardof.net\/de\/wp-json\/wp\/v2\/types\/page"}],"author":[{"embeddable":true,"href":"https:\/\/darwinia.standardof.net\/de\/wp-json\/wp\/v2\/users\/1"}],"replies":[{"embeddable":true,"href":"https:\/\/darwinia.standardof.net\/de\/wp-json\/wp\/v2\/comments?post=190"}],"version-history":[{"count":0,"href":"https:\/\/darwinia.standardof.net\/de\/wp-json\/wp\/v2\/pages\/190\/revisions"}],"up":[{"embeddable":true,"href":"https:\/\/darwinia.standardof.net\/de\/wp-json\/wp\/v2\/pages\/168"}],"wp:featuredmedia":[{"embeddable":true,"href":"https:\/\/darwinia.standardof.net\/de\/wp-json\/wp\/v2\/media\/13"}],"wp:attachment":[{"href":"https:\/\/darwinia.standardof.net\/de\/wp-json\/wp\/v2\/media?parent=190"}],"curies":[{"name":"wp","href":"https:\/\/api.w.org\/{rel}","templated":true}]}}