{"id":181,"date":"2020-10-28T20:20:01","date_gmt":"2020-10-28T20:20:01","guid":{"rendered":"https:\/\/darwinia.standardof.net\/?page_id=181"},"modified":"2020-10-30T18:17:10","modified_gmt":"2020-10-30T18:17:10","slug":"cheats","status":"publish","type":"page","link":"https:\/\/darwinia.standardof.net\/de\/leiten\/betrugt\/","title":{"rendered":"Cheats, Geheimnisse &amp; Ostereier"},"content":{"rendered":"<p>Dieser Teil des Handbuchs behandelt spezielle Cheats oder Geheimnisse, die Teil von Darwinia sind.<\/p>\n\n\n\n<h2 class=\"wp-block-heading\">Alles freischalten<\/h2>\n\n\n\n<p>Erstellen Sie ein neues Profil mit dem Namen \u201e<strong>Zugang zu allen Bereichen<\/strong>. \u201d Wenn Sie es laden, wird das Intro durcheinander gebracht, aber danach wird alles freigeschaltet.<\/p>\n\n\n\n<h2 class=\"wp-block-heading\">Mods &amp; Map Editor<\/h2>\n\n\n\n<p>In Darwinia gibt es einen grundlegenden Karteneditor und ein Mod-System, das freigeschaltet wird, nachdem das Spiel normal geschlagen wurde. Wenn Sie fortfahren m\u00f6chten, suchen Sie Ihre Voreinstellungsdatei in Ihrem Darwinia-Stammordner und f\u00fcgen Sie &quot;ModSystemEnabled = 1&quot; in die Datei in einer eigenen Zeile ein.<\/p>\n\n\n\n<h2 class=\"wp-block-heading\">Darwinian Weihnachten<\/h2>\n\n\n\n<p>Wenn Sie das Spiel zu einem beliebigen Zeitpunkt am 25. Dezember eines jeden Jahres ausf\u00fchren, erhalten Sie eine spezielle \u00dcberarbeitung des Spiels mit blauem \u201eschneebedecktem\u201c Boden. Die B\u00e4ume wechseln von gr\u00fcn zu rot und der Schnee beginnt vom Himmel fallen. Als letztes bekommen die Darwinisten alle Weihnachtsm\u00fctzen! Wenn es nicht wirklich Weihnachten ist, \u00e4ndern Sie einfach die Systemuhr, um sie zu f\u00e4lschen, und das Spiel erkennt sie.<\/p>\n\n\n\n<figure class=\"wp-block-embed-youtube wp-block-embed is-type-video is-provider-youtube wp-embed-aspect-4-3 wp-has-aspect-ratio\"><div class=\"wp-block-embed__wrapper\">\n<div class=\"ast-oembed-container\" style=\"height: 100%;\"><iframe title=\"Darwinia Weihnachtsm\u00fctzen\" width=\"500\" height=\"281\" src=\"https:\/\/www.youtube.com\/embed\/Xv9ZHbjdVwI?feature=oembed\" frameborder=\"0\" allow=\"accelerometer; autoplay; clipboard-write; encrypted-media; gyroscope; picture-in-picture; web-share\" referrerpolicy=\"strict-origin-when-cross-origin\" allowfullscreen><\/iframe><\/div>\n<\/div><figcaption>Quelle: tkellaway<\/figcaption><\/figure>","protected":false},"excerpt":{"rendered":"<p>This portion of the guide covers special cheats or secrets that are part of Darwinia. Unlock Everything Create a new profile named &#8220;AccessAllAreas.&#8221; Loading it causes the intro to mess up, but afterwards everything will be unlocked. Mods &amp; Map Editor There is a basic map editor and mod system in Darwinia that is unlocked [&hellip;]<\/p>","protected":false},"author":1,"featured_media":13,"parent":168,"menu_order":6,"comment_status":"open","ping_status":"closed","template":"","meta":{"_uag_custom_page_level_css":"","site-sidebar-layout":"default","site-content-layout":"default","ast-site-content-layout":"","site-content-style":"default","site-sidebar-style":"default","ast-global-header-display":"","ast-banner-title-visibility":"","ast-main-header-display":"","ast-hfb-above-header-display":"","ast-hfb-below-header-display":"","ast-hfb-mobile-header-display":"","site-post-title":"","ast-breadcrumbs-content":"","ast-featured-img":"","footer-sml-layout":"","theme-transparent-header-meta":"default","adv-header-id-meta":"","stick-header-meta":"","header-above-stick-meta":"","header-main-stick-meta":"","header-below-stick-meta":"","astra-migrate-meta-layouts":"default","ast-page-background-enabled":"default","ast-page-background-meta":{"desktop":{"background-color":"","background-image":"","background-repeat":"repeat","background-position":"center center","background-size":"auto","background-attachment":"scroll","background-type":"","background-media":"","overlay-type":"","overlay-color":"","overlay-gradient":""},"tablet":{"background-color":"","background-image":"","background-repeat":"repeat","background-position":"center center","background-size":"auto","background-attachment":"scroll","background-type":"","background-media":"","overlay-type":"","overlay-color":"","overlay-gradient":""},"mobile":{"background-color":"","background-image":"","background-repeat":"repeat","background-position":"center center","background-size":"auto","background-attachment":"scroll","background-type":"","background-media":"","overlay-type":"","overlay-color":"","overlay-gradient":""}},"ast-content-background-meta":{"desktop":{"background-color":"var(--ast-global-color-5)","background-image":"","background-repeat":"repeat","background-position":"center center","background-size":"auto","background-attachment":"scroll","background-type":"","background-media":"","overlay-type":"","overlay-color":"","overlay-gradient":""},"tablet":{"background-color":"var(--ast-global-color-5)","background-image":"","background-repeat":"repeat","background-position":"center center","background-size":"auto","background-attachment":"scroll","background-type":"","background-media":"","overlay-type":"","overlay-color":"","overlay-gradient":""},"mobile":{"background-color":"var(--ast-global-color-5)","background-image":"","background-repeat":"repeat","background-position":"center center","background-size":"auto","background-attachment":"scroll","background-type":"","background-media":"","overlay-type":"","overlay-color":"","overlay-gradient":""}},"footnotes":""},"uagb_featured_image_src":{"full":["https:\/\/darwinia.standardof.net\/wp-content\/uploads\/sites\/7\/2020\/10\/darwinia1.jpg",1100,369,false],"thumbnail":["https:\/\/darwinia.standardof.net\/wp-content\/uploads\/sites\/7\/2020\/10\/darwinia1-200x67.jpg",200,67,true],"medium":["https:\/\/darwinia.standardof.net\/wp-content\/uploads\/sites\/7\/2020\/10\/darwinia1-512x172.jpg",512,172,true],"medium_large":["https:\/\/darwinia.standardof.net\/wp-content\/uploads\/sites\/7\/2020\/10\/darwinia1-768x258.jpg",768,258,true],"large":["https:\/\/darwinia.standardof.net\/wp-content\/uploads\/sites\/7\/2020\/10\/darwinia1-800x268.jpg",800,268,true],"1536x1536":["https:\/\/darwinia.standardof.net\/wp-content\/uploads\/sites\/7\/2020\/10\/darwinia1.jpg",1100,369,false],"2048x2048":["https:\/\/darwinia.standardof.net\/wp-content\/uploads\/sites\/7\/2020\/10\/darwinia1.jpg",1100,369,false],"trp-custom-language-flag":["https:\/\/darwinia.standardof.net\/wp-content\/uploads\/sites\/7\/2020\/10\/darwinia1-16x5.jpg",16,5,true]},"uagb_author_info":{"display_name":"SOE","author_link":"https:\/\/darwinia.standardof.net\/de\/author\/k-tastic\/"},"uagb_comment_info":0,"uagb_excerpt":"This portion of the guide covers special cheats or secrets that are part of Darwinia. Unlock Everything Create a new profile named &#8220;AccessAllAreas.&#8221; Loading it causes the intro to mess up, but afterwards everything will be unlocked. Mods &amp; Map Editor There is a basic map editor and mod system in Darwinia that is unlocked&hellip;","_links":{"self":[{"href":"https:\/\/darwinia.standardof.net\/de\/wp-json\/wp\/v2\/pages\/181"}],"collection":[{"href":"https:\/\/darwinia.standardof.net\/de\/wp-json\/wp\/v2\/pages"}],"about":[{"href":"https:\/\/darwinia.standardof.net\/de\/wp-json\/wp\/v2\/types\/page"}],"author":[{"embeddable":true,"href":"https:\/\/darwinia.standardof.net\/de\/wp-json\/wp\/v2\/users\/1"}],"replies":[{"embeddable":true,"href":"https:\/\/darwinia.standardof.net\/de\/wp-json\/wp\/v2\/comments?post=181"}],"version-history":[{"count":0,"href":"https:\/\/darwinia.standardof.net\/de\/wp-json\/wp\/v2\/pages\/181\/revisions"}],"up":[{"embeddable":true,"href":"https:\/\/darwinia.standardof.net\/de\/wp-json\/wp\/v2\/pages\/168"}],"wp:featuredmedia":[{"embeddable":true,"href":"https:\/\/darwinia.standardof.net\/de\/wp-json\/wp\/v2\/media\/13"}],"wp:attachment":[{"href":"https:\/\/darwinia.standardof.net\/de\/wp-json\/wp\/v2\/media?parent=181"}],"curies":[{"name":"wp","href":"https:\/\/api.w.org\/{rel}","templated":true}]}}