{"id":168,"date":"2020-10-27T22:37:36","date_gmt":"2020-10-27T22:37:36","guid":{"rendered":"https:\/\/darwinia.standardof.net\/?page_id=168"},"modified":"2020-10-29T16:45:17","modified_gmt":"2020-10-29T16:45:17","slug":"guide","status":"publish","type":"page","link":"https:\/\/darwinia.standardof.net\/de\/","title":{"rendered":"Darwinia Strategy Guide Index"},"content":{"rendered":"<p>Diese Seiten dienen als Leitfaden und exemplarischer Ressourcenindex f\u00fcr das PC-Spiel <em>Darwinia<\/em>von Introversion Software. In den folgenden Abschnitten erfahren Sie, wie Sie alle Level schlagen k\u00f6nnen, mit speziellen Informationen zu allen Einheiten, Waffen, Geb\u00e4uden und Feinden des Spiels. F\u00fchlen Sie sich frei, Kommentare oder Vorschl\u00e4ge zu diesen Anleitungen zu hinterlassen oder was Sie unten sehen m\u00f6chten.<\/p>\n\n\n\n<div class=\"wp-block-cover alignwide has-background-dim\" style=\"background-image:url(https:\/\/darwinia.standardof.net\/wp-content\/uploads\/sites\/7\/2020\/10\/Darwinia-Level-03-Containment-2.jpg);min-height:112px;aspect-ratio:unset;\"><div class=\"wp-block-cover__inner-container is-layout-flow wp-block-cover-is-layout-flow\">\n<h2 class=\"has-text-align-center has-huge-font-size wp-block-heading\" id=\"4---level-walkthroughs--\"><strong><a href=\"https:\/\/darwinia.standardof.net\/de\/leiten\/level-walkthroughs\/\" class=\"rank-math-link\">Level-Komplettl\u00f6sungen<\/a><\/strong><\/h2>\n<\/div><\/div>\n\n\n\n<p>Klicken Sie auf den Link oben, um zum Hauptindex f\u00fcr alle Level-Anleitungen im Spiel zu gelangen. Jeder Leitfaden geht detailliert auf den Fortschritt jedes Levels und alle spezifischen Aspekte ein, die f\u00fcr jedes Level spezifisch sind.<\/p>\n\n\n\n<div class=\"wp-block-cover alignwide has-background-dim\" style=\"background-image:url(https:\/\/darwinia.standardof.net\/wp-content\/uploads\/sites\/7\/2020\/10\/Darwinia-Units-Darwinians-1.jpg);min-height:112px;aspect-ratio:unset;\"><div class=\"wp-block-cover__inner-container is-layout-flow wp-block-cover-is-layout-flow\">\n<h2 class=\"has-text-align-center has-huge-font-size wp-block-heading\" id=\"5---units\"><strong><a href=\"https:\/\/darwinia.standardof.net\/de\/leiten\/einheiten\/\" class=\"rank-math-link\">Einheiten<\/a><\/strong><\/h2>\n<\/div><\/div>\n\n\n\n<p>Diese Seite enth\u00e4lt die Anleitungen zu den verschiedenen Einheiten, die Spieler im Spiel verwenden k\u00f6nnen. Bei den meisten handelt es sich um Programme, die \u00fcber den Task-Manager ausgef\u00fchrt werden. Einige Programme wie die Darwinisten werden jedoch auf andere Weise erstellt.<\/p>\n\n\n\n<div class=\"wp-block-cover alignwide has-background-dim\" style=\"background-image:url(https:\/\/darwinia.standardof.net\/wp-content\/uploads\/sites\/7\/2020\/10\/Control-Tower-2.jpg);min-height:112px;aspect-ratio:unset;\"><div class=\"wp-block-cover__inner-container is-layout-flow wp-block-cover-is-layout-flow\">\n<h2 class=\"has-text-align-center has-huge-font-size wp-block-heading\" id=\"6---buildings--\"><strong><a href=\"https:\/\/darwinia.standardof.net\/de\/leiten\/gebaude\/\" class=\"rank-math-link\">Geb\u00e4ude<\/a><\/strong><\/h2>\n<\/div><\/div>\n\n\n\n<p>Diese Seite enth\u00e4lt verschiedene Informationen zu den steuerbaren Strukturen im Spiel. Strukturen bieten normalerweise Vorteile, die mit Einheiten allein nicht m\u00f6glich sind, und die Erfassung vieler von ihnen ist ein wesentlicher Bestandteil jeder Ebene. Wenn Sie die Vorteile kennen, die jedes Geb\u00e4ude bietet, k\u00f6nnen Sie Ihre Aufgaben innerhalb der Ebenen priorisieren.<\/p>\n\n\n\n<div class=\"wp-block-cover alignwide has-background-dim\" style=\"background-image:url(https:\/\/darwinia.standardof.net\/wp-content\/uploads\/sites\/7\/2020\/10\/Darwinia-Enemies-Spore-Generator-3.jpg);min-height:112px;aspect-ratio:unset;\"><div class=\"wp-block-cover__inner-container is-layout-flow wp-block-cover-is-layout-flow\">\n<h2 class=\"has-text-align-center has-huge-font-size wp-block-heading\" id=\"7---enemies--\"><strong><a href=\"https:\/\/darwinia.standardof.net\/de\/leiten\/feinde\/\" class=\"rank-math-link\">Feinde<\/a><\/strong><\/h2>\n<\/div><\/div>\n\n\n\n<p>Hier finden Sie einen Index aller verschiedenen Anleitungen, die die verschiedenen Feinde abdecken, denen Sie im Spiel begegnen. Einige erfordern spezielle Taktiken oder Waffen, um effektiv zu zerst\u00f6ren, w\u00e4hrend andere erhebliche Bedrohungen darstellen, die innerhalb eines Levels priorisiert werden m\u00fcssen.<\/p>\n\n\n\n<div class=\"wp-block-cover alignwide has-background-dim\" style=\"background-image:url(https:\/\/darwinia.standardof.net\/wp-content\/uploads\/sites\/7\/2020\/10\/Darwinia-Weapons-Grenades-5.jpg);min-height:112px;aspect-ratio:unset;\"><div class=\"wp-block-cover__inner-container is-layout-flow wp-block-cover-is-layout-flow\">\n<h2 class=\"has-text-align-center has-huge-font-size wp-block-heading\" id=\"8---weapons--\"><strong><a href=\"https:\/\/darwinia.standardof.net\/de\/leiten\/waffen\/\" class=\"rank-math-link\">Waffen<\/a><\/strong><\/h2>\n<\/div><\/div>\n\n\n\n<p>Diese Indexseite enth\u00e4lt die Waffen, die Sie finden und in denen Sie sie einsetzen k\u00f6nnen <em>Darwinia. <\/em>Jede Waffe hat je nach Situation ihre eigenen Funktionen und Vorteile. Der Laser ist die einzige Waffe, die Ihnen zu Beginn gew\u00e4hrt wurde, w\u00e4hrend die restlichen drei als herunterladbare Forschungsprojekte in den Ebenen des Spiels gefunden werden m\u00fcssen.<\/p>\n\n\n\n<div class=\"wp-block-cover alignwide has-background-dim\" style=\"background-image:url(https:\/\/darwinia.standardof.net\/wp-content\/uploads\/sites\/7\/2020\/10\/Darwinia-Santa-Hats.jpg);min-height:112px;aspect-ratio:unset;\"><div class=\"wp-block-cover__inner-container is-layout-flow wp-block-cover-is-layout-flow\">\n<h2 class=\"has-text-align-center has-huge-font-size wp-block-heading\" id=\"9---cheats-amp-secrets--\"><strong><a href=\"https:\/\/darwinia.standardof.net\/de\/leiten\/betrugt\/\" class=\"rank-math-link\">Cheats &amp; Geheimnisse<\/a><\/strong><\/h2>\n<\/div><\/div>\n\n\n\n<div style=\"height:20px\" aria-hidden=\"true\" class=\"wp-block-spacer\"><\/div>\n\n\n\n<div class=\"wp-block-cover alignwide has-background-dim\" style=\"background-image:url(https:\/\/darwinia.standardof.net\/wp-content\/uploads\/sites\/7\/2020\/10\/darwinia1.jpg);min-height:112px;aspect-ratio:unset;\"><div class=\"wp-block-cover__inner-container is-layout-flow wp-block-cover-is-layout-flow\">\n<h2 class=\"has-text-align-center wp-block-heading\">Zus\u00e4tzliche Links<\/h2>\n\n\n\n<div class=\"wp-block-buttons aligncenter is-layout-flex wp-block-buttons-is-layout-flex\">\n<div class=\"wp-block-button\"><a class=\"wp-block-button__link\" href=\"https:\/\/darwinia.standardof.net\/de\/leiten\/credits\/\">Credits<\/a><\/div>\n\n\n\n<div class=\"wp-block-button\"><a class=\"wp-block-button__link\" href=\"http:\/\/thenextgame.co.uk\/mods.php\" target=\"_blank\" rel=\"noreferrer noopener\">Darwinia Mods<\/a><\/div>\n<\/div>\n<\/div><\/div>\n\n\n\n<p><\/p>","protected":false},"excerpt":{"rendered":"<p>These pages serve as the guide and walkthrough resource index for the PC game Darwinia, by Introversion Software. Within you will find sections covering how to beat all the levels, with special info on all the game&#8217;s units, weapons, building and enemies. Feel free to leave any comments or suggestions on these guides or what [&hellip;]<\/p>","protected":false},"author":1,"featured_media":13,"parent":0,"menu_order":0,"comment_status":"open","ping_status":"closed","template":"","meta":{"_uag_custom_page_level_css":"","site-sidebar-layout":"default","site-content-layout":"default","ast-site-content-layout":"","site-content-style":"default","site-sidebar-style":"default","ast-global-header-display":"","ast-banner-title-visibility":"","ast-main-header-display":"","ast-hfb-above-header-display":"","ast-hfb-below-header-display":"","ast-hfb-mobile-header-display":"","site-post-title":"","ast-breadcrumbs-content":"","ast-featured-img":"","footer-sml-layout":"","theme-transparent-header-meta":"default","adv-header-id-meta":"","stick-header-meta":"","header-above-stick-meta":"","header-main-stick-meta":"","header-below-stick-meta":"","astra-migrate-meta-layouts":"default","ast-page-background-enabled":"default","ast-page-background-meta":{"desktop":{"background-color":"","background-image":"","background-repeat":"repeat","background-position":"center center","background-size":"auto","background-attachment":"scroll","background-type":"","background-media":"","overlay-type":"","overlay-color":"","overlay-gradient":""},"tablet":{"background-color":"","background-image":"","background-repeat":"repeat","background-position":"center center","background-size":"auto","background-attachment":"scroll","background-type":"","background-media":"","overlay-type":"","overlay-color":"","overlay-gradient":""},"mobile":{"background-color":"","background-image":"","background-repeat":"repeat","background-position":"center center","background-size":"auto","background-attachment":"scroll","background-type":"","background-media":"","overlay-type":"","overlay-color":"","overlay-gradient":""}},"ast-content-background-meta":{"desktop":{"background-color":"var(--ast-global-color-5)","background-image":"","background-repeat":"repeat","background-position":"center center","background-size":"auto","background-attachment":"scroll","background-type":"","background-media":"","overlay-type":"","overlay-color":"","overlay-gradient":""},"tablet":{"background-color":"var(--ast-global-color-5)","background-image":"","background-repeat":"repeat","background-position":"center center","background-size":"auto","background-attachment":"scroll","background-type":"","background-media":"","overlay-type":"","overlay-color":"","overlay-gradient":""},"mobile":{"background-color":"var(--ast-global-color-5)","background-image":"","background-repeat":"repeat","background-position":"center center","background-size":"auto","background-attachment":"scroll","background-type":"","background-media":"","overlay-type":"","overlay-color":"","overlay-gradient":""}},"footnotes":""},"uagb_featured_image_src":{"full":["https:\/\/darwinia.standardof.net\/wp-content\/uploads\/sites\/7\/2020\/10\/darwinia1.jpg",1100,369,false],"thumbnail":["https:\/\/darwinia.standardof.net\/wp-content\/uploads\/sites\/7\/2020\/10\/darwinia1-200x67.jpg",200,67,true],"medium":["https:\/\/darwinia.standardof.net\/wp-content\/uploads\/sites\/7\/2020\/10\/darwinia1-512x172.jpg",512,172,true],"medium_large":["https:\/\/darwinia.standardof.net\/wp-content\/uploads\/sites\/7\/2020\/10\/darwinia1-768x258.jpg",768,258,true],"large":["https:\/\/darwinia.standardof.net\/wp-content\/uploads\/sites\/7\/2020\/10\/darwinia1-800x268.jpg",800,268,true],"1536x1536":["https:\/\/darwinia.standardof.net\/wp-content\/uploads\/sites\/7\/2020\/10\/darwinia1.jpg",1100,369,false],"2048x2048":["https:\/\/darwinia.standardof.net\/wp-content\/uploads\/sites\/7\/2020\/10\/darwinia1.jpg",1100,369,false],"trp-custom-language-flag":["https:\/\/darwinia.standardof.net\/wp-content\/uploads\/sites\/7\/2020\/10\/darwinia1-16x5.jpg",16,5,true]},"uagb_author_info":{"display_name":"SOE","author_link":"https:\/\/darwinia.standardof.net\/de\/author\/k-tastic\/"},"uagb_comment_info":2,"uagb_excerpt":"These pages serve as the guide and walkthrough resource index for the PC game Darwinia, by Introversion Software. Within you will find sections covering how to beat all the levels, with special info on all the game&#8217;s units, weapons, building and enemies. Feel free to leave any comments or suggestions on these guides or what&hellip;","_links":{"self":[{"href":"https:\/\/darwinia.standardof.net\/de\/wp-json\/wp\/v2\/pages\/168"}],"collection":[{"href":"https:\/\/darwinia.standardof.net\/de\/wp-json\/wp\/v2\/pages"}],"about":[{"href":"https:\/\/darwinia.standardof.net\/de\/wp-json\/wp\/v2\/types\/page"}],"author":[{"embeddable":true,"href":"https:\/\/darwinia.standardof.net\/de\/wp-json\/wp\/v2\/users\/1"}],"replies":[{"embeddable":true,"href":"https:\/\/darwinia.standardof.net\/de\/wp-json\/wp\/v2\/comments?post=168"}],"version-history":[{"count":0,"href":"https:\/\/darwinia.standardof.net\/de\/wp-json\/wp\/v2\/pages\/168\/revisions"}],"wp:featuredmedia":[{"embeddable":true,"href":"https:\/\/darwinia.standardof.net\/de\/wp-json\/wp\/v2\/media\/13"}],"wp:attachment":[{"href":"https:\/\/darwinia.standardof.net\/de\/wp-json\/wp\/v2\/media?parent=168"}],"curies":[{"name":"wp","href":"https:\/\/api.w.org\/{rel}","templated":true}]}}